{"id":27734,"date":"2018-09-04T09:21:42","date_gmt":"2018-09-04T07:21:42","guid":{"rendered":"https:\/\/www.claret.org\/calendario\/fecha-14-de-mayo-venerable-p-mariano-avellana\/"},"modified":"2018-09-04T09:21:42","modified_gmt":"2018-09-04T07:21:42","slug":"fecha-14-de-mayo-venerable-p-mariano-avellana","status":"publish","type":"page","link":"https:\/\/www.claret.org\/es\/efemeride\/fecha-14-de-mayo-venerable-p-mariano-avellana\/","title":{"rendered":"Fecha: 14 de Mayo &#8211; Venerable P. Mariano Avellana"},"content":{"rendered":"<p style=\"text-align: justify;\">Mariano Avellana naci\u00f3 en Almud\u00e9var, provincia y di\u00f3cesis de Huesca (Espa\u00f1a) el 16 de abril de 1844, quinto hijo de los ocho que tuvieron sus padres Francisco y Rafaela, de buena posici\u00f3n y buenas costumbres. El mismo d\u00eda de su nacimiento fue bautizado en la capilla de santa Ana de la iglesia parroquial, propiedad de su familia. \u00c9l mismo escribir\u00eda m\u00e1s tarde: \u00aba la religiosidad de mis padres, despu\u00e9s de Dios, debo el ser sacerdote\u00bb<em>.<\/em><\/p>\n<p style=\"text-align: justify;\">Hizo su carrera presbiteral en el seminario de su di\u00f3cesis de Huesca. Ya ordenado, y con el ardiente deseo de abrazar una vocaci\u00f3n m\u00e1s misionera, viaj\u00f3 a Prades (Francia) en 1870 para hacerse misionero Hijo del Inmaculado Coraz\u00f3n de Mar\u00eda. Ya en la Congregaci\u00f3n fue enviado a Chile con la tercera expedici\u00f3n de Misioneros Claretianos a Am\u00e9rica en 1873. Form\u00f3 parte de las comunidades de Santiago, La Serena, Valpara\u00edso, Curic\u00f3 y Coquimbo. Falleci\u00f3 el 14 de mayo de 1904, a los 60 a\u00f1os, durante una misi\u00f3n en el hospital de Carrizal Alto, pueblo minero, perteneciente al actual obispado de Copiap\u00f3. Sus restos reposan en la iglesia Coraz\u00f3n de Mar\u00eda de Santiago de Chile.<\/p>\n<p style=\"text-align: justify;\">Su mayor influencia ha sido su alt\u00edsimo ejemplo de vida como religioso y como misionero. Sin lugar a dudas se puede afirmar que fue uno de los misioneros que mejor supo seguir las huellas del Fundador. Su prestigio apost\u00f3lico a\u00fan permanece, sorprende y atrae a quienes lo conocen.<\/p>\n<p style=\"text-align: justify;\">En Chile ocup\u00f3 diversos cargos de superior, consultor local y consultor de la Visitadur\u00eda en 1896. Qued\u00f3 al frente de los misioneros en Chile durante la ausencia del Superior Mayor, a lo largo de varios meses. Se confi\u00f3 en \u00e9l para las fundaciones de las casas de La Serena y Coquimbo.<\/p>\n<p style=\"text-align: justify;\">Admirable sobre todo en la heroicidad de sus virtudes, confirmadas por el testimonio de muchos. El P. Luis Crist\u00f3bal lo consigna en <em>Cr\u00f3nica y Archivo<\/em> atestiguando sus esfuerzos para alcanzar la santidad: \u00abse dio al apostolado sin descanso y a su propia santificaci\u00f3n con un vencimiento hasta el hero\u00edsmo de su fuerte naturaleza y un gran esp\u00edritu de oraci\u00f3n, fiel a su lema o santo o muerto\u00bb. Su itinerario de santidad misionera fue una viva llamada para todos mostrando que, con una fuerte voluntad ayudada por la gracia de Dios, cualquiera puede mantener un proceso de crecimiento de su fe y llegar hasta lo m\u00e1s alto. Aparece como un misionero \u00edntegro y coherente en su vocaci\u00f3n claretiana, vivida sin componendas de ning\u00fan tipo. Lo avala su radicalismo evang\u00e9lico y su actividad incansable en sus m\u00e1s de 700 misiones, su trabajo catequ\u00e9tico itinerante y sus continuas visitas a c\u00e1rceles y a hospitales. El mismo pueblo de Dios ya le canoniz\u00f3 en vida llam\u00e1ndole <em>el santo P. Mariano<\/em> y la Iglesia al declararlo Venerable el 23 de octubre de 1987 por decisi\u00f3n del papa Juan Pablo II.<\/p>\n","protected":false},"excerpt":{"rendered":"<p>Mariano Avellana naci\u00f3 en Almud\u00e9var, provincia y di\u00f3cesis de Huesca (Espa\u00f1a) el 16 de abril de 1844, quinto hijo de los ocho que tuvieron sus padres Francisco y Rafaela, de buena posici\u00f3n y buenas costumbres. El mismo d\u00eda de su nacimiento fue bautizado en la capilla de santa Ana de la iglesia parroquial, propiedad de [&hellip;]<\/p>\n","protected":false},"author":69,"featured_media":0,"parent":24840,"menu_order":0,"comment_status":"closed","ping_status":"closed","template":"","meta":{"_et_pb_use_builder":"","_et_pb_old_content":"","_et_gb_content_width":"","footnotes":""},"class_list":["post-27734","page","type-page","status-publish","hentry"],"jetpack_sharing_enabled":true,"jetpack_shortlink":"https:\/\/wp.me\/PdaBmi-7dk","jetpack_likes_enabled":true,"_links":{"self":[{"href":"https:\/\/www.claret.org\/es\/wp-json\/wp\/v2\/pages\/27734","targetHints":{"allow":["GET"]}}],"collection":[{"href":"https:\/\/www.claret.org\/es\/wp-json\/wp\/v2\/pages"}],"about":[{"href":"https:\/\/www.claret.org\/es\/wp-json\/wp\/v2\/types\/page"}],"author":[{"embeddable":true,"href":"https:\/\/www.claret.org\/es\/wp-json\/wp\/v2\/users\/69"}],"replies":[{"embeddable":true,"href":"https:\/\/www.claret.org\/es\/wp-json\/wp\/v2\/comments?post=27734"}],"version-history":[{"count":0,"href":"https:\/\/www.claret.org\/es\/wp-json\/wp\/v2\/pages\/27734\/revisions"}],"up":[{"embeddable":true,"href":"https:\/\/www.claret.org\/es\/wp-json\/wp\/v2\/pages\/24840"}],"wp:attachment":[{"href":"https:\/\/www.claret.org\/es\/wp-json\/wp\/v2\/media?parent=27734"}],"curies":[{"name":"wp","href":"https:\/\/api.w.org\/{rel}","templated":true}]}}