{"id":27748,"date":"2018-09-04T10:20:32","date_gmt":"2018-09-04T08:20:32","guid":{"rendered":"https:\/\/www.claret.org\/calendario\/fecha-22-de-mayo-santa-joaquina-vedruna-fundadora-de-las-carmelitas-de-la-caridad\/"},"modified":"2018-09-04T10:20:32","modified_gmt":"2018-09-04T08:20:32","slug":"fecha-22-de-mayo-santa-joaquina-vedruna-fundadora-de-las-carmelitas-de-la-caridad","status":"publish","type":"page","link":"https:\/\/www.claret.org\/es\/efemeride\/fecha-22-de-mayo-santa-joaquina-vedruna-fundadora-de-las-carmelitas-de-la-caridad\/","title":{"rendered":"Fecha: 22 de Mayo &#8211; Santa Joaquina Vedruna, Fundadora de las Carmelitas de la Caridad"},"content":{"rendered":"<p style=\"text-align: justify;\">Santa Joaquina Vedruna naci\u00f3 en Barcelona (Espa\u00f1a) el 16 de abril de 1783, en donde, tras 71 a\u00f1os de existencia entregada a Dios y al servicio heroico de la caridad, falleci\u00f3 el 28 de agosto de 1854.<\/p>\n<p style=\"text-align: justify;\">Su primera ilusi\u00f3n fue consagrarse a Dios como contemplativa; pero interpret\u00e1ndolo como voluntad del Se\u00f1or, sigui\u00f3 el consejo de sus padres y contrajo matrimonio con Teodor de Mas, rico hacendado de Vic. Tuvieron nueve hijos. A la edad de 33 a\u00f1os qued\u00f3 viuda. A partir de ese momento, Joaquina se consagr\u00f3 con ah\u00ednco al cuidado de sus hijos, que compagin\u00f3 con muchas obras de piedad.<\/p>\n<p style=\"text-align: justify;\">           En cierto momento, dese\u00f3 una vida de mayor entrega radical. A pesar de sus preferencias por la vida contemplativa, su director espiritual le mostr\u00f3 las necesidades urgentes de aquellos tiempos. As\u00ed asumi\u00f3 la conveniencia de fundar una instituci\u00f3n dedicada a la ense\u00f1anza y a la ayuda de los enfermos. De manera imperiosa vio la necesidad de atender a la ense\u00f1anza de las ni\u00f1as, tan abandonadas.<\/p>\n<p style=\"text-align: justify;\">           Joaquina Vedruna trabaj\u00f3 con tes\u00f3n y humildad desde esa moci\u00f3n del Esp\u00edritu. Por ello, el 26 de febrero de 1826 el obispo Corcuera aprob\u00f3 el nuevo Instituto, que fue colocado bajo la protecci\u00f3n titular de Nuestra Se\u00f1ora del Carmen. Y en 1850 fue aprobada de manera can\u00f3nica la Congregaci\u00f3n que conocemos como Hermanas Carmelitas de la Caridad.<\/p>\n<p style=\"text-align: justify;\">           Las Hermanas Carmelitas de la Caridad supieron ser pioneras. Marcaron \u00e9poca y alumbraron un camino que m\u00e1s tarde fue seguido por distintas congregaciones. Ellas fueron las primeras religiosas dedicadas a la ense\u00f1anza en Espa\u00f1a. El rasgo propio que las identifica es que la Santa vivi\u00f3 en casa de sus padres y m\u00e1s tarde en su propio hogar un ambiente de familia. Ella supo insuflar esta atm\u00f3sfera familiar al Instituto. Cada comunidad gozaba de un clima de confianza y cordialidad, como un hogar c\u00e1lido y abierto; se abolieron aquellas diferencias sociales \u2014de dote, abolengo, cultura&#8230;\u2014 que tanto y tan negativamente desnaturalizaron a la vida religiosa. Tambi\u00e9n este ambiente familiar se traslad\u00f3 a las educandas, que gozaban del privilegio de una entrega sin reserva por parte de las hermanas. Las j\u00f3venes afortunadas aprendieron muy pronto aquel refr\u00e1n felizmente trocado: \u00abque la letra, no con sangre, sino con cari\u00f1o entra\u00bb.<\/p>\n<p style=\"text-align: justify;\">           Antonio Mar\u00eda Claret y Joaquina Vedruna coincidieron por varios motivos familiares y locales. El P. Claret anim\u00f3 espiritualmente a Joaquina Vedruna y se convirti\u00f3 en impulsor y protector de la Congregaci\u00f3n que fundara la Santa. Gracias a su decisivo influjo, el Instituto abri\u00f3 pronto sus puertas a Catalu\u00f1a y pudo extenderse por toda Espa\u00f1a. El santo las protegi\u00f3 siempre, dio la cara por su manutenci\u00f3n y su permanencia en los pueblos. Fue verdaderamente su defensor, padre y hermano bueno. Lo har\u00e1n tambi\u00e9n, despu\u00e9s, otros Misioneros Claretianos.<\/p>\n","protected":false},"excerpt":{"rendered":"<p>Santa Joaquina Vedruna naci\u00f3 en Barcelona (Espa\u00f1a) el 16 de abril de 1783, en donde, tras 71 a\u00f1os de existencia entregada a Dios y al servicio heroico de la caridad, falleci\u00f3 el 28 de agosto de 1854. Su primera ilusi\u00f3n fue consagrarse a Dios como contemplativa; pero interpret\u00e1ndolo como voluntad del Se\u00f1or, sigui\u00f3 el consejo [&hellip;]<\/p>\n","protected":false},"author":69,"featured_media":0,"parent":24840,"menu_order":0,"comment_status":"closed","ping_status":"closed","template":"","meta":{"_et_pb_use_builder":"","_et_pb_old_content":"","_et_gb_content_width":"","footnotes":""},"class_list":["post-27748","page","type-page","status-publish","hentry"],"jetpack_sharing_enabled":true,"jetpack_shortlink":"https:\/\/wp.me\/PdaBmi-7dy","jetpack_likes_enabled":true,"_links":{"self":[{"href":"https:\/\/www.claret.org\/es\/wp-json\/wp\/v2\/pages\/27748","targetHints":{"allow":["GET"]}}],"collection":[{"href":"https:\/\/www.claret.org\/es\/wp-json\/wp\/v2\/pages"}],"about":[{"href":"https:\/\/www.claret.org\/es\/wp-json\/wp\/v2\/types\/page"}],"author":[{"embeddable":true,"href":"https:\/\/www.claret.org\/es\/wp-json\/wp\/v2\/users\/69"}],"replies":[{"embeddable":true,"href":"https:\/\/www.claret.org\/es\/wp-json\/wp\/v2\/comments?post=27748"}],"version-history":[{"count":0,"href":"https:\/\/www.claret.org\/es\/wp-json\/wp\/v2\/pages\/27748\/revisions"}],"up":[{"embeddable":true,"href":"https:\/\/www.claret.org\/es\/wp-json\/wp\/v2\/pages\/24840"}],"wp:attachment":[{"href":"https:\/\/www.claret.org\/es\/wp-json\/wp\/v2\/media?parent=27748"}],"curies":[{"name":"wp","href":"https:\/\/api.w.org\/{rel}","templated":true}]}}