{"id":27760,"date":"2018-09-04T10:28:23","date_gmt":"2018-09-04T08:28:23","guid":{"rendered":"https:\/\/www.claret.org\/calendario\/fecha-25-de-mayo-santa-maria-magdalena-de-pazzi-virgen\/"},"modified":"2018-09-04T10:28:23","modified_gmt":"2018-09-04T08:28:23","slug":"fecha-25-de-mayo-santa-maria-magdalena-de-pazzi-virgen","status":"publish","type":"page","link":"https:\/\/www.claret.org\/es\/efemeride\/fecha-25-de-mayo-santa-maria-magdalena-de-pazzi-virgen\/","title":{"rendered":"Fecha: 25 de Mayo &#8211; Santa Mar\u00eda Magdalena de Pazzi, Virgen"},"content":{"rendered":"<p style=\"text-align: justify;\">San Antonio Mar\u00eda Claret tuvo una devoci\u00f3n especial a aquellas mujeres santas que, a pesar de vivir en el claustro, sobresalieron por el celo de la gloria de Dios y de la salvaci\u00f3n de las almas que ard\u00eda en sus corazones. Una de ellas fue santa Mar\u00eda Magdalena de Pazzi, cuya memoria celebramos hoy.<\/p>\n<p style=\"text-align: justify;\">Esta gran mujer y santa naci\u00f3 en Florencia (Italia) el 2 de abril de 1566 de noble familia. Desde ni\u00f1a tuvo una especial sensibilidad por la vida sobrenatural. Tras su primera comuni\u00f3n se entreg\u00f3 para siempre al Se\u00f1or con una promesa de virginidad.<\/p>\n<p style=\"text-align: justify;\">El 1 de diciembre de 1582 ingres\u00f3 en la comunidad carmelita de santa Mar\u00eda de los \u00c1ngeles de Florencia. Al poco, una misteriosa enfermedad, declarada incurable, la llev\u00f3 a adelantar su profesi\u00f3n. Curada el 16 de julio de 1584, inici\u00f3 una intensa \u00e9poca m\u00edstica hasta convertirse en una de las m\u00e1s grandes m\u00edsticas, ext\u00e1ticas y estigmatizadas de todos los tiempos.<\/p>\n<p style=\"text-align: justify;\">Como Catalina de Siena, se sinti\u00f3 tambi\u00e9n movida a escribir al Papa y a otras muchas personalidades eclesi\u00e1sticas para llevar a cabo <em>la renovaci\u00f3n de la Iglesia<\/em><em> y particularmente de los religiosos<\/em><em>.<\/em><\/p>\n<p style=\"text-align: justify;\">Cinco libros dictados por nuestra Santa conservan sus principales revelaciones y doctrina: <em>Los Cuarenta d\u00edas, Los Coloquios, Las revelaciones e inteligencias, La prueba y Renovaci\u00f3n de la Iglesia<\/em> adem\u00e1s de diversos avisos, sentencias y cartas familiares.<\/p>\n<p style=\"text-align: justify;\">La dura vida de Magdalena fue un continuo martirio por los dem\u00e1s, por la Iglesia, a la que am\u00f3 apasionadamente. Porque<em> amor es dolor<\/em> y se ofreci\u00f3 como v\u00edctima de amor por los pecadores lanzando el grito: <em>Sufrir y no morir<\/em>.<\/p>\n<p style=\"text-align: justify;\">La enfermedad la hizo sufrir intensamente los tres \u00faltimos a\u00f1os de su vida. El 13 de mayo de 1607, Magdalena recibi\u00f3 el sacramento de la unci\u00f3n. A las dos de la tarde del viernes 25 muri\u00f3. Junto a su lecho, sus hermanas religiosas rezaron el S\u00edmbolo de san Atanasio. Antes de dos d\u00e9cadas, el Papa Urbano VIII la proclam\u00f3 Beata. En 1669, Clemente IX la incluy\u00f3 en el cat\u00e1logo de los santos. Su cuerpo incorrupto es meta de peregrinaciones constantes en Florencia.<\/p>\n","protected":false},"excerpt":{"rendered":"<p>San Antonio Mar\u00eda Claret tuvo una devoci\u00f3n especial a aquellas mujeres santas que, a pesar de vivir en el claustro, sobresalieron por el celo de la gloria de Dios y de la salvaci\u00f3n de las almas que ard\u00eda en sus corazones. Una de ellas fue santa Mar\u00eda Magdalena de Pazzi, cuya memoria celebramos hoy. Esta [&hellip;]<\/p>\n","protected":false},"author":69,"featured_media":0,"parent":24840,"menu_order":0,"comment_status":"closed","ping_status":"closed","template":"","meta":{"_et_pb_use_builder":"","_et_pb_old_content":"","_et_gb_content_width":"","footnotes":""},"class_list":["post-27760","page","type-page","status-publish","hentry"],"jetpack_sharing_enabled":true,"jetpack_shortlink":"https:\/\/wp.me\/PdaBmi-7dK","jetpack_likes_enabled":true,"_links":{"self":[{"href":"https:\/\/www.claret.org\/es\/wp-json\/wp\/v2\/pages\/27760","targetHints":{"allow":["GET"]}}],"collection":[{"href":"https:\/\/www.claret.org\/es\/wp-json\/wp\/v2\/pages"}],"about":[{"href":"https:\/\/www.claret.org\/es\/wp-json\/wp\/v2\/types\/page"}],"author":[{"embeddable":true,"href":"https:\/\/www.claret.org\/es\/wp-json\/wp\/v2\/users\/69"}],"replies":[{"embeddable":true,"href":"https:\/\/www.claret.org\/es\/wp-json\/wp\/v2\/comments?post=27760"}],"version-history":[{"count":0,"href":"https:\/\/www.claret.org\/es\/wp-json\/wp\/v2\/pages\/27760\/revisions"}],"up":[{"embeddable":true,"href":"https:\/\/www.claret.org\/es\/wp-json\/wp\/v2\/pages\/24840"}],"wp:attachment":[{"href":"https:\/\/www.claret.org\/es\/wp-json\/wp\/v2\/media?parent=27760"}],"curies":[{"name":"wp","href":"https:\/\/api.w.org\/{rel}","templated":true}]}}