{"id":27766,"date":"2018-09-04T10:35:01","date_gmt":"2018-09-04T08:35:01","guid":{"rendered":"https:\/\/www.claret.org\/calendario\/fecha-13-de-junio-ordenacion-presbiteral-de-s-antonio-maria-claret\/"},"modified":"2018-09-04T10:35:01","modified_gmt":"2018-09-04T08:35:01","slug":"fecha-13-de-junio-ordenacion-presbiteral-de-s-antonio-maria-claret","status":"publish","type":"page","link":"https:\/\/www.claret.org\/es\/efemeride\/fecha-13-de-junio-ordenacion-presbiteral-de-s-antonio-maria-claret\/","title":{"rendered":"Fecha: 13 de Junio &#8211; Ordenaci\u00f3n presbiteral de S. Antonio Mar\u00eda Claret"},"content":{"rendered":"<p style=\"text-align: justify;\">Hoy, 13 de junio, memoria de san Antonio de Padua, celebramos el aniversario de la ordenaci\u00f3n sacerdotal de san Antonio Mar\u00eda Claret. Esta tuvo lugar en Solsona, ciudad de la provincia de L\u00e9rida. El obispo ordenante fue fray Juan Jos\u00e9 de Tejada. Claret ten\u00eda entonces 27 a\u00f1os. Aunque no hab\u00eda terminado sus estudios, el obispo de Vic quiso adelantarle la ordenaci\u00f3n porque ve\u00eda en \u00e9l algo singular.<\/p>\n<p style=\"text-align: justify;\">Humanamente hablando, la ordenaci\u00f3n presbiteral de Claret no fue una experiencia muy gozosa. Ven\u00eda de unos largos ejercicios en los que se sinti\u00f3 fuertemente tentado. No pudo ordenarse en su di\u00f3cesis de Vic por estar enfermo el Obispo. Tuvo que trasladarse a la de Solsona. El obispo ordenante no fue su amigo Corcuera sino fray Juan Jos\u00e9 de Tejada.<\/p>\n<p style=\"text-align: justify;\">Todas estas contrariedades se iluminaron el d\u00eda de la primera misa: \u00abAntes de la ordenaci\u00f3n de sacerdote hice los cuarenta d\u00edas de ejercicios espirituales. Nunca he hecho unos ejercicios con m\u00e1s pena ni tentaci\u00f3n; pero quiz\u00e1 de ninguno he sacado m\u00e1s y mayores gracias, como lo conoc\u00ed el d\u00eda que cant\u00e9 la primera Misa, que fue el d\u00eda 21 de junio, d\u00eda de san Luis Gonzaga, Patr\u00f3n de la Congregaci\u00f3n, as\u00ed como la ordenaci\u00f3n fue el d\u00eda de san Antonio, d\u00eda de mi santo Patr\u00f3n\u00bb (Aut 102).<\/p>\n<p style=\"text-align: justify;\">            La ordenaci\u00f3n presbiteral supuso para Claret el punto de llegada de un sue\u00f1o que hab\u00eda tenido siendo ni\u00f1o. Pero constituy\u00f3, sobre todo, un punto de partida en su vocaci\u00f3n de misionero apost\u00f3lico. \u00c9l vivi\u00f3 su sacerdocio, a diferencia de otros muchos cl\u00e9rigos de su tiempo, como una s\u00edntesis perfecta entre su dedicaci\u00f3n al anuncio de la Palabra, la celebraci\u00f3n sacramental y la atenci\u00f3n pastoral a las personas. No se sent\u00eda llamado a ejercerlo desde el servicio parroquial sino como misionero itinerante. Por eso, pronto se ofreci\u00f3 para las misiones extranjeras. Al no poder realizar este proyecto, se encamina hacia la predicaci\u00f3n itinerante por los pueblos de Catalu\u00f1a y de Canarias.<\/p>\n<p style=\"text-align: justify;\">            Esta memoria es una ocasi\u00f3n particular para dar gracias a Dios por el don concedido a nuestro Fundador y por todos los presb\u00edteros que nos han ayudado a lo largo de nuestra vida a vivir mejor el seguimiento de Cristo, comenzando por quien nos administr\u00f3 el sacramento del bautismo.<\/p>\n<p style=\"text-align: justify;\">Es, al mismo tiempo, un d\u00eda adecuado para que los misioneros ordenados demos gracias por la propia vocaci\u00f3n ministerial y para pedir al Se\u00f1or que conceda a su Iglesia los ministros id\u00f3neos que puedan servirla como hizo en su tiempo san Antonio Mar\u00eda Claret.<\/p>\n","protected":false},"excerpt":{"rendered":"<p>Hoy, 13 de junio, memoria de san Antonio de Padua, celebramos el aniversario de la ordenaci\u00f3n sacerdotal de san Antonio Mar\u00eda Claret. Esta tuvo lugar en Solsona, ciudad de la provincia de L\u00e9rida. El obispo ordenante fue fray Juan Jos\u00e9 de Tejada. Claret ten\u00eda entonces 27 a\u00f1os. Aunque no hab\u00eda terminado sus estudios, el obispo [&hellip;]<\/p>\n","protected":false},"author":69,"featured_media":0,"parent":24840,"menu_order":0,"comment_status":"closed","ping_status":"closed","template":"","meta":{"_et_pb_use_builder":"","_et_pb_old_content":"","_et_gb_content_width":"","footnotes":""},"class_list":["post-27766","page","type-page","status-publish","hentry"],"jetpack_sharing_enabled":true,"jetpack_shortlink":"https:\/\/wp.me\/PdaBmi-7dQ","jetpack_likes_enabled":true,"_links":{"self":[{"href":"https:\/\/www.claret.org\/es\/wp-json\/wp\/v2\/pages\/27766","targetHints":{"allow":["GET"]}}],"collection":[{"href":"https:\/\/www.claret.org\/es\/wp-json\/wp\/v2\/pages"}],"about":[{"href":"https:\/\/www.claret.org\/es\/wp-json\/wp\/v2\/types\/page"}],"author":[{"embeddable":true,"href":"https:\/\/www.claret.org\/es\/wp-json\/wp\/v2\/users\/69"}],"replies":[{"embeddable":true,"href":"https:\/\/www.claret.org\/es\/wp-json\/wp\/v2\/comments?post=27766"}],"version-history":[{"count":0,"href":"https:\/\/www.claret.org\/es\/wp-json\/wp\/v2\/pages\/27766\/revisions"}],"up":[{"embeddable":true,"href":"https:\/\/www.claret.org\/es\/wp-json\/wp\/v2\/pages\/24840"}],"wp:attachment":[{"href":"https:\/\/www.claret.org\/es\/wp-json\/wp\/v2\/media?parent=27766"}],"curies":[{"name":"wp","href":"https:\/\/api.w.org\/{rel}","templated":true}]}}