{"id":27783,"date":"2018-09-04T11:36:11","date_gmt":"2018-09-04T09:36:11","guid":{"rendered":"https:\/\/www.claret.org\/calendario\/fecha-15-de-junio-santa-maria-micaela-del-santisimo-sacramento-fundadora-de-las-religiosas-adoratrices\/"},"modified":"2018-09-04T11:36:11","modified_gmt":"2018-09-04T09:36:11","slug":"fecha-15-de-junio-santa-maria-micaela-del-santisimo-sacramento-fundadora-de-las-religiosas-adoratrices","status":"publish","type":"page","link":"https:\/\/www.claret.org\/es\/efemeride\/fecha-15-de-junio-santa-maria-micaela-del-santisimo-sacramento-fundadora-de-las-religiosas-adoratrices\/","title":{"rendered":"Fecha: 15 de Junio &#8211; Santa Mar\u00eda Micaela del Sant\u00edsimo Sacramento, Fundadora de las Religiosas Adoratrices"},"content":{"rendered":"<p style=\"text-align: justify;\">Micaela Desmaisi\u00e8res L\u00f3pez de Dicastillo y Olmedo, vizcondesa de Jorbal\u00e1n, naci\u00f3 en Madrid en 1809. Recibi\u00f3 una esmerada educaci\u00f3n acorde con su condici\u00f3n aristocr\u00e1tica pero muy pronto conoci\u00f3, junto con la fe, el dolor y la humillaci\u00f3n.<\/p>\n<p style=\"text-align: justify;\">Siendo dirigida por el jesuita P. Carasa tuvo su experiencia m\u00e1s determinante en el hospital de San Juan de Dios de Madrid, al entrar en contacto por vez primera con mujeres de la calle, enfermas de repugnantes enfermedades ven\u00e9reas. Aquella visita fue tan decisiva que le llev\u00f3 a abrir una casita de acogida para aquellas desgraciadas. Esto, que fue el germen de su gran obra, le acarre\u00f3 una tormenta de incomprensiones. Todas sus antiguas amistades le negaron la ayuda y la amistad.<\/p>\n<p style=\"text-align: justify;\">En 1845, en compa\u00f1\u00eda de algunas conocidas, inaugur\u00f3 un colegio de ense\u00f1anza para estas maltratadas y prepararlas para un trabajo digno. En 1850 dej\u00f3 definitivamente su elegante casa de barrio rico y se fue a vivir con ellas en una casucha miserable, recuperando su dignidad de personas e hijas de Dios. Tras a\u00f1os muy duros, llenos de calumnias y de grandes problemas econ\u00f3micos, y teniendo como \u00fanico recurso la Eucarist\u00eda, nacieron en 1856 las Adoratrices Esclavas del Sant\u00edsimo Sacramento y de la Caridad, gracias a la ayuda y el consejo de san Antonio Mar\u00eda Claret. As\u00ed dej\u00f3 de ser Micaela para convertirse en la M. Sacramento. El 6 de enero de 1859, festividad de la Epifan\u00eda del Se\u00f1or, hicieron los votos simples Micaela y sus siete primeras compa\u00f1eras. El 15 de junio de 1860 emiti\u00f3 sus votos perpetuos. As\u00ed se inici\u00f3 la lenta expansi\u00f3n del instituto.<\/p>\n<p style=\"text-align: justify;\">El P. Claret conoci\u00f3 a M. Sacramento siendo ya confesor real. El santo favoreci\u00f3 a ella y a su instituto espiritual y materialmente. Incluso retoc\u00f3 sus Constituciones para conseguir su aprobaci\u00f3n. Ambos santos padecieron tambi\u00e9n grotescas calumnias vertidas en la m\u00e1s infame propaganda.<\/p>\n<p style=\"text-align: justify;\">Afectada mortalmente por el c\u00f3lera, el 24 de agosto de 1865, la M. Sacramento muri\u00f3 en Valencia, adonde hab\u00eda acudido para ayudar y consolar en la epidemia. As\u00ed <strong>hizo de su vida misma una perfecta Eucarist\u00eda: comuni\u00f3n con Cristo dando la vida por los m\u00e1s necesitados. <\/strong>La heroicidad de sus virtudes fue proclamada en 1922. P\u00edo XI la beatific\u00f3 el 7 de julio de 1925 y la canoniz\u00f3 el 4 de marzo de 1934. San Antonio Mar\u00eda Claret qued\u00f3 vinculado a M. Sacramento y su obra como patrono del Instituto por ella fundado.<\/p>\n","protected":false},"excerpt":{"rendered":"<p>Micaela Desmaisi\u00e8res L\u00f3pez de Dicastillo y Olmedo, vizcondesa de Jorbal\u00e1n, naci\u00f3 en Madrid en 1809. Recibi\u00f3 una esmerada educaci\u00f3n acorde con su condici\u00f3n aristocr\u00e1tica pero muy pronto conoci\u00f3, junto con la fe, el dolor y la humillaci\u00f3n. Siendo dirigida por el jesuita P. Carasa tuvo su experiencia m\u00e1s determinante en el hospital de San Juan [&hellip;]<\/p>\n","protected":false},"author":69,"featured_media":0,"parent":24840,"menu_order":0,"comment_status":"closed","ping_status":"closed","template":"","meta":{"_et_pb_use_builder":"","_et_pb_old_content":"","_et_gb_content_width":"","footnotes":""},"class_list":["post-27783","page","type-page","status-publish","hentry"],"jetpack_sharing_enabled":true,"jetpack_shortlink":"https:\/\/wp.me\/PdaBmi-7e7","jetpack_likes_enabled":true,"_links":{"self":[{"href":"https:\/\/www.claret.org\/es\/wp-json\/wp\/v2\/pages\/27783","targetHints":{"allow":["GET"]}}],"collection":[{"href":"https:\/\/www.claret.org\/es\/wp-json\/wp\/v2\/pages"}],"about":[{"href":"https:\/\/www.claret.org\/es\/wp-json\/wp\/v2\/types\/page"}],"author":[{"embeddable":true,"href":"https:\/\/www.claret.org\/es\/wp-json\/wp\/v2\/users\/69"}],"replies":[{"embeddable":true,"href":"https:\/\/www.claret.org\/es\/wp-json\/wp\/v2\/comments?post=27783"}],"version-history":[{"count":0,"href":"https:\/\/www.claret.org\/es\/wp-json\/wp\/v2\/pages\/27783\/revisions"}],"up":[{"embeddable":true,"href":"https:\/\/www.claret.org\/es\/wp-json\/wp\/v2\/pages\/24840"}],"wp:attachment":[{"href":"https:\/\/www.claret.org\/es\/wp-json\/wp\/v2\/media?parent=27783"}],"curies":[{"name":"wp","href":"https:\/\/api.w.org\/{rel}","templated":true}]}}