{"id":27792,"date":"2018-09-04T11:45:42","date_gmt":"2018-09-04T09:45:42","guid":{"rendered":"https:\/\/www.claret.org\/calendario\/fecha-23-de-junio-estudiante-pedro-mardones\/"},"modified":"2018-09-04T11:45:42","modified_gmt":"2018-09-04T09:45:42","slug":"fecha-23-de-junio-estudiante-pedro-mardones","status":"publish","type":"page","link":"https:\/\/www.claret.org\/es\/efemeride\/fecha-23-de-junio-estudiante-pedro-mardones\/","title":{"rendered":"Fecha: 23 de Junio &#8211; ESTUDIANTE PEDRO MARDONES"},"content":{"rendered":"<div style=\"text-align: justify;\">El estudiante claretiano Pedro Mardones Valle naci\u00f3 el 24 de agosto de 1914 en Vallejuelo, un pueblecito situado en el Valle de Mena, en la provincia de Burgos (Espa\u00f1a). Sus padres, Miguel y Sebastiana, eran labradores. Catequizado por su madre, Pedro mostr\u00f3 gran afici\u00f3n a la Eucarist\u00eda. Ning\u00fan d\u00eda se olvidaba de rezar a la Patrona del pueblo, la Virgen de Cantonad, de quien era muy devoto.<\/div>\n<div style=\"text-align: justify;\"><\/div>\n<div style=\"text-align: justify;\"><strong>Recogemos lo que dice de \u00e9l la Rese\u00f1a Hist\u00f3rica de la Provincia de B\u00e9tica:<\/strong><\/div>\n<div style=\"text-align: justify;\"><\/div>\n<div style=\"text-align: justify;\">\u00abAnte todo la heroicidad de su vocaci\u00f3n. Amaba entra\u00f1ablemente a su padre, pero encontr\u00f3 en \u00e9l la oposici\u00f3n m\u00e1s cerrada cuando le manifest\u00f3 su ideal misionero. El no del padre fue rotundo&#8230; Pero ayudado por uno de sus cu\u00f1ados, abandon\u00f3 la casa paterna en una noche para esconderse en la casa de Dios. All\u00ed se present\u00f3 el alcalde del pueblo con su padre y con una pareja de la Guardia Civil. No hubo m\u00e1s remedio que dejar al chico donde \u00e9l quer\u00eda estar. Ya de postulante se impon\u00eda, sin intentarlo, por su piedad, sencillez y trato amable. Como religioso, podemos decir que todas las virtudes las llevaba de calle y a todas se entregaba con decisi\u00f3n y alegr\u00eda. Un hombre de oraci\u00f3n, de acendrada espiritualidad cordimariana, de sacrificio, mortificaci\u00f3n y laboriosidad; pero sobre todo, su ascesis mortificante. Un santo. Incorporado a filas (1936), sus jefes del cuartel le profesaban un respeto tan grande que casi los maniataba para poder mandarle algo. La vida del cuartel fue para \u00e9l un martirio continuado. Se escapaba siempre que pod\u00eda para no perder el ritmo de clases y de estudios. Para \u00e9l, el estudio era compa\u00f1ero inseparable de la oraci\u00f3n. Muri\u00f3 devorado por el tifus. El alcalde se ofreci\u00f3 para ser el padrino de su primera misa. No pudo ser. La celebr\u00f3 en el cielo\u00bb (1, p. 771).<\/div>\n<div style=\"text-align: justify;\"><\/div>\n<div style=\"text-align: justify;\">Su fidelidad heroica iba a quedar una vez m\u00e1s acreditada y definitivamente sellada en la \u00faltima prueba: la enfermedad infecciosa \u2014tifus\u2014 que fue minando su organismo hasta acabar con su vida. Postrado en el lecho del hospital de Gri\u00f1\u00f3n y consumido por la fiebre, el \u00fanico entretenimiento de Pedro era hablar del Colegio, recordar a los hermanos de Congregaci\u00f3n y, especialmente, dedicarse a la lectura de la Biblia.<\/div>\n<div style=\"text-align: justify;\"><\/div>\n<div style=\"text-align: justify;\">Muri\u00f3 el d\u00eda 23 de junio de 1937. No hab\u00eda cumplido todav\u00eda los 24 a\u00f1os de edad, pero estaba ya maduro para el cielo. Todos los que tuvieron la oportunidad de conocerlo han coincidido en el mismo juicio: \u00abEl se\u00f1or Mardones era un santo\u00bb.<\/div>\n","protected":false},"excerpt":{"rendered":"<p>El estudiante claretiano Pedro Mardones Valle naci\u00f3 el 24 de agosto de 1914 en Vallejuelo, un pueblecito situado en el Valle de Mena, en la provincia de Burgos (Espa\u00f1a). Sus padres, Miguel y Sebastiana, eran labradores. Catequizado por su madre, Pedro mostr\u00f3 gran afici\u00f3n a la Eucarist\u00eda. Ning\u00fan d\u00eda se olvidaba de rezar a la [&hellip;]<\/p>\n","protected":false},"author":69,"featured_media":0,"parent":24840,"menu_order":0,"comment_status":"closed","ping_status":"closed","template":"","meta":{"_et_pb_use_builder":"","_et_pb_old_content":"","_et_gb_content_width":"","footnotes":""},"class_list":["post-27792","page","type-page","status-publish","hentry"],"jetpack_sharing_enabled":true,"jetpack_shortlink":"https:\/\/wp.me\/PdaBmi-7eg","jetpack_likes_enabled":true,"_links":{"self":[{"href":"https:\/\/www.claret.org\/es\/wp-json\/wp\/v2\/pages\/27792","targetHints":{"allow":["GET"]}}],"collection":[{"href":"https:\/\/www.claret.org\/es\/wp-json\/wp\/v2\/pages"}],"about":[{"href":"https:\/\/www.claret.org\/es\/wp-json\/wp\/v2\/types\/page"}],"author":[{"embeddable":true,"href":"https:\/\/www.claret.org\/es\/wp-json\/wp\/v2\/users\/69"}],"replies":[{"embeddable":true,"href":"https:\/\/www.claret.org\/es\/wp-json\/wp\/v2\/comments?post=27792"}],"version-history":[{"count":0,"href":"https:\/\/www.claret.org\/es\/wp-json\/wp\/v2\/pages\/27792\/revisions"}],"up":[{"embeddable":true,"href":"https:\/\/www.claret.org\/es\/wp-json\/wp\/v2\/pages\/24840"}],"wp:attachment":[{"href":"https:\/\/www.claret.org\/es\/wp-json\/wp\/v2\/media?parent=27792"}],"curies":[{"name":"wp","href":"https:\/\/api.w.org\/{rel}","templated":true}]}}