{"id":27805,"date":"2018-09-04T11:54:07","date_gmt":"2018-09-04T09:54:07","guid":{"rendered":"https:\/\/www.claret.org\/calendario\/fecha-29-de-junio-santos-pedro-y-pablo-apostoles-y-compatronos\/"},"modified":"2018-09-04T11:54:07","modified_gmt":"2018-09-04T09:54:07","slug":"fecha-29-de-junio-santos-pedro-y-pablo-apostoles-y-compatronos","status":"publish","type":"page","link":"https:\/\/www.claret.org\/es\/efemeride\/fecha-29-de-junio-santos-pedro-y-pablo-apostoles-y-compatronos\/","title":{"rendered":"Fecha: 29 de Junio &#8211; Santos Pedro y Pablo, Ap\u00f3stoles y compatronos"},"content":{"rendered":"<p style=\"text-align: justify;\">Recordamos en este d\u00eda a los santos ap\u00f3stoles Pedro y Pablo que tuvieron un papel decisivo en el afianzamiento y expansi\u00f3n de la Iglesia naciente. No formaron pareja durante el ministerio de Jes\u00fas; Pablo ni siquiera conoci\u00f3 a Jes\u00fas. Pero son semejantes por su influjo decisivo en la expansi\u00f3n de la Iglesia naciente y por haber coronado ambos sus afanes apost\u00f3licos con el martirio en Roma.<\/p>\n<p style=\"text-align: justify;\">Pedro es el m\u00e1s destacado del grupo de los Doce, en cuyas listas ocupa siempre el primer lugar. Fue conducido a Jes\u00fas por su hermano Andr\u00e9s, tras abandonar \u00e9ste al grupo del Bautista. Parece que su domicilio en Cafarnaum se convirti\u00f3 en residencia de Jes\u00fas en sus intermitentes descansos misioneros.<\/p>\n<p style=\"text-align: justify;\">Llamado originariamente Sim\u00f3n (o Sime\u00f3n, cf. Hch 15,14), tanto la tradici\u00f3n sin\u00f3ptica como la joanea (cf. Jn 1,42) recuerdan que Jes\u00fas le dio el significativo sobrenombre de Pedro (piedra), con la consiguiente funci\u00f3n de cimiento en la fundaci\u00f3n de la iglesia, y que fue el primero en confesar a Jes\u00fas como Mes\u00edas (cf. Jn 6,69). Pedro, junto con Santiago y Juan, no falta en ning\u00fan momento importante de la vida terrena de Jes\u00fas, y es frecuentemente el portavoz de los Doce a la hora de hacer preguntas al Maestro. Muchas p\u00e1ginas evang\u00e9licas dejan constancia de su fogosidad y entrega (cf. Mc 14,29 par), pero tambi\u00e9n de sus errores (cf. Mc 8,32) y su debilidad, hasta negar ser disc\u00edpulo de Jes\u00fas (cf. Mc 14,66 ss. par).<\/p>\n<p style=\"text-align: justify;\">Pedro, considerado como el primero a quien se apareci\u00f3 el Resucitado, aparece en Hechos como organizador de la iglesia en sus primeros d\u00edas. Fue decisivo su papel en el llamado <em>concilio de Jerusal\u00e9n<\/em>(cf. Hch 15; Gal 2,1-10) y en el inicio de la predicaci\u00f3n a paganos gracias al <em>acontecimiento Cornelio<\/em> (cf. Hch 10), si bien en el <em>conflicto de Antioqu\u00eda<\/em> (cf. Gal 2,11 ss.) parece traicionar su inicial apertura. En el Nuevo Testamento figuran dos cartas a su nombre, posiblemente seud\u00f3nimas. Sobre su martirio en Roma nos informa la carta de Clemente a los Corintios (hacia el a\u00f1o 96), y a dicho martirio alude Juan (21,18s).<\/p>\n<p style=\"text-align: justify;\">Pablo es el personaje mejor conocido del Nuevo Testamento, el \u00fanico del que se puede componer una verdadera biograf\u00eda. Nacido en di\u00e1spora, pero de familia farisea observante, persigui\u00f3 inicialmente a la iglesia judeocristiana helenista por sus libertades respecto de la ley (cf. Gal 1,14; Flp 3, 6). Pero, alcanzado por el Se\u00f1or, se convirti\u00f3 en el m\u00e1s destacado predicador de la fe cristiana y en el universalizador de la misma, al desligarla de la legislaci\u00f3n jud\u00eda. Integrado pronto en la influyente comunidad de Antioqu\u00eda, particip\u00f3 activamente en el llamado <em>concilio de Jerusal\u00e9n<\/em>; pero, tras el <em>incidente de Antioqu\u00eda<\/em>, se alej\u00f3 de las iglesias de Siria-Palestina y con un nuevo equipo se dedic\u00f3 a fundar comunidades en las grandes ciudades del entorno del mar Egeo.<\/p>\n<p style=\"text-align: justify;\">Gran conocedor del Antiguo Testamento, nos dej\u00f3 un rico acervo teol\u00f3gico y espiritual en sus cartas; de las 13 que le atribuye el Nuevo Testamento, la cr\u00edtica reconoce 7 como aut\u00e9nticas y 6 procedentes de la escuela teol\u00f3gica que dej\u00f3 tras de s\u00ed. Concluido su ministerio por Grecia (Rm 15,23), decide viajar a Espa\u00f1a visitando de camino la comunidad de Roma. Antes viaja a Jerusal\u00e9n donde es apresado y conducido a Roma para ser juzgado por el tribunal imperial. Fue ajusticiado hacia el a\u00f1o 58, unos a\u00f1os antes que Pedro.<\/p>\n<p style=\"text-align: justify;\">Es conocida la veneraci\u00f3n del P. Fundador por los santos ap\u00f3stoles. \u00c9l no quiso otro t\u00edtulo que el de Misionero Apost\u00f3lico, que interpret\u00f3 como vivir al estilo de los ap\u00f3stoles.<\/p>\n","protected":false},"excerpt":{"rendered":"<p>Recordamos en este d\u00eda a los santos ap\u00f3stoles Pedro y Pablo que tuvieron un papel decisivo en el afianzamiento y expansi\u00f3n de la Iglesia naciente. No formaron pareja durante el ministerio de Jes\u00fas; Pablo ni siquiera conoci\u00f3 a Jes\u00fas. Pero son semejantes por su influjo decisivo en la expansi\u00f3n de la Iglesia naciente y por [&hellip;]<\/p>\n","protected":false},"author":69,"featured_media":0,"parent":24840,"menu_order":0,"comment_status":"closed","ping_status":"closed","template":"","meta":{"_et_pb_use_builder":"","_et_pb_old_content":"","_et_gb_content_width":"","footnotes":""},"class_list":["post-27805","page","type-page","status-publish","hentry"],"jetpack_sharing_enabled":true,"jetpack_shortlink":"https:\/\/wp.me\/PdaBmi-7et","jetpack_likes_enabled":true,"_links":{"self":[{"href":"https:\/\/www.claret.org\/es\/wp-json\/wp\/v2\/pages\/27805","targetHints":{"allow":["GET"]}}],"collection":[{"href":"https:\/\/www.claret.org\/es\/wp-json\/wp\/v2\/pages"}],"about":[{"href":"https:\/\/www.claret.org\/es\/wp-json\/wp\/v2\/types\/page"}],"author":[{"embeddable":true,"href":"https:\/\/www.claret.org\/es\/wp-json\/wp\/v2\/users\/69"}],"replies":[{"embeddable":true,"href":"https:\/\/www.claret.org\/es\/wp-json\/wp\/v2\/comments?post=27805"}],"version-history":[{"count":0,"href":"https:\/\/www.claret.org\/es\/wp-json\/wp\/v2\/pages\/27805\/revisions"}],"up":[{"embeddable":true,"href":"https:\/\/www.claret.org\/es\/wp-json\/wp\/v2\/pages\/24840"}],"wp:attachment":[{"href":"https:\/\/www.claret.org\/es\/wp-json\/wp\/v2\/media?parent=27805"}],"curies":[{"name":"wp","href":"https:\/\/api.w.org\/{rel}","templated":true}]}}