{"id":27832,"date":"2018-09-04T15:00:04","date_gmt":"2018-09-04T13:00:04","guid":{"rendered":"https:\/\/www.claret.org\/calendario\/fecha-11-de-julio-p-felipe-maroto-superior-general\/"},"modified":"2018-09-04T15:00:04","modified_gmt":"2018-09-04T13:00:04","slug":"fecha-11-de-julio-p-felipe-maroto-superior-general","status":"publish","type":"page","link":"https:\/\/www.claret.org\/es\/efemeride\/fecha-11-de-julio-p-felipe-maroto-superior-general\/","title":{"rendered":"Fecha: 11 de Julio &#8211; P. Felipe Maroto, Superior General"},"content":{"rendered":"<p style=\"text-align: justify;\">Naci\u00f3 el d\u00eda 26 de mayo de 1875 en Garcill\u00e1n (Segovia &#8211; Espa\u00f1a) de una modesta familia de labradores. El 25 de septiembre de 1889 ingres\u00f3 en el seminario claretiano de Segovia. Aqu\u00ed estuvo un a\u00f1o estudiando Analog\u00eda. Al a\u00f1o siguiente march\u00f3 a Barbastro para estudiar Ret\u00f3rica. En los primeros d\u00edas de julio de 1891 pas\u00f3 al Noviciado de Cervera. Ese noviciado estuvo formado por 3 novicios-sacerdotes, 75 estudiantes y 34 hermanos. Profes\u00f3 el 25 de julio de 1892 y permaneci\u00f3 en Cervera (L\u00e9rida &#8211; Espa\u00f1a) donde hizo la Filosof\u00eda (1892-1895) y los dos primeros a\u00f1os (1895-1897) de Teolog\u00eda dogm\u00e1tica.  En verano de este \u00faltimo a\u00f1o pas\u00f3 a Santo Domingo de la Calzada (La Rioja &#8211; Espa\u00f1a), donde termin\u00f3 la carrera sacerdotal estudiando Moral y Derecho (1898-1900). Fue ordenado sacerdote el 13 de mayo de 1900. Inmediatamente fue destinado a Roma. All\u00ed comenz\u00f3 los estudios de Derecho Can\u00f3nico y Civil (cursos 1900-1903) en el Pontificio Seminario Romano.<\/p>\n<p style=\"text-align: justify;\">En el curso 1907-1908 el P. Maroto inici\u00f3 su carrera como profesor universitario con la c\u00e1tedra de Instituciones Can\u00f3nicas. Fue Procurador, Postulador y Consultor General posteriormente. Fue elegido Superior General el 23 de abril de 1934 en el XIII Cap\u00edtulo General. Era conocid\u00edsimo en Roma por sus dotes espirituales e intelectuales. Su aptitud para el derecho era excepcional. Se le conoc\u00eda de tal forma, que en ocasiones se lleg\u00f3 a llamar a los claretianos <em>marotinos<\/em>.<\/p>\n<p style=\"text-align: justify;\">            Dado el poco tiempo que estuvo de Superior General, no pudo escribir muchas circulares. En su magisterio insiste, sobre todo, en la misi\u00f3n universal de la Congregaci\u00f3n y en la formaci\u00f3n seria y responsable para la misma. Tambi\u00e9n pide que se favorezca el esp\u00edritu misionero universal en los colegios con todos los medios posibles Por otra parte, fue muy eficiente para poner en pr\u00e1ctica lo decidido en el Cap\u00edtulo General (1934) que lo eligi\u00f3. Entre otras cosas, la puesta en marcha del Colegio Internacional de Roma en el curso 1934-1935 y el traslado de la Curia Generalicia a Roma, en V\u00eda Giulia.<\/p>\n<p style=\"text-align: justify;\">Lo m\u00e1s importante de esta \u00e9poca, y lo que habr\u00eda de influir en el r\u00e1pido deterioro del P. Maroto, fueron los acontecimientos de la Guerra Civil espa\u00f1ola (1936-1939). Se paraliz\u00f3 todo ministerio, muriendo 271 profesos entre Padres, Hermanos y Estudiantes, adem\u00e1s de otras muchas p\u00e9rdidas materiales. De todas formas, esta p\u00e9rdida dolorosa se convertir\u00eda en gloria para la Congrega\u00adci\u00f3n, que ya pod\u00eda contar en su seno con numerosos m\u00e1rtires. Falleci\u00f3 inesperadamente, abatido por los sufrimientos padecidos por los sucesos de Espa\u00f1a, de un ataque cerebral el 11 de julio de 1937.<\/p>\n","protected":false},"excerpt":{"rendered":"<p>Naci\u00f3 el d\u00eda 26 de mayo de 1875 en Garcill\u00e1n (Segovia &#8211; Espa\u00f1a) de una modesta familia de labradores. El 25 de septiembre de 1889 ingres\u00f3 en el seminario claretiano de Segovia. Aqu\u00ed estuvo un a\u00f1o estudiando Analog\u00eda. Al a\u00f1o siguiente march\u00f3 a Barbastro para estudiar Ret\u00f3rica. En los primeros d\u00edas de julio de 1891 [&hellip;]<\/p>\n","protected":false},"author":69,"featured_media":0,"parent":24840,"menu_order":0,"comment_status":"closed","ping_status":"closed","template":"","meta":{"_et_pb_use_builder":"","_et_pb_old_content":"","_et_gb_content_width":"","footnotes":""},"class_list":["post-27832","page","type-page","status-publish","hentry"],"jetpack_sharing_enabled":true,"jetpack_shortlink":"https:\/\/wp.me\/PdaBmi-7eU","jetpack_likes_enabled":true,"_links":{"self":[{"href":"https:\/\/www.claret.org\/es\/wp-json\/wp\/v2\/pages\/27832","targetHints":{"allow":["GET"]}}],"collection":[{"href":"https:\/\/www.claret.org\/es\/wp-json\/wp\/v2\/pages"}],"about":[{"href":"https:\/\/www.claret.org\/es\/wp-json\/wp\/v2\/types\/page"}],"author":[{"embeddable":true,"href":"https:\/\/www.claret.org\/es\/wp-json\/wp\/v2\/users\/69"}],"replies":[{"embeddable":true,"href":"https:\/\/www.claret.org\/es\/wp-json\/wp\/v2\/comments?post=27832"}],"version-history":[{"count":0,"href":"https:\/\/www.claret.org\/es\/wp-json\/wp\/v2\/pages\/27832\/revisions"}],"up":[{"embeddable":true,"href":"https:\/\/www.claret.org\/es\/wp-json\/wp\/v2\/pages\/24840"}],"wp:attachment":[{"href":"https:\/\/www.claret.org\/es\/wp-json\/wp\/v2\/media?parent=27832"}],"curies":[{"name":"wp","href":"https:\/\/api.w.org\/{rel}","templated":true}]}}