{"id":27843,"date":"2018-09-04T15:07:27","date_gmt":"2018-09-04T13:07:27","guid":{"rendered":"https:\/\/www.claret.org\/calendario\/fecha-16-de-julio-fiesta-de-nuestra-senora-del-carmen-aniversario-de-la-fundacion-de-la-congregacion\/"},"modified":"2018-09-04T15:07:27","modified_gmt":"2018-09-04T13:07:27","slug":"fecha-16-de-julio-fiesta-de-nuestra-senora-del-carmen-aniversario-de-la-fundacion-de-la-congregacion","status":"publish","type":"page","link":"https:\/\/www.claret.org\/es\/efemeride\/fecha-16-de-julio-fiesta-de-nuestra-senora-del-carmen-aniversario-de-la-fundacion-de-la-congregacion\/","title":{"rendered":"Fecha: 16 de Julio &#8211; Fiesta de Nuestra Se\u00f1ora del Carmen, aniversario de la fundaci\u00f3n de la Congregaci\u00f3n"},"content":{"rendered":"<p style=\"text-align: justify;\">\u00abViendo la gran falta que hay de predicadores evang\u00e9licos y apost\u00f3licos en nuestro territorio espa\u00f1ol, los deseos tan grandes que tiene el pueblo de o\u00edr la divina palabra y las muchas instancias que de todas partes de Espa\u00f1a hacen para que vaya a sus ciudades y pueblos a predicar el Evangelio, determin\u00e9 reunir y adiestrar a unos cuantos compa\u00f1eros celosos y as\u00ed poder hacer con otros lo que solo no puedo\u00bb (<em>P. Fundador al Nuncio Apost\u00f3lico, Vic 12 agosto 1849).<\/em><\/p>\n<p style=\"text-align: justify;\">\u00abA mediados de mayo llegu\u00e9 a Barcelona y me retir\u00e9 a Vich, y habl\u00e9 con mis amigos los Se\u00f1ores Can\u00f3nigos D. Soler y D. Passarell del pensamiento que ten\u00eda de formar una Congregaci\u00f3n de Sacerdotes que fuesen y se llamasen Hijos del Inmaculado Coraz\u00f3n de Mar\u00eda. Ambos a dos acogieron muy bien mi pensamiento, y el primero, que era cabalmente Rector del Seminario de Vich, me dijo que tan pronto como salieran los Colegiales o Seminaristas para sus casas a pasar las vacaciones, nos pod\u00edamos reunir nosotros en el mismo Seminario y habitar sus cuartos, y mientras tanto Dios nuestro Se\u00f1or dispondr\u00eda otro local\u00bb (Aut 488).<\/p>\n<p style=\"text-align: justify;\">\u00abEste mismo pensamiento le propuse yo al Ilmo. Sr. Obispo de Vich, D. D. Luciano Casadevall, que me quer\u00eda much\u00edsimo, quien aplaudi\u00f3 sobremanera el Plan que yo le hab\u00eda manifestado, y convinimos que durante las vacaciones vivi\u00e9semos en el Seminario, y \u00e9l entre tanto har\u00eda habilitar el Convento de la Merced, que el Gobierno hab\u00eda dejado a su disposici\u00f3n, y as\u00ed se hizo. El Sr. Obispo dispuso el local correspondiente en el convento de la Merced, y yo entre tanto habl\u00e9 con algunos Sacerdotes a quienes Dios nuestro Se\u00f1or hab\u00eda dado el mismo esp\u00edritu de que yo me sent\u00eda animado. Estos eran: Esteban Sala, Jos\u00e9 Xifr\u00e9, Domingo F\u00e1bregas, Manuel Vilar\u00f3, Jaime Clotet, Antonio Claret, yo, el \u00ednfimo de todos; y, a la verdad, todos son m\u00e1s instruidos y m\u00e1s virtuosos que yo, y yo me ten\u00eda por muy feliz y dichoso al considerarme criado de todos ellos\u00bb (Aut 489).<\/p>\n<p style=\"text-align: justify;\">\u00abEl d\u00eda 16 de julio de 1849, hall\u00e1ndonos ya reunidos, con aprobaci\u00f3n del Ilmo. Sr. Obispo y del Sr. Rector, empezamos en el Seminario los santos ejercicios espirituales nosotros s\u00f3los con todo rigor y fervor, y como cabalmente en este d\u00eda 16 es la fiesta de la santa Cruz y de la Virgen del Carmen, por tema de la primera pl\u00e1tica puse aquellas palabras del Salmo 22: <em>Virga tua et baculus tuus ipsa me consolata sunt, <\/em>v. 4. Aludiendo a la devoci\u00f3n y confianza que hemos de tener en la santa Cruz y en Mar\u00eda Sant\u00edsima; aplicando adem\u00e1s todo el salmo a nuestro objeto. De aquellos ejercicios todos salimos muy fervorosos, resueltos y determinados a perseverar, y, gracias sean dadas a Dios y a Mar\u00eda Sant\u00edsima, todos han perseverado muy bien. Dos han muerto y se hallan actualmente en la gloria del cielo gozando de Dios y del premio de sus trabajos apost\u00f3licos y rogando por sus hermanos\u00bb (Aut 490).<\/p>\n<p style=\"text-align: justify;\">\u00abAs\u00ed empezamos y as\u00ed segu\u00edamos guardando estrictamente una vida perfectamente com\u00fan. Todos \u00edbamos trabajando en el sagrado ministerio. Concluidos los ejercicios que yo di a la peque\u00f1a y naciente Comunidad, me dijeron que diera otros ejercicios espirituales al clero de la ciudad de Vich en la Iglesiadel Seminario. Cuando he aqu\u00ed que el d\u00eda 11 de agosto, al bajar del p\u00falpito al concluir el \u00faltimo acto, el Ilmo. Sr. Obispo me manda que vaya a Palacio, y al llegar all\u00ed me entreg\u00f3 el Real Nombramiento, fechado del d\u00eda 4 de agosto, para el Arzobispado de Cuba. Yo qued\u00e9 como muerto con tal noticia. Dije que de ninguna manera aceptaba y as\u00ed supliqu\u00e9 al Sr. Obispo que se dignase contestar por m\u00ed diciendo que de ninguna manera aceptaba\u00bb (Aut 491).<\/p>\n<p style=\"text-align: justify;\">\u00ab\u00a1Oh Dios m\u00edo, bendito se\u00e1is por haberos dignado escoger [a] vuestros humildes siervos para Hijos del Inmaculado Coraz\u00f3n de vuestra Sant\u00edsima Madre!\u00bb (Aut 492).<\/p>\n<p style=\"text-align: justify;\">\u00ab\u00a1Oh Madre bendit\u00edsima, mil alabanzas os sean dadas por la fineza de vuestro Inmaculado Coraz\u00f3n y habernos tomado por Hijos vuestros! Haced, Madre m\u00eda, que correspondamos a tanta bondad, que cada d\u00eda seamos m\u00e1s humildes, m\u00e1s fervorosos y m\u00e1s celosos de la salvaci\u00f3n de las almas\u00bb (Aut 493).<\/p>\n","protected":false},"excerpt":{"rendered":"<p>\u00abViendo la gran falta que hay de predicadores evang\u00e9licos y apost\u00f3licos en nuestro territorio espa\u00f1ol, los deseos tan grandes que tiene el pueblo de o\u00edr la divina palabra y las muchas instancias que de todas partes de Espa\u00f1a hacen para que vaya a sus ciudades y pueblos a predicar el Evangelio, determin\u00e9 reunir y adiestrar [&hellip;]<\/p>\n","protected":false},"author":69,"featured_media":0,"parent":24840,"menu_order":0,"comment_status":"closed","ping_status":"closed","template":"","meta":{"_et_pb_use_builder":"","_et_pb_old_content":"","_et_gb_content_width":"","footnotes":""},"class_list":["post-27843","page","type-page","status-publish","hentry"],"jetpack_sharing_enabled":true,"jetpack_shortlink":"https:\/\/wp.me\/PdaBmi-7f5","jetpack_likes_enabled":true,"_links":{"self":[{"href":"https:\/\/www.claret.org\/es\/wp-json\/wp\/v2\/pages\/27843","targetHints":{"allow":["GET"]}}],"collection":[{"href":"https:\/\/www.claret.org\/es\/wp-json\/wp\/v2\/pages"}],"about":[{"href":"https:\/\/www.claret.org\/es\/wp-json\/wp\/v2\/types\/page"}],"author":[{"embeddable":true,"href":"https:\/\/www.claret.org\/es\/wp-json\/wp\/v2\/users\/69"}],"replies":[{"embeddable":true,"href":"https:\/\/www.claret.org\/es\/wp-json\/wp\/v2\/comments?post=27843"}],"version-history":[{"count":0,"href":"https:\/\/www.claret.org\/es\/wp-json\/wp\/v2\/pages\/27843\/revisions"}],"up":[{"embeddable":true,"href":"https:\/\/www.claret.org\/es\/wp-json\/wp\/v2\/pages\/24840"}],"wp:attachment":[{"href":"https:\/\/www.claret.org\/es\/wp-json\/wp\/v2\/media?parent=27843"}],"curies":[{"name":"wp","href":"https:\/\/api.w.org\/{rel}","templated":true}]}}