{"id":27858,"date":"2018-09-04T17:06:48","date_gmt":"2018-09-04T15:06:48","guid":{"rendered":"https:\/\/www.claret.org\/calendario\/fecha-27-de-julio-siervo-de-dios-jose-maria-ruiz-formador-y-martir\/"},"modified":"2018-09-04T17:06:48","modified_gmt":"2018-09-04T15:06:48","slug":"fecha-27-de-julio-siervo-de-dios-jose-maria-ruiz-formador-y-martir","status":"publish","type":"page","link":"https:\/\/www.claret.org\/es\/efemeride\/fecha-27-de-julio-siervo-de-dios-jose-maria-ruiz-formador-y-martir\/","title":{"rendered":"Fecha: 27 de Julio &#8211; Siervo de Dios Jos\u00e9 Mar\u00eda Ruiz, formador y m\u00e1rtir"},"content":{"rendered":"<p style=\"text-align: justify;\">Naci\u00f3 el P. Jos\u00e9 Mar\u00eda Ruiz en Jerez de los Caballeros, provincia de Badajoz (Espa\u00f1a), el d\u00eda 3 de septiembre de 1906. Hizo su primera profesi\u00f3n en su pueblo natal, el 15 de agosto de 1924. Profes\u00f3 perpetuamente en Zafra el 23 de octubre de 1927. En Zafra (Badajoz) realiz\u00f3 sus estudios sacerdotales y fue ordenado sacerdote el a\u00f1o 1932. Nada m\u00e1s ser ordenado presb\u00edtero, el P. Ruiz fue destinado por sus superiores a Sig\u00fcenza (Guadalajara) como Prefecto de postulantes. A su formaci\u00f3n se entreg\u00f3 en cuerpo y alma hasta el final, hasta derramar su sangre por sus formandos.<\/p>\n<p style=\"text-align: justify;\">Desde julio de 1936 la Guerra Civil se extendi\u00f3 imparable por toda Espa\u00f1a y Sig\u00fcenza no fue una excepci\u00f3n. Alboreaba el d\u00eda 25 de julio. Los milicianos visitaron por tercera vez Sig\u00fcenza, comenzando a hostigar a todos los representantes de la derecha pol\u00edtica y del clero secular y religioso. Apresaron y llevaron a declarar al Obispo y a alguno de los Misioneros Claretianos.<\/p>\n<p style=\"text-align: justify;\">Al Palacio de Infantes, donde estaba establecido el Postulantado Menor, llegaron noticias de estos des\u00f3rdenes. Al frente del mismo estaba el P. Jos\u00e9 Mar\u00eda Ruiz. Reuni\u00f3 a los postulantes y les explic\u00f3 la situaci\u00f3n. Las circunstancias exig\u00edan la dispersi\u00f3n hacia lugares m\u00e1s seguros. Les dio algunos consejos de c\u00f3mo deb\u00edan comportarse all\u00ed donde fueren: nunca deber\u00edan traicionar al Se\u00f1or ni a la Virgen, nuestra Madre; deber\u00edan estar dispuestos a dar su vida si fuera necesario. \u00c9l mismo ofreci\u00f3 su vida por ellos, ante la Virgen, con estas palabras: \u00abSi quer\u00e9is, Madre, una v\u00edctima, aqu\u00ed me ten\u00e9is; escogedme a m\u00ed; pero no permit\u00e1is que suceda nada a estos inocentes que no han hecho mal a nadie\u00bb.<\/p>\n<p style=\"text-align: justify;\">Los postulantes se dividieron en varios grupos. Los m\u00e1s peque\u00f1os se dirigieron a Guijosa, un pueblecito cerca de Sig\u00fcenza. En la Eucarist\u00eda de la ma\u00f1ana del 26 de julio, el P. Ruiz renov\u00f3 la entrega sacrificial que hab\u00eda hecho en Sig\u00fcenza antes de la dispersi\u00f3n<em>: <\/em>\u00abSi quer\u00e9is una v\u00edctima aqu\u00ed me ten\u00e9is, Se\u00f1or\u00bb.<\/p>\n<p style=\"text-align: justify;\">El d\u00eda 27 de julio, un grupo de milicianos se acerc\u00f3 desde Sig\u00fcenza a Guijosa y llev\u00f3 preso al P. Ruiz, a la vista de los inocentes postulantes.<em> <\/em>Lo cachearon, se burlaron de \u00e9l y el P. Ruiz cay\u00f3 de rodillas exclamando:<em> <\/em>\u00abVirgen del Carmen, yo os ofrezco mi vida por la salvaci\u00f3n de Espa\u00f1a\u00bb<em>. <\/em>El cami\u00f3n arranc\u00f3 camino de Sig\u00fcenza. Al pasar por la falda del monte Otero se detuvo. Hicieron bajar al P. Ruiz y all\u00ed mismo, cerca de la carretera, inmolaron al pastor que ofreci\u00f3 su vida por sus tiernas ovejas.<\/p>\n<p style=\"text-align: justify;\">Los postulantes que hab\u00edan quedado en Guijosa fueron trasladados de nuevo a Sig\u00fcenza por orden de los milicianos. Al pasar cerca del Otero vieron el cuerpo de un hombre <em>que parec\u00eda dormido<\/em>. Pero agudizando su vista y ya m\u00e1s cerca, todos reconocieron el cuerpo del P. Ruiz que hab\u00eda dado la vida por ellos, como Jes\u00fas.<\/p>\n","protected":false},"excerpt":{"rendered":"<p>Naci\u00f3 el P. Jos\u00e9 Mar\u00eda Ruiz en Jerez de los Caballeros, provincia de Badajoz (Espa\u00f1a), el d\u00eda 3 de septiembre de 1906. Hizo su primera profesi\u00f3n en su pueblo natal, el 15 de agosto de 1924. Profes\u00f3 perpetuamente en Zafra el 23 de octubre de 1927. En Zafra (Badajoz) realiz\u00f3 sus estudios sacerdotales y fue [&hellip;]<\/p>\n","protected":false},"author":69,"featured_media":0,"parent":24840,"menu_order":0,"comment_status":"closed","ping_status":"closed","template":"","meta":{"_et_pb_use_builder":"","_et_pb_old_content":"","_et_gb_content_width":"","footnotes":""},"class_list":["post-27858","page","type-page","status-publish","hentry"],"jetpack_sharing_enabled":true,"jetpack_shortlink":"https:\/\/wp.me\/PdaBmi-7fk","jetpack_likes_enabled":true,"_links":{"self":[{"href":"https:\/\/www.claret.org\/es\/wp-json\/wp\/v2\/pages\/27858","targetHints":{"allow":["GET"]}}],"collection":[{"href":"https:\/\/www.claret.org\/es\/wp-json\/wp\/v2\/pages"}],"about":[{"href":"https:\/\/www.claret.org\/es\/wp-json\/wp\/v2\/types\/page"}],"author":[{"embeddable":true,"href":"https:\/\/www.claret.org\/es\/wp-json\/wp\/v2\/users\/69"}],"replies":[{"embeddable":true,"href":"https:\/\/www.claret.org\/es\/wp-json\/wp\/v2\/comments?post=27858"}],"version-history":[{"count":0,"href":"https:\/\/www.claret.org\/es\/wp-json\/wp\/v2\/pages\/27858\/revisions"}],"up":[{"embeddable":true,"href":"https:\/\/www.claret.org\/es\/wp-json\/wp\/v2\/pages\/24840"}],"wp:attachment":[{"href":"https:\/\/www.claret.org\/es\/wp-json\/wp\/v2\/media?parent=27858"}],"curies":[{"name":"wp","href":"https:\/\/api.w.org\/{rel}","templated":true}]}}