{"id":27870,"date":"2018-09-04T17:15:21","date_gmt":"2018-09-04T15:15:21","guid":{"rendered":"https:\/\/www.claret.org\/calendario\/fecha-28-de-julio-siervo-de-dios-e-tomas-cordero-y-companeros-martires\/"},"modified":"2018-09-04T17:15:21","modified_gmt":"2018-09-04T15:15:21","slug":"fecha-28-de-julio-siervo-de-dios-e-tomas-cordero-y-companeros-martires","status":"publish","type":"page","link":"https:\/\/www.claret.org\/es\/efemeride\/fecha-28-de-julio-siervo-de-dios-e-tomas-cordero-y-companeros-martires\/","title":{"rendered":"Fecha: 28 de Julio &#8211; Siervo de Dios E. Tom\u00e1s Cordero y compa\u00f1eros, m\u00e1rtires"},"content":{"rendered":"<p style=\"text-align: justify;\">Durante la Guerra Civil espa\u00f1ola, entre los a\u00f1os 1936-1939, un grupo de Estudiantes misioneros, huyendo de nuestro Teologado de Zafra (Badajoz &#8211; Espa\u00f1a), busc\u00f3 refugio en Ciudad Real, lugar que pareci\u00f3 entonces m\u00e1s seguro. Estando en aquella ciudad y ante el sombr\u00edo cariz que iba tomando la situaci\u00f3n, los superiores de la Provincia de B\u00e9tica entendieron que aquel lugar tampoco ofrec\u00eda las garant\u00edas de protecci\u00f3n y amparo que en un principio parec\u00eda ofrecer. Y as\u00ed, tras recibir unas falsas promesas de seguridad, determinaron trasladar a Madrid al grupo de Estudiantes refugiado all\u00ed.<\/p>\n<p style=\"text-align: justify;\">Seg\u00fan los testigos de los hechos en la estaci\u00f3n ferroviaria de Ciudad Real fueron reconocidos como religiosos, a pesar de su indumentaria seglar. En la primera parada del viaje, unos milicianos los obligaron a bajar del tren entre insultos y amenazas de muerte. Sus amenazas se hicieron realidad. Una vez en tierra, fueron colocados entre las v\u00edas de la estaci\u00f3n de ferrocarril cercana a la poblaci\u00f3n de Fern\u00e1n Caballero. Alineados, entre la segunda y tercera v\u00eda, se efectu\u00f3 la descarga que acab\u00f3 con sus vidas. Entre los gritos de \u00ab\u00a1Viva Cristo Rey, Viva el Coraz\u00f3n de Mar\u00eda!\u00bb fueron martirizados nuestros Estudiantes bajo el fuego de los fusiles. Era el 28 de julio.<\/p>\n<p style=\"text-align: justify;\">Los nombres de los 14 m\u00e1rtires claretianos que en Fern\u00e1n Caballero (Ciudad Real) entregaron la vida por su fe, por su vocaci\u00f3n y por Cristo son \u00e9stos: Tom\u00e1s Cordero, Claudio L\u00f3pez, \u00c1ngel L\u00f3pez, Primitivo Berrocoso, Antonio Lasa, Vicente Robles, Melecio Pardo, Antonio Mar\u00eda Orrego, Otilio del Amo, C\u00e1ndido Catal\u00e1n, \u00c1ngel P\u00e9rez, Abelardo Garc\u00eda, Gabriel Barriopedro y Jes\u00fas An\u00edbal G\u00f3mez, este \u00faltimo de nacionalidad colombiana.<\/p>\n<p style=\"text-align: justify;\">A ellos hay que a\u00f1adir el Hno. Felipe Gonz\u00e1lez, que fue martirizado tambi\u00e9n en Fern\u00e1n Caballero, en la puerta del cementerio, el 2 de octubre de 1936.<\/p>\n","protected":false},"excerpt":{"rendered":"<p>Durante la Guerra Civil espa\u00f1ola, entre los a\u00f1os 1936-1939, un grupo de Estudiantes misioneros, huyendo de nuestro Teologado de Zafra (Badajoz &#8211; Espa\u00f1a), busc\u00f3 refugio en Ciudad Real, lugar que pareci\u00f3 entonces m\u00e1s seguro. Estando en aquella ciudad y ante el sombr\u00edo cariz que iba tomando la situaci\u00f3n, los superiores de la Provincia de B\u00e9tica [&hellip;]<\/p>\n","protected":false},"author":69,"featured_media":0,"parent":24840,"menu_order":0,"comment_status":"closed","ping_status":"closed","template":"","meta":{"_et_pb_use_builder":"","_et_pb_old_content":"","_et_gb_content_width":"","footnotes":""},"class_list":["post-27870","page","type-page","status-publish","hentry"],"jetpack_sharing_enabled":true,"jetpack_shortlink":"https:\/\/wp.me\/PdaBmi-7fw","jetpack_likes_enabled":true,"_links":{"self":[{"href":"https:\/\/www.claret.org\/es\/wp-json\/wp\/v2\/pages\/27870","targetHints":{"allow":["GET"]}}],"collection":[{"href":"https:\/\/www.claret.org\/es\/wp-json\/wp\/v2\/pages"}],"about":[{"href":"https:\/\/www.claret.org\/es\/wp-json\/wp\/v2\/types\/page"}],"author":[{"embeddable":true,"href":"https:\/\/www.claret.org\/es\/wp-json\/wp\/v2\/users\/69"}],"replies":[{"embeddable":true,"href":"https:\/\/www.claret.org\/es\/wp-json\/wp\/v2\/comments?post=27870"}],"version-history":[{"count":0,"href":"https:\/\/www.claret.org\/es\/wp-json\/wp\/v2\/pages\/27870\/revisions"}],"up":[{"embeddable":true,"href":"https:\/\/www.claret.org\/es\/wp-json\/wp\/v2\/pages\/24840"}],"wp:attachment":[{"href":"https:\/\/www.claret.org\/es\/wp-json\/wp\/v2\/media?parent=27870"}],"curies":[{"name":"wp","href":"https:\/\/api.w.org\/{rel}","templated":true}]}}