{"id":27881,"date":"2018-09-04T17:24:08","date_gmt":"2018-09-04T15:24:08","guid":{"rendered":"https:\/\/www.claret.org\/calendario\/fecha-29-de-julio-siervos-de-dios-p-candido-casals-y-companeros-martires\/"},"modified":"2018-09-04T17:24:08","modified_gmt":"2018-09-04T15:24:08","slug":"fecha-29-de-julio-siervos-de-dios-p-candido-casals-y-companeros-martires","status":"publish","type":"page","link":"https:\/\/www.claret.org\/es\/efemeride\/fecha-29-de-julio-siervos-de-dios-p-candido-casals-y-companeros-martires\/","title":{"rendered":"Fecha: 29 de Julio &#8211; Siervos de Dios P. C\u00e1ndido Casals y compa\u00f1eros, m\u00e1rtires"},"content":{"rendered":"<p style=\"text-align: justify;\">Este grupo perteneci\u00f3 a las dos comunidades que hab\u00eda entonces en Barcelona (Espa\u00f1a): la casa de Gracia, sede del gobierno provincial de Catalu\u00f1a, y la residencia de la calle Ripoll. Los misioneros fueron martirizados en distintos d\u00edas, lugares y circunstancias. La comunidad de Gracia contaba en aquel entonces con 56 religiosos, no pocos de ellos ancianos o enfermos. A la comunidad de la calle Ripoll pertenec\u00edan 9 religiosos. En aquel verano de 1936 sobrevino de manera vertiginosa la sublevaci\u00f3n militar que desencadenar\u00eda la Guerra Civil espa\u00f1ola. Como consecuencia de aquellos acontecimientos, los misioneros se dispersaron y buscaron refugio, de manera precipitada, donde pudieron. El asalto a la comunidad de Gracia fue un tanto espectacular. Fue el domingo 19 de julio. Un primer tiroteo sirvi\u00f3 de alerta y los misioneros, en su gran mayor\u00eda, pudieron escapar. S\u00f3lo permanecieron all\u00ed los enfermos y quienes los atend\u00edan. Tanto la casa como la iglesia fueron tiroteadas e incendiadas.<\/p>\n<p style=\"text-align: justify;\">1.      <em>P. C\u00e1ndido Casals<\/em> (+ 29\u2013VII\u20131936). En 1936 era el superior de la comunidad de Barcelona &#8211; Gracia. Fue un hombre se\u00f1alado por sus grandes cualidades como orador sagrado y dotado de una gran bondad. Apresado, fue brutalmente torturado antes de morir como m\u00e1rtir el d\u00eda 29 de julio.<\/p>\n<p style=\"text-align: justify;\">2.      <em>Hno. Juan Capdevila i Costa<\/em> (+ 25\u2013VII\u20131936). Fue el primer m\u00e1rtir de la comunidad de Barcelona &#8211; Gracia. Su muerte acaeci\u00f3 el d\u00eda 25 de julio de 1936, a la semana de comenzada la Guerra Civil espa\u00f1ola.<\/p>\n<p style=\"text-align: justify;\">3.      <em>P. Gumersindo Valtierra<\/em> (+ 26\u2013VII\u20131936). Ejerc\u00eda de superior de la residencia de Barcelona- Ripoll. Tras ser detenido en plena calle, consum\u00f3 su martirio el 26 de julio.<\/p>\n<p style=\"text-align: justify;\">4.      <em>E. Adolfo Esteban<\/em> (+ 31\u2013VII\u20131936). El joven misionero se refugi\u00f3 con otro Estudiante claretiano, Josep Oliva, en casa de este \u00faltimo. Los Estudiantes resid\u00edan en la comunidad de Barcelona &#8211; Gracia. Delatados, fue detenido el se\u00f1or Esteban. Tras ser ejecutado, su cuerpo apareci\u00f3 abandonado detr\u00e1s del Hospital de San Pablo de Barcelona.<\/p>\n<p style=\"text-align: justify;\">5.      <em>P. Antonio Junyent<\/em> (+ 19\u2013VII\u20131936). Pertenec\u00eda a la comunidad de Barcelona &#8211; Gracia. Descubierto como religioso, fue detenido y posteriormente pasado por las armas. Su cuerpo apareci\u00f3 en el Registro del Cl\u00ednico de Barcelona.<\/p>\n<p style=\"text-align: justify;\">6.      <em>P. Jacinto Blanch Ferrer<\/em> (+ 21\u2013VII\u20131936). Era miembro de la comunidad de Barcelona &#8211; Ripoll. Estando en casa de su entra\u00f1able amigo el se\u00f1or Bofill, un pelot\u00f3n de milicianos registr\u00f3 la casa y lo detuvieron. Fue la misma familia Bofill quien encontr\u00f3 su cad\u00e1ver en Pedralbes y lo enterr\u00f3 con honores de m\u00e1rtir.<\/p>\n<p style=\"text-align: justify;\">7.      <em>P. Tom\u00e1s Planas<\/em> (+ 27\u2013 VIII\u20131936). Nacido en Barcelona, a sus 30 a\u00f1os era toda una esperanza para la Congregaci\u00f3n y para la Iglesia por sus dotes, formaci\u00f3n y proyecci\u00f3n apost\u00f3lica. Pertenec\u00eda a la comunidad de Barcelona &#8211; Gracia. Tras ser detenido fue interrogado y sentenciado a muerte el d\u00eda 26 de agosto de 1936. Al d\u00eda siguiente fue fusilado en las cercan\u00edas de la ciudad catalana de Sabadell.<\/p>\n<p style=\"text-align: justify;\">8.      <em>P. Cirilo Montaner<\/em> (+ 28\u2013IX\u20131936). Era de la comunidad de Barcelona &#8211; Gracia. Tras algunas peripecias para encontrar refugio, fue acogido en casa de los Dom\u00e9nech. Detenido con el cabeza de familia el 25 de noviembre, fueron conducidos a prisi\u00f3n, de donde salieron para morir el d\u00eda 28 de aquel mes.<\/p>\n","protected":false},"excerpt":{"rendered":"<p>Este grupo perteneci\u00f3 a las dos comunidades que hab\u00eda entonces en Barcelona (Espa\u00f1a): la casa de Gracia, sede del gobierno provincial de Catalu\u00f1a, y la residencia de la calle Ripoll. Los misioneros fueron martirizados en distintos d\u00edas, lugares y circunstancias. La comunidad de Gracia contaba en aquel entonces con 56 religiosos, no pocos de ellos [&hellip;]<\/p>\n","protected":false},"author":69,"featured_media":0,"parent":24840,"menu_order":0,"comment_status":"closed","ping_status":"closed","template":"","meta":{"_et_pb_use_builder":"","_et_pb_old_content":"","_et_gb_content_width":"","footnotes":""},"class_list":["post-27881","page","type-page","status-publish","hentry"],"jetpack_sharing_enabled":true,"jetpack_shortlink":"https:\/\/wp.me\/PdaBmi-7fH","jetpack_likes_enabled":true,"_links":{"self":[{"href":"https:\/\/www.claret.org\/es\/wp-json\/wp\/v2\/pages\/27881","targetHints":{"allow":["GET"]}}],"collection":[{"href":"https:\/\/www.claret.org\/es\/wp-json\/wp\/v2\/pages"}],"about":[{"href":"https:\/\/www.claret.org\/es\/wp-json\/wp\/v2\/types\/page"}],"author":[{"embeddable":true,"href":"https:\/\/www.claret.org\/es\/wp-json\/wp\/v2\/users\/69"}],"replies":[{"embeddable":true,"href":"https:\/\/www.claret.org\/es\/wp-json\/wp\/v2\/comments?post=27881"}],"version-history":[{"count":0,"href":"https:\/\/www.claret.org\/es\/wp-json\/wp\/v2\/pages\/27881\/revisions"}],"up":[{"embeddable":true,"href":"https:\/\/www.claret.org\/es\/wp-json\/wp\/v2\/pages\/24840"}],"wp:attachment":[{"href":"https:\/\/www.claret.org\/es\/wp-json\/wp\/v2\/media?parent=27881"}],"curies":[{"name":"wp","href":"https:\/\/api.w.org\/{rel}","templated":true}]}}