{"id":27901,"date":"2018-09-04T17:32:40","date_gmt":"2018-09-04T15:32:40","guid":{"rendered":"https:\/\/www.claret.org\/calendario\/fecha-31-de-julio-san-ignacio-de-loyola-compatrono\/"},"modified":"2018-09-04T17:32:40","modified_gmt":"2018-09-04T15:32:40","slug":"fecha-31-de-julio-san-ignacio-de-loyola-compatrono","status":"publish","type":"page","link":"https:\/\/www.claret.org\/es\/efemeride\/fecha-31-de-julio-san-ignacio-de-loyola-compatrono\/","title":{"rendered":"Fecha: 31 de Julio &#8211; San Ignacio de Loyola, compatrono"},"content":{"rendered":"<p style=\"text-align: justify;\">San Ignacio \u2014\u00cd\u00f1igo L\u00f3pez de Loyola\u2014 naci\u00f3 en Azpeitia (Guip\u00fazcoa &#8211; Espa\u00f1a) hacia el a\u00f1o 1491. Destinado a la vida militar, fue herido en una pierna. Durante la convalecencia ley\u00f3 la <em>Vida<\/em><em> de Cristo<\/em> y la <em>Leyenda<\/em><em> \u00c1urea<\/em> (vidas de santos). Al leer esos antiguos libros se dijo a s\u00ed mismo: \u00abSi esos hombres estaban hechos del mismo barro que yo, bien yo puedo hacer lo que ellos hicieron\u00bb.<\/p>\n<p style=\"text-align: justify;\" align=\"center\"><img data-recalc-dims=\"1\" loading=\"lazy\" decoding=\"async\" class=\"alignleft\" title=\"\" src=\"https:\/\/i0.wp.com\/www2.claret.org\/sites\/default\/files\/imagenes\/espiritualidad\/calendario\/ignacioloya.jpg?resize=234%2C331\" alt=\"\" width=\"234\" height=\"331\"><\/p>\n<p style=\"text-align: justify;\">Al iniciar su conversi\u00f3n, decidi\u00f3 peregrinar a Tierra Santa en febrero de 1522 desde Loyola, pasando por Barcelona. Debido a una peste, se tuvo que detener en la ciudad de Manresa. All\u00ed <em>recibi\u00f3 una gran iluminaci\u00f3n<\/em> y decidi\u00f3 fundar una Compa\u00f1\u00eda de consagrados. En una cueva comenz\u00f3 a escribir lo que dio origen al libro de los Ejercicios Espirituales. En febrero de 1523, reanud\u00f3 su peregrinaci\u00f3n a Tierra Santa; pero no pudiendo permanecer all\u00ed, regres\u00f3, sin saber qu\u00e9 rumbo tomar, y se dedic\u00f3 al estudio.<\/p>\n<p style=\"text-align: justify;\">En 1534, Ignacio y sus primeros compa\u00f1eros emitieron los votos en Par\u00eds y marcharon a Roma para presentarse ante el Papa Paulo III. En 1537, Ignacio recibi\u00f3 la ordenaci\u00f3n sacerdotal en Venecia. El Instituto fue aprobado por el Papa Paulo III el 27 de septiembre de 1540 y el 22 de abril de 1541 Ignacio y sus seis compa\u00f1eros hicieron la profesi\u00f3n en la Bas\u00edlica de San Pablo.<\/p>\n<p style=\"text-align: justify;\">Ignacio pas\u00f3 el resto de su vida dedicado a gobernar su Orden y a predicar el Evangelio, hasta que, el 31 julio de 1556, falleci\u00f3 en Roma. Fue canonizado por Gregorio XV el 12 de marzo de 1622 y P\u00edo XI le proclam\u00f3 patrono de los ejercicios espirituales y retiros.<\/p>\n<p style=\"text-align: justify;\">San Ignacio fue un referente importante en la vida y en la espiritualidad de san Antonio Mar\u00eda Claret. Nuestro Fundador, que fue novicio jesuita, admir\u00f3 en san Ignacio su gran amor a Jesucristo y su ardiente celo apost\u00f3lico. A ambos santos la visi\u00f3n de la Virgen \u00ables procur\u00f3 la victoria definitiva en la castidad y en ambos provoc\u00f3 la decisi\u00f3n de consagrarse plenamente al servicio de Cristo\u00bb.<\/p>\n","protected":false},"excerpt":{"rendered":"<p>San Ignacio \u2014\u00cd\u00f1igo L\u00f3pez de Loyola\u2014 naci\u00f3 en Azpeitia (Guip\u00fazcoa &#8211; Espa\u00f1a) hacia el a\u00f1o 1491. Destinado a la vida militar, fue herido en una pierna. Durante la convalecencia ley\u00f3 la Vida de Cristo y la Leyenda \u00c1urea (vidas de santos). Al leer esos antiguos libros se dijo a s\u00ed mismo: \u00abSi esos hombres estaban [&hellip;]<\/p>\n","protected":false},"author":69,"featured_media":27898,"parent":24840,"menu_order":0,"comment_status":"closed","ping_status":"closed","template":"","meta":{"_et_pb_use_builder":"","_et_pb_old_content":"","_et_gb_content_width":"","footnotes":""},"class_list":["post-27901","page","type-page","status-publish","has-post-thumbnail","hentry"],"jetpack_sharing_enabled":true,"jetpack_shortlink":"https:\/\/wp.me\/PdaBmi-7g1","jetpack_likes_enabled":true,"_links":{"self":[{"href":"https:\/\/www.claret.org\/es\/wp-json\/wp\/v2\/pages\/27901","targetHints":{"allow":["GET"]}}],"collection":[{"href":"https:\/\/www.claret.org\/es\/wp-json\/wp\/v2\/pages"}],"about":[{"href":"https:\/\/www.claret.org\/es\/wp-json\/wp\/v2\/types\/page"}],"author":[{"embeddable":true,"href":"https:\/\/www.claret.org\/es\/wp-json\/wp\/v2\/users\/69"}],"replies":[{"embeddable":true,"href":"https:\/\/www.claret.org\/es\/wp-json\/wp\/v2\/comments?post=27901"}],"version-history":[{"count":0,"href":"https:\/\/www.claret.org\/es\/wp-json\/wp\/v2\/pages\/27901\/revisions"}],"up":[{"embeddable":true,"href":"https:\/\/www.claret.org\/es\/wp-json\/wp\/v2\/pages\/24840"}],"wp:featuredmedia":[{"embeddable":true,"href":"https:\/\/www.claret.org\/es\/wp-json\/wp\/v2\/media\/27898"}],"wp:attachment":[{"href":"https:\/\/www.claret.org\/es\/wp-json\/wp\/v2\/media?parent=27901"}],"curies":[{"name":"wp","href":"https:\/\/api.w.org\/{rel}","templated":true}]}}