{"id":28040,"date":"2018-09-05T07:14:10","date_gmt":"2018-09-05T05:14:10","guid":{"rendered":"https:\/\/www.claret.org\/calendario\/fecha-1-de-agosto-san-alfonso-maria-de-ligorio-compatrono\/"},"modified":"2019-11-20T12:22:47","modified_gmt":"2019-11-20T11:22:47","slug":"fecha-1-de-agosto-san-alfonso-maria-de-ligorio-compatrono","status":"publish","type":"page","link":"https:\/\/www.claret.org\/es\/efemeride\/fecha-1-de-agosto-san-alfonso-maria-de-ligorio-compatrono\/","title":{"rendered":"Fecha: 1 de Agosto &#8211; San Alfonso Mar\u00eda de Ligorio, compatrono"},"content":{"rendered":"<p style=\"text-align: justify;\">San Alfonso Mar\u00eda de Ligorio naci\u00f3 en Marianella (N\u00e1poles &#8211; Italia) el 27 de septiembre de 1696. Fue el primog\u00e9nito de una familia numerosa de la nobleza napolitana. Tuvo una formaci\u00f3n muy esmerada. Era a\u00fan muy joven cuando alcanz\u00f3 el doctorado en ambos derechos y ejerci\u00f3 como abogado y juez.<\/p>\n<p style=\"text-align: justify;\"><img data-recalc-dims=\"1\" loading=\"lazy\" decoding=\"async\" class=\"alignleft\" title=\"\" src=\"https:\/\/i0.wp.com\/www2.claret.org\/sites\/default\/files\/imagenes\/espiritualidad\/calendario\/37-alfonso_de_ligorio.jpg?resize=249%2C336\" alt=\"\" width=\"249\" height=\"336\"><\/p>\n<p style=\"text-align: justify;\">Siendo ya un reputado abogado, perdi\u00f3 judicialmente una causa muy importante por intereses pol\u00edticos, lo que le provoc\u00f3 una fuerte crisis. Tras un largo proceso de b\u00fasqueda espiritual, renunci\u00f3 a su profesi\u00f3n de abogado e inici\u00f3 los estudios eclesi\u00e1sticos, a pesar de la fuerte oposici\u00f3n de su padre. El 21 de diciembre de 1726, a los 30 a\u00f1os, recibi\u00f3 el presbiterado.<\/p>\n<p style=\"text-align: justify;\">Estren\u00f3 su sacerdocio en los suburbios de N\u00e1poles, especialmente entre los muchachos de la calle. Para ellos instituy\u00f3 las llamadas <em>capillas del atardecer<\/em>, una experiencia de reeducaci\u00f3n social y religiosa, que consist\u00eda en unas reuniones en la calle, al aire libre, dirigidas por los mismos j\u00f3venes marginados para escuchar, acoger y ofrecer la Buena Noticia. A su muerte exist\u00edan 72 capillas con m\u00e1s de 10.000 participantes.<\/p>\n<p style=\"text-align: justify;\">En Scala, cerca de Amalfi (Italia), tuvo una intuici\u00f3n que ser\u00e1 decisiva para su futuro: dedicarse con otros compa\u00f1eros a la salvaci\u00f3n de los m\u00e1s abandonados, a la evangelizaci\u00f3n de la gente sencilla y pobre, especialmente la de las zonas rurales. El 9 de noviembre de 1732 fund\u00f3 la <em>Congregaci\u00f3n<\/em><em> del Sant\u00edsimo Redentor.<\/em><\/p>\n<p style=\"text-align: justify;\">Fue consagrado obispo de Santa \u00c1gueda de los Godos en 1762, a pesar de sus reiteradas negativas. Puede considerarse un gran obispo misionero. El a\u00f1o 1775 obtuvo la renuncia a su di\u00f3cesis y se retir\u00f3 a la comunidad redentorista de Pagani, donde falleci\u00f3 el 1 de agosto de 1787. Fue canonizado el a\u00f1o 1831, proclamado Doctor de la Iglesia en 1871 y Patrono de los Confesores y Moralistas el a\u00f1o 1950. Escribi\u00f3 111 obras de espiritualidad y de teolog\u00eda.<\/p>\n<p style=\"text-align: justify;\">Son muchas las semejanzas entre Alfonso Mar\u00eda de Ligorio y Antonio Mar\u00eda Claret: espiritualidad, inquietud misionera, escritos para la gente sencilla, por citar algunas. Ligorio es uno de los autores que Claret consider\u00f3 como predicables. \u00c9l mismo confes\u00f3 que hab\u00eda le\u00eddo sus obras con sumo inter\u00e9s (cf. Aut 300) y las recomend\u00f3 a otros.<\/p>\n","protected":false},"excerpt":{"rendered":"<p>San Alfonso Mar\u00eda de Ligorio naci\u00f3 en Marianella (N\u00e1poles &#8211; Italia) el 27 de septiembre de 1696. Fue el primog\u00e9nito de una familia numerosa de la nobleza napolitana. Tuvo una formaci\u00f3n muy esmerada. Era a\u00fan muy joven cuando alcanz\u00f3 el doctorado en ambos derechos y ejerci\u00f3 como abogado y juez. Siendo ya un reputado abogado, [&hellip;]<\/p>\n","protected":false},"author":69,"featured_media":28048,"parent":24840,"menu_order":0,"comment_status":"closed","ping_status":"closed","template":"","meta":{"_et_pb_use_builder":"","_et_pb_old_content":"","_et_gb_content_width":"","footnotes":""},"class_list":["post-28040","page","type-page","status-publish","has-post-thumbnail","hentry"],"jetpack_sharing_enabled":true,"jetpack_shortlink":"https:\/\/wp.me\/PdaBmi-7ig","jetpack_likes_enabled":true,"_links":{"self":[{"href":"https:\/\/www.claret.org\/es\/wp-json\/wp\/v2\/pages\/28040","targetHints":{"allow":["GET"]}}],"collection":[{"href":"https:\/\/www.claret.org\/es\/wp-json\/wp\/v2\/pages"}],"about":[{"href":"https:\/\/www.claret.org\/es\/wp-json\/wp\/v2\/types\/page"}],"author":[{"embeddable":true,"href":"https:\/\/www.claret.org\/es\/wp-json\/wp\/v2\/users\/69"}],"replies":[{"embeddable":true,"href":"https:\/\/www.claret.org\/es\/wp-json\/wp\/v2\/comments?post=28040"}],"version-history":[{"count":0,"href":"https:\/\/www.claret.org\/es\/wp-json\/wp\/v2\/pages\/28040\/revisions"}],"up":[{"embeddable":true,"href":"https:\/\/www.claret.org\/es\/wp-json\/wp\/v2\/pages\/24840"}],"wp:featuredmedia":[{"embeddable":true,"href":"https:\/\/www.claret.org\/es\/wp-json\/wp\/v2\/media\/28048"}],"wp:attachment":[{"href":"https:\/\/www.claret.org\/es\/wp-json\/wp\/v2\/media?parent=28040"}],"curies":[{"name":"wp","href":"https:\/\/api.w.org\/{rel}","templated":true}]}}