{"id":28062,"date":"2018-09-05T07:35:03","date_gmt":"2018-09-05T05:35:03","guid":{"rendered":"https:\/\/www.claret.org\/calendario\/fecha-13-de-agosto-beatos-martires-claretianos-de-barbastro\/"},"modified":"2018-09-05T07:35:03","modified_gmt":"2018-09-05T05:35:03","slug":"fecha-13-de-agosto-beatos-martires-claretianos-de-barbastro","status":"publish","type":"page","link":"https:\/\/www.claret.org\/es\/efemeride\/fecha-13-de-agosto-beatos-martires-claretianos-de-barbastro\/","title":{"rendered":"Fecha: 13 de Agosto &#8211; Beatos M\u00e1rtires Claretianos de Barbastro"},"content":{"rendered":"<p style=\"text-align: justify;\">El martirio de los 51 Misioneros Hijos del Inmaculado Coraz\u00f3n de Mar\u00eda de Barbastro aconteci\u00f3 durante los d\u00edas 2, 12, 13, 15 y 18 del mes de agosto de 1936. La comunidad claretiana de Barbastro (Huesca-Espa\u00f1a) estaba formada por 60 misioneros: 9 Padres, 12 Hermanos y 39 Estudiantes a punto de recibir la ordenaci\u00f3n.<\/p>\n<p style=\"text-align: justify;\"><img data-recalc-dims=\"1\" loading=\"lazy\" decoding=\"async\" class=\"alignleft\" title=\"\" src=\"https:\/\/i0.wp.com\/www2.claret.org\/sites\/default\/files\/imagenes\/espiritualidad\/calendario\/39-b-martires_de_barbastro.jpg?resize=275%2C344\" alt=\"\" width=\"275\" height=\"344\"><\/p>\n<p style=\"text-align: justify;\">El lunes 20 de julio de 1936 la casa fue asaltada y registrada, infructuosamente, en busca de armas. Fueron arrestados todos sus miembros. El superior, P. Felipe de Jes\u00fas Mun\u00e1rriz, el formador de los Estudiantes, P. Juan D\u00edaz, y el administrador, P. Leoncio P\u00e9rez, fueron llevados directamente a la c\u00e1rcel municipal. Los ancianos y enfermos fueron trasladados al Asilo o al Hospital. Los dem\u00e1s fueron conducidos al colegio de los Escolapios, en cuyo sal\u00f3n de actos quedaron encerrados hasta el d\u00eda de su ejecuci\u00f3n.<\/p>\n<p style=\"text-align: justify;\">A lo largo de su breve estancia en la c\u00e1rcel, los tres responsables de la comunidad claretiana fueron verdaderamente ejemplares. Sin ninguna clase de juicio, simplemente por su condici\u00f3n religiosa, fueron fusilados a la entrada del cementerio al alba del d\u00eda 2 de agosto.<\/p>\n<p style=\"text-align: justify;\">Los que permanecieron encarcelados en el sal\u00f3n de los Escolapios, desde el primer momento se prepararon para morir. Durante los primeros d\u00edas de cautiverio pudieron recibir la comuni\u00f3n clandestinamente. La Eucarist\u00eda fue, en aquellos tr\u00e1gicos momentos, el centro de su vida y el origen de su fortaleza. Con la oraci\u00f3n, el rezo del Oficio y del rosario fueron prepar\u00e1ndose interiormente para la muerte. Hubieron de soportar muchas incomodidades f\u00edsicas y morales. Fueron atormentados con simulacros de fusilamiento. Les introdujeron prostitutas en el sal\u00f3n para provocarles. Varios recibieron distintas ofertas de liberaci\u00f3n. Pero ni uno solo claudic\u00f3.<\/p>\n<p style=\"text-align: justify;\">El reconocimiento de su heroicidad ante el martirio fue reconocido por todos desde el primer momento. Herederos del esp\u00edritu apost\u00f3lico de san Antonio Mar\u00eda Claret, se mantuvieron atentos a los desaf\u00edos misioneros de ese su tiempo: antes de ser encarcelados se hab\u00edan mostrado sensibles a los m\u00e1s desfavorecidos de su \u00e9poca, los obreros, y se estaban preparando con ilusi\u00f3n y mirada universal para un ya pr\u00f3ximo ministerio. Fueron beatificados por el Papa Juan Pablo II el 25 de octubre de 1992.<\/p>\n<p style=\"text-align: justify;\">\n<h4 style=\"text-align: justify;\" align=\"center\"><span style=\"color: #ff0000;\">Carta de despedida a la Congregaci\u00f3n<\/span><\/h4>\n<h4 style=\"text-align: justify;\">\u00abAnteayer, d\u00eda 11, murieron, con la generosidad con que mueren los m\u00e1rtires, 6 de nuestros hermanos; hoy, 13, han alcanzado la palma de la victoria 20, y ma\u00f1ana, 14, esperamos morir los 21 restantes. \u00a1Gloria a Dios! \u00a1Y qu\u00e9 nobles y heroicos se est\u00e1n portando tus hijos, Congregaci\u00f3n querida!<\/h4>\n<h4 style=\"text-align: justify;\">Pasamos el d\u00eda anim\u00e1ndonos para el martirio y rezando por nuestros enemigos y por nuestro querido Instituto; cuando llega el momento de designar las v\u00edctimas hay en todos serenidad santa y ansia de o\u00edr el nombre para adelantar y ponernos en las filas de los elegidos; esperamos el momento con generosa impaciencia y, cuando ha llegado, hemos visto a unos besar los cordeles con que los ataban, y a otros dirigir palabras de perd\u00f3n a la turba armada; cuando van en el cami\u00f3n hacia el cementerios, los o\u00edmos gritar \u00a1Viva Cristo Rey! Responde el populacho, rabioso, \u00a1Muera! \u00a1Muera!, pero nada los intimida. \u00a1Son tus hijos, Congregaci\u00f3n querida, \u00e9stos que entre pistolas y fusiles se atreven a gritar serenos cuando van hacia el cementerio \u00a1Viva Cristo Rey! Ma\u00f1ana iremos los restantes y ya tenemos la consigna de aclamar, aunque suenen los disparos, al Coraz\u00f3n de nuestra Madre, a Cristo Rey, a la Iglesia Cat\u00f3lica y a ti, madre com\u00fan de todos nosotros. Me dicen mis compa\u00f1eros que inicie yo los \u00a1vivas! y que ellos ya responder\u00e1n. Yo gritar\u00e9 con toda la fuerza de mis pulmones, y en nuestros clamores entusiastas adivina t\u00fa, Congregaci\u00f3n querida, el amor que te tenemos, pues te llevamos en nuestros recuerdos hasta estas regiones de dolor y de muerte.<\/h4>\n<h4 style=\"text-align: justify;\">Morimos todos contentos, sin que nadie sienta desmayos ni pesares; morimos todos rogando a Dios que la sangre que caiga de nuestras heridas no sea sangre vengadora, sino sangre que entrando roja y viva por tus venas, estimule tu desarrollo y expansi\u00f3n por todo el mundo. \u00a1Adi\u00f3s, querida Congregaci\u00f3n! Tus hijos, M\u00e1rtires de Barbastro, te saludan desde la prisi\u00f3n y te ofrecen sus dolorosas angustias en holocausto expiatorio por nuestras deficiencias y en testimonio de nuestro amor fiel, generoso y perpetuo. Los M\u00e1rtires de ma\u00f1ana, 14, recuerdan que mueren en v\u00edsperas de la Asunci\u00f3n; y \u00a1qu\u00e9 recuerdo \u00e9ste! Morimos por llevar la sotana y morimosprecisamente en el mismo d\u00eda en que nos la impusieron.<\/h4>\n<h4 style=\"text-align: justify;\">Los M\u00e1rtires de Barbastro, y, en nombre de todos, el \u00faltimo y m\u00e1s indigno, Faustino P\u00e9rez, C.M.F.<\/h4>\n<h4 style=\"text-align: justify;\">\u00a1Viva Cristo Rey! \u00a1Viva el Coraz\u00f3n de Mar\u00eda! \u00a1Viva la Congregaci\u00f3n! Adi\u00f3s, querido Instituto. Vamos al cielo a rogar por ti. \u00a1Adi\u00f3s, adi\u00f3s!\u00bb<\/h4>\n","protected":false},"excerpt":{"rendered":"<p>El martirio de los 51 Misioneros Hijos del Inmaculado Coraz\u00f3n de Mar\u00eda de Barbastro aconteci\u00f3 durante los d\u00edas 2, 12, 13, 15 y 18 del mes de agosto de 1936. La comunidad claretiana de Barbastro (Huesca-Espa\u00f1a) estaba formada por 60 misioneros: 9 Padres, 12 Hermanos y 39 Estudiantes a punto de recibir la ordenaci\u00f3n. El [&hellip;]<\/p>\n","protected":false},"author":69,"featured_media":28059,"parent":24840,"menu_order":0,"comment_status":"closed","ping_status":"closed","template":"","meta":{"_et_pb_use_builder":"","_et_pb_old_content":"","_et_gb_content_width":"","footnotes":""},"class_list":["post-28062","page","type-page","status-publish","has-post-thumbnail","hentry"],"jetpack_sharing_enabled":true,"jetpack_shortlink":"https:\/\/wp.me\/PdaBmi-7iC","jetpack_likes_enabled":true,"_links":{"self":[{"href":"https:\/\/www.claret.org\/es\/wp-json\/wp\/v2\/pages\/28062","targetHints":{"allow":["GET"]}}],"collection":[{"href":"https:\/\/www.claret.org\/es\/wp-json\/wp\/v2\/pages"}],"about":[{"href":"https:\/\/www.claret.org\/es\/wp-json\/wp\/v2\/types\/page"}],"author":[{"embeddable":true,"href":"https:\/\/www.claret.org\/es\/wp-json\/wp\/v2\/users\/69"}],"replies":[{"embeddable":true,"href":"https:\/\/www.claret.org\/es\/wp-json\/wp\/v2\/comments?post=28062"}],"version-history":[{"count":0,"href":"https:\/\/www.claret.org\/es\/wp-json\/wp\/v2\/pages\/28062\/revisions"}],"up":[{"embeddable":true,"href":"https:\/\/www.claret.org\/es\/wp-json\/wp\/v2\/pages\/24840"}],"wp:featuredmedia":[{"embeddable":true,"href":"https:\/\/www.claret.org\/es\/wp-json\/wp\/v2\/media\/28059"}],"wp:attachment":[{"href":"https:\/\/www.claret.org\/es\/wp-json\/wp\/v2\/media?parent=28062"}],"curies":[{"name":"wp","href":"https:\/\/api.w.org\/{rel}","templated":true}]}}