{"id":28080,"date":"2018-09-05T07:50:17","date_gmt":"2018-09-05T05:50:17","guid":{"rendered":"https:\/\/www.claret.org\/calendario\/fecha-14-de-agosto-siervo-de-dios-hermano-fernando-saperas-martir-de-la-castidad\/"},"modified":"2019-11-20T12:24:17","modified_gmt":"2019-11-20T11:24:17","slug":"fecha-14-de-agosto-siervo-de-dios-hermano-fernando-saperas-martir-de-la-castidad","status":"publish","type":"page","link":"https:\/\/www.claret.org\/es\/efemeride\/fecha-14-de-agosto-siervo-de-dios-hermano-fernando-saperas-martir-de-la-castidad\/","title":{"rendered":"Fecha: 14 de Agosto &#8211; Beato Hermano Fernando Saperas, m\u00e1rtir de la castidad"},"content":{"rendered":"<p style=\"text-align: justify;\">Fernando Saperas Aluja naci\u00f3 en Ali\u00f3 (Tarragona) el 8 de septiembre de 1905. Cuando ten\u00eda siete a\u00f1os, muri\u00f3 su padre don Jos\u00e9 Saperas y la familia se qued\u00f3 sin los ingresos de alba\u00f1il con que la manten\u00eda. Al cumplir los 15 a\u00f1os, Fernando march\u00f3 a Valls (Tarragona) y Barcelona para trabajar de camarero de hotel y de dependiente de un comercio.<\/p>\n<p style=\"text-align: justify;\"><img data-recalc-dims=\"1\" loading=\"lazy\" decoding=\"async\" class=\"alignleft\" title=\"\" src=\"https:\/\/i0.wp.com\/www2.claret.org\/sites\/default\/files\/imagenes\/espiritualidad\/calendario\/40-hsaperasb.jpg?resize=250%2C310\" alt=\"\" width=\"250\" height=\"310\"><\/p>\n<p style=\"text-align: justify;\">Hizo el servicio militar en Barcelona, cerca del Santuario del Coraz\u00f3n de Mar\u00eda, regido por los Misioneros Claretianos. Siempre que se lo permit\u00edan las obligaciones militares, Fernando asist\u00eda a dicho Santuario. Por aquel entonces comenz\u00f3 a sentir el deseo de ingresar en una comunidad religiosa, si no para estudiar, porque su edad ya no lo permit\u00eda, al menos para servir en ella como criado. Fue aceptado en la Congregaci\u00f3n, no como criado, sino como Hermano misionero. Su ingreso se produjo a finales de 1928.<\/p>\n<p style=\"text-align: justify;\">Una vez realizados los a\u00f1os de formaci\u00f3n, fue destinado a Cervera, a la comunidad de la Universidad. Cada d\u00eda se acrecentaba en \u00e9l la piedad<em> <\/em>con que hab\u00eda sido agraciado desde ni\u00f1o. Adem\u00e1s de asistir a los actos de oraci\u00f3n de la comunidad, de participar en la misa y comulgar, hac\u00eda frecuentes visitas al Sant\u00edsimo, realizaba el ejercicio del Viacrucis y rezaba las tres partes del rosario. Junto a la piedad se desarroll\u00f3 en el Hno. Saperas <em>el amor a la vocaci\u00f3n y al Instituto<\/em>. \u00abNunca \u2013sol\u00eda decir\u2013 podremos dar las debidas gracias a Dios por el beneficio de la vocaci\u00f3n\u00bb. Sin embargo, la nota m\u00e1s caracter\u00edstica de su espiritualidad fue su buena disposici\u00f3n para el trabajo y el celo misionero con que lo desempe\u00f1\u00f3. Cumpl\u00eda sus cargos con diligencia, limpieza, orden y con una impronta evangelizadora.<\/p>\n<p style=\"text-align: justify;\">Estaba encargado de la porter\u00eda cuando el 21 de julio de 1936 los 117 claretianos de Cervera tuvieron que dispersarse precipitadamente. El Hno. Fernando se dirigi\u00f3 a la comunidad de Solsona con el grupo m\u00e1s numeroso. Pero tuvieron que dispersarse por el camino. Despu\u00e9s de rodar por varios caser\u00edos de la comarca, y trabajar en la casa del se\u00f1or Riera de Montpalau, tuvo que marchar hacia la finca de otro amigo, el se\u00f1or Bofarull.  Entonces fue detenido la ma\u00f1ana del 12 de agosto. Una vez que manifest\u00f3 su condici\u00f3n de religioso, fue sometido a toda clase de provocaciones y vejaciones contra la castidad. Finalmente, tras quince horas de sufrimientos, perdonando a sus verdugos, muri\u00f3 fusilado a las puertas del cementerio de T\u00e1rrega (L\u00e9rida). Era ya 13 de agosto de 1936.<\/p>\n","protected":false},"excerpt":{"rendered":"<p>Fernando Saperas Aluja naci\u00f3 en Ali\u00f3 (Tarragona) el 8 de septiembre de 1905. Cuando ten\u00eda siete a\u00f1os, muri\u00f3 su padre don Jos\u00e9 Saperas y la familia se qued\u00f3 sin los ingresos de alba\u00f1il con que la manten\u00eda. Al cumplir los 15 a\u00f1os, Fernando march\u00f3 a Valls (Tarragona) y Barcelona para trabajar de camarero de hotel [&hellip;]<\/p>\n","protected":false},"author":69,"featured_media":28078,"parent":24840,"menu_order":0,"comment_status":"closed","ping_status":"closed","template":"","meta":{"_et_pb_use_builder":"","_et_pb_old_content":"","_et_gb_content_width":"","footnotes":""},"class_list":["post-28080","page","type-page","status-publish","has-post-thumbnail","hentry"],"jetpack_sharing_enabled":true,"jetpack_shortlink":"https:\/\/wp.me\/PdaBmi-7iU","jetpack_likes_enabled":true,"_links":{"self":[{"href":"https:\/\/www.claret.org\/es\/wp-json\/wp\/v2\/pages\/28080","targetHints":{"allow":["GET"]}}],"collection":[{"href":"https:\/\/www.claret.org\/es\/wp-json\/wp\/v2\/pages"}],"about":[{"href":"https:\/\/www.claret.org\/es\/wp-json\/wp\/v2\/types\/page"}],"author":[{"embeddable":true,"href":"https:\/\/www.claret.org\/es\/wp-json\/wp\/v2\/users\/69"}],"replies":[{"embeddable":true,"href":"https:\/\/www.claret.org\/es\/wp-json\/wp\/v2\/comments?post=28080"}],"version-history":[{"count":0,"href":"https:\/\/www.claret.org\/es\/wp-json\/wp\/v2\/pages\/28080\/revisions"}],"up":[{"embeddable":true,"href":"https:\/\/www.claret.org\/es\/wp-json\/wp\/v2\/pages\/24840"}],"wp:featuredmedia":[{"embeddable":true,"href":"https:\/\/www.claret.org\/es\/wp-json\/wp\/v2\/media\/28078"}],"wp:attachment":[{"href":"https:\/\/www.claret.org\/es\/wp-json\/wp\/v2\/media?parent=28080"}],"curies":[{"name":"wp","href":"https:\/\/api.w.org\/{rel}","templated":true}]}}