{"id":28097,"date":"2018-09-05T08:03:18","date_gmt":"2018-09-05T06:03:18","guid":{"rendered":"https:\/\/www.claret.org\/calendario\/fecha-14-de-agosto-siervos-de-dios-p-marceliano-alonso-y-companeros-martires\/"},"modified":"2018-09-05T08:03:18","modified_gmt":"2018-09-05T06:03:18","slug":"fecha-14-de-agosto-siervos-de-dios-p-marceliano-alonso-y-companeros-martires","status":"publish","type":"page","link":"https:\/\/www.claret.org\/es\/efemeride\/fecha-14-de-agosto-siervos-de-dios-p-marceliano-alonso-y-companeros-martires\/","title":{"rendered":"Fecha: 14 de Agosto &#8211; Siervos de Dios P. Marceliano Alonso y compa\u00f1eros, m\u00e1rtires"},"content":{"rendered":"<p style=\"text-align: justify;\">La provincia claretiana de Catalu\u00f1a contaba en 1936 con cuatro comunidades religiosas en la regi\u00f3n valenciana: Valencia, El Grao, J\u00e1tiva y Requena. El 24 de marzo, la explosi\u00f3n del volc\u00e1n revolucionario hizo saltar los cerrojos de todos los conventos y clausuras de Requena. Los cinco claretianos que formaban la comunidad tuvieron que abandonar la casa y la iglesia, y, cuanto no pudieron salvar, fue saqueado y pasto del fuego. El Grao y J\u00e1tiva siguieron la misma suerte.<\/p>\n<p style=\"text-align: justify;\"><img data-recalc-dims=\"1\" loading=\"lazy\" decoding=\"async\" class=\"alignleft\" title=\"\" src=\"https:\/\/i0.wp.com\/www2.claret.org\/sites\/default\/files\/imagenes\/espiritualidad\/calendario\/41._marceliano_alonso_y_compaeros._valencia.jpg?resize=285%2C381\" alt=\"\" width=\"285\" height=\"381\"><\/p>\n<p style=\"text-align: justify;\">El 19 de julio solo quedaba en pie la casa de Valencia, y all\u00ed encontraron refugio las v\u00edctimas. La peque\u00f1a comunidad la compon\u00edan el P. Marceliano Alonso, Superior, el P. Luis Franc\u00e9s y el Hno. F\u00e9lix Aguado. Se les unieron el P. Jos\u00e9 Ignacio Gord\u00f3n y el Hno. Santiago V\u00e9lez, de J\u00e1tiva, y el P. Tom\u00e1s Galipienzo, de Requena. El Hno. F\u00e9lix Aguado fue el \u00fanico que consigui\u00f3 salvar la vida.<\/p>\n<p style=\"text-align: justify;\">El 27 de julio el P. Franc\u00e9s y el Hno. V\u00e9lez huyeron hacia el apartado pueblo de Serra. El P. Luis Franc\u00e9s fue descubierto all\u00e1 el d\u00eda 20 de agosto y sufri\u00f3 el martirio el 21, en Olocau (Valencia), pidiendo a Dios perd\u00f3n para quienes le quitaban la vida sin saber lo que hac\u00edan. El Hno. Santiago V\u00e9lez hab\u00eda viajado el 13 de agosto a Santa Coloma de Gramanet, en Barcelona, donde viv\u00eda un familiar. Pero, detenido el d\u00eda 14, fue asesinado la madrugada del 15, fiesta de la Asunci\u00f3n de la Virgen.<\/p>\n<p style=\"text-align: justify;\">Entretanto, los PP. Alonso, Gord\u00f3n y Galipienzo, que segu\u00edan en Valencia sin encontrar un refugio mejor, fueron delatados. Primero fueron detenidos los PP. Alonso y Gord\u00f3n y posteriormente el P. Galipienzo. Ante un tribunal de siete individuos, comparecieron sucesivamente de uno en uno. La condena a muerte fue inapelable.<\/p>\n<p style=\"text-align: justify;\">Antes de morir, el P. Gord\u00f3n dijo a sus verdugos: \u00abOs perdonamos de coraz\u00f3n\u00bb. El P. Alonso se encomend\u00f3 a la Virgen diciendo: \u00abDulce Madre m\u00eda, ten compasi\u00f3n de m\u00ed\u00bb. La plegaria aprendida en el regazo de su madre dio fuerzas al P. Galipienzo: \u00abJes\u00fas, Jos\u00e9 y Mar\u00eda, asistidme en mi \u00faltima agon\u00eda\u00bb. Y mientras el P. Gord\u00f3n repet\u00eda: \u00abJes\u00fas m\u00edo, en tus manos encomiendo mi esp\u00edritu\u00bb, dada la orden son\u00f3 descarga de disparos, derribando a los PP. Alonso y Gord\u00f3n.<\/p>\n<p style=\"text-align: justify;\">El P. Galipienzo se arroj\u00f3 al suelo, ileso, y aprovechando la oscuridad, logr\u00f3 escapar. Sin embargo, su ilusi\u00f3n de encontrarse en libertad dur\u00f3 solamente cuarenta y ocho horas. La noche del d\u00eda 18 fue reconocido y detenido nuevamente. El primer d\u00eda de septiembre con otros nueve muri\u00f3 en el campo de tiro de Paterna, a pocos kil\u00f3metros de Valencia.<\/p>\n","protected":false},"excerpt":{"rendered":"<p>La provincia claretiana de Catalu\u00f1a contaba en 1936 con cuatro comunidades religiosas en la regi\u00f3n valenciana: Valencia, El Grao, J\u00e1tiva y Requena. El 24 de marzo, la explosi\u00f3n del volc\u00e1n revolucionario hizo saltar los cerrojos de todos los conventos y clausuras de Requena. Los cinco claretianos que formaban la comunidad tuvieron que abandonar la casa [&hellip;]<\/p>\n","protected":false},"author":69,"featured_media":28095,"parent":24840,"menu_order":0,"comment_status":"closed","ping_status":"closed","template":"","meta":{"_et_pb_use_builder":"","_et_pb_old_content":"","_et_gb_content_width":"","footnotes":""},"class_list":["post-28097","page","type-page","status-publish","has-post-thumbnail","hentry"],"jetpack_sharing_enabled":true,"jetpack_shortlink":"https:\/\/wp.me\/PdaBmi-7jb","jetpack_likes_enabled":true,"_links":{"self":[{"href":"https:\/\/www.claret.org\/es\/wp-json\/wp\/v2\/pages\/28097","targetHints":{"allow":["GET"]}}],"collection":[{"href":"https:\/\/www.claret.org\/es\/wp-json\/wp\/v2\/pages"}],"about":[{"href":"https:\/\/www.claret.org\/es\/wp-json\/wp\/v2\/types\/page"}],"author":[{"embeddable":true,"href":"https:\/\/www.claret.org\/es\/wp-json\/wp\/v2\/users\/69"}],"replies":[{"embeddable":true,"href":"https:\/\/www.claret.org\/es\/wp-json\/wp\/v2\/comments?post=28097"}],"version-history":[{"count":0,"href":"https:\/\/www.claret.org\/es\/wp-json\/wp\/v2\/pages\/28097\/revisions"}],"up":[{"embeddable":true,"href":"https:\/\/www.claret.org\/es\/wp-json\/wp\/v2\/pages\/24840"}],"wp:featuredmedia":[{"embeddable":true,"href":"https:\/\/www.claret.org\/es\/wp-json\/wp\/v2\/media\/28095"}],"wp:attachment":[{"href":"https:\/\/www.claret.org\/es\/wp-json\/wp\/v2\/media?parent=28097"}],"curies":[{"name":"wp","href":"https:\/\/api.w.org\/{rel}","templated":true}]}}