{"id":28115,"date":"2018-09-05T08:21:23","date_gmt":"2018-09-05T06:21:23","guid":{"rendered":"https:\/\/www.claret.org\/calendario\/fecha-17-de-agosto-siervo-de-dios-hermano-pedro-marcer\/"},"modified":"2022-09-29T18:06:23","modified_gmt":"2022-09-29T16:06:23","slug":"fecha-17-de-agosto-siervo-de-dios-hermano-pedro-marcer","status":"publish","type":"page","link":"https:\/\/www.claret.org\/es\/efemeride\/fecha-17-de-agosto-siervo-de-dios-hermano-pedro-marcer\/","title":{"rendered":"Fecha: 17 de Agosto &#8211; Siervo de Dios Hermano Pedro Marcer"},"content":{"rendered":"<p style=\"text-align: justify;\">Antonio Mar\u00eda Claret, al fundar\u00a0la Congregaci\u00f3n\u00a0de Hijos del Coraz\u00f3n de Mar\u00eda, ya tuvo en mente incorporar a\u00a0<em>hermanos coadjutores<\/em>, tan religiosos como los presb\u00edteros, pero dedicados a realizar oficios internos de la comunidad. Aunque no ejerc\u00edan funciones ministeriales, eran religiosos misioneros en todo el sentido de la palabra. Adem\u00e1s de queridos, siempre ayudaron notablemente la vida y la misi\u00f3n de\u00a0la Congregaci\u00f3n.\u00a0Entre esos hermanos coadjutores se cuenta uno que se distingui\u00f3 por una vida singular en la provincia claretiana de Chile, desde 1880 hasta 1927: el Hno. Pedro Marcer Cusc\u00f3. Aparece en ocasiones\u00a0<em>Marcer<\/em>\u00a0o\u00a0<em>Marc\u00e9<\/em>,\u00a0<em>Cusc\u00f3<\/em>\u00a0o\u00a0<em>Cosc\u00f3,<\/em>\u00a0seg\u00fan distintos cat\u00e1logos. Nosotros usaremos\u00a0<em>Marcer<\/em>\u00a0y\u00a0<em>Cusc\u00f3<\/em>.<\/p>\n<p style=\"text-align: justify;\"><img data-recalc-dims=\"1\" loading=\"lazy\" decoding=\"async\" class=\"alignleft\" title=\"\" src=\"https:\/\/i0.wp.com\/www2.claret.org\/sites\/default\/files\/imagenes\/espiritualidad\/calendario\/43-pedro_marce.jpg?resize=254%2C327\" alt=\"\" width=\"254\" height=\"327\"><\/p>\n<p style=\"text-align: justify;\">Pedro Marcer naci\u00f3 en Avinyonet del Pened\u00e9s (Barcelona &#8211; Espa\u00f1a) en 1854; en 1879 profes\u00f3 en\u00a0la Congregaci\u00f3n\u00a0y en 1880 fue destinado a Chile, siendo uno de los integrantes de la sexta expedici\u00f3n claretiana a Am\u00e9rica.\u00a0 Form\u00f3 parte de las comunidades de Curic\u00f3, por poco tiempo, y de Santiago donde vivi\u00f3 47 a\u00f1os.\u00a0 Falleci\u00f3 a los 73 a\u00f1os en Santiago de Chile.<\/p>\n<p style=\"text-align: justify;\">Siempre ejerci\u00f3 el servicio de portero, cargo de mucha confianza de los superiores. Pero su influencia est\u00e1 en su vida: \u00abDif\u00edcilmente se borrar\u00e1 de la memoria de los que pertenecemos a esta Provincia la santa figura del Hno. Pedro en el ejercicio de su cargo\u00bb (2, p. 698). Su memoria ha pasado por las generaciones de misioneros como un modelo a seguir.<\/p>\n<p style=\"text-align: justify;\">Con solo decir que fue introducida su causa, que no prosper\u00f3 por deficiencias jur\u00eddicas, se da una visi\u00f3n general de su vida y virtudes religiosas. \u00abAquella su actitud modesta y sencilla, sin afectaci\u00f3n&#8230; aquella circunspecci\u00f3n en las palabras, aquel recato y humildad&#8230;; el conjunto, en fin, que denunciaba santidad con todos los matices que lo embellecen: la penitencia y la amabilidad, la oraci\u00f3n y el celo, la r\u00edgida observancia y la bondadosa caridad, el recogimiento y el celo\u00bb (2, p.698).\u00a0 Sobre su celo podemos decir que en su \u00e9poca en la porter\u00eda se legitimaron m\u00e1s matrimonios que en toda\u00a0la Arquidi\u00f3cesis\u00a0de Santiago.\u00a0 Su biograf\u00eda fue escrita y publicada.<\/p>\n","protected":false},"excerpt":{"rendered":"<p>Antonio Mar\u00eda Claret, al fundar\u00a0la Congregaci\u00f3n\u00a0de Hijos del Coraz\u00f3n de Mar\u00eda, ya tuvo en mente incorporar a\u00a0hermanos coadjutores, tan religiosos como los presb\u00edteros, pero dedicados a realizar oficios internos de la comunidad. Aunque no ejerc\u00edan funciones ministeriales, eran religiosos misioneros en todo el sentido de la palabra. Adem\u00e1s de queridos, siempre ayudaron notablemente la vida [&hellip;]<\/p>\n","protected":false},"author":69,"featured_media":28112,"parent":24840,"menu_order":0,"comment_status":"closed","ping_status":"closed","template":"","meta":{"_et_pb_use_builder":"","_et_pb_old_content":"","_et_gb_content_width":"","footnotes":""},"class_list":["post-28115","page","type-page","status-publish","has-post-thumbnail","hentry"],"jetpack_sharing_enabled":true,"jetpack_shortlink":"https:\/\/wp.me\/PdaBmi-7jt","jetpack_likes_enabled":true,"_links":{"self":[{"href":"https:\/\/www.claret.org\/es\/wp-json\/wp\/v2\/pages\/28115","targetHints":{"allow":["GET"]}}],"collection":[{"href":"https:\/\/www.claret.org\/es\/wp-json\/wp\/v2\/pages"}],"about":[{"href":"https:\/\/www.claret.org\/es\/wp-json\/wp\/v2\/types\/page"}],"author":[{"embeddable":true,"href":"https:\/\/www.claret.org\/es\/wp-json\/wp\/v2\/users\/69"}],"replies":[{"embeddable":true,"href":"https:\/\/www.claret.org\/es\/wp-json\/wp\/v2\/comments?post=28115"}],"version-history":[{"count":0,"href":"https:\/\/www.claret.org\/es\/wp-json\/wp\/v2\/pages\/28115\/revisions"}],"up":[{"embeddable":true,"href":"https:\/\/www.claret.org\/es\/wp-json\/wp\/v2\/pages\/24840"}],"wp:featuredmedia":[{"embeddable":true,"href":"https:\/\/www.claret.org\/es\/wp-json\/wp\/v2\/media\/28112"}],"wp:attachment":[{"href":"https:\/\/www.claret.org\/es\/wp-json\/wp\/v2\/media?parent=28115"}],"curies":[{"name":"wp","href":"https:\/\/api.w.org\/{rel}","templated":true}]}}