{"id":28133,"date":"2018-09-05T08:30:39","date_gmt":"2018-09-05T06:30:39","guid":{"rendered":"https:\/\/www.claret.org\/calendario\/fecha-18-de-agosto-p-peter-schweiger-superior-general\/"},"modified":"2018-09-05T08:30:39","modified_gmt":"2018-09-05T06:30:39","slug":"fecha-18-de-agosto-p-peter-schweiger-superior-general","status":"publish","type":"page","link":"https:\/\/www.claret.org\/es\/efemeride\/fecha-18-de-agosto-p-peter-schweiger-superior-general\/","title":{"rendered":"Fecha: 18 de Agosto &#8211; P. Peter Schweiger, Superior General"},"content":{"rendered":"<p style=\"text-align: justify;\">Naci\u00f3 el 6 de mayo de 1894 en Geissirl (Oberpfalz &#8211; Alemania). Como otros claretianos de su \u00e9poca, se form\u00f3 en los seminarios claretianos de la provincia de Catalu\u00f1a. Recibi\u00f3 la ordenaci\u00f3n presbiteral en 1920. Fue catedr\u00e1tico en el Seminario Romano y, desde 1930 desempe\u00f1\u00f3 cargos de importancia en las comunidades claretianas de Alemania, llegando a ser Visitador de la misma.<\/p>\n<p style=\"text-align: justify;\"><img data-recalc-dims=\"1\" loading=\"lazy\" decoding=\"async\" class=\"alignleft\" title=\"\" src=\"https:\/\/i0.wp.com\/www2.claret.org\/sites\/default\/files\/imagenes\/espiritualidad\/calendario\/42-b-pedro_schweiger_bn.jpg?resize=276%2C342\" alt=\"\" width=\"276\" height=\"342\"><\/p>\n<p style=\"text-align: justify;\">El a\u00f1o 1949 terminaba el mandato del P. Nicol\u00e1s Garc\u00eda, que, estando ya enfermo, mor\u00eda al a\u00f1o siguiente en 1950. Convocado el XV Cap\u00edtulo General del 1 al 28 de mayo de 1949 en Castelgandolfo, palacio de verano del Papa cedido en agradecimiento por los servicios prestados por la Congregaci\u00f3n, fue elegido Superior General el P. Pedro Schweiger. Su elecci\u00f3n fue un claro exponente del creciente deseo de universalidad de la Congregaci\u00f3n, al ser el \u00fanico miembro del Cap\u00edtulo que no era espa\u00f1ol. Posteriormente fue reelegido en el XVI Cap\u00edtulo General celebrado en Roma en 1961. Fue Padre Conciliar en el Concilio Vaticano II y a \u00e9l le correspondi\u00f3 iniciar en la Congregaci\u00f3n el proceso de renovaci\u00f3n conciliar con la  organizaci\u00f3n del XVII Cap\u00edtulo General Extraordinario (Roma, 1967). De muy buen car\u00e1cter y de una bondadosa cordialidad, el P. Schweiger supo dar siempre a su labor de gobierno un sentido humano y fraternal.  Consciente de ser llamado a vivir un carisma cordimariano, supo reflejar en su vida la cordialidad propia de los hijos del Inmaculado Coraz\u00f3n de Mar\u00eda.<\/p>\n<p style=\"text-align: justify;\">            Durante su generalato se llevaron a cabo importantes obras, como los Colegios Internacionales de Roma (Claretianum) y Salamanca (Espa\u00f1a). Se culmin\u00f3 la gran empresa del Templo Votivo Internacional Cordimariano de Roma. Se fundaron revistas de prestigio como <em>Ephemerides Mariologicae<\/em>. La Congregaci\u00f3n se organiz\u00f3 en varias Visitadur\u00edas, Viceprovin\u00adcias y Provincias nuevas. Introdujo la Congregaci\u00f3n en nuevos pa\u00edses e intensific\u00f3 sus ministerios tradicionales, iluminada por su consigna: <em>Ad maiora et ampliora<\/em>. Muri\u00f3 en Spaichingen (Alemania) el 18 de agosto de 1980.<\/p>\n<p style=\"text-align: justify;\">            El P. Schweiger dio un gran impulso universalista a la Congregaci\u00f3n. La preocupaci\u00f3n por las vocaciones y por el crecimiento cuantitativo de la Congregaci\u00f3n por todo el mundo fue una de sus principales preocupaciones. En 1955 escrib\u00eda una circular en la que hac\u00eda observar el insuficiente crecimiento de la Congregaci\u00f3n y el deseo de su universalizaci\u00f3n. En su visi\u00f3n universal de la Iglesia y, dentro de ella, en el deseo, tan caracter\u00edstico suyo, de universalizar m\u00e1s la Congregaci\u00f3n extendi\u00e9ndola por todo el mundo, experiment\u00f3 con dolor nuestros pocos efectivos en cuanto al personal. En conse\u00adcuen\u00adcia, para \u00e9l era una necesidad ineludible e inaplazable, el fomentar y promover por todos los medios el incremento de la Congrega\u00adci\u00f3n.<\/p>\n","protected":false},"excerpt":{"rendered":"<p>Naci\u00f3 el 6 de mayo de 1894 en Geissirl (Oberpfalz &#8211; Alemania). Como otros claretianos de su \u00e9poca, se form\u00f3 en los seminarios claretianos de la provincia de Catalu\u00f1a. Recibi\u00f3 la ordenaci\u00f3n presbiteral en 1920. Fue catedr\u00e1tico en el Seminario Romano y, desde 1930 desempe\u00f1\u00f3 cargos de importancia en las comunidades claretianas de Alemania, llegando [&hellip;]<\/p>\n","protected":false},"author":69,"featured_media":28131,"parent":24840,"menu_order":0,"comment_status":"closed","ping_status":"closed","template":"","meta":{"_et_pb_use_builder":"","_et_pb_old_content":"","_et_gb_content_width":"","footnotes":""},"class_list":["post-28133","page","type-page","status-publish","has-post-thumbnail","hentry"],"jetpack_sharing_enabled":true,"jetpack_shortlink":"https:\/\/wp.me\/PdaBmi-7jL","jetpack_likes_enabled":true,"_links":{"self":[{"href":"https:\/\/www.claret.org\/es\/wp-json\/wp\/v2\/pages\/28133","targetHints":{"allow":["GET"]}}],"collection":[{"href":"https:\/\/www.claret.org\/es\/wp-json\/wp\/v2\/pages"}],"about":[{"href":"https:\/\/www.claret.org\/es\/wp-json\/wp\/v2\/types\/page"}],"author":[{"embeddable":true,"href":"https:\/\/www.claret.org\/es\/wp-json\/wp\/v2\/users\/69"}],"replies":[{"embeddable":true,"href":"https:\/\/www.claret.org\/es\/wp-json\/wp\/v2\/comments?post=28133"}],"version-history":[{"count":0,"href":"https:\/\/www.claret.org\/es\/wp-json\/wp\/v2\/pages\/28133\/revisions"}],"up":[{"embeddable":true,"href":"https:\/\/www.claret.org\/es\/wp-json\/wp\/v2\/pages\/24840"}],"wp:featuredmedia":[{"embeddable":true,"href":"https:\/\/www.claret.org\/es\/wp-json\/wp\/v2\/media\/28131"}],"wp:attachment":[{"href":"https:\/\/www.claret.org\/es\/wp-json\/wp\/v2\/media?parent=28133"}],"curies":[{"name":"wp","href":"https:\/\/api.w.org\/{rel}","templated":true}]}}