{"id":28149,"date":"2018-09-05T08:40:12","date_gmt":"2018-09-05T06:40:12","guid":{"rendered":"https:\/\/www.claret.org\/calendario\/fecha-23-de-agosto-santa-rosa-de-lima-virgen\/"},"modified":"2018-09-05T08:40:12","modified_gmt":"2018-09-05T06:40:12","slug":"fecha-23-de-agosto-santa-rosa-de-lima-virgen","status":"publish","type":"page","link":"https:\/\/www.claret.org\/es\/efemeride\/fecha-23-de-agosto-santa-rosa-de-lima-virgen\/","title":{"rendered":"Fecha: 23 de Agosto &#8211; Santa Rosa de Lima, virgen"},"content":{"rendered":"<p style=\"text-align: justify;\">Santa Rosa de Lima naci\u00f3 el 30 de abril de 1586 en las cercan\u00edas del hospital del Esp\u00edritu Santo de la ciudad de Lima, entonces capital del Virreinato del Per\u00fa. Su nombre original fue Isabel Flores de Oliva. Era una de los trece hijos habidos en el matrimonio de Gaspar Flores, arcabucero de la guardia virreinal, natural de San Juan de Puerto Rico, con la lime\u00f1a Mar\u00eda de Oliva. Fue bautizada en la parroquia de San Sebasti\u00e1n de Lima, siendo sus padrinos Hernando de Vald\u00e9s y Mar\u00eda Orozco.<\/p>\n<p style=\"text-align: justify;\"><img data-recalc-dims=\"1\" loading=\"lazy\" decoding=\"async\" class=\"alignleft\" title=\"\" src=\"https:\/\/i0.wp.com\/www2.claret.org\/sites\/default\/files\/imagenes\/espiritualidad\/calendario\/44-b-santa_rosa_de_lima.jpg?resize=263%2C388\" alt=\"\" width=\"263\" height=\"388\"><\/p>\n<p style=\"text-align: justify;\">La peque\u00f1a Isabel, a quien su madre llamaba Rosa desde ni\u00f1a, fue trasladada a pesar de sus resistencias junto con sus hermanitos al pueblo serrano de Quives, en la cuenca del Chill\u00f3n, cuando su padre asumi\u00f3 el empleo de administrador de una refiner\u00eda de plata. En aquel pueblo la joven recibi\u00f3 en 1597 el sacramento de la confirmaci\u00f3n de manos del arzobispo de Lima, santo Toribio Alonso de Mogrovejo, con motivo de su visita pastoral.<\/p>\n<p style=\"text-align: justify;\">Vivi\u00f3 en Lima un ambiente de efervescencia religiosa, \u00e9poca en que abundaban las atribuciones de milagros, curaciones y todo tipo de maravillas ante una parte de la poblaci\u00f3n que valoraba encandilada las virtudes y la vida cristianas. A Rosa le atra\u00eda con singular fuerza el modelo de la dominica Catalina de Siena y esto la decidi\u00f3 a vestir el h\u00e1bito blanco de terciaria de la Orden de Predicadores desde 1606. Tambi\u00e9n accedi\u00f3 a llamarse Rosa de santa Mar\u00eda.<\/p>\n<p style=\"text-align: justify;\">Cuando contaba 29 a\u00f1os de edad, construy\u00f3 una peque\u00f1a celda en el jard\u00edn de la casa de sus padres. En un espacio de poco m\u00e1s de dos metros cuadrados, se recog\u00eda a orar y a hacer penitencia. Adem\u00e1s, auxiliaba all\u00ed a los m\u00e1s pobres y necesitados de Lima. En marzo de 1617, celebr\u00f3 en la iglesia de Santo Domingo de Lima su m\u00edstico desposorio con Cristo. Afectada por una aguda hemiplej\u00eda, muri\u00f3 pocos meses despu\u00e9s, el 24 de agosto de 1617.<\/p>\n<p style=\"text-align: justify;\">En su <em>Autobiograf\u00eda<\/em>, san Antonio Mar\u00eda Claret manifiesta hasta qu\u00e9 punto le impresionaba de santa Rosa de Lima su celo apost\u00f3lico. Un celo que la misma santa peruana trataba de inculcar vivamente a los dem\u00e1s, e incluso llegaba a exig\u00edrselo si lo cre\u00eda necesario.<\/p>\n","protected":false},"excerpt":{"rendered":"<p>Santa Rosa de Lima naci\u00f3 el 30 de abril de 1586 en las cercan\u00edas del hospital del Esp\u00edritu Santo de la ciudad de Lima, entonces capital del Virreinato del Per\u00fa. Su nombre original fue Isabel Flores de Oliva. Era una de los trece hijos habidos en el matrimonio de Gaspar Flores, arcabucero de la guardia [&hellip;]<\/p>\n","protected":false},"author":69,"featured_media":28147,"parent":24840,"menu_order":0,"comment_status":"closed","ping_status":"closed","template":"","meta":{"_et_pb_use_builder":"","_et_pb_old_content":"","_et_gb_content_width":"","footnotes":""},"class_list":["post-28149","page","type-page","status-publish","has-post-thumbnail","hentry"],"jetpack_sharing_enabled":true,"jetpack_shortlink":"https:\/\/wp.me\/PdaBmi-7k1","jetpack_likes_enabled":true,"_links":{"self":[{"href":"https:\/\/www.claret.org\/es\/wp-json\/wp\/v2\/pages\/28149","targetHints":{"allow":["GET"]}}],"collection":[{"href":"https:\/\/www.claret.org\/es\/wp-json\/wp\/v2\/pages"}],"about":[{"href":"https:\/\/www.claret.org\/es\/wp-json\/wp\/v2\/types\/page"}],"author":[{"embeddable":true,"href":"https:\/\/www.claret.org\/es\/wp-json\/wp\/v2\/users\/69"}],"replies":[{"embeddable":true,"href":"https:\/\/www.claret.org\/es\/wp-json\/wp\/v2\/comments?post=28149"}],"version-history":[{"count":0,"href":"https:\/\/www.claret.org\/es\/wp-json\/wp\/v2\/pages\/28149\/revisions"}],"up":[{"embeddable":true,"href":"https:\/\/www.claret.org\/es\/wp-json\/wp\/v2\/pages\/24840"}],"wp:featuredmedia":[{"embeddable":true,"href":"https:\/\/www.claret.org\/es\/wp-json\/wp\/v2\/media\/28147"}],"wp:attachment":[{"href":"https:\/\/www.claret.org\/es\/wp-json\/wp\/v2\/media?parent=28149"}],"curies":[{"name":"wp","href":"https:\/\/api.w.org\/{rel}","templated":true}]}}