{"id":28164,"date":"2018-09-05T08:46:40","date_gmt":"2018-09-05T06:46:40","guid":{"rendered":"https:\/\/www.claret.org\/calendario\/fecha-24-de-agosto-san-bartolome-apostol-y-compatrono\/"},"modified":"2018-09-05T08:46:40","modified_gmt":"2018-09-05T06:46:40","slug":"fecha-24-de-agosto-san-bartolome-apostol-y-compatrono","status":"publish","type":"page","link":"https:\/\/www.claret.org\/es\/efemeride\/fecha-24-de-agosto-san-bartolome-apostol-y-compatrono\/","title":{"rendered":"Fecha: 24 de Agosto &#8211; San Bartolom\u00e9, Ap\u00f3stol y compatrono"},"content":{"rendered":"<p style=\"text-align: justify;\">Este ap\u00f3stol solo es conocido por su menci\u00f3n en las listas de los Doce; sobre \u00e9l no transmite el Nuevo Testamento una sola an\u00e9cdota. No conocemos ni siquiera su nombre personal, ya que Bartolom\u00e9, del arameo<em> Bar Talmai,<\/em> significa <em>hijo del Tolm\u00ed<\/em> (cf. Jos 15,14) o <em>hijo de Tolomeo<\/em>, nombre atestiguado por Flavio Josefo.<\/p>\n<p style=\"text-align: justify;\"><img data-recalc-dims=\"1\" loading=\"lazy\" decoding=\"async\" class=\"alignleft\" title=\"\" src=\"https:\/\/i0.wp.com\/www2.claret.org\/sites\/default\/files\/imagenes\/espiritualidad\/calendario\/45-bartolome_gregrio_baus.jpg?resize=265%2C345\" alt=\"\" width=\"265\" height=\"345\"><\/p>\n<p style=\"text-align: justify;\">Una tradici\u00f3n conocida solo desde el siglo IX ha identificado a Bartolom\u00e9 con el Natanael del cuarto evangelio; Natanael ser\u00eda su nombre y Bartolom\u00e9 su patron\u00edmico. Pero tal identificaci\u00f3n se debe a una tendencia concordista, hoy m\u00e1s bien abandonada, que quiere hacer de los disc\u00edpulos de Jes\u00fas en el cuarto Evangelio miembros del grupo de los Doce, grupo casi desconocido en ese evangelio.<\/p>\n<p style=\"text-align: justify;\">Si tal identificaci\u00f3n fuese hist\u00f3rica, poseer\u00edamos sobre Natanael-Bartolom\u00e9 unos pocos datos: natural de Can\u00e1 de Galilea (cf. Jn 21,2), oy\u00f3 de Felipe el primer testimonio de fe en Jes\u00fas, aunque lo recibi\u00f3 con escepticismo debido a su procedencia de Nazaret (cf. Jn 1,45s); pero, una vez que Jes\u00fas le ha hablado personalmente, \u00e9l mismo lo confiesa como Maestro, Hijo de Dios y Rey de Israel (cf. Jn 1,49). Despu\u00e9s de la pascua encontramos a Natanael unido a Pedro y otros disc\u00edpulos en el mar de Galilea entregado a faenas pesqueras y recibiendo una aparici\u00f3n del Resucitado (cf. Jn 21,1-3).<\/p>\n<p style=\"text-align: justify;\">Leyendas posb\u00edblicas presentan a Bartolom\u00e9 predicando en la India, Etiop\u00eda, Mesopotamia, Asia Menor&#8230; Seg\u00fan S. Isidoro de Sevilla, habr\u00eda muerto desollado.<\/p>\n<p style=\"text-align: justify;\">El P. Fundador, a la luz de la propia experiencia, contempla a los ap\u00f3stoles, sin excepci\u00f3n, como grandes perseguidos: \u00ab\u00bfQui\u00e9n har\u00e1 caso, amad\u00edsimo Te\u00f3filo, de persecuciones, calumnias y otros obst\u00e1culos que se presentar\u00e1n al Misionero, viendo que Jesucristo, san Pablo y los dem\u00e1s Ap\u00f3stoles y todos los Misioneros verdaderos han tenido que pasar por ese camino? Por eso te debes acordar de lo que dice el profeta Isa\u00edas: <em>Y la quietud y la confianza ser\u00e1n vuestra fortaleza<\/em> (Is 30,15). T\u00fa procura callar, trabajar y esperar, que el Se\u00f1or har\u00e1 desparecer aquella tempestad. Y si tan recia es la persecuci\u00f3n, te ir\u00e1s a otra ciudad (Mt 10,23), pero nunca desamparar\u00e1s ni abandonar\u00e1s tu ministerio\u00bb (3, n. 9).<\/p>\n","protected":false},"excerpt":{"rendered":"<p>Este ap\u00f3stol solo es conocido por su menci\u00f3n en las listas de los Doce; sobre \u00e9l no transmite el Nuevo Testamento una sola an\u00e9cdota. No conocemos ni siquiera su nombre personal, ya que Bartolom\u00e9, del arameo Bar Talmai, significa hijo del Tolm\u00ed (cf. Jos 15,14) o hijo de Tolomeo, nombre atestiguado por Flavio Josefo. Una [&hellip;]<\/p>\n","protected":false},"author":69,"featured_media":28161,"parent":24840,"menu_order":0,"comment_status":"closed","ping_status":"closed","template":"","meta":{"_et_pb_use_builder":"","_et_pb_old_content":"","_et_gb_content_width":"","footnotes":""},"class_list":["post-28164","page","type-page","status-publish","has-post-thumbnail","hentry"],"jetpack_sharing_enabled":true,"jetpack_shortlink":"https:\/\/wp.me\/PdaBmi-7kg","jetpack_likes_enabled":true,"_links":{"self":[{"href":"https:\/\/www.claret.org\/es\/wp-json\/wp\/v2\/pages\/28164","targetHints":{"allow":["GET"]}}],"collection":[{"href":"https:\/\/www.claret.org\/es\/wp-json\/wp\/v2\/pages"}],"about":[{"href":"https:\/\/www.claret.org\/es\/wp-json\/wp\/v2\/types\/page"}],"author":[{"embeddable":true,"href":"https:\/\/www.claret.org\/es\/wp-json\/wp\/v2\/users\/69"}],"replies":[{"embeddable":true,"href":"https:\/\/www.claret.org\/es\/wp-json\/wp\/v2\/comments?post=28164"}],"version-history":[{"count":0,"href":"https:\/\/www.claret.org\/es\/wp-json\/wp\/v2\/pages\/28164\/revisions"}],"up":[{"embeddable":true,"href":"https:\/\/www.claret.org\/es\/wp-json\/wp\/v2\/pages\/24840"}],"wp:featuredmedia":[{"embeddable":true,"href":"https:\/\/www.claret.org\/es\/wp-json\/wp\/v2\/media\/28161"}],"wp:attachment":[{"href":"https:\/\/www.claret.org\/es\/wp-json\/wp\/v2\/media?parent=28164"}],"curies":[{"name":"wp","href":"https:\/\/api.w.org\/{rel}","templated":true}]}}