{"id":28179,"date":"2018-09-05T08:53:58","date_gmt":"2018-09-05T06:53:58","guid":{"rendered":"https:\/\/www.claret.org\/calendario\/fecha-25-de-agosto-fundacion-de-las-religiosas-de-maria-inmaculada-misioneras-claretianas\/"},"modified":"2018-09-05T08:53:58","modified_gmt":"2018-09-05T06:53:58","slug":"fecha-25-de-agosto-fundacion-de-las-religiosas-de-maria-inmaculada-misioneras-claretianas","status":"publish","type":"page","link":"https:\/\/www.claret.org\/es\/efemeride\/fecha-25-de-agosto-fundacion-de-las-religiosas-de-maria-inmaculada-misioneras-claretianas\/","title":{"rendered":"Fecha: 25 de Agosto &#8211; Fundaci\u00f3n de las Religiosas de Mar\u00eda Inmaculada &#8211; Misioneras Claretianas"},"content":{"rendered":"<p style=\"text-align: justify;\">El d\u00eda 25 de agosto de 1855 se firmaba en Santiago de Cuba el Decreto de Fundaci\u00f3n de las Religiosas de Mar\u00eda Inmaculada, Misioneras Claretianas. La venerable M. Antonia Par\u00eds, su Fundadora, junto con san Antonio Mar\u00eda Claret, entonces Arzobispo de Santiago de Cuba, ve\u00eda as\u00ed cumplidos sus sue\u00f1os. Ten\u00eda 41 a\u00f1os. Dos d\u00edas despu\u00e9s de la firma hac\u00eda la profesi\u00f3n religiosa de manos de Claret. Pero no estaba sola, ya que el 3 de septiembre se un\u00edan a ella por la misma profesi\u00f3n otras tres compa\u00f1eras, Mar\u00eda Josefa Caixal, Mar\u00eda Gual y Antonia Gual, habiendo fallecido ya una de las primeras, Florentina Sangler. Era la culminaci\u00f3n de un itinerario de fe por el que el Se\u00f1or las hab\u00eda guiado entre luces y sombras.<\/p>\n<p style=\"text-align: justify;\" align=\"center\"><img data-recalc-dims=\"1\" loading=\"lazy\" decoding=\"async\" title=\"\" src=\"https:\/\/i0.wp.com\/www2.claret.org\/sites\/default\/files\/imagenes\/espiritualidad\/calendario\/46-fundacin_de_las_claretianas.jpg?resize=448%2C278\" alt=\"\" width=\"448\" height=\"278\"><\/p>\n<p style=\"text-align: justify;\">Aunque no es f\u00e1cil recoger en unas l\u00edneas el esp\u00edritu que movi\u00f3 a la M. Par\u00eds y a sus compa\u00f1eras a echar a andar este nuevo proyecto en la Iglesia, podemos se\u00f1alar con sus mismas palabras tres ejes fundamentales. En torno a ellos gir\u00f3 su vida y la de los inicios de la Congregaci\u00f3n:<\/p>\n<p style=\"text-align: justify;\">1\u00ba. S<em>eguir a Jes\u00fas<\/em>. En definitiva, identificarse con \u00c9l y con su misi\u00f3n.<\/p>\n<p style=\"text-align: justify;\">2\u00ba. <em>Seguir a Jes\u00fas crucificado<\/em>. De ah\u00ed el consejo que da a sus hijas en el <em>Blanco y fin principal<\/em>, especie de carta program\u00e1tica: \u00abQue todas las personas que quieran ser alistadas sean crucificadas para todas las cosas del mundo\u00bb.<\/p>\n<p style=\"text-align: justify;\">3\u00ba. <em>Mostrar y hacer f\u00e1cil a otros el mismo camino.<\/em> No pod\u00eda faltar la invitaci\u00f3n a la misi\u00f3n, pero est\u00e1 claro que para ella no se trata simplemente de hablar de Jes\u00fas, o repetir sus palabras, sino del testimonio.<\/p>\n<p style=\"text-align: justify;\">            Actualmente las Misioneras Claretianas se hallan repartidas por todo el mundo. Su trabajo, la renovaci\u00f3n de la Iglesia y hacer siempre f\u00e1cil a los dem\u00e1s este mismo camino, es muy variado y se acomoda a las necesidades del lugar y del momento, pero siempre al servicio de la Iglesia y vinculadas a toda la Familia Claretiana.<\/p>\n","protected":false},"excerpt":{"rendered":"<p>El d\u00eda 25 de agosto de 1855 se firmaba en Santiago de Cuba el Decreto de Fundaci\u00f3n de las Religiosas de Mar\u00eda Inmaculada, Misioneras Claretianas. La venerable M. Antonia Par\u00eds, su Fundadora, junto con san Antonio Mar\u00eda Claret, entonces Arzobispo de Santiago de Cuba, ve\u00eda as\u00ed cumplidos sus sue\u00f1os. Ten\u00eda 41 a\u00f1os. Dos d\u00edas despu\u00e9s [&hellip;]<\/p>\n","protected":false},"author":69,"featured_media":28177,"parent":24840,"menu_order":0,"comment_status":"closed","ping_status":"closed","template":"","meta":{"_et_pb_use_builder":"","_et_pb_old_content":"","_et_gb_content_width":"","footnotes":""},"class_list":["post-28179","page","type-page","status-publish","has-post-thumbnail","hentry"],"jetpack_sharing_enabled":true,"jetpack_shortlink":"https:\/\/wp.me\/PdaBmi-7kv","jetpack_likes_enabled":true,"_links":{"self":[{"href":"https:\/\/www.claret.org\/es\/wp-json\/wp\/v2\/pages\/28179","targetHints":{"allow":["GET"]}}],"collection":[{"href":"https:\/\/www.claret.org\/es\/wp-json\/wp\/v2\/pages"}],"about":[{"href":"https:\/\/www.claret.org\/es\/wp-json\/wp\/v2\/types\/page"}],"author":[{"embeddable":true,"href":"https:\/\/www.claret.org\/es\/wp-json\/wp\/v2\/users\/69"}],"replies":[{"embeddable":true,"href":"https:\/\/www.claret.org\/es\/wp-json\/wp\/v2\/comments?post=28179"}],"version-history":[{"count":0,"href":"https:\/\/www.claret.org\/es\/wp-json\/wp\/v2\/pages\/28179\/revisions"}],"up":[{"embeddable":true,"href":"https:\/\/www.claret.org\/es\/wp-json\/wp\/v2\/pages\/24840"}],"wp:featuredmedia":[{"embeddable":true,"href":"https:\/\/www.claret.org\/es\/wp-json\/wp\/v2\/media\/28177"}],"wp:attachment":[{"href":"https:\/\/www.claret.org\/es\/wp-json\/wp\/v2\/media?parent=28179"}],"curies":[{"name":"wp","href":"https:\/\/api.w.org\/{rel}","templated":true}]}}