{"id":28190,"date":"2018-09-05T09:02:11","date_gmt":"2018-09-05T07:02:11","guid":{"rendered":"https:\/\/www.claret.org\/calendario\/fecha-26-de-agosto-conservacion-de-la-eucaristia-en-el-fundador\/"},"modified":"2018-09-05T09:02:11","modified_gmt":"2018-09-05T07:02:11","slug":"fecha-26-de-agosto-conservacion-de-la-eucaristia-en-el-fundador","status":"publish","type":"page","link":"https:\/\/www.claret.org\/es\/efemeride\/fecha-26-de-agosto-conservacion-de-la-eucaristia-en-el-fundador\/","title":{"rendered":"Fecha: 26 de Agosto &#8211; Conservaci\u00f3n de la Eucarist\u00eda en el Fundador"},"content":{"rendered":"<p style=\"text-align: justify;\">\u00abEn el d\u00eda 26 de agosto de 1861, hall\u00e1ndome en oraci\u00f3n en la Iglesia del Rosario, en La Granja, a las 7 de la tarde, el Se\u00f1or me concedi\u00f3 la gracia grande de la conservaci\u00f3n de las especies sacramentales y tener siempre, d\u00eda y noche, el Sant\u00edsimo Sacramento en el pecho; por lo mismo, yo siempre debo estar muy recogido y devoto interiormente; y adem\u00e1s debo orar y hacer frente a todos los males de Espa\u00f1a, como as\u00ed me lo ha dicho el Se\u00f1or. (&#8230;) <em>Glorificate et portate Deum in corpore vestro.<\/em> 1 Cor VI.20.\u00bb (Aut 694). Y m\u00e1s adelante, \u00abEn el d\u00eda 16 de mayo de 1862 (\u2026) en la Misa me ha dicho Jesucristo que me hab\u00eda concedido esta gracia de permanecer en mi interior sacramentalmente\u00bb (Aut 700).<\/p>\n<p style=\"text-align: justify;\">El Se\u00f1or se quer\u00eda servir de Antonio para hacer frente, de un modo eficaz, a los males de la Iglesia en Espa\u00f1a y lo consagr\u00f3 y habilit\u00f3 con su presencia sacramental el 26 de agosto de 1861:<\/p>\n<p style=\"text-align: justify;\">\u00abLa Eucarist\u00eda, como sacramento del Sacrificio y de la presencia real de Cristo, ocup\u00f3 un lugar preponderante en la vida espiritual y apost\u00f3lica de san Antonio Mar\u00eda Claret. La celebraci\u00f3n eucar\u00edstica era el momento m\u00e1s intenso de su uni\u00f3n personal con Jesucristo, ofrecido al Padre por la salvaci\u00f3n de los hombres, en ella recib\u00eda los ardientes deseos de sacrificar su vida con Cristo por el bien de la Iglesia y de todos los hombres. La oraci\u00f3n ante el Sant\u00edsimo Sacramento le ayudaba a mantener estos sentimientos y a desarrollar sus actividades en un esp\u00edritu sacrificial profundamente compenetrado con el misterio redentor de Cristo y de la Iglesia (cf. Autob. nn. 265, 694, 756 y 767)\u00bb (<em>Patrimonio Espiritual<\/em> 14).<\/p>\n<p style=\"text-align: justify;\">Esta memoria de hoy nos permite preguntarnos: \u00bfQu\u00e9 signific\u00f3 para el P. Claret \u2014servidor misionero de la Palabra\u2014 el ministerio de la santificaci\u00f3n, especialmente de la Eucarist\u00eda? \u00bfC\u00f3mo se integraron estos ministerios en su persona, en su vida y en su apostolado? \u00bfHasta qu\u00e9 punto la vivencia del misterio eucar\u00edstico que tiene el Fundador nos afecta, o nos debe afectar, para vivirla, profundizarla y conservarla?<\/p>\n<p style=\"text-align: justify;\">La vivencia que tiene el P. Claret de la Eucarist\u00eda puede dibujarse como un itinerario de respeto, admiraci\u00f3n, devoci\u00f3n, necesidad, \u00edntima uni\u00f3n y plena comuni\u00f3n. El hecho recordado hoy puede encender la imaginaci\u00f3n meditativo-espiritual, que, bien enmarcada, ayude a comprender la <em>gracia<\/em> que recibi\u00f3 el Fundador. Pero lo realmente importante es este camino progresivo de \u00edntima uni\u00f3n con Cristo-Eucarist\u00eda que san Antonio Mar\u00eda Claret fue transitando a lo largo de toda su vida, hacia la plenitud, y del que nos hace part\u00edcipes con una clara invitaci\u00f3n a recorrerlo.<\/p>\n","protected":false},"excerpt":{"rendered":"<p>\u00abEn el d\u00eda 26 de agosto de 1861, hall\u00e1ndome en oraci\u00f3n en la Iglesia del Rosario, en La Granja, a las 7 de la tarde, el Se\u00f1or me concedi\u00f3 la gracia grande de la conservaci\u00f3n de las especies sacramentales y tener siempre, d\u00eda y noche, el Sant\u00edsimo Sacramento en el pecho; por lo mismo, yo [&hellip;]<\/p>\n","protected":false},"author":69,"featured_media":0,"parent":24840,"menu_order":0,"comment_status":"closed","ping_status":"closed","template":"","meta":{"_et_pb_use_builder":"","_et_pb_old_content":"","_et_gb_content_width":"","footnotes":""},"class_list":["post-28190","page","type-page","status-publish","hentry"],"jetpack_sharing_enabled":true,"jetpack_shortlink":"https:\/\/wp.me\/PdaBmi-7kG","jetpack_likes_enabled":true,"_links":{"self":[{"href":"https:\/\/www.claret.org\/es\/wp-json\/wp\/v2\/pages\/28190","targetHints":{"allow":["GET"]}}],"collection":[{"href":"https:\/\/www.claret.org\/es\/wp-json\/wp\/v2\/pages"}],"about":[{"href":"https:\/\/www.claret.org\/es\/wp-json\/wp\/v2\/types\/page"}],"author":[{"embeddable":true,"href":"https:\/\/www.claret.org\/es\/wp-json\/wp\/v2\/users\/69"}],"replies":[{"embeddable":true,"href":"https:\/\/www.claret.org\/es\/wp-json\/wp\/v2\/comments?post=28190"}],"version-history":[{"count":0,"href":"https:\/\/www.claret.org\/es\/wp-json\/wp\/v2\/pages\/28190\/revisions"}],"up":[{"embeddable":true,"href":"https:\/\/www.claret.org\/es\/wp-json\/wp\/v2\/pages\/24840"}],"wp:attachment":[{"href":"https:\/\/www.claret.org\/es\/wp-json\/wp\/v2\/media?parent=28190"}],"curies":[{"name":"wp","href":"https:\/\/api.w.org\/{rel}","templated":true}]}}