{"id":28269,"date":"2018-09-06T07:33:18","date_gmt":"2018-09-06T05:33:18","guid":{"rendered":"https:\/\/www.claret.org\/calendario\/fecha-5-de-septiembre-siervos-de-dios-p-mateos-casals-y-companeros-martires\/"},"modified":"2018-09-06T07:33:18","modified_gmt":"2018-09-06T05:33:18","slug":"fecha-5-de-septiembre-siervos-de-dios-p-mateos-casals-y-companeros-martires","status":"publish","type":"page","link":"https:\/\/www.claret.org\/es\/efemeride\/fecha-5-de-septiembre-siervos-de-dios-p-mateos-casals-y-companeros-martires\/","title":{"rendered":"Fecha: 5 de Septiembre &#8211; Siervos de Dios P. Mateos Casals y compa\u00f1eros, m\u00e1rtires"},"content":{"rendered":"<p style=\"text-align: justify;\">Hoy hacemos memoria de los Siervos de Dios P. Manuel Casals y compa\u00f1eros, m\u00e1rtires de la comunidad de Sabadell (Barcelona &#8211; Espa\u00f1a). De los once misioneros que constitu\u00edan la comunidad claretiana de Sabadell, siete de ellos fueron m\u00e1rtires en el verano de 1936. Se trata del grupo formado por el P. Mateo Casals, superior de la comunidad, los PP. Jos\u00e9 Puig, Jos\u00e9 Reixac, Juan Torrents, y los Hnos. Jos\u00e9 Claver\u00eda, Juan Raf\u00ed, Jos\u00e9 Sol\u00e9 y Jos\u00e9 Cardona. Murieron como m\u00e1rtires, en solitario, los PP. Jos\u00e9 Reixac y Juan Torrents.<\/p>\n<p style=\"text-align: justify;\"><img data-recalc-dims=\"1\" loading=\"lazy\" decoding=\"async\" class=\"alignleft\" title=\"\" src=\"https:\/\/i0.wp.com\/www2.claret.org\/sites\/default\/files\/imagenes\/espiritualidad\/calendario\/48-mateo_casals_y_compaeros_mrtires_copia.jpg?resize=231%2C331\" alt=\"\" width=\"231\" height=\"331\"><\/p>\n<p style=\"text-align: justify;\">Aparte de los que fueron martirizados solos, el resto fueron detenidos en el mismo d\u00eda en sus diversos alojamientos y conducidos a una peque\u00f1a prisi\u00f3n donde mantuvieron un ritmo de vida comunitaria muy parecida al acostumbrado. Al anochecer del d\u00eda 4 de septiembre de 1936 unos catorce hombres armados interrumpieron con alboroto en la prisi\u00f3n y fueron llamando uno por uno a todos los prisioneros. Al amanecer del d\u00eda 5 yac\u00edan por las carreteras los restos de aquellos misioneros junto con algunos otros en un total de diecisiete cad\u00e1veres. Fueron m\u00e1rtires en el silencio, la fidelidad, la fraternidad, la oraci\u00f3n incesante y la paz de los que mueren en el Se\u00f1or.<\/p>\n<p style=\"text-align: justify;\">Por su parte, el P. Jos\u00e9 Reixach, tras la dispersi\u00f3n de la comunidad, fue detenido en la casa donde se alojaba. En la misma calle fue malherido por disparos de armas de fuego, sin llegar a morir. Al cabo de unas horas, arrastr\u00e1ndose y tapando con una mano sus graves heridas, lleg\u00f3 a la Casa de la Caridad. Llamaron a la Cruz Roja y con ella acudi\u00f3 el alcalde de la ciudad junto con el juez y algunos milicianos armados. Al verlos, el anciano P. Reixach exclam\u00f3: \u00abSi sois vosotros quienes me hab\u00e9is disparado los tiros, os perdono de coraz\u00f3n. Quiero morir como Jes\u00fas, que tambi\u00e9n perdon\u00f3 a los que le acababan de crucificar\u00bb. Pasadas unas horas expir\u00f3 dejando entre los que lo asist\u00edan la impresi\u00f3n de ver morir a un santo.<\/p>\n<p style=\"text-align: justify;\">El P. Juan Torrents, anciano y casi ciego, tuvo que ir cambiando de alojamiento durante casi un a\u00f1o entre 1936 y 1937, con la inseguridad y el dolor que se puede suponer. Su mayor consuelo fue el rosario que jam\u00e1s dej\u00f3 de rezar en n\u00famero de cincuenta, ochenta y hasta de cien partes en un d\u00eda. Permaneci\u00f3 oculto y desapercibido hasta que el 13 de febrero de 1937 sobrevino el primer bombardeo de Barcelona. En el refugio de la casa donde permanec\u00eda alguien advirti\u00f3 su presencia y a los tres d\u00edas fue apresado. En el primer interrogatorio que se le hizo tuvo que o\u00edr: \u00ab\u00c9ste es uno de los escapados del Padre Claret\u00bb, a lo que el P. Torrents asinti\u00f3 con un leve movimiento de cabeza. Inmediatamente ingres\u00f3 en la prisi\u00f3n de San El\u00edas de donde sali\u00f3 el 17 de marzo de 1937 camino del martirio.<\/p>\n<p style=\"text-align: justify;\">Todos ellos entregaron su vida como m\u00e1rtires en silencio, en fidelidad, en fraternidad, en oraci\u00f3n incesante: la paz de los que mueren en el Se\u00f1or.<\/p>\n","protected":false},"excerpt":{"rendered":"<p>Hoy hacemos memoria de los Siervos de Dios P. Manuel Casals y compa\u00f1eros, m\u00e1rtires de la comunidad de Sabadell (Barcelona &#8211; Espa\u00f1a). De los once misioneros que constitu\u00edan la comunidad claretiana de Sabadell, siete de ellos fueron m\u00e1rtires en el verano de 1936. Se trata del grupo formado por el P. Mateo Casals, superior de [&hellip;]<\/p>\n","protected":false},"author":69,"featured_media":28267,"parent":24840,"menu_order":0,"comment_status":"closed","ping_status":"closed","template":"","meta":{"_et_pb_use_builder":"","_et_pb_old_content":"","_et_gb_content_width":"","footnotes":""},"class_list":["post-28269","page","type-page","status-publish","has-post-thumbnail","hentry"],"jetpack_sharing_enabled":true,"jetpack_shortlink":"https:\/\/wp.me\/PdaBmi-7lX","jetpack_likes_enabled":true,"_links":{"self":[{"href":"https:\/\/www.claret.org\/es\/wp-json\/wp\/v2\/pages\/28269","targetHints":{"allow":["GET"]}}],"collection":[{"href":"https:\/\/www.claret.org\/es\/wp-json\/wp\/v2\/pages"}],"about":[{"href":"https:\/\/www.claret.org\/es\/wp-json\/wp\/v2\/types\/page"}],"author":[{"embeddable":true,"href":"https:\/\/www.claret.org\/es\/wp-json\/wp\/v2\/users\/69"}],"replies":[{"embeddable":true,"href":"https:\/\/www.claret.org\/es\/wp-json\/wp\/v2\/comments?post=28269"}],"version-history":[{"count":0,"href":"https:\/\/www.claret.org\/es\/wp-json\/wp\/v2\/pages\/28269\/revisions"}],"up":[{"embeddable":true,"href":"https:\/\/www.claret.org\/es\/wp-json\/wp\/v2\/pages\/24840"}],"wp:featuredmedia":[{"embeddable":true,"href":"https:\/\/www.claret.org\/es\/wp-json\/wp\/v2\/media\/28267"}],"wp:attachment":[{"href":"https:\/\/www.claret.org\/es\/wp-json\/wp\/v2\/media?parent=28269"}],"curies":[{"name":"wp","href":"https:\/\/api.w.org\/{rel}","templated":true}]}}