{"id":28299,"date":"2018-09-06T07:47:14","date_gmt":"2018-09-06T05:47:14","guid":{"rendered":"https:\/\/www.claret.org\/calendario\/fecha-27-de-septiembre-p-manuel-vilaro-confundador\/"},"modified":"2018-09-06T07:47:14","modified_gmt":"2018-09-06T05:47:14","slug":"fecha-27-de-septiembre-p-manuel-vilaro-confundador","status":"publish","type":"page","link":"https:\/\/www.claret.org\/es\/efemeride\/fecha-27-de-septiembre-p-manuel-vilaro-confundador\/","title":{"rendered":"Fecha: 27 de Septiembre &#8211; P. Manuel Vilar\u00f3, confundador"},"content":{"rendered":"<p style=\"text-align: justify;\">R<img data-recalc-dims=\"1\" loading=\"lazy\" decoding=\"async\" class=\"smartsize alignleft\" src=\"https:\/\/i0.wp.com\/www2.claret.org\/sites\/default\/files\/imagenes\/espiritualidad\/calendario\/52-manuel_vilar.jpg?resize=209%2C279\" alt=\"\" width=\"209\" height=\"279\" title=\"\">ecordamos hoy la muerte del P. Manuel Vilar\u00f3, uno de los cofundadores de la Congregaci\u00f3n. Manuel Vilar\u00f3 y Serrat naci\u00f3 en Vic (Barcelona \u2013 Espa\u00f1a) el 22 de septiembre de 1816. A los diez a\u00f1os ingres\u00f3 en el seminario de Vic, donde curs\u00f3 sus estudios hasta 1842. No conocemos la fecha exacta de su ordenaci\u00f3n ni sus primeros destinos ministeriales.<\/p>\n<p style=\"text-align: justify;\">Las primeras noticias seguras las tenemos cuando aparece misionando con el P. Claret en la di\u00f3cesis de Tarragona en 1846. Otros testimonios del mismo P. Claret nos hablan del P. Vilar\u00f3 como su compa\u00f1ero de misiones en 1847. Les un\u00eda la capacidad del trabajo, el ardor apost\u00f3lico y la sinton\u00eda de vida. Posiblemente, el P. Manuel Vilar\u00f3 mision\u00f3 junto al P. Claret hasta que \u00e9ste march\u00f3 a las Islas Canarias.<\/p>\n<p style=\"text-align: justify;\">Fue uno de los primeros invitados por el P. Claret para formar parte de la nueva Congregaci\u00f3n misionera que pensaba fundar. Al ser nombrado Arzobispo de Santiago de Cuba, el P. Claret eligi\u00f3 algunas personas que le pudieran acompa\u00f1ar. No dud\u00f3 en pedir a su naciente Congregaci\u00f3n al P. Vilar\u00f3. Llegados a Cuba, el P. Vilar\u00f3 fue su compa\u00f1ero inseparable y de m\u00e1s confianza. Jam\u00e1s dej\u00f3 de asistir a las misiones, sin descuidar a la vez su trabajo de secretario.<\/p>\n<p style=\"text-align: justify;\">En febrero de 1852, una fuerte lluvia le trajo serios problemas de salud y hubo de volver a Espa\u00f1a. Al llegar a Vic, ya nunca m\u00e1s pudo levantarse. Se hosped\u00f3 en casa de su familia, para no incomodar a los pocos misioneros de la Congregaci\u00f3n, quienes nunca dejaron de visitarle cada d\u00eda. La tuberculosis pulmonar fue apagando su vida hasta que muri\u00f3 el d\u00eda 27 de septiembre de 1852, a los 36 a\u00f1os de edad, en los brazos del P. Jaime Clotet.<\/p>\n<p style=\"text-align: justify;\">El P. Claret dej\u00f3 plasmada la s\u00edntesis de su vida misionera en la <em>Autobiograf\u00eda<\/em>: \u00abEste sacerdote me vino a acompa\u00f1ar y ayudar en las misiones que hac\u00eda en la di\u00f3cesis de Tarragona. Entr\u00f3 desde un principio en la Congregaci\u00f3n de los Hijos del Coraz\u00f3n de Mar\u00eda y cuando yo fui a Cuba tuvo la bondad de venir a acompa\u00f1arme; a \u00e9ste le hice mi secretario, y desempe\u00f1\u00f3 muy bien su encargo; adem\u00e1s de la secretar\u00eda, predicaba y confesaba siempre. Era bastante instruido, virtuoso y muy celoso; trabaj\u00f3 much\u00edsimo, enferm\u00f3, y viendo los m\u00e9dicos que en Cuba no hab\u00eda esperanzas de curar, le mandaron que se volviera a la Pen\u00ednsula, y muri\u00f3 en Vich, su patria\u00bb (Aut 592).<\/p>\n","protected":false},"excerpt":{"rendered":"<p>Recordamos hoy la muerte del P. Manuel Vilar\u00f3, uno de los cofundadores de la Congregaci\u00f3n. Manuel Vilar\u00f3 y Serrat naci\u00f3 en Vic (Barcelona \u2013 Espa\u00f1a) el 22 de septiembre de 1816. A los diez a\u00f1os ingres\u00f3 en el seminario de Vic, donde curs\u00f3 sus estudios hasta 1842. No conocemos la fecha exacta de su ordenaci\u00f3n [&hellip;]<\/p>\n","protected":false},"author":69,"featured_media":28297,"parent":24840,"menu_order":0,"comment_status":"closed","ping_status":"closed","template":"","meta":{"_et_pb_use_builder":"","_et_pb_old_content":"","_et_gb_content_width":"","footnotes":""},"class_list":["post-28299","page","type-page","status-publish","has-post-thumbnail","hentry"],"jetpack_sharing_enabled":true,"jetpack_shortlink":"https:\/\/wp.me\/PdaBmi-7mr","jetpack_likes_enabled":true,"_links":{"self":[{"href":"https:\/\/www.claret.org\/es\/wp-json\/wp\/v2\/pages\/28299","targetHints":{"allow":["GET"]}}],"collection":[{"href":"https:\/\/www.claret.org\/es\/wp-json\/wp\/v2\/pages"}],"about":[{"href":"https:\/\/www.claret.org\/es\/wp-json\/wp\/v2\/types\/page"}],"author":[{"embeddable":true,"href":"https:\/\/www.claret.org\/es\/wp-json\/wp\/v2\/users\/69"}],"replies":[{"embeddable":true,"href":"https:\/\/www.claret.org\/es\/wp-json\/wp\/v2\/comments?post=28299"}],"version-history":[{"count":0,"href":"https:\/\/www.claret.org\/es\/wp-json\/wp\/v2\/pages\/28299\/revisions"}],"up":[{"embeddable":true,"href":"https:\/\/www.claret.org\/es\/wp-json\/wp\/v2\/pages\/24840"}],"wp:featuredmedia":[{"embeddable":true,"href":"https:\/\/www.claret.org\/es\/wp-json\/wp\/v2\/media\/28297"}],"wp:attachment":[{"href":"https:\/\/www.claret.org\/es\/wp-json\/wp\/v2\/media?parent=28299"}],"curies":[{"name":"wp","href":"https:\/\/api.w.org\/{rel}","templated":true}]}}