{"id":28326,"date":"2018-09-06T07:58:22","date_gmt":"2018-09-06T05:58:22","guid":{"rendered":"https:\/\/www.claret.org\/calendario\/fecha-30-de-septiembre-siervo-de-dios-francisco-crusats-protomartir-de-la-congregacion\/"},"modified":"2018-09-06T07:58:22","modified_gmt":"2018-09-06T05:58:22","slug":"fecha-30-de-septiembre-siervo-de-dios-francisco-crusats-protomartir-de-la-congregacion","status":"publish","type":"page","link":"https:\/\/www.claret.org\/es\/efemeride\/fecha-30-de-septiembre-siervo-de-dios-francisco-crusats-protomartir-de-la-congregacion\/","title":{"rendered":"Fecha: 30 de Septiembre &#8211; Siervo de Dios Francisco Crusats, protom\u00e1rtir de la Congregaci\u00f3n"},"content":{"rendered":"<p style=\"text-align: justify;\">El Siervo de Dios P. Francisco Crusats y Franch, natural de Seva (Barcelona &#8211; Espa\u00f1a), fue el primer claretiano que consigui\u00f3 la corona del martirio que dese\u00f3 para s\u00ed mismo nuestro santo Fundador. Curs\u00f3 la carrera eclesi\u00e1stica en Vic y fue ordenado como presb\u00edtero el 18 de septiembre de 1858, en el mismo mes en que, a\u00f1os m\u00e1s tarde, alcanzar\u00eda la palma del martirio. Ingres\u00f3 en la Congregaci\u00f3n poco despu\u00e9s de su ordenaci\u00f3n.<\/p>\n<p style=\"text-align: justify;\"><img data-recalc-dims=\"1\" loading=\"lazy\" decoding=\"async\" class=\"alignleft\" title=\"\" src=\"https:\/\/i0.wp.com\/www2.claret.org\/sites\/default\/files\/imagenes\/espiritualidad\/calendario\/54-crusats_francisco_copia.jpg?resize=226%2C344\" alt=\"\" width=\"226\" height=\"344\"><\/p>\n<p style=\"text-align: justify;\">Su vocaci\u00f3n claretiana se debi\u00f3 fundamentalmente a tres factores: el testimonio que le ofreci\u00f3 el P. Xifr\u00e9 con motivo de la tanda de ejercicios que predic\u00f3 previa a su ordenaci\u00f3n de presb\u00edtero; el prestigio de la incipiente comunidad claretiana y, en particular, su amistad personal con el P. Brossosa que con anterioridad hab\u00eda ingresado ya en la Congregaci\u00f3n.<\/p>\n<p style=\"text-align: justify;\">Tras su incorporaci\u00f3n a la comunidad, se dedic\u00f3 durante un per\u00edodo de tiempo a la predicaci\u00f3n misionera por tierras de Catalu\u00f1a, emulando el estilo y el ardor que la incipiente comunidad claretiana hab\u00eda heredado de su santo Fundador. M\u00e1s tarde fue destinado a Segovia. Desde la ciudad del acueducto pudo dedicarse al ministerio de las misiones populares predicando en muchos pueblos de Castilla. Entre los habitantes de aquellos pueblos dej\u00f3 fama de santidad.<\/p>\n<p style=\"text-align: justify;\">En efecto, sus cualidades personales y su capacidad de trabajo se lo facilitaron. Destacaba su figura misionera alta y joven, con rostro alegre, sereno y bondadoso. Este misionero sintoniz\u00f3 sobre todo con ni\u00f1os y j\u00f3venes. Su estilo de hablar era concreto, sencillo y alegre. Comprob\u00f3 en repetidas ocasiones c\u00f3mo la gente de muchos pueblos, hambrienta de la Palabra de Dios, le acog\u00eda con los brazos y con el coraz\u00f3n abiertos. Crusats se mostr\u00f3 siempre ante aquellas personas como un misionero lleno de Dios y de amor al pueblo. Por eso, muy pronto lo llamaron el <em>santo Crusats<\/em>.<\/p>\n<p style=\"text-align: justify;\">Destinado a la comunidad de Selva del Campo (Tarragona &#8211; Espa\u00f1a), fue v\u00edctima de la persecuci\u00f3n religiosa desatada a ra\u00edz de la Revoluci\u00f3n de 1868 que cost\u00f3 el trono y el exilio a la reina Isabel II. En medio de la turbulencia desatada por aquel fat\u00eddico acontecimiento, fue asaltada la casa claretiana de Selva del Campo por un grupo de exaltados. Los miembros de la comunidad claretiana consiguieron escapar, menos el P. Crusats quien, al salir al paso de los agresores, recibi\u00f3, adem\u00e1s de insultos y golpes, la herida mortal que le cost\u00f3 la vida.<\/p>\n<p style=\"text-align: justify;\">En su losa sepulcral puede leerse el epitafio que le describe admirablemente: \u00abinsigne por la candidez de su esp\u00edritu y celo de la salvaci\u00f3n de las almas\u00bb. Muri\u00f3 joven. Tiene iniciada la causa de beatificaci\u00f3n.<\/p>\n","protected":false},"excerpt":{"rendered":"<p>El Siervo de Dios P. Francisco Crusats y Franch, natural de Seva (Barcelona &#8211; Espa\u00f1a), fue el primer claretiano que consigui\u00f3 la corona del martirio que dese\u00f3 para s\u00ed mismo nuestro santo Fundador. Curs\u00f3 la carrera eclesi\u00e1stica en Vic y fue ordenado como presb\u00edtero el 18 de septiembre de 1858, en el mismo mes en [&hellip;]<\/p>\n","protected":false},"author":69,"featured_media":28324,"parent":24840,"menu_order":0,"comment_status":"closed","ping_status":"closed","template":"","meta":{"_et_pb_use_builder":"","_et_pb_old_content":"","_et_gb_content_width":"","footnotes":""},"class_list":["post-28326","page","type-page","status-publish","has-post-thumbnail","hentry"],"jetpack_sharing_enabled":true,"jetpack_shortlink":"https:\/\/wp.me\/PdaBmi-7mS","jetpack_likes_enabled":true,"_links":{"self":[{"href":"https:\/\/www.claret.org\/es\/wp-json\/wp\/v2\/pages\/28326","targetHints":{"allow":["GET"]}}],"collection":[{"href":"https:\/\/www.claret.org\/es\/wp-json\/wp\/v2\/pages"}],"about":[{"href":"https:\/\/www.claret.org\/es\/wp-json\/wp\/v2\/types\/page"}],"author":[{"embeddable":true,"href":"https:\/\/www.claret.org\/es\/wp-json\/wp\/v2\/users\/69"}],"replies":[{"embeddable":true,"href":"https:\/\/www.claret.org\/es\/wp-json\/wp\/v2\/comments?post=28326"}],"version-history":[{"count":0,"href":"https:\/\/www.claret.org\/es\/wp-json\/wp\/v2\/pages\/28326\/revisions"}],"up":[{"embeddable":true,"href":"https:\/\/www.claret.org\/es\/wp-json\/wp\/v2\/pages\/24840"}],"wp:featuredmedia":[{"embeddable":true,"href":"https:\/\/www.claret.org\/es\/wp-json\/wp\/v2\/media\/28324"}],"wp:attachment":[{"href":"https:\/\/www.claret.org\/es\/wp-json\/wp\/v2\/media?parent=28326"}],"curies":[{"name":"wp","href":"https:\/\/api.w.org\/{rel}","templated":true}]}}