{"id":28342,"date":"2018-09-06T08:10:53","date_gmt":"2018-09-06T06:10:53","guid":{"rendered":"https:\/\/www.claret.org\/calendario\/fecha-2-de-octubre-santos-angeles-custodios-compatronos\/"},"modified":"2022-04-07T16:26:45","modified_gmt":"2022-04-07T14:26:45","slug":"fecha-2-de-octubre-santos-angeles-custodios-compatronos","status":"publish","type":"page","link":"https:\/\/www.claret.org\/es\/efemeride\/fecha-2-de-octubre-santos-angeles-custodios-compatronos\/","title":{"rendered":"Fecha: 2 de Octubre &#8211; Santos \u00c1ngeles Custodios, compatronos"},"content":{"rendered":"<p style=\"text-align: justify;\">La Iglesia hace memoria hoy de los santos \u00c1ngeles custodios, apenas tres d\u00edas despu\u00e9s de la fiesta lit\u00fargica de los santos arc\u00e1ngeles Miguel, Gabriel y Rafael. La Congregaci\u00f3n se asocia a este culto de la Iglesia venerando la memoria de todos los \u00c1ngeles (cf. CC 35), a los que tradicionalmente tenemos como compatronos.<\/p>\n<p style=\"text-align: justify;\"><img data-recalc-dims=\"1\" loading=\"lazy\" decoding=\"async\" class=\"alignleft\" title=\"\" src=\"https:\/\/i0.wp.com\/www2.claret.org\/sites\/default\/files\/imagenes\/espiritualidad\/calendario\/55-angeles.jpg?resize=215%2C277\" alt=\"\" width=\"215\" height=\"277\"><\/p>\n<p style=\"text-align: justify;\">Los \u00c1ngeles tienen como misi\u00f3n adorar a Dios y cumplir sus \u00f3rdenes. Son portadores de los mensajes de Dios, que eso significa la palabra <em>\u00e1ngel<\/em>. La creencia en la existencia de los \u00c1ngeles y su cercan\u00eda protectora junto a los humanos ha sido mantenida desde antiguo en la Iglesia y celebrada en la liturgia.<\/p>\n<p style=\"text-align: justify;\">Nuestro Fundador profesaba una gran devoci\u00f3n hacia todos los santos \u00e1ngeles, particularmente hacia el arc\u00e1ngel san Miguel y hacia los \u00c1ngeles custodios de los pueblos, testimoniando su protecci\u00f3n experimentada a lo largo de su vida y ministerio.<\/p>\n<p style=\"text-align: justify;\">El Santo testimonia la protecci\u00f3n experimentada a trav\u00e9s de los \u00c1ngeles (junto con la protecci\u00f3n de la Virgen Mar\u00eda y de otros santos) cuando arreciaban las persecuciones hacia su persona en medio de su actividad misionera. Dice \u00e9l: \u00ab La Sant\u00edsima Virgen y sus \u00c1ngeles me guiaron por caminos desconocidos, me libraron de ladrones y asesinos y me llevaban a puerto seguro sin saber c\u00f3mo\u00bb (Aut 464). Implora de Mar\u00eda, Reina de los \u00c1ngeles, su intercesi\u00f3n para que los env\u00ede en su auxilio (cf. Aut 272). Y es el mismo Claret quien interpreta como ayuda del cielo la recibida en Marsella, en su viaje hacia Roma siendo joven sacerdote, por parte de un sujeto que le atendi\u00f3 de tal manera que, en palabras del santo, m\u00e1s parec\u00eda \u00e1ngel que hombre (cf. Aut 128).<\/p>\n<p style=\"text-align: justify;\">La celebraci\u00f3n de la memoria de los santos \u00c1ngeles es ocasi\u00f3n para reconocer y agradecer la invisible pero eficaz providencia de Dios, siempre cercano a nuestras vidas por medio de estas criaturas, y para emular de ellos la presteza en el desempe\u00f1o de su misi\u00f3n a favor de los hombres, siendo portadores, como ellos, de mensajes de esperanza y salvaci\u00f3n para nuestro mundo.<\/p>\n","protected":false},"excerpt":{"rendered":"<p>La Iglesia hace memoria hoy de los santos \u00c1ngeles custodios, apenas tres d\u00edas despu\u00e9s de la fiesta lit\u00fargica de los santos arc\u00e1ngeles Miguel, Gabriel y Rafael. La Congregaci\u00f3n se asocia a este culto de la Iglesia venerando la memoria de todos los \u00c1ngeles (cf. CC 35), a los que tradicionalmente tenemos como compatronos. Los \u00c1ngeles [&hellip;]<\/p>\n","protected":false},"author":69,"featured_media":28340,"parent":24840,"menu_order":0,"comment_status":"closed","ping_status":"closed","template":"","meta":{"_et_pb_use_builder":"","_et_pb_old_content":"","_et_gb_content_width":"","footnotes":""},"class_list":["post-28342","page","type-page","status-publish","has-post-thumbnail","hentry"],"jetpack_sharing_enabled":true,"jetpack_shortlink":"https:\/\/wp.me\/PdaBmi-7n8","jetpack_likes_enabled":true,"_links":{"self":[{"href":"https:\/\/www.claret.org\/es\/wp-json\/wp\/v2\/pages\/28342","targetHints":{"allow":["GET"]}}],"collection":[{"href":"https:\/\/www.claret.org\/es\/wp-json\/wp\/v2\/pages"}],"about":[{"href":"https:\/\/www.claret.org\/es\/wp-json\/wp\/v2\/types\/page"}],"author":[{"embeddable":true,"href":"https:\/\/www.claret.org\/es\/wp-json\/wp\/v2\/users\/69"}],"replies":[{"embeddable":true,"href":"https:\/\/www.claret.org\/es\/wp-json\/wp\/v2\/comments?post=28342"}],"version-history":[{"count":0,"href":"https:\/\/www.claret.org\/es\/wp-json\/wp\/v2\/pages\/28342\/revisions"}],"up":[{"embeddable":true,"href":"https:\/\/www.claret.org\/es\/wp-json\/wp\/v2\/pages\/24840"}],"wp:featuredmedia":[{"embeddable":true,"href":"https:\/\/www.claret.org\/es\/wp-json\/wp\/v2\/media\/28340"}],"wp:attachment":[{"href":"https:\/\/www.claret.org\/es\/wp-json\/wp\/v2\/media?parent=28342"}],"curies":[{"name":"wp","href":"https:\/\/api.w.org\/{rel}","templated":true}]}}