{"id":28355,"date":"2018-09-06T08:16:18","date_gmt":"2018-09-06T06:16:18","guid":{"rendered":"https:\/\/www.claret.org\/calendario\/fecha-6-de-octubre-ordenacion-episcopal-del-p-fundador\/"},"modified":"2022-04-07T16:29:40","modified_gmt":"2022-04-07T14:29:40","slug":"fecha-6-de-octubre-ordenacion-episcopal-del-p-fundador","status":"publish","type":"page","link":"https:\/\/www.claret.org\/es\/efemeride\/fecha-6-de-octubre-ordenacion-episcopal-del-p-fundador\/","title":{"rendered":"Fecha: 6 de Octubre &#8211; Ordenaci\u00f3n episcopal del P. Fundador"},"content":{"rendered":"<p style=\"text-align: justify;\">Hoy, 6 de octubre, memoria de san Bruno, conmemoramos el aniversario de la consagraci\u00f3n episcopal de san Antonio Mar\u00eda Claret. Esta tuvo lugar en la catedral de Vic en 1850, algo m\u00e1s de un a\u00f1o despu\u00e9s de haber recibido el nombramiento para la sede de Santiago de Cuba. El mismo Claret consider\u00f3 como providencial que su consagraci\u00f3n tuviera lugar en el mes del Rosario y en la fiesta de un santo a cuya orden quiso pertenecer en su juventud. Claret contaba entonces 42 a\u00f1os.<\/p>\n<p style=\"text-align: justify;\"><img data-recalc-dims=\"1\" loading=\"lazy\" decoding=\"async\" class=\"alignleft\" title=\"\" src=\"https:\/\/i0.wp.com\/www2.claret.org\/sites\/default\/files\/imagenes\/espiritualidad\/calendario\/6-b-claret__constituciones.jpg?resize=243%2C417\" alt=\"\" width=\"243\" height=\"417\"><\/p>\n<p style=\"text-align: justify;\">Esta memoria es una oportunidad para meditar sobre el modo como nuestro Fundador vivi\u00f3 su misi\u00f3n episcopal. No le result\u00f3 f\u00e1cil aceptar la encomienda del Papa. Pero, una vez tomada la decisi\u00f3n, intent\u00f3 vivirla <em>al estilo de los ap\u00f3stoles<\/em>. En los casi siete a\u00f1os en que fue arzobispo de Santiago de Cuba se entreg\u00f3 en cuerpo y alma a la revitalizaci\u00f3n de la di\u00f3cesis a trav\u00e9s de las visitas pastorales, la atenci\u00f3n al clero y al seminario, la promoci\u00f3n de obras sociales y la animaci\u00f3n de la vida cristiana en general. Su esp\u00edritu de misionero apost\u00f3lico insufl\u00f3 al episcopado un dinamismo que no era habitual en los obispos de su tiempo.<\/p>\n<p style=\"text-align: justify;\">Este modelo de episcopado es el que \u00e9l practic\u00f3, sobre todo, durante el tiempo en el que fue pastor de la archidi\u00f3cesis de Santiago de Cuba. Nada m\u00e1s llegar a la isla se lo dej\u00f3 bien claro al Gobernador General don Jos\u00e9 Guti\u00e9rrez de la Concha: \u00abEl d\u00eda en que vea que se pone el menor tropiezo a mi misi\u00f3n&#8230; ese d\u00eda dejar\u00e9 mi puesto y nada perder\u00e9 por cierto en cuanto a mi persona, porque el car\u00e1cter de misionero me basta para ser pobre, para amar a Dios, para amar a mis pr\u00f3jimos y ganar sus almas al mismo tiempo que la m\u00eda\u00bb (3, p. 485).<\/p>\n<p style=\"text-align: justify;\">A diferencia de otros muchos obispos de su tiempo, encomend\u00f3 a personas competentes el funcionamiento ordinario de la Curia arzobispal. Y \u00e9l se dedic\u00f3 de lleno a la evangelizaci\u00f3n, a trav\u00e9s de las visitas pastorales a la di\u00f3cesis, del continuo ejercicio del ministerio de la Palabra y de su preocupaci\u00f3n por atender a las necesidades de los m\u00e1s pobres, sobre todo en el campo de la prevenci\u00f3n y la educaci\u00f3n. Rubric\u00f3 esta entrega a su pueblo con la sangre derramada en el atentado de Holgu\u00edn, el 1 de febrero de 1856.<\/p>\n<p style=\"text-align: justify;\">En las etapas posteriores de Madrid, Par\u00eds y Roma, a pesar de que no era obispo residencial, supo encontrar otros cauces como pl\u00e1ticas, conferencias, ejercicios espirituales, el apostolado de la prensa, el acompa\u00f1amiento espiritual, el consejo, para seguir sirviendo intensamente a la Iglesia. La caridad de Cristo, lema de su escudo arzobispal, fue siempre el motor de su vida y apostolado.<\/p>\n<p style=\"text-align: justify;\">En un d\u00eda como hoy podemos tener un recuerdo especial de todos los claretianos que han sido llamados a servir a la iglesia como obispos. Oremos por ellos y por sus iglesias particulares, para que, a ejemplo de san Antonio Mar\u00eda Claret, sepan llevar la buena del Evangelio con una vida entrega y con una fina atenci\u00f3n a los signos de los tiempos.<\/p>\n","protected":false},"excerpt":{"rendered":"<p>Hoy, 6 de octubre, memoria de san Bruno, conmemoramos el aniversario de la consagraci\u00f3n episcopal de san Antonio Mar\u00eda Claret. Esta tuvo lugar en la catedral de Vic en 1850, algo m\u00e1s de un a\u00f1o despu\u00e9s de haber recibido el nombramiento para la sede de Santiago de Cuba. El mismo Claret consider\u00f3 como providencial que [&hellip;]<\/p>\n","protected":false},"author":69,"featured_media":28353,"parent":24840,"menu_order":0,"comment_status":"closed","ping_status":"closed","template":"","meta":{"_et_pb_use_builder":"","_et_pb_old_content":"","_et_gb_content_width":"","footnotes":""},"class_list":["post-28355","page","type-page","status-publish","has-post-thumbnail","hentry"],"jetpack_sharing_enabled":true,"jetpack_shortlink":"https:\/\/wp.me\/PdaBmi-7nl","jetpack_likes_enabled":true,"_links":{"self":[{"href":"https:\/\/www.claret.org\/es\/wp-json\/wp\/v2\/pages\/28355","targetHints":{"allow":["GET"]}}],"collection":[{"href":"https:\/\/www.claret.org\/es\/wp-json\/wp\/v2\/pages"}],"about":[{"href":"https:\/\/www.claret.org\/es\/wp-json\/wp\/v2\/types\/page"}],"author":[{"embeddable":true,"href":"https:\/\/www.claret.org\/es\/wp-json\/wp\/v2\/users\/69"}],"replies":[{"embeddable":true,"href":"https:\/\/www.claret.org\/es\/wp-json\/wp\/v2\/comments?post=28355"}],"version-history":[{"count":0,"href":"https:\/\/www.claret.org\/es\/wp-json\/wp\/v2\/pages\/28355\/revisions"}],"up":[{"embeddable":true,"href":"https:\/\/www.claret.org\/es\/wp-json\/wp\/v2\/pages\/24840"}],"wp:featuredmedia":[{"embeddable":true,"href":"https:\/\/www.claret.org\/es\/wp-json\/wp\/v2\/media\/28353"}],"wp:attachment":[{"href":"https:\/\/www.claret.org\/es\/wp-json\/wp\/v2\/media?parent=28355"}],"curies":[{"name":"wp","href":"https:\/\/api.w.org\/{rel}","templated":true}]}}