{"id":28370,"date":"2018-09-06T08:21:59","date_gmt":"2018-09-06T06:21:59","guid":{"rendered":"https:\/\/www.claret.org\/calendario\/fecha-7-de-octubre-nuestra-senora-del-rosario\/"},"modified":"2018-09-06T08:21:59","modified_gmt":"2018-09-06T06:21:59","slug":"fecha-7-de-octubre-nuestra-senora-del-rosario","status":"publish","type":"page","link":"https:\/\/www.claret.org\/es\/efemeride\/fecha-7-de-octubre-nuestra-senora-del-rosario\/","title":{"rendered":"Fecha: 7 de Octubre &#8211; Nuestra Se\u00f1ora del Rosario"},"content":{"rendered":"<p style=\"text-align: justify;\">El Rosario de la Virgen Mar\u00eda ha sido y es desde siempre una de las oraciones m\u00e1s apreciadas por el pueblo cristiano por su sencillez y profundidad. Aunque se distingue por su car\u00e1cter mariano, es una oraci\u00f3n centrada en el misterio \u00edntegro de Cristo. En la sobriedad de sus partes, concentra en s\u00ed <em>la profundidad de todo el mensaje evang\u00e9lico<\/em>, del cual es como un compendio.<\/p>\n<p style=\"text-align: justify;\"><img data-recalc-dims=\"1\" loading=\"lazy\" decoding=\"async\" class=\"alignleft\" title=\"\" src=\"https:\/\/i0.wp.com\/www2.claret.org\/sites\/default\/files\/imagenes\/espiritualidad\/calendario\/57-nuestra_seora_del_rosario.jpg?resize=211%2C415\" alt=\"\" width=\"211\" height=\"415\"><\/p>\n<p style=\"text-align: justify;\">Por medio del Rosario los Misioneros Claretianos \u00abveneramos con amor filial a la Sant\u00edsima Virgen Mar\u00eda, Madre de Dios, asociada de todo coraz\u00f3n a la obra salv\u00edfica de su Hijo\u00bb (CC 36). As\u00ed <em>aprendemos de Mar\u00eda<\/em> a contemplar la belleza del rostro de Cristo y experimentamos la profundidad de su amor para anunciarlo a los hombres. El Rosario ha sido una de las tradiciones m\u00e1s queridas que la Congregaci\u00f3nrecibi\u00f3 del P. Fundador (cf. CC 36 y Dir. 87).<\/p>\n<p style=\"text-align: justify;\">Antonio Mar\u00eda Claret recuerda que desde muy ni\u00f1o encontr\u00f3 en el rosario <em>el mayor tesoro<\/em> (cf. Aut 44). Su familia, la escuela, la parroquia y en particular el libro del <em>Roser <\/em>(cf. Aut 45) fueron sus instructores directos. Nunca olvidar\u00eda el santo con qu\u00e9 fervor lo rezaba en sus subidas frecuentes al santuario de Fusima\u00f1a con su hermana Rosa. Como hijo de su tiempo, Claret hace suya esta devoci\u00f3n, ya profundamente arraigada en la Espa\u00f1a del siglo XIX hasta convertirla en su devoci\u00f3n por excelencia que nunca abandonar\u00eda. M\u00e1s a\u00fan, sinti\u00f3 muy viva la relaci\u00f3n que exist\u00eda entre el rosario y la evangelizaci\u00f3n. Por eso la us\u00f3 como instrumento misionero, popular y eficac\u00edsimo, de anuncio de la Palabra, la mejor de las armas contra los enemigos de la fe.<\/p>\n<p style=\"text-align: justify;\">Tanto en su vida de joven estudiante y trabajador en Barcelona, como en sus a\u00f1os de seminarista o de sacerdote, o en sus aventuras misioneras y en sus desvelos como Arzobispo y Confesor, se esforz\u00f3 no solo en practicar sino en inculcar esta devoci\u00f3n en todos. Tuvo la conciencia de ser el Domingo de los tiempos modernos, como le llam\u00f3 la Virgen (cf. Aut 677). El P. Fundador nos leg\u00f3 a los claretianos esta preciada herencia. Ya en el a\u00f1o 1865 hab\u00eda hecho testamento en favor de la Congregaci\u00f3n, y, por tanto, por disposici\u00f3n suya y aceptaci\u00f3n por parte del P. Xifr\u00e9, todo su patrimonio pas\u00f3 a nuestro Instituto. Pero la mejor herencia vino despu\u00e9s. Poco antes de morir en Fontfroide entregaba como herencia a sus hijos, en la persona del P. Clotet, el rosario que hab\u00eda usado siempre en su misi\u00f3n evangelizadora, junto con la Palabra de Dios (cf. Aut 271). Este episodio sucedi\u00f3 el 12 de octubre de 1870. Lo refiere el mismo P. Clotet al recordar las palabras del santo moribundo: \u00abTome usted mis rosarios y cons\u00e9rvelos\u00bb (3, p. 832).<\/p>\n<p style=\"text-align: justify;\">Hoy al recordar a Mar\u00eda en su advocaci\u00f3n de Nuestra Se\u00f1ora del Rosario, renovamos esta conciencia y esta preciada pr\u00e1ctica, legada con inter\u00e9s por nuestro santo Fundador.<\/p>\n","protected":false},"excerpt":{"rendered":"<p>El Rosario de la Virgen Mar\u00eda ha sido y es desde siempre una de las oraciones m\u00e1s apreciadas por el pueblo cristiano por su sencillez y profundidad. Aunque se distingue por su car\u00e1cter mariano, es una oraci\u00f3n centrada en el misterio \u00edntegro de Cristo. En la sobriedad de sus partes, concentra en s\u00ed la profundidad [&hellip;]<\/p>\n","protected":false},"author":69,"featured_media":28368,"parent":24840,"menu_order":0,"comment_status":"closed","ping_status":"closed","template":"","meta":{"_et_pb_use_builder":"","_et_pb_old_content":"","_et_gb_content_width":"","footnotes":""},"class_list":["post-28370","page","type-page","status-publish","has-post-thumbnail","hentry"],"jetpack_sharing_enabled":true,"jetpack_shortlink":"https:\/\/wp.me\/PdaBmi-7nA","jetpack_likes_enabled":true,"_links":{"self":[{"href":"https:\/\/www.claret.org\/es\/wp-json\/wp\/v2\/pages\/28370","targetHints":{"allow":["GET"]}}],"collection":[{"href":"https:\/\/www.claret.org\/es\/wp-json\/wp\/v2\/pages"}],"about":[{"href":"https:\/\/www.claret.org\/es\/wp-json\/wp\/v2\/types\/page"}],"author":[{"embeddable":true,"href":"https:\/\/www.claret.org\/es\/wp-json\/wp\/v2\/users\/69"}],"replies":[{"embeddable":true,"href":"https:\/\/www.claret.org\/es\/wp-json\/wp\/v2\/comments?post=28370"}],"version-history":[{"count":0,"href":"https:\/\/www.claret.org\/es\/wp-json\/wp\/v2\/pages\/28370\/revisions"}],"up":[{"embeddable":true,"href":"https:\/\/www.claret.org\/es\/wp-json\/wp\/v2\/pages\/24840"}],"wp:featuredmedia":[{"embeddable":true,"href":"https:\/\/www.claret.org\/es\/wp-json\/wp\/v2\/media\/28368"}],"wp:attachment":[{"href":"https:\/\/www.claret.org\/es\/wp-json\/wp\/v2\/media?parent=28370"}],"curies":[{"name":"wp","href":"https:\/\/api.w.org\/{rel}","templated":true}]}}