{"id":28385,"date":"2018-09-06T08:27:19","date_gmt":"2018-09-06T06:27:19","guid":{"rendered":"https:\/\/www.claret.org\/calendario\/fecha-13-de-octubre-hno-manuel-giol\/"},"modified":"2022-04-07T16:22:34","modified_gmt":"2022-04-07T14:22:34","slug":"fecha-13-de-octubre-hno-manuel-giol","status":"publish","type":"page","link":"https:\/\/www.claret.org\/es\/efemeride\/fecha-13-de-octubre-hno-manuel-giol\/","title":{"rendered":"Fecha: 13 de Octubre &#8211; Hno. Manuel Giol"},"content":{"rendered":"<p style=\"text-align: justify;\">El Hno. Manuel Giol y Borr\u00e1s naci\u00f3 en Borjas del Campo (Tarragona-Espa\u00f1a), el 26 de marzo de 1849. Sus padres, labradores, lo educaron en la fe cristiana y en el amor a la Virgen, a la que todos los d\u00edas rezaban el rosario en familia. Despu\u00e9s de prestar el servicio militar (1869) y participar contra su voluntad en la tercera guerra carlista, donde experiment\u00f3 vivamente la protecci\u00f3n de la Virgen, comenz\u00f3 el 13 de junio de 1876 el a\u00f1o de Noviciado en la Casa-Misi\u00f3n de Gracia bajo la sabia gu\u00eda de su Maestro, el P. Jaime Constans. El 21 de julio de 1877, a la edad de 28 a\u00f1os, el Hno. Giol emiti\u00f3 su profesi\u00f3n religiosa.<\/p>\n<p style=\"text-align: justify;\"><img data-recalc-dims=\"1\" loading=\"lazy\" decoding=\"async\" class=\"alignleft\" title=\"\" src=\"https:\/\/i0.wp.com\/www2.claret.org\/sites\/default\/files\/imagenes\/espiritualidad\/calendario\/58-hermano_manuel_giol.jpg?resize=196%2C268\" alt=\"\" width=\"196\" height=\"268\"><\/p>\n<p style=\"text-align: justify;\">El primer destino del Hno. Giol fue a la residencia de Alta de San Pedro, en Barcelona. En medio de sus muchas ocupaciones, el Hno. Giol consegu\u00eda guardar el recogimiento interior y el esp\u00edritu de oraci\u00f3n, haciendo de las frecuentes salidas a la ciudad, impuestas por sus cargos, una plataforma de testimonio apost\u00f3lico. Entre los rasgos m\u00e1s concretos de su fisonom\u00eda espiritual, podemos destacar: los tres amores, a la Sant\u00edsima Eucarist\u00eda, al Coraz\u00f3n de Mar\u00eda y a la Congregaci\u00f3n; las tres virtudes: la oraci\u00f3n, la humildad y la caridad fraterna; y el medio de la presencia de Dios. Tambi\u00e9n aprovechaba cualquier ocasi\u00f3n para expresar su celo apost\u00f3lico. Una muestra de su sentido apost\u00f3lico puede ser este texto: \u00abYo soy Hermano; pero Hermano Misionero; y las Misiones que yo debo dar, si no son ruidosas como las de los Padres, pueden ser tan fructuosas y seguramente son menos peligrosas para el alma. La oraci\u00f3n y el buen ejemplo, \u00e9ste es el doble instrumento de mis Misiones&#8230;\u00bb (1, p. 205).<\/p>\n<p style=\"text-align: justify;\">La rica y profunda experiencia espiritual y cordimariana del Hno. Giol ha quedado reflejada en los dos amplios tratados que escribi\u00f3 y que llevan por t\u00edtulo <em>Moradas en el Coraz\u00f3n de Mar\u00eda del alma enamorada<\/em>y <em>Ensayo de la vida interior.<\/em> A trav\u00e9s de estos escritos, nuestro Hermano va desvelando sus experiencias en el camino de la santidad, con sus avances y sus luchas \u2014a veces dram\u00e1ticas\u2014, con los favores de Dios y de la divina Madre, con alt\u00edsimos momentos de contemplaci\u00f3n y una permanente solicitud por el bien de la Congregaci\u00f3n y la salvaci\u00f3n de todos los hombres. Toda la espiritualidad del Hno. Giol se halla fuertemente marcada por su vivencia cordimariana, pudiendo resumirse en un afanoso buscar a Dios en el Inmaculado Coraz\u00f3n de Mar\u00eda, confi\u00e1ndose a Ella con el abandono, con la entrega de un ni\u00f1o al amor y a los cuidados de su madre (cf. 2, p. 166s). \u00abDe un tiempo a esta parte, siento crecer en mi coraz\u00f3n la confianza en la celestial Se\u00f1ora, de modo que me parece que soy cosa y posesi\u00f3n suya y que Ella cuida de m\u00ed de una manera tan especial que aunque todo el infierno se pusiera contra m\u00ed, mi Madre me sacar\u00eda en salvo de todos sus ardides. Par\u00e9ceme que Ella es mi coraz\u00f3n, mi vida, mi alma&#8230;\u00bb (<em>Cuenta de conciencia del 26 de junio de 1897<\/em>).<\/p>\n<p style=\"text-align: justify;\">Mientras se hallaba en Olesa de Montserrat (Barcelona), a pesar de su extrema debilidad, el Hno. Giol encontr\u00f3 fuerzas para subir a pie al Santuario de Montserrat y despedirse de la Virgen<em>Morenita<\/em>. Su tr\u00e1nsito de este mundo tuvo lugar en la casa de Cervera, a donde fue trasladado ante el agravamiento de su salud, el d\u00eda 13 de octubre de 1909.<\/p>\n","protected":false},"excerpt":{"rendered":"<p>El Hno. Manuel Giol y Borr\u00e1s naci\u00f3 en Borjas del Campo (Tarragona-Espa\u00f1a), el 26 de marzo de 1849. Sus padres, labradores, lo educaron en la fe cristiana y en el amor a la Virgen, a la que todos los d\u00edas rezaban el rosario en familia. Despu\u00e9s de prestar el servicio militar (1869) y participar contra [&hellip;]<\/p>\n","protected":false},"author":69,"featured_media":28383,"parent":24840,"menu_order":0,"comment_status":"closed","ping_status":"closed","template":"","meta":{"_et_pb_use_builder":"","_et_pb_old_content":"","_et_gb_content_width":"","footnotes":""},"class_list":["post-28385","page","type-page","status-publish","has-post-thumbnail","hentry"],"jetpack_sharing_enabled":true,"jetpack_shortlink":"https:\/\/wp.me\/PdaBmi-7nP","jetpack_likes_enabled":true,"_links":{"self":[{"href":"https:\/\/www.claret.org\/es\/wp-json\/wp\/v2\/pages\/28385","targetHints":{"allow":["GET"]}}],"collection":[{"href":"https:\/\/www.claret.org\/es\/wp-json\/wp\/v2\/pages"}],"about":[{"href":"https:\/\/www.claret.org\/es\/wp-json\/wp\/v2\/types\/page"}],"author":[{"embeddable":true,"href":"https:\/\/www.claret.org\/es\/wp-json\/wp\/v2\/users\/69"}],"replies":[{"embeddable":true,"href":"https:\/\/www.claret.org\/es\/wp-json\/wp\/v2\/comments?post=28385"}],"version-history":[{"count":0,"href":"https:\/\/www.claret.org\/es\/wp-json\/wp\/v2\/pages\/28385\/revisions"}],"up":[{"embeddable":true,"href":"https:\/\/www.claret.org\/es\/wp-json\/wp\/v2\/pages\/24840"}],"wp:featuredmedia":[{"embeddable":true,"href":"https:\/\/www.claret.org\/es\/wp-json\/wp\/v2\/media\/28383"}],"wp:attachment":[{"href":"https:\/\/www.claret.org\/es\/wp-json\/wp\/v2\/media?parent=28385"}],"curies":[{"name":"wp","href":"https:\/\/api.w.org\/{rel}","templated":true}]}}