{"id":28415,"date":"2018-09-06T08:40:41","date_gmt":"2018-09-06T06:40:41","guid":{"rendered":"https:\/\/www.claret.org\/calendario\/fecha-16-de-octubre-siervo-de-dios-hno-miguel-palau\/"},"modified":"2018-09-06T08:40:41","modified_gmt":"2018-09-06T06:40:41","slug":"fecha-16-de-octubre-siervo-de-dios-hno-miguel-palau","status":"publish","type":"page","link":"https:\/\/www.claret.org\/es\/efemeride\/fecha-16-de-octubre-siervo-de-dios-hno-miguel-palau\/","title":{"rendered":"Fecha: 16 de Octubre &#8211; Siervo de Dios, Hno. Miguel Palau"},"content":{"rendered":"<p style=\"text-align: justify;\">Nacido en Serrateix, provincia de Barcelona (Espa\u00f1a), el 24 de julio de 1868, Miguel Palau llam\u00f3 a las puertas de la Congregaci\u00f3n el 13 de enero de 1890. Falleci\u00f3, con fama de santidad, en Cervera (L\u00e9rida \u2013 Espa\u00f1a), el 16 de octubre de 1929.<\/p>\n<p style=\"text-align: justify;\"><img data-recalc-dims=\"1\" loading=\"lazy\" decoding=\"async\" class=\"alignleft\" title=\"\" src=\"https:\/\/i0.wp.com\/www2.claret.org\/sites\/default\/files\/imagenes\/espiritualidad\/calendario\/61-miguel_palau_retocada.jpg?resize=199%2C298\" alt=\"\" width=\"199\" height=\"298\"><\/p>\n<p style=\"text-align: justify;\">Podemos decir que la comunidad de Cervera fue su primer y definitivo destino. Casi toda su vida misionera se desenvolvi\u00f3 entre la ex Universidad y Mas Claret, secciones que compon\u00edan la misma y \u00fanica comunidad. Se dedic\u00f3 siempre a trabajos de mantenimiento con el cargo de alba\u00f1il y los consiguientes trabajos de fontaner\u00eda, electricidad y responsable del trazo de zanjas para diversas instalaciones.<\/p>\n<p style=\"text-align: justify;\">Su bi\u00f3grafo, el P. Antonio Mar\u00eda Arranz, lo recuerda as\u00ed: \u00abHan transcurrido ya unos cuarenta a\u00f1os, y a\u00fan parece que le vemos\u2026 Mediano de estatura, p\u00e1lido el rostro y enjutas las carnes, pausado su andar, siempre recogido y devoto, en las manos el rosario, y la flor de la sonrisa siempre apuntando en sus labios, aparec\u00eda con frecuencia por los anchurosos e inmensos claustros universitarios, con su blusita negra hasta las rodillas, y llevando las herramientas del oficio en direcci\u00f3n al trabajo\u00bb.<\/p>\n<p style=\"text-align: justify;\">En sus calladas labores no conoc\u00eda ni verano ni invierno. Impresionaba verle siempre en actividad, tranquilo y sin perder un momento, bajo los calores del sol de verano o el rigor de los d\u00edas helados de invierno.<\/p>\n<p style=\"text-align: justify;\">Cuando la Congregaci\u00f3n se hizo cargo de la casa de campo \u2014el Mas Claret, a siete kil\u00f3metros de Cervera\u2014 como soporte econ\u00f3mico del Seminario y lugar de enfermer\u00eda para los convalecientes de la Universidad, el Hno. Miguel se encarg\u00f3 de la remodelaci\u00f3n del viejo caser\u00f3n y construy\u00f3 un ala nueva en el edificio como vivienda para la comunidad.<\/p>\n<p style=\"text-align: justify;\">El Hno. Miguel Palau llev\u00f3 una intensa vida interior. Trat\u00f3 de vivir siempre consagrado a la voluntad del Padre y manifest\u00f3 una devoci\u00f3n exquisita a Mar\u00eda. Sobresal\u00eda adem\u00e1s por su convivencia fraterna, c\u00e1lida y gratificante, y en particular por el esmero y constancia en su trabajo, t\u00e9cnicamente perfecto. Este conjunto de cualidades las mostraba desde su constituci\u00f3n f\u00edsica d\u00e9bil, con achaques que le acompa\u00f1aron desde la juventud y que se complicaron a media edad con problemas card\u00edacos.<\/p>\n","protected":false},"excerpt":{"rendered":"<p>Nacido en Serrateix, provincia de Barcelona (Espa\u00f1a), el 24 de julio de 1868, Miguel Palau llam\u00f3 a las puertas de la Congregaci\u00f3n el 13 de enero de 1890. Falleci\u00f3, con fama de santidad, en Cervera (L\u00e9rida \u2013 Espa\u00f1a), el 16 de octubre de 1929. Podemos decir que la comunidad de Cervera fue su primer y [&hellip;]<\/p>\n","protected":false},"author":69,"featured_media":28413,"parent":24840,"menu_order":0,"comment_status":"closed","ping_status":"closed","template":"","meta":{"_et_pb_use_builder":"","_et_pb_old_content":"","_et_gb_content_width":"","footnotes":""},"class_list":["post-28415","page","type-page","status-publish","has-post-thumbnail","hentry"],"jetpack_sharing_enabled":true,"jetpack_shortlink":"https:\/\/wp.me\/PdaBmi-7oj","jetpack_likes_enabled":true,"_links":{"self":[{"href":"https:\/\/www.claret.org\/es\/wp-json\/wp\/v2\/pages\/28415","targetHints":{"allow":["GET"]}}],"collection":[{"href":"https:\/\/www.claret.org\/es\/wp-json\/wp\/v2\/pages"}],"about":[{"href":"https:\/\/www.claret.org\/es\/wp-json\/wp\/v2\/types\/page"}],"author":[{"embeddable":true,"href":"https:\/\/www.claret.org\/es\/wp-json\/wp\/v2\/users\/69"}],"replies":[{"embeddable":true,"href":"https:\/\/www.claret.org\/es\/wp-json\/wp\/v2\/comments?post=28415"}],"version-history":[{"count":0,"href":"https:\/\/www.claret.org\/es\/wp-json\/wp\/v2\/pages\/28415\/revisions"}],"up":[{"embeddable":true,"href":"https:\/\/www.claret.org\/es\/wp-json\/wp\/v2\/pages\/24840"}],"wp:featuredmedia":[{"embeddable":true,"href":"https:\/\/www.claret.org\/es\/wp-json\/wp\/v2\/media\/28413"}],"wp:attachment":[{"href":"https:\/\/www.claret.org\/es\/wp-json\/wp\/v2\/media?parent=28415"}],"curies":[{"name":"wp","href":"https:\/\/api.w.org\/{rel}","templated":true}]}}