{"id":28431,"date":"2018-09-06T08:46:51","date_gmt":"2018-09-06T06:46:51","guid":{"rendered":"https:\/\/www.claret.org\/calendario\/fecha-19-de-octubre-siervos-de-dios-p-jaime-giron-y-companeros-martires\/"},"modified":"2022-04-07T16:25:54","modified_gmt":"2022-04-07T14:25:54","slug":"fecha-19-de-octubre-siervos-de-dios-p-jaime-giron-y-companeros-martires","status":"publish","type":"page","link":"https:\/\/www.claret.org\/es\/efemeride\/fecha-19-de-octubre-siervos-de-dios-p-jaime-giron-y-companeros-martires\/","title":{"rendered":"Fecha: 19 de Octubre &#8211; Siervos de Dios P. Jaime Gir\u00f3n y compa\u00f1eros, m\u00e1rtires"},"content":{"rendered":"<p style=\"text-align: justify;\">El edificio de la antigua Universidad de Cervera (L\u00e9rida \u2013 Espa\u00f1a), que ocupaban desde 1887 los Misioneros Claretianos, albergaba en 1936 a 154 personas: 30 Padres, 35 Hermanos, 51 Estudiantes y 38 Aspirantes que se preparaban para el noviciado. Once de estos misioneros viv\u00edan en la finca de Mas Claret a unos ocho kil\u00f3metros de Cervera.<\/p>\n<p style=\"text-align: justify;\"><img data-recalc-dims=\"1\" loading=\"lazy\" decoding=\"async\" class=\"\" title=\"\" src=\"https:\/\/i0.wp.com\/www2.claret.org\/sites\/default\/files\/imagenes\/espiritualidad\/calendario\/62._mrtires_de_cervera.jpg?resize=448%2C274\" alt=\"\" width=\"448\" height=\"274\"><\/p>\n<p style=\"text-align: justify;\">El P. Jaime Gir\u00f3n, superior de aquella numerosa comunidad, ante el cariz que iban tomando los acontecimientos en Catalu\u00f1a, organiz\u00f3 un plan de evacuaci\u00f3n de los misioneros. Sin embargo, se frustr\u00f3 porque antes de lo previsto, el 21 de julio, los revolucionarios exigieron al alcalde que mandara desalojar el edificio de la Universidad en el plazo de una hora. Tras presentarse puntualmente los milicianos en la comunidad, el P. Gir\u00f3n les pidi\u00f3 que los trasladaran a Solsona, poblaci\u00f3n cercana a la frontera con Francia.<\/p>\n<p style=\"text-align: justify;\">A mitad de camino, en el pueblo de Tor\u00e1 (L\u00e9rida), los milicianos que dirig\u00edan el convoy de los misioneros determinaron retroceder hasta el monasterio de san Ram\u00f3n, donde 112 claretianos fueron fraternalmente acogidos por los monjes. Sin embargo, al d\u00eda siguiente, el Comit\u00e9 de Tor\u00e1, para no verse comprometido, reparti\u00f3 pases para que todos salieran de ah\u00ed y huyeran. As\u00ed comenz\u00f3 la dispersi\u00f3n de la comunidad por grupos.<\/p>\n<p style=\"text-align: justify;\">La mayor\u00eda emprendi\u00f3 el camino hacia el Mas Claret, aunque s\u00f3lo pudo llegar la mitad. En la capilla del Mas se ofrecieron a la voluntad de Dios Padre y juraron ser fieles hasta la muerte. El 24 de julio el Comit\u00e9 revolucionario de Cervera se incaut\u00f3 de la finca y sus bienes y s\u00f3lo permiti\u00f3 que permanecieran en la casa los que viv\u00edan all\u00ed y fueran h\u00e1biles para el trabajo.<\/p>\n<p style=\"text-align: justify;\">Un grupo de 15 Estudiantes, guiado por el P. Manuel Jov\u00e9, se encamin\u00f3 en su huida hacia Vallbona de los Monjes (L\u00e9rida). Fueron todos apresados y torturados. Tras casi siete horas de viaje, despu\u00e9s de negarse a abjurar de su fe y de proclamar que mor\u00edan por Cristo, fueron fusilados en el cementerio de L\u00e9rida.<\/p>\n<p style=\"text-align: justify;\">Otro grupo permaneci\u00f3 en el hospital y estaba constituido por un total de 6 Padres, 4 Hermanos y 4 Estudiantes. Aunque algunos estaban gravemente enfermos o imposibilitados, fueron sacados todos del hospital y llevados directamente al cementerio de Cervera donde fueron fusilados.<\/p>\n<p style=\"text-align: justify;\">Los misioneros que quedaron en el Mas Claret pudieron llevar una vida regular, aunque cada d\u00eda recib\u00edan la visita de los milicianos. En la tarde del 19 de octubre con estos lleg\u00f3 un <em>fot\u00f3grafo<\/em>, y con la excusa de hacerles una foto, los 18 m\u00e1rtires de este grupo, tras ser conducidos a la era, fueron fusilados.<\/p>\n<p style=\"text-align: justify;\">El n\u00famero de los m\u00e1rtires de Cervera se completa con otros 10 Padres, 7 Hermanos y 6 Estudiantes, la mayor\u00eda de los cuales murieron solos en lugares diversos y fechas desconocidas, aunque de algunos se conocen algunos detalles de su apresamiento. El caso m\u00e1s conocido e impresionante es el del hermano Fernando Saperas, <em>m\u00e1rtir de la castidad<\/em>, por las duras pruebas y humillaciones a que fue sometido, hasta ser fusilado en el cementerio de T\u00e1rrega. Su recuerdo se hace en este Calendario el 14 de agosto.<\/p>\n","protected":false},"excerpt":{"rendered":"<p>El edificio de la antigua Universidad de Cervera (L\u00e9rida \u2013 Espa\u00f1a), que ocupaban desde 1887 los Misioneros Claretianos, albergaba en 1936 a 154 personas: 30 Padres, 35 Hermanos, 51 Estudiantes y 38 Aspirantes que se preparaban para el noviciado. Once de estos misioneros viv\u00edan en la finca de Mas Claret a unos ocho kil\u00f3metros de [&hellip;]<\/p>\n","protected":false},"author":69,"featured_media":28428,"parent":24840,"menu_order":0,"comment_status":"closed","ping_status":"closed","template":"","meta":{"_et_pb_use_builder":"","_et_pb_old_content":"","_et_gb_content_width":"","footnotes":""},"class_list":["post-28431","page","type-page","status-publish","has-post-thumbnail","hentry"],"jetpack_sharing_enabled":true,"jetpack_shortlink":"https:\/\/wp.me\/PdaBmi-7oz","jetpack_likes_enabled":true,"_links":{"self":[{"href":"https:\/\/www.claret.org\/es\/wp-json\/wp\/v2\/pages\/28431","targetHints":{"allow":["GET"]}}],"collection":[{"href":"https:\/\/www.claret.org\/es\/wp-json\/wp\/v2\/pages"}],"about":[{"href":"https:\/\/www.claret.org\/es\/wp-json\/wp\/v2\/types\/page"}],"author":[{"embeddable":true,"href":"https:\/\/www.claret.org\/es\/wp-json\/wp\/v2\/users\/69"}],"replies":[{"embeddable":true,"href":"https:\/\/www.claret.org\/es\/wp-json\/wp\/v2\/comments?post=28431"}],"version-history":[{"count":0,"href":"https:\/\/www.claret.org\/es\/wp-json\/wp\/v2\/pages\/28431\/revisions"}],"up":[{"embeddable":true,"href":"https:\/\/www.claret.org\/es\/wp-json\/wp\/v2\/pages\/24840"}],"wp:featuredmedia":[{"embeddable":true,"href":"https:\/\/www.claret.org\/es\/wp-json\/wp\/v2\/media\/28428"}],"wp:attachment":[{"href":"https:\/\/www.claret.org\/es\/wp-json\/wp\/v2\/media?parent=28431"}],"curies":[{"name":"wp","href":"https:\/\/api.w.org\/{rel}","templated":true}]}}