{"id":28450,"date":"2018-09-06T08:54:22","date_gmt":"2018-09-06T06:54:22","guid":{"rendered":"https:\/\/www.claret.org\/calendario\/fecha-27-de-octubre-p-domingo-fabregas-cofundador\/"},"modified":"2025-10-27T12:24:31","modified_gmt":"2025-10-27T11:24:31","slug":"fecha-27-de-octubre-p-domingo-fabregas-cofundador","status":"publish","type":"page","link":"https:\/\/www.claret.org\/es\/efemeride\/fecha-27-de-octubre-p-domingo-fabregas-cofundador\/","title":{"rendered":"Fecha: 27 de Octubre &#8211; P. Domingo F\u00e1bregas, cofundador"},"content":{"rendered":"<p style=\"text-align: justify;\">Domingo F\u00e1bregas y Coma naci\u00f3 el 9 de julio de 1817 en San Gen\u00eds de Or\u00eds (Barcelona &#8211; Espa\u00f1a). A los ocho a\u00f1os ingres\u00f3 en el Seminario de Vic. All\u00ed conoci\u00f3 a personajes de la talla del fil\u00f3sofo Jaime Balmes, del P. Pedro Bac \u2014restaurador del Oratorio de san Felipe Neri\u2014, de san Pedro Almat\u00f3, dominico m\u00e1rtir en Vietnam\u00a0 y, en particular, al joven sallentino Antonio Claret.<\/p>\n<p style=\"text-align: justify;\"><img data-recalc-dims=\"1\" loading=\"lazy\" decoding=\"async\" class=\"alignleft\" title=\"\" src=\"https:\/\/i0.wp.com\/www2.claret.org\/sites\/default\/files\/imagenes\/espiritualidad\/calendario\/65-domingo_fbregas.jpg?resize=196%2C294\" alt=\"\" width=\"196\" height=\"294\"><\/p>\n<p style=\"text-align: justify;\">Las adversas circunstancias sociales, pol\u00edticas y religiosas le obligaron a interrumpir estudios y marchar a Roma para poder acceder a la ordenaci\u00f3n sacerdotal, donde volvi\u00f3 a encontrarse con el P. Claret en el convento de S. Basilio. Ordenado en 1840, regres\u00f3 a su tierra natal.<\/p>\n<p style=\"text-align: justify;\">Casi desde su llegada, sus inquietudes y cualidades le orientaron plenamente a la predicaci\u00f3n itinerante. Ese ministerio lo llev\u00f3 a reencontrarse de nuevo con el P. Claret. Ello ser\u00eda la ocasi\u00f3n de recibir la invitaci\u00f3n de formar parte de la Congregaci\u00f3n que aquel pensaba fundar.<\/p>\n<p style=\"text-align: justify;\">En efecto, se sum\u00f3 al peque\u00f1o grupo que el 16 de julio de 1849 dio inicio a esta grande obra. Desde entonces se centr\u00f3 en el ministerio de la predicaci\u00f3n. Fue fundador de la comunidad de Segovia en noviembre de 1861 y represent\u00f3 a aquella comunidad en los dos primeros Cap\u00edtulos Generales de la Congregaci\u00f3n. Tras el segundo Cap\u00edtulo General, en 1864, el P. Domingo F\u00e1bregas no regres\u00f3 a Segovia, sino que pas\u00f3 a Vic tras ver frustrada la fundaci\u00f3n de Huesca.<\/p>\n<p style=\"text-align: justify;\">Fue en Vic donde hubo de sufrir las secuelas de la revoluci\u00f3n de 1868 que oblig\u00f3 a los misioneros de la Casa Madre a abandonar la casa el d\u00eda 2 de octubre y dispersarse en peque\u00f1as comunidades clandestinas. Ello forz\u00f3 al P. F\u00e1bregas a transitar por Vic, Barcelona y Thuir. Restaurada la monarqu\u00eda con Alfonso XII, fue nombrado Superior de la Casa-Colegio de Gracia, en Barcelona.<\/p>\n<p style=\"text-align: justify;\">La muerte le sorprender\u00eda en 1895 en Solsona. Eran las 8 de la ma\u00f1ana del domingo 27 de octubre cuando el P. Domingo F\u00e1bregas, Cofundador de la Congregaci\u00f3n, descans\u00f3 en la paz del Se\u00f1or rodeado de sus hermanos.<\/p>\n","protected":false},"excerpt":{"rendered":"<p>Domingo F\u00e1bregas y Coma naci\u00f3 el 9 de julio de 1817 en San Gen\u00eds de Or\u00eds (Barcelona &#8211; Espa\u00f1a). A los ocho a\u00f1os ingres\u00f3 en el Seminario de Vic. All\u00ed conoci\u00f3 a personajes de la talla del fil\u00f3sofo Jaime Balmes, del P. Pedro Bac \u2014restaurador del Oratorio de san Felipe Neri\u2014, de san Pedro Almat\u00f3, [&hellip;]<\/p>\n","protected":false},"author":69,"featured_media":28448,"parent":24840,"menu_order":0,"comment_status":"closed","ping_status":"closed","template":"","meta":{"_et_pb_use_builder":"","_et_pb_old_content":"","_et_gb_content_width":"","footnotes":""},"class_list":["post-28450","page","type-page","status-publish","has-post-thumbnail","hentry"],"jetpack_sharing_enabled":true,"jetpack_shortlink":"https:\/\/wp.me\/PdaBmi-7oS","jetpack_likes_enabled":true,"_links":{"self":[{"href":"https:\/\/www.claret.org\/es\/wp-json\/wp\/v2\/pages\/28450","targetHints":{"allow":["GET"]}}],"collection":[{"href":"https:\/\/www.claret.org\/es\/wp-json\/wp\/v2\/pages"}],"about":[{"href":"https:\/\/www.claret.org\/es\/wp-json\/wp\/v2\/types\/page"}],"author":[{"embeddable":true,"href":"https:\/\/www.claret.org\/es\/wp-json\/wp\/v2\/users\/69"}],"replies":[{"embeddable":true,"href":"https:\/\/www.claret.org\/es\/wp-json\/wp\/v2\/comments?post=28450"}],"version-history":[{"count":1,"href":"https:\/\/www.claret.org\/es\/wp-json\/wp\/v2\/pages\/28450\/revisions"}],"predecessor-version":[{"id":182865,"href":"https:\/\/www.claret.org\/es\/wp-json\/wp\/v2\/pages\/28450\/revisions\/182865"}],"up":[{"embeddable":true,"href":"https:\/\/www.claret.org\/es\/wp-json\/wp\/v2\/pages\/24840"}],"wp:featuredmedia":[{"embeddable":true,"href":"https:\/\/www.claret.org\/es\/wp-json\/wp\/v2\/media\/28448"}],"wp:attachment":[{"href":"https:\/\/www.claret.org\/es\/wp-json\/wp\/v2\/media?parent=28450"}],"curies":[{"name":"wp","href":"https:\/\/api.w.org\/{rel}","templated":true}]}}