{"id":28481,"date":"2018-09-06T10:02:42","date_gmt":"2018-09-06T08:02:42","guid":{"rendered":"https:\/\/www.claret.org\/calendario\/fecha-3-de-noviembre-p-jose-xifre-cofundador-y-superior-general\/"},"modified":"2018-09-06T10:02:42","modified_gmt":"2018-09-06T08:02:42","slug":"fecha-3-de-noviembre-p-jose-xifre-cofundador-y-superior-general","status":"publish","type":"page","link":"https:\/\/www.claret.org\/es\/efemeride\/fecha-3-de-noviembre-p-jose-xifre-cofundador-y-superior-general\/","title":{"rendered":"Fecha: 3 de Noviembre &#8211; P. Jos\u00e9 Xifr\u00e9, Cofundador y Superior General"},"content":{"rendered":"<p style=\"text-align: justify;\">Naci\u00f3 en Vic (Barcelona &#8211; Espa\u00f1a) el 18 de febrero de 1817. Ingres\u00f3 en el seminario de su ciudad natal en 1829. Recibi\u00f3 la ordenaci\u00f3n sacerdotal en Roma el 16 de febrero de 1840.  Fue uno de los cofundadores de la Congregaci\u00f3n de Misioneros y Superior General, elegido el 1 de mayo de 1858 y reelegido en los Cap\u00edtulos Generales de 1864, 1876 y 1888.  Hombre de esp\u00edritu generoso y rectil\u00edneo estuvo movido por un idealismo nobil\u00edsimo acompa\u00f1ado de una energ\u00eda y entrega extraordinarias. Su inteligencia estuvo siempre al servicio de la fe; su voluntad al servicio de la virtud y su coraz\u00f3n al servicio del ideal. Fue un hombre de fe profunda y un enamorado de la Congregaci\u00f3n y de la Iglesia.<\/p>\n<p style=\"text-align: justify;\"><img data-recalc-dims=\"1\" loading=\"lazy\" decoding=\"async\" class=\"alignleft\" title=\"\" src=\"https:\/\/i0.wp.com\/www2.claret.org\/sites\/default\/files\/imagenes\/espiritualidad\/calendario\/67-xifr.jpg?resize=251%2C335\" alt=\"\" width=\"251\" height=\"335\"><\/p>\n<p style=\"text-align: justify;\">Director espiritual del P. Fundador se relacion\u00f3 con \u00e9l continuamente desde 1858 hasta la muerte del Santo para pedirle consejo sobre numerosos asuntos de la Congregaci\u00f3n. El P. Xifr\u00e9 le impuso el mandato de escribir su <em>Autobiograf\u00eda<\/em> (cf. Aut 1), documento de valor incalculable para conocer la vida de Claret y el esp\u00edritu claretiano. Tras una vida misionera intensa en el gobierno de la Congregaci\u00f3n muri\u00f3 santamente en Cervera (L\u00e9rida &#8211; Espa\u00f1a) el 3 de noviembre de 1899. Dej\u00f3 una impronta profunda en la marcha posterior de la Congregaci\u00f3n despu\u00e9s de trabajar incansablemente por su expansi\u00f3n y desarrollo.<\/p>\n<p style=\"text-align: justify;\">            Adem\u00e1s de sus numerosas circulares, public\u00f3 el <em>Cleri socius<\/em> (1867), el <em>Esp\u00edritu de la Congregaci\u00f3n de los Misioneros Hijos del Inmaculado Coraz\u00f3n de Mar\u00eda<\/em> (1892), <em>El auxiliar de los Misioneros<\/em> (1892\u20111893) y un tratado sobre <em>La gracia divina<\/em> (1899). Durante su generalato se inici\u00f3 la publicaci\u00f3n del <em>Bolet\u00edn Religioso<\/em>, que luego se convirti\u00f3 en <em>Anales de la Congregaci\u00f3n<\/em> y tambi\u00e9n la revista mariana <em>El Iris de Paz <\/em>o<em> El Inmaculado Coraz\u00f3n de Mar\u00eda<\/em>, que hab\u00eda comenzado siendo el <em>Bolet\u00edn del Coraz\u00f3n de Mar\u00eda<\/em>.<\/p>\n<p style=\"text-align: justify;\">            Una de sus grandes preocupaciones fue estimular la fidelidad a la vocaci\u00f3n y el amor a la Congregaci\u00f3n. En la circular <em>Ser fieles a la voca\u00adci\u00f3n<\/em> y en el citado <em>Esp\u00edritu de la Congrega\u00adci\u00f3n<\/em> exhorta a ellas y da orientaciones para ayudar a los hermanos a superar algunas dificultades vocacionales.<\/p>\n<p style=\"text-align: justify;\">            Su gobierno constituy\u00f3 una etapa decisiva para la historia del Instituto de los Misioneros Hijos del Inmaculado Coraz\u00f3n de Mar\u00eda; fue muy rico en iniciativas y realizaciones. La expansi\u00f3n y la consolidaci\u00f3n del Instituto durante este per\u00edodo fueron formidables. El P. Xifr\u00e9 comenz\u00f3 su generalato con una sola casa\u2011misi\u00f3n, formada por doce miembros. A su muerte dej\u00f3 el Instituto perfectamente organizado, con su doble personalidad civil y religiosa, con 1.782 miembros repartidos en 61 casas de Espa\u00f1a, Italia, Portugal, Guinea Ecuatorial, Chile, M\u00e9xico y Brasil.<\/p>\n","protected":false},"excerpt":{"rendered":"<p>Naci\u00f3 en Vic (Barcelona &#8211; Espa\u00f1a) el 18 de febrero de 1817. Ingres\u00f3 en el seminario de su ciudad natal en 1829. Recibi\u00f3 la ordenaci\u00f3n sacerdotal en Roma el 16 de febrero de 1840. Fue uno de los cofundadores de la Congregaci\u00f3n de Misioneros y Superior General, elegido el 1 de mayo de 1858 y [&hellip;]<\/p>\n","protected":false},"author":69,"featured_media":28479,"parent":24840,"menu_order":0,"comment_status":"closed","ping_status":"closed","template":"","meta":{"_et_pb_use_builder":"","_et_pb_old_content":"","_et_gb_content_width":"","footnotes":""},"class_list":["post-28481","page","type-page","status-publish","has-post-thumbnail","hentry"],"jetpack_sharing_enabled":true,"jetpack_shortlink":"https:\/\/wp.me\/PdaBmi-7pn","jetpack_likes_enabled":true,"_links":{"self":[{"href":"https:\/\/www.claret.org\/es\/wp-json\/wp\/v2\/pages\/28481","targetHints":{"allow":["GET"]}}],"collection":[{"href":"https:\/\/www.claret.org\/es\/wp-json\/wp\/v2\/pages"}],"about":[{"href":"https:\/\/www.claret.org\/es\/wp-json\/wp\/v2\/types\/page"}],"author":[{"embeddable":true,"href":"https:\/\/www.claret.org\/es\/wp-json\/wp\/v2\/users\/69"}],"replies":[{"embeddable":true,"href":"https:\/\/www.claret.org\/es\/wp-json\/wp\/v2\/comments?post=28481"}],"version-history":[{"count":0,"href":"https:\/\/www.claret.org\/es\/wp-json\/wp\/v2\/pages\/28481\/revisions"}],"up":[{"embeddable":true,"href":"https:\/\/www.claret.org\/es\/wp-json\/wp\/v2\/pages\/24840"}],"wp:featuredmedia":[{"embeddable":true,"href":"https:\/\/www.claret.org\/es\/wp-json\/wp\/v2\/media\/28479"}],"wp:attachment":[{"href":"https:\/\/www.claret.org\/es\/wp-json\/wp\/v2\/media?parent=28481"}],"curies":[{"name":"wp","href":"https:\/\/api.w.org\/{rel}","templated":true}]}}