{"id":28492,"date":"2018-09-06T10:11:14","date_gmt":"2018-09-06T08:11:14","guid":{"rendered":"https:\/\/www.claret.org\/calendario\/fecha-5-de-noviembre-conmemoracion-de-los-difuntos-de-la-congregacion-familiares-y-bienhechores\/"},"modified":"2018-09-06T10:11:14","modified_gmt":"2018-09-06T08:11:14","slug":"fecha-5-de-noviembre-conmemoracion-de-los-difuntos-de-la-congregacion-familiares-y-bienhechores","status":"publish","type":"page","link":"https:\/\/www.claret.org\/es\/efemeride\/fecha-5-de-noviembre-conmemoracion-de-los-difuntos-de-la-congregacion-familiares-y-bienhechores\/","title":{"rendered":"Fecha: 5 de Noviembre &#8211; Conmemoraci\u00f3n de los difuntos de la Congregaci\u00f3n, familiares y bienhechores"},"content":{"rendered":"<p style=\"text-align: justify;\">La solemnidad de Todos los Santos y la conmemoraci\u00f3n de los Fieles Difuntos, que celebramos al d\u00eda siguiente, engloban en s\u00ed, de modo muy especial, la fe en la <em>vida eterna<\/em> (\u00faltimas palabras del Credo apost\u00f3lico). Si bien estos dos d\u00edas enfocan ante nuestros ojos lo ineludible de la <em>muerte<\/em>, dan al mismo tiempo testimonio de la <em>vida<\/em>. Se trata de dos d\u00edas grandes en la Iglesia que prolonga su vida, de cierta manera, en sus santos y en todos los que se han preparado a esa vida sirviendo a la verdad y al amor.<\/p>\n<p style=\"text-align: justify;\">\n<p style=\"text-align: justify;\">Recordamos en este d\u00eda de noviembre a todos aquellos que se nos han ido y a los que nos ha unido diversos lazos de carne, de fe, de vocaci\u00f3n, de amistad, de trabajo, de cercan\u00eda, de caridad. Su partida nos deja irremediablemente en el alma una perdurable sensaci\u00f3n de soledad y de dolor. Un fino desgarro nos asola con su partida. Es aquella experiencia que Gabriel Marcel comprendi\u00f3 perfectamente cuando agudamente dec\u00eda que \u00abel verdadero problema no es mi muerte, sino la de los seres queridos\u00bb. Es cierto: morir s\u00f3lo es morirse; pero ver morir a los que se ama es una mutilaci\u00f3n para la que la naturaleza humana no parece estar preparada.<\/p>\n<p style=\"text-align: justify;\">Las Constituciones de 1971, antes de prescribir los sufragios, consignaban en sencillas palabras un verdadero homenaje de caridad hacia los que nos precedieron. El texto, aunque corregido, bien merece ser recordado: \u00abNuestros hermanos que, despu\u00e9s de haber trabajado en la vi\u00f1a del Se\u00f1or, descansan en Cristo aguardando la resurrecci\u00f3n y la venida del mismo, contin\u00faan unidos en \u00edntima uni\u00f3n de caridad con nosotros que todav\u00eda peregrinamos. Por tanto, estamos obligados a rogar a Dios por ellos y a honrar sus cuerpos que fueron vaso de elecci\u00f3n\u00bb.<\/p>\n<p style=\"text-align: justify;\">El d\u00eda de la Conmemoraci\u00f3n de los Difuntos hace converger nuestros pensamientos particularmente en aquellos hermanos nuestros que, despu\u00e9s de dejar este mundo, esperan alcanzar la plenitud de la uni\u00f3n con Dios. Sabemos que la comuni\u00f3n con estos hermanos no se interrumpe con la muerte. No nos desinteresamos de ellos despu\u00e9s de nuestra despedida en la liturgia de exequias. Entran en el misterio de Dios. Con la Iglesia rogamos por ellos a Dios. La intercesi\u00f3n por nuestros difuntos, claretianos, familiares y bienhechores actualiza nuestro amor hacia ellos en la fe en el Dios Salvador. En nuestra intercesi\u00f3n hacemos su memoria ante Dios, y establecemos una misteriosa solidaridad y comuni\u00f3n, ponemos en acto nuestra amistad y experimentamos esperanza y consuelo.<\/p>\n","protected":false},"excerpt":{"rendered":"<p>La solemnidad de Todos los Santos y la conmemoraci\u00f3n de los Fieles Difuntos, que celebramos al d\u00eda siguiente, engloban en s\u00ed, de modo muy especial, la fe en la vida eterna (\u00faltimas palabras del Credo apost\u00f3lico). Si bien estos dos d\u00edas enfocan ante nuestros ojos lo ineludible de la muerte, dan al mismo tiempo testimonio [&hellip;]<\/p>\n","protected":false},"author":69,"featured_media":0,"parent":24840,"menu_order":0,"comment_status":"closed","ping_status":"closed","template":"","meta":{"_et_pb_use_builder":"","_et_pb_old_content":"","_et_gb_content_width":"","footnotes":""},"class_list":["post-28492","page","type-page","status-publish","hentry"],"jetpack_sharing_enabled":true,"jetpack_shortlink":"https:\/\/wp.me\/PdaBmi-7py","jetpack_likes_enabled":true,"_links":{"self":[{"href":"https:\/\/www.claret.org\/es\/wp-json\/wp\/v2\/pages\/28492","targetHints":{"allow":["GET"]}}],"collection":[{"href":"https:\/\/www.claret.org\/es\/wp-json\/wp\/v2\/pages"}],"about":[{"href":"https:\/\/www.claret.org\/es\/wp-json\/wp\/v2\/types\/page"}],"author":[{"embeddable":true,"href":"https:\/\/www.claret.org\/es\/wp-json\/wp\/v2\/users\/69"}],"replies":[{"embeddable":true,"href":"https:\/\/www.claret.org\/es\/wp-json\/wp\/v2\/comments?post=28492"}],"version-history":[{"count":0,"href":"https:\/\/www.claret.org\/es\/wp-json\/wp\/v2\/pages\/28492\/revisions"}],"up":[{"embeddable":true,"href":"https:\/\/www.claret.org\/es\/wp-json\/wp\/v2\/pages\/24840"}],"wp:attachment":[{"href":"https:\/\/www.claret.org\/es\/wp-json\/wp\/v2\/media?parent=28492"}],"curies":[{"name":"wp","href":"https:\/\/api.w.org\/{rel}","templated":true}]}}