{"id":28509,"date":"2018-09-06T10:20:33","date_gmt":"2018-09-06T08:20:33","guid":{"rendered":"https:\/\/www.claret.org\/calendario\/fecha-11-de-noviembre-siervos-de-dios-p-federico-vila-y-companeros-martires\/"},"modified":"2018-09-06T10:20:33","modified_gmt":"2018-09-06T08:20:33","slug":"fecha-11-de-noviembre-siervos-de-dios-p-federico-vila-y-companeros-martires","status":"publish","type":"page","link":"https:\/\/www.claret.org\/es\/efemeride\/fecha-11-de-noviembre-siervos-de-dios-p-federico-vila-y-companeros-martires\/","title":{"rendered":"Fecha: 11 de Noviembre &#8211; Siervos de Dios P. Federico Vila y compa\u00f1eros, m\u00e1rtires"},"content":{"rendered":"<p style=\"text-align: justify;\">Recordamos en este d\u00eda a nuestros m\u00e1rtires P. Federico Vila, P. Jaime Mir y al Hno. Antonio Vilamassana, de la comunidad de Tarragona, que derramaron su sangre por Cristo.<\/p>\n<p style=\"text-align: justify;\"><img data-recalc-dims=\"1\" loading=\"lazy\" decoding=\"async\" class=\"alignleft\" title=\"\" src=\"https:\/\/i0.wp.com\/www2.claret.org\/sites\/default\/files\/imagenes\/espiritualidad\/calendario\/70-federico_vila_torredembarra.jpg?resize=251%2C322\" alt=\"\" width=\"251\" height=\"322\"><\/p>\n<p style=\"text-align: justify;\">El P. Federico Vila naci\u00f3 en Brull (Barcelona &#8211; Espa\u00f1a) el 13 de marzo de 1884 y muri\u00f3 el 11 de noviembre de 1936. Trabaj\u00f3 como profesor culto y ejemplar en diversos colegios claretianos y fue eximio profesor en la Universidad Pontificia de Tarragona. No obstante su categor\u00eda como investigador, publicista y notable predicador, mostr\u00f3 siempre una compostura modesta, delicada y sensible. Durante la Guerra Civil espa\u00f1ola de 1936 fue encarcelado en el barco <em>Rio Segre<\/em>. Conseguida su liberaci\u00f3n por un parlamentario de Barcelona, pocas horas antes de que llegara a sus manos fue asesinado en la poblaci\u00f3n de Torredembarra (Tarragona). Su causa de beatificaci\u00f3n va unida a la del Obispo Auxiliar de la di\u00f3cesis tarraconense.<\/p>\n<p style=\"text-align: justify;\">El Siervo de Dios P. Jaime Mir naci\u00f3 el 22 de diciembre de 1889 en Ciutadilla (L\u00e9rida &#8211; Espa\u00f1a) y muri\u00f3 el 29 de julio 1936. Fue profesor de la Universidad Pontificia de Tarragona. Especialmente dotado para los estudios filos\u00f3ficos, fue amante tanto de la ciencia como de la virtud. Muri\u00f3 por causa de la fe, durante la Guerra Civil espa\u00f1ola, y fue enterrado en la iglesia de los Misioneros Claretianos de Tarragona.<\/p>\n<p style=\"text-align: justify;\">El Hno. Antonio Vilamassana naci\u00f3 en Masoteras (L\u00e9rida) el 28 de enero del 1860 y fue martirizado el 25 de julio de 1936. Fue compa\u00f1ero de prisi\u00f3n del P. Vila. Vivi\u00f3 y sufri\u00f3 la misma situaci\u00f3n. Ten\u00eda 76 a\u00f1os. Su muerte se produjo en la tr\u00e1gica jornada del 25 de agosto, estando prisionero en el barco <em>R\u00edo Segre<\/em>, cuando estaba fondeado en el puerto de Tarragona. En paz con Dios y con su conciencia y convencido de morir por Cristo, acudi\u00f3 a la llamada de los dirigentes de la FAI (Federaci\u00f3n Anarquista Ib\u00e9rica). El grupo fue conducido a la cercana ciudad de Valls y junto al cementerio fueron asesinados. La suya fue una vida sencilla y su muerte esperanzada en la vida eterna.<\/p>\n","protected":false},"excerpt":{"rendered":"<p>Recordamos en este d\u00eda a nuestros m\u00e1rtires P. Federico Vila, P. Jaime Mir y al Hno. Antonio Vilamassana, de la comunidad de Tarragona, que derramaron su sangre por Cristo. El P. Federico Vila naci\u00f3 en Brull (Barcelona &#8211; Espa\u00f1a) el 13 de marzo de 1884 y muri\u00f3 el 11 de noviembre de 1936. Trabaj\u00f3 como [&hellip;]<\/p>\n","protected":false},"author":69,"featured_media":28507,"parent":24840,"menu_order":0,"comment_status":"closed","ping_status":"closed","template":"","meta":{"_et_pb_use_builder":"","_et_pb_old_content":"","_et_gb_content_width":"","footnotes":""},"class_list":["post-28509","page","type-page","status-publish","has-post-thumbnail","hentry"],"jetpack_sharing_enabled":true,"jetpack_shortlink":"https:\/\/wp.me\/PdaBmi-7pP","jetpack_likes_enabled":true,"_links":{"self":[{"href":"https:\/\/www.claret.org\/es\/wp-json\/wp\/v2\/pages\/28509","targetHints":{"allow":["GET"]}}],"collection":[{"href":"https:\/\/www.claret.org\/es\/wp-json\/wp\/v2\/pages"}],"about":[{"href":"https:\/\/www.claret.org\/es\/wp-json\/wp\/v2\/types\/page"}],"author":[{"embeddable":true,"href":"https:\/\/www.claret.org\/es\/wp-json\/wp\/v2\/users\/69"}],"replies":[{"embeddable":true,"href":"https:\/\/www.claret.org\/es\/wp-json\/wp\/v2\/comments?post=28509"}],"version-history":[{"count":0,"href":"https:\/\/www.claret.org\/es\/wp-json\/wp\/v2\/pages\/28509\/revisions"}],"up":[{"embeddable":true,"href":"https:\/\/www.claret.org\/es\/wp-json\/wp\/v2\/pages\/24840"}],"wp:featuredmedia":[{"embeddable":true,"href":"https:\/\/www.claret.org\/es\/wp-json\/wp\/v2\/media\/28507"}],"wp:attachment":[{"href":"https:\/\/www.claret.org\/es\/wp-json\/wp\/v2\/media?parent=28509"}],"curies":[{"name":"wp","href":"https:\/\/api.w.org\/{rel}","templated":true}]}}