{"id":28527,"date":"2018-09-06T10:29:57","date_gmt":"2018-09-06T08:29:57","guid":{"rendered":"https:\/\/www.claret.org\/calendario\/fecha-20-de-noviembre-beato-andres-sola-martir\/"},"modified":"2018-09-06T10:29:57","modified_gmt":"2018-09-06T08:29:57","slug":"fecha-20-de-noviembre-beato-andres-sola-martir","status":"publish","type":"page","link":"https:\/\/www.claret.org\/es\/efemeride\/fecha-20-de-noviembre-beato-andres-sola-martir\/","title":{"rendered":"Fecha: 20 de Noviembre &#8211; Beato Andr\u00e9s Sol\u00e1, m\u00e1rtir"},"content":{"rendered":"<p style=\"text-align: justify;\">El P. Andr\u00e9s Sol\u00e1 naci\u00f3 el d\u00eda 7 de octubre de 1895 en la mas\u00eda Vilarrasa de Taradell, cerca de Vic, en una familia humilde. Sus padres se llamaban Buenaventura Sol\u00e1 y Antonia Molist. Tuvo once hermanos. Su infancia se desarroll\u00f3 en un ambiente familiar cristiano, donde la principal riqueza era el amor a Dios, a la Sant\u00edsima Virgen y a la Iglesia Cat\u00f3lica. En familia florecieron dos vocaciones m\u00e1s: Jaime, tambi\u00e9n claretiano, y Eudaldo, sacerdote diocesano de Vic.<\/p>\n<p style=\"text-align: justify;\"><img data-recalc-dims=\"1\" loading=\"lazy\" decoding=\"async\" class=\"alignleft\" title=\"\" src=\"https:\/\/i0.wp.com\/www2.claret.org\/sites\/default\/files\/imagenes\/espiritualidad\/calendario\/andres_sola.png?resize=183%2C283\" alt=\"\" width=\"183\" height=\"283\"><\/p>\n<p style=\"text-align: justify;\">Curs\u00f3 el Postulantado en Vic pasando despu\u00e9s al Noviciado de Cervera. Durante el a\u00f1o de Noviciado sufri\u00f3 pruebas en su salud con las que el Se\u00f1or le purific\u00f3. Su primera profesi\u00f3n fue el 15 de agosto de 1914.<\/p>\n<p style=\"text-align: justify;\">La obediencia lo envi\u00f3 a M\u00e9xico. Ejerci\u00f3 de profesor en el Postulantado claretiano de Toluca y repart\u00eda su tiempo con la predicaci\u00f3n popular. Durante la navidad de 1924 fue enviado a la comunidad de Le\u00f3n (M\u00e9xico) donde pudo dedicarse con m\u00e1s holgura a la predicaci\u00f3n a pesar del veto del gobierno mexicano a todo ejercicio pastoral, sobre todo al clero extranjero.<\/p>\n<p style=\"text-align: justify;\">La persecuci\u00f3n religiosa se recrudeci\u00f3 cerrando templos y persiguiendo a sacerdotes y religiosos. El P. Andr\u00e9s Sol\u00e1 se mantuvo fiel a su vocaci\u00f3n, continuando el ejercicio de su ministerio. Una fotograf\u00eda de estudio, recuerdo de una Primera Comuni\u00f3n, delat\u00f3 al P. Sol\u00e1 como sacerdote. Fue acusado, junto con Leonardo P\u00e9rez, un laico colaborador, y el joven sacerdote mexicano Trinidad Rangel, de haber asaltado y descarrilado un tren. El P. Sol\u00e1 dijo con toda entereza: \u00abQue me sea l\u00edcito manifestar que no tengo otro crimen, que yo conozca, que el de haber cumplido con mi deber como misionero que soy\u00bb. El d\u00eda 25 de abril de 1927 fueron fusilados los tres. Tanto Leonardo como el P. Rangel murieron de inmediato, pero el P. Sol\u00e1, herido de muerte, tuvo una larga agon\u00eda martirial. Se les conoce como los \u201cm\u00e1rtires de San Joaqu\u00edn\u201d, por el nombre del rancho en el que fueron fusilados.<\/p>\n<p style=\"text-align: justify;\">Nuestro hermano claretiano, el P. Andr\u00e9s Sol\u00e1 y Molist fue beatificado en Guadalajara (M\u00e9xico), con 12 m\u00e1rtires mexicanos, el 20 de noviembre de 2005. Presidi\u00f3 la celebraci\u00f3n el Cardenal Jos\u00e9 Saraiva Martins, claretiano.<\/p>\n","protected":false},"excerpt":{"rendered":"<p>El P. Andr\u00e9s Sol\u00e1 naci\u00f3 el d\u00eda 7 de octubre de 1895 en la mas\u00eda Vilarrasa de Taradell, cerca de Vic, en una familia humilde. Sus padres se llamaban Buenaventura Sol\u00e1 y Antonia Molist. Tuvo once hermanos. Su infancia se desarroll\u00f3 en un ambiente familiar cristiano, donde la principal riqueza era el amor a Dios, [&hellip;]<\/p>\n","protected":false},"author":69,"featured_media":28523,"parent":24840,"menu_order":0,"comment_status":"closed","ping_status":"closed","template":"","meta":{"_et_pb_use_builder":"","_et_pb_old_content":"","_et_gb_content_width":"","footnotes":""},"class_list":["post-28527","page","type-page","status-publish","has-post-thumbnail","hentry"],"jetpack_sharing_enabled":true,"jetpack_shortlink":"https:\/\/wp.me\/PdaBmi-7q7","jetpack_likes_enabled":true,"_links":{"self":[{"href":"https:\/\/www.claret.org\/es\/wp-json\/wp\/v2\/pages\/28527","targetHints":{"allow":["GET"]}}],"collection":[{"href":"https:\/\/www.claret.org\/es\/wp-json\/wp\/v2\/pages"}],"about":[{"href":"https:\/\/www.claret.org\/es\/wp-json\/wp\/v2\/types\/page"}],"author":[{"embeddable":true,"href":"https:\/\/www.claret.org\/es\/wp-json\/wp\/v2\/users\/69"}],"replies":[{"embeddable":true,"href":"https:\/\/www.claret.org\/es\/wp-json\/wp\/v2\/comments?post=28527"}],"version-history":[{"count":0,"href":"https:\/\/www.claret.org\/es\/wp-json\/wp\/v2\/pages\/28527\/revisions"}],"up":[{"embeddable":true,"href":"https:\/\/www.claret.org\/es\/wp-json\/wp\/v2\/pages\/24840"}],"wp:featuredmedia":[{"embeddable":true,"href":"https:\/\/www.claret.org\/es\/wp-json\/wp\/v2\/media\/28523"}],"wp:attachment":[{"href":"https:\/\/www.claret.org\/es\/wp-json\/wp\/v2\/media?parent=28527"}],"curies":[{"name":"wp","href":"https:\/\/api.w.org\/{rel}","templated":true}]}}