{"id":28572,"date":"2018-09-06T11:22:01","date_gmt":"2018-09-06T09:22:01","guid":{"rendered":"https:\/\/www.claret.org\/calendario\/fecha-23-de-diciembre-nacimiento-de-san-antonio-maria-claret\/"},"modified":"2018-09-06T11:22:01","modified_gmt":"2018-09-06T09:22:01","slug":"fecha-23-de-diciembre-nacimiento-de-san-antonio-maria-claret","status":"publish","type":"page","link":"https:\/\/www.claret.org\/es\/efemeride\/fecha-23-de-diciembre-nacimiento-de-san-antonio-maria-claret\/","title":{"rendered":"Fecha: 23 de Diciembre &#8211; Nacimiento de San Antonio Mar\u00eda Claret"},"content":{"rendered":"<p style=\"text-align: justify;\">El 24 de octubre, aniversario de la muerte de nuestro Fundador, celebramos en la Iglesia su fiesta o memoria, que para nuestra Congregaci\u00f3n reviste rango de solemnidad lit\u00fargica. Y hoy, d\u00eda 23 de diciembre, nosotros hacemos memoria, asimismo, de su nacimiento para este mundo, lo que es motivo de alegr\u00eda y ocasi\u00f3n para rendirle gracias a Dios porque, con la vida de nuestro Fundador, nos ha otorgado el Se\u00f1or tantos otros dones, sobre todo el de la comuni\u00f3n con su esp\u00edritu evangelizador, <em>nacido para evangelizar<\/em>.<\/p>\n<p style=\"text-align: justify;\"><img data-recalc-dims=\"1\" loading=\"lazy\" decoding=\"async\" class=\"alignleft\" title=\"\" src=\"https:\/\/i0.wp.com\/www2.claret.org\/sites\/default\/files\/imagenes\/espiritualidad\/calendario\/73--nacimiento_de_clarett.jpg?resize=244%2C358\" alt=\"\" width=\"244\" height=\"358\"><\/p>\n<p style=\"text-align: justify;\">Antonio Claret vino al mundo en Sallent (Barcelona &#8211; Espa\u00f1a) el 23 de diciembre de 1807. Esta fecha viene reconocida por la opini\u00f3n m\u00e1s com\u00fan, pues el Fundador no indica el d\u00eda exacto, ni es posible comprobarlo de otro modo. Fue bautizado muy pronto, seg\u00fan la costumbre de aquel entonces, el mismo d\u00eda de Navidad. \u00abMe pusieron por nombre Antonio, Adjutorio, Juan\u00bb (Aut 5). \u00c9l mismo da la raz\u00f3n de esos nombres con que fuera bautizado, vinculados a referencias estrictamente familiares. El de Mar\u00eda fue a\u00f1adido posteriormente, con ocasi\u00f3n de su consagraci\u00f3n episcopal, por devoci\u00f3n a la Virgen pues Ella \u00abes mi Madre, mi Patrona, mi Maestra y mi todo despu\u00e9s de Jes\u00fas\u00bb (cf. Aut 5).<\/p>\n<p style=\"text-align: justify;\">Tras una feliz y piadosa infancia, Antonio trabaj\u00f3 en la peque\u00f1a f\u00e1brica de hilados y tejidos de su padre, antes de trasladarse a la capital catalana como estudiante que so\u00f1aba con dedicarse definitivamente a la industria textil. Conocemos cu\u00e1les fueron sus pasos posteriores. Su vida vir\u00f3 hacia otros rumbos. Dios se cruz\u00f3 en su camino y lo llam\u00f3 para que fuese misionero. Pero, al recordar hoy su nacimiento, nos interesa destacar el ambiente familiar en el que se fragu\u00f3 su vocaci\u00f3n apost\u00f3lica.<\/p>\n<p style=\"text-align: justify;\">El clima espiritual en el que transcurrieron los a\u00f1os de su infancia y adolescencia fue ideal dentro de aquella \u00e9poca y en aquel contexto. El hogar en el que creci\u00f3 Antonio, de ni\u00f1o, constitu\u00eda un \u00e1mbito verdaderamente educativo en el que recibi\u00f3 la transmisi\u00f3n de los valores humanos y cristianos m\u00e1s aut\u00e9nticos. En ese ambiente arraigaron en Antonio las buenas costumbres y surgi\u00f3 pronto en \u00e9l la inclinaci\u00f3n a la piedad.<\/p>\n<p style=\"text-align: justify;\">Al conmemorar, pues, en este d\u00eda la fecha de su nacimiento, damos muchas gracias a Dios por el don de su vida misionera, iniciada en Sallent, junto al r\u00edo Llobregat, y llamada a desembocar en el mar de todos los continentes para bien de la Iglesia universal.<\/p>\n","protected":false},"excerpt":{"rendered":"<p>El 24 de octubre, aniversario de la muerte de nuestro Fundador, celebramos en la Iglesia su fiesta o memoria, que para nuestra Congregaci\u00f3n reviste rango de solemnidad lit\u00fargica. Y hoy, d\u00eda 23 de diciembre, nosotros hacemos memoria, asimismo, de su nacimiento para este mundo, lo que es motivo de alegr\u00eda y ocasi\u00f3n para rendirle gracias [&hellip;]<\/p>\n","protected":false},"author":69,"featured_media":28570,"parent":24840,"menu_order":0,"comment_status":"closed","ping_status":"closed","template":"","meta":{"_et_pb_use_builder":"","_et_pb_old_content":"","_et_gb_content_width":"","footnotes":""},"class_list":["post-28572","page","type-page","status-publish","has-post-thumbnail","hentry"],"jetpack_sharing_enabled":true,"jetpack_shortlink":"https:\/\/wp.me\/PdaBmi-7qQ","jetpack_likes_enabled":true,"_links":{"self":[{"href":"https:\/\/www.claret.org\/es\/wp-json\/wp\/v2\/pages\/28572","targetHints":{"allow":["GET"]}}],"collection":[{"href":"https:\/\/www.claret.org\/es\/wp-json\/wp\/v2\/pages"}],"about":[{"href":"https:\/\/www.claret.org\/es\/wp-json\/wp\/v2\/types\/page"}],"author":[{"embeddable":true,"href":"https:\/\/www.claret.org\/es\/wp-json\/wp\/v2\/users\/69"}],"replies":[{"embeddable":true,"href":"https:\/\/www.claret.org\/es\/wp-json\/wp\/v2\/comments?post=28572"}],"version-history":[{"count":0,"href":"https:\/\/www.claret.org\/es\/wp-json\/wp\/v2\/pages\/28572\/revisions"}],"up":[{"embeddable":true,"href":"https:\/\/www.claret.org\/es\/wp-json\/wp\/v2\/pages\/24840"}],"wp:featuredmedia":[{"embeddable":true,"href":"https:\/\/www.claret.org\/es\/wp-json\/wp\/v2\/media\/28570"}],"wp:attachment":[{"href":"https:\/\/www.claret.org\/es\/wp-json\/wp\/v2\/media?parent=28572"}],"curies":[{"name":"wp","href":"https:\/\/api.w.org\/{rel}","templated":true}]}}