{"id":28589,"date":"2018-09-06T11:31:28","date_gmt":"2018-09-06T09:31:28","guid":{"rendered":"https:\/\/www.claret.org\/calendario\/fecha-26-de-diciembre-san-esteban-protomartir\/"},"modified":"2018-09-06T11:31:28","modified_gmt":"2018-09-06T09:31:28","slug":"fecha-26-de-diciembre-san-esteban-protomartir","status":"publish","type":"page","link":"https:\/\/www.claret.org\/es\/efemeride\/fecha-26-de-diciembre-san-esteban-protomartir\/","title":{"rendered":"Fecha: 26 de Diciembre &#8211; San Esteban, protom\u00e1rtir"},"content":{"rendered":"<p style=\"text-align: justify;\">Esteban era de origen jud\u00edo. El vocablo <em>esteb<\/em> significa <em>corona<\/em>.  Por ello su nombre significa <em>coronado<\/em>.  Dios honra su nombre coronando su vida con el martirio. Se le llama <em>protom\u00e1rtir<\/em> porque tuvo el honor de ser el primer m\u00e1rtir que derram\u00f3 su sangre por proclamar su fe en Jesucristo.<\/p>\n<p style=\"text-align: justify;\"><img data-recalc-dims=\"1\" loading=\"lazy\" decoding=\"async\" class=\"alignleft\" title=\"\" src=\"https:\/\/i0.wp.com\/www2.claret.org\/sites\/default\/files\/imagenes\/espiritualidad\/calendario\/74-c-san_esteban.jpg?resize=238%2C319\" alt=\"\" width=\"238\" height=\"319\"><\/p>\n<p style=\"text-align: justify;\">La Sagrada Escritura se refiere a \u00e9l por primera vez en los Hechos de los Ap\u00f3stoles, cuando fue elegido como uno de los siete di\u00e1conos. Las circunstancias de su martirio indican que la lapidaci\u00f3n de san Esteban no fue un acto de violencia de la multitud, sino una ejecuci\u00f3n judicial.<\/p>\n<p style=\"text-align: justify;\">La fiesta de san Esteban siempre fue celebrada inmediatamente despu\u00e9s de la Navidad para que, siendo el protom\u00e1rtir, estuviese lo m\u00e1s cercana a la del nacimiento del Hijo de Dios. Antiguamente se celebraba una segunda fiesta de san Esteban el 3 de agosto, para conmemorar el descubrimiento de sus reliquias, pero por un <em>Motu Propio<\/em> de Juan XXIII, el 25 de julio de 1960, esta segunda fiesta fue suprimida del Calendario Romano.<\/p>\n<p style=\"text-align: justify;\">San Esteban es patrono de Sallent (Barcelona \u2013 Espa\u00f1a). En la iglesia parroquial de Sallent ten\u00eda una capilla construida en 1419. Claret nos cuenta en su <em>Autobiograf\u00eda<\/em> que el primer serm\u00f3n que hizo, despu\u00e9s de ser ordenado presb\u00edtero, fue el paneg\u00edrico del santo Patr\u00f3n de la poblaci\u00f3n (cf. Aut 103). Al parecer, se celebraba all\u00ed la fiesta de san Esteban el 13 de septiembre de 1835.<\/p>\n<p style=\"text-align: justify;\">En particular san Antonio Mar\u00eda Claret menciona a san Esteban cuando narra, en la <em>Autobiograf\u00eda<\/em>, su experiencia de victoria sobre la tentaci\u00f3n contra la castidad. Despu\u00e9s, en su ordenaci\u00f3n de di\u00e1cono, en 1834, entendi\u00f3 aquella presencia de san Esteban, no solo como patrono, sino como modelo de identificaci\u00f3n vocacional que le mostraba su futura misi\u00f3n de vencedor de los poderes del mal. M\u00e1s a\u00fan, san Esteban le indicaba que su lucha no ser\u00eda ya solo contra la carne, sino contra todo mal.<\/p>\n","protected":false},"excerpt":{"rendered":"<p>Esteban era de origen jud\u00edo. El vocablo esteb significa corona. Por ello su nombre significa coronado. Dios honra su nombre coronando su vida con el martirio. Se le llama protom\u00e1rtir porque tuvo el honor de ser el primer m\u00e1rtir que derram\u00f3 su sangre por proclamar su fe en Jesucristo. La Sagrada Escritura se refiere a [&hellip;]<\/p>\n","protected":false},"author":69,"featured_media":28587,"parent":24840,"menu_order":0,"comment_status":"closed","ping_status":"closed","template":"","meta":{"_et_pb_use_builder":"","_et_pb_old_content":"","_et_gb_content_width":"","footnotes":""},"class_list":["post-28589","page","type-page","status-publish","has-post-thumbnail","hentry"],"jetpack_sharing_enabled":true,"jetpack_shortlink":"https:\/\/wp.me\/PdaBmi-7r7","jetpack_likes_enabled":true,"_links":{"self":[{"href":"https:\/\/www.claret.org\/es\/wp-json\/wp\/v2\/pages\/28589","targetHints":{"allow":["GET"]}}],"collection":[{"href":"https:\/\/www.claret.org\/es\/wp-json\/wp\/v2\/pages"}],"about":[{"href":"https:\/\/www.claret.org\/es\/wp-json\/wp\/v2\/types\/page"}],"author":[{"embeddable":true,"href":"https:\/\/www.claret.org\/es\/wp-json\/wp\/v2\/users\/69"}],"replies":[{"embeddable":true,"href":"https:\/\/www.claret.org\/es\/wp-json\/wp\/v2\/comments?post=28589"}],"version-history":[{"count":0,"href":"https:\/\/www.claret.org\/es\/wp-json\/wp\/v2\/pages\/28589\/revisions"}],"up":[{"embeddable":true,"href":"https:\/\/www.claret.org\/es\/wp-json\/wp\/v2\/pages\/24840"}],"wp:featuredmedia":[{"embeddable":true,"href":"https:\/\/www.claret.org\/es\/wp-json\/wp\/v2\/media\/28587"}],"wp:attachment":[{"href":"https:\/\/www.claret.org\/es\/wp-json\/wp\/v2\/media?parent=28589"}],"curies":[{"name":"wp","href":"https:\/\/api.w.org\/{rel}","templated":true}]}}