{"id":28613,"date":"2018-09-06T11:49:43","date_gmt":"2018-09-06T09:49:43","guid":{"rendered":"https:\/\/www.claret.org\/calendario\/fecha-27-de-diciembre-san-juan-apostol-evangelista-y-compatrono\/"},"modified":"2018-09-06T11:49:43","modified_gmt":"2018-09-06T09:49:43","slug":"fecha-27-de-diciembre-san-juan-apostol-evangelista-y-compatrono","status":"publish","type":"page","link":"https:\/\/www.claret.org\/es\/efemeride\/fecha-27-de-diciembre-san-juan-apostol-evangelista-y-compatrono\/","title":{"rendered":"Fecha: 27 de Diciembre &#8211; San Juan, Ap\u00f3stol, evangelista y compatrono"},"content":{"rendered":"<p style=\"text-align: justify;\">La ciencia b\u00edblica distingue tres personajes tras el t\u00edtulo de la fiesta de hoy: <em>Juan<\/em>, el hermano de Santiago e hijo de Zebedeo; el <em>Disc\u00edpulo Amado<\/em>, cuyo nombre no conocemos, pero que no es del grupo de los Doce; y el <em>redactor del Cuarto Evangelio<\/em>, cercano al <em>D\u00edscipulo Amado<\/em>, pero distinto de \u00e9l. La antig\u00fcedad unific\u00f3 a los tres en una misma persona. Dado que para nosotros lo m\u00e1s importante es el Evangelio que se form\u00f3 en la comunidad del <em>D\u00edscipulo Amado<\/em>, vamos a ce\u00f1irnos a este personaje, si no redactor, ciertamente garante de la reflexi\u00f3n cristiana all\u00ed transmitida.<\/p>\n<p style=\"text-align: justify;\"><img data-recalc-dims=\"1\" loading=\"lazy\" decoding=\"async\" class=\"alignleft\" title=\"\" src=\"https:\/\/i0.wp.com\/www2.claret.org\/sites\/default\/files\/imagenes\/espiritualidad\/calendario\/75-san_juan_segovia.jpg?resize=224%2C382\" alt=\"\" width=\"224\" height=\"382\"><\/p>\n<p style=\"text-align: justify;\">Ciertamente el <em>D\u00edscipulo Amado<\/em> fue un personaje real, pero nos ha llegado algo idealizado, como el disc\u00edpulo perfecto, que tiene una intimidad con Jes\u00fas (cf. Jn 13,23) semejante a la que Jes\u00fas tiene con el Padre (cf. Jn 1,18). Sin duda el t\u00edtulo de <em>Disc\u00edpulo Amado<\/em> se lo dio su comunidad.<\/p>\n<p style=\"text-align: justify;\">Si prescindimos de los rasgos que han idealizado la figura del <em>D\u00edscipulo Amado<\/em>, podemos saber que perteneci\u00f3 a la comunidad del Bautista, fue seguidor de Jes\u00fas durante sus estancias en Judea, y muy especialmente en el tiempo de la pasi\u00f3n. Tras la pascua se convirti\u00f3 en testigo y l\u00edder indiscutible para uno de los varios grupos judeocristianos que se originaron.<\/p>\n<p style=\"text-align: justify;\">No se sabe cu\u00e1ndo y d\u00f3nde falleci\u00f3 el <em>D\u00edscipulo Amado<\/em>. Lo importante es que \u00e9l y su escuela realizaron una profund\u00edsima reflexi\u00f3n sobre Cristo y su obra. Hacia finales del siglo I se fusionaron con las comunidades cristianas surgidas del apostolado de Pedro y de Pablo. Y con ello se fecund\u00f3 vigorosamente el patrimonio teol\u00f3gico y espiritual de la Iglesia.<\/p>\n<p style=\"text-align: justify;\">El P. Fundador, en continuidad con lo que entonces la ciencia b\u00edblica propon\u00eda, admir\u00f3 el arrojo apost\u00f3lico de los <em>hijos del trueno<\/em>, t\u00edtulo dado por Jes\u00fas a los Zebedeos, su fidelidad y la profundidad de los escritos atribuidos a Juan: \u00abEl m\u00e1s iluminado de los evangelios y el que dio ideas m\u00e1s elevadas de Jesucristo. Luces que le comunic\u00f3 el Se\u00f1or cuando se reclin\u00f3 sobre su pecho. [\u2026] Pero \u00a1Ay! \u00a1Cu\u00e1ntos en lugar de honrar a Jesucristo lo deshonran y le convierten, seg\u00fan la frase del Ap\u00f3stol, en Anticristo!\u00bb (2, p. 297).<\/p>\n","protected":false},"excerpt":{"rendered":"<p>La ciencia b\u00edblica distingue tres personajes tras el t\u00edtulo de la fiesta de hoy: Juan, el hermano de Santiago e hijo de Zebedeo; el Disc\u00edpulo Amado, cuyo nombre no conocemos, pero que no es del grupo de los Doce; y el redactor del Cuarto Evangelio, cercano al D\u00edscipulo Amado, pero distinto de \u00e9l. La antig\u00fcedad [&hellip;]<\/p>\n","protected":false},"author":69,"featured_media":28611,"parent":24840,"menu_order":0,"comment_status":"closed","ping_status":"closed","template":"","meta":{"_et_pb_use_builder":"","_et_pb_old_content":"","_et_gb_content_width":"","footnotes":""},"class_list":["post-28613","page","type-page","status-publish","has-post-thumbnail","hentry"],"jetpack_sharing_enabled":true,"jetpack_shortlink":"https:\/\/wp.me\/PdaBmi-7rv","jetpack_likes_enabled":true,"_links":{"self":[{"href":"https:\/\/www.claret.org\/es\/wp-json\/wp\/v2\/pages\/28613","targetHints":{"allow":["GET"]}}],"collection":[{"href":"https:\/\/www.claret.org\/es\/wp-json\/wp\/v2\/pages"}],"about":[{"href":"https:\/\/www.claret.org\/es\/wp-json\/wp\/v2\/types\/page"}],"author":[{"embeddable":true,"href":"https:\/\/www.claret.org\/es\/wp-json\/wp\/v2\/users\/69"}],"replies":[{"embeddable":true,"href":"https:\/\/www.claret.org\/es\/wp-json\/wp\/v2\/comments?post=28613"}],"version-history":[{"count":0,"href":"https:\/\/www.claret.org\/es\/wp-json\/wp\/v2\/pages\/28613\/revisions"}],"up":[{"embeddable":true,"href":"https:\/\/www.claret.org\/es\/wp-json\/wp\/v2\/pages\/24840"}],"wp:featuredmedia":[{"embeddable":true,"href":"https:\/\/www.claret.org\/es\/wp-json\/wp\/v2\/media\/28611"}],"wp:attachment":[{"href":"https:\/\/www.claret.org\/es\/wp-json\/wp\/v2\/media?parent=28613"}],"curies":[{"name":"wp","href":"https:\/\/api.w.org\/{rel}","templated":true}]}}