{"id":62525,"date":"2019-09-30T22:03:38","date_gmt":"2019-09-30T20:03:38","guid":{"rendered":"https:\/\/www.claret.org\/?page_id=62525"},"modified":"2019-10-03T16:41:54","modified_gmt":"2019-10-03T14:41:54","slug":"largometraje-sobre-san-antonio-maria-claret","status":"publish","type":"page","link":"https:\/\/www.claret.org\/es\/largometraje-sobre-san-antonio-maria-claret\/","title":{"rendered":"Largometraje sobre San Antonio Maria Claret"},"content":{"rendered":"<h2><img data-recalc-dims=\"1\" loading=\"lazy\" decoding=\"async\" data-attachment-id=\"62629\" data-permalink=\"https:\/\/www.claret.org\/es\/?attachment_id=62629\" data-orig-file=\"https:\/\/i0.wp.com\/www.claret.org\/wp-content\/uploads\/2019\/09\/PeliClaret014.jpeg?fit=1600%2C1200&amp;ssl=1\" data-orig-size=\"1600,1200\" data-comments-opened=\"0\" data-image-meta=\"{&quot;aperture&quot;:&quot;0&quot;,&quot;credit&quot;:&quot;&quot;,&quot;camera&quot;:&quot;&quot;,&quot;caption&quot;:&quot;&quot;,&quot;created_timestamp&quot;:&quot;0&quot;,&quot;copyright&quot;:&quot;&quot;,&quot;focal_length&quot;:&quot;0&quot;,&quot;iso&quot;:&quot;0&quot;,&quot;shutter_speed&quot;:&quot;0&quot;,&quot;title&quot;:&quot;&quot;,&quot;orientation&quot;:&quot;0&quot;}\" data-image-title=\"PeliClaret014\" data-image-description=\"\" data-image-caption=\"\" data-large-file=\"https:\/\/i0.wp.com\/www.claret.org\/wp-content\/uploads\/2019\/09\/PeliClaret014.jpeg?fit=1024%2C768&amp;ssl=1\" class=\"alignnone size-full wp-image-62629\" src=\"https:\/\/i0.wp.com\/www.claret.org\/wp-content\/uploads\/2019\/09\/PeliClaret014.jpeg?resize=1080%2C810&#038;ssl=1\" alt=\"\" width=\"1080\" height=\"810\" title=\"\" srcset=\"https:\/\/i0.wp.com\/www.claret.org\/wp-content\/uploads\/2019\/09\/PeliClaret014.jpeg?w=1600&amp;ssl=1 1600w, https:\/\/i0.wp.com\/www.claret.org\/wp-content\/uploads\/2019\/09\/PeliClaret014.jpeg?resize=300%2C225&amp;ssl=1 300w, https:\/\/i0.wp.com\/www.claret.org\/wp-content\/uploads\/2019\/09\/PeliClaret014.jpeg?resize=768%2C576&amp;ssl=1 768w, https:\/\/i0.wp.com\/www.claret.org\/wp-content\/uploads\/2019\/09\/PeliClaret014.jpeg?resize=1024%2C768&amp;ssl=1 1024w, https:\/\/i0.wp.com\/www.claret.org\/wp-content\/uploads\/2019\/09\/PeliClaret014.jpeg?resize=1080%2C810&amp;ssl=1 1080w\" sizes=\"(max-width: 1080px) 100vw, 1080px\" \/><\/h2>\n<p style=\"text-align: center;\"><span style=\"font-size: 14pt; color: #ff0000;\"><strong>CROWDFUNDING:<\/strong> <\/span><a href=\"https:\/\/www.okpal.com\/pelicula-claret\" target=\"_blank\" rel=\"noopener noreferrer nofollow\"><span style=\"font-size: 14pt; color: #ff0000;\">https:\/\/www.okpal.com\/pelicula-claret<\/span><\/a><\/p>\n<h1><\/h1>\n<h1><span style=\"color: #ff0000;\">Sobre el proyecto<\/span><\/h1>\n<p><span style=\"font-size: 14pt;\">Despu\u00e9s del \u00e9xito de <a href=\"https:\/\/es.wikipedia.org\/wiki\/Un_dios_prohibido\" target=\"_blank\" rel=\"nofollow noopener noreferrer\">\u201cUn Dios Prohibido\u201d<\/a>, pel\u00edcula sobre los M\u00e1rtires Claretianos de Barbastro, en la guerra civil espa\u00f1ola, Contracorriente Producciones inicia un nuevo largometraje inspirado en la vida del fundador de los Misioneros Claretianos: <strong>Antonio Mar\u00eda Claret<\/strong>.<\/span><\/p>\n<p><span style=\"font-size: 14pt;\">Antonio Mar\u00eda Claret fue un misionero espa\u00f1ol del siglo XIX, que lleg\u00f3 a ser arzobispo de Cuba y confesor de la Reina Isabel II en un tiempo convulso de la historia de Espa\u00f1a.<\/span><\/p>\n<p><span style=\"font-size: 14pt;\">Animado por un fuerte esp\u00edritu misionero, recorri\u00f3 toda Catalu\u00f1a, Canarias y otras partes de Espa\u00f1a para ayudar a otros a experimentar el amor de Dios. Con una fuerte sensibilidad hacia lo m\u00e1s urgente, oportuno y eficaz, y con una opci\u00f3n clara para los pobres, alent\u00f3 a otros a unirse a \u00e9l para responder a las necesidades urgentes del mundo de su tiempo y escribi\u00f3 y edit\u00f3 muchos libros religiosos, folletos y otras publicaciones.<\/span><\/p>\n<p><span style=\"font-size: 14pt;\">La pel\u00edcula sobre Claret se centra en el periodo en que sirvi\u00f3 como arzobispo en Cuba, donde promovi\u00f3 mejoras espirituales y sociales, y en el tiempo en que fue confesor de la reina Isabel II, con quien permaneci\u00f3 hasta un a\u00f1o antes de su muerte, desterrado en Fontfroide (Francia), en 1870, tras haber sido v\u00edctima de acusaciones p\u00fablicas difamatorias.<\/span><\/p>\n<p><span style=\"font-size: 14pt;\">Fue declarado santo por la Iglesia Cat\u00f3lica en 1950 por el papa P\u00edo XII.<\/span><\/p>\n<h2><\/h2>\n<h2><span style=\"color: #ff0000;\"><strong>Para qu\u00e9 es la financiaci\u00f3n<\/strong><\/span><\/h2>\n<p><span style=\"font-size: 14pt;\"><strong>La pel\u00edcula sobre Claret<\/strong> se enmarca en el llamado <strong>cine espiritual<\/strong> o <strong>cine trascendente<\/strong> porque tiene presente la trascendencia de la persona, su dimensi\u00f3n espiritual y todas sus manifestaciones en la ternura, el amor, el perd\u00f3n, la creatividad, la compasi\u00f3n&#8230;<\/span><\/p>\n<p><span style=\"font-size: 14pt;\">Para que el cine espiritual avance debe ser cine de calidad. No es f\u00e1cil apostar por el cine espiritual de calidad. La gran industria del cine suele tener otras preferencias. Algunas peque\u00f1as productoras independientes se atreven a ir algo m\u00e1s all\u00e1 del simple entretenimiento. Pero, por mucho que se optimicen recursos, el presupuesto m\u00ednimo de un largometraje con rodaje en exteriores o ambientaci\u00f3n hist\u00f3rica es elevado.<\/span><\/p>\n<p><span style=\"font-size: 14pt;\">Al igual que hicieron es su momento con \u201c<a href=\"https:\/\/es.wikipedia.org\/wiki\/Un_dios_prohibido\" target=\"_blank\" rel=\"nofollow noopener noreferrer\">Un Dios Prohibido<\/a>\u201d, los Misioneros Claretianos coproducir\u00e1n la pel\u00edcula sobre Claret y financiar\u00e1n la totalidad del proyecto, pero es un esfuerzo grande. Pensamos que entre la gran familia claretiana en todo el mundo, de los seguidores de la figura de Claret y, en general, entre los amantes del buen cine espiritual, puede haber muchas personas dispuestas a comprometerse con un donativo que ayude a que este proyecto llegue a buen puerto.<\/span><\/p>\n<p><span style=\"font-size: 14pt;\">El presupuesto del proyecto es de los 500.000 \u20ac. <strong>Nuestro objetivo econ\u00f3mico es llegar a financiar el 10% de la pel\u00edcula, es decir, 50.000 \u20ac.<\/strong>  Pero lo que lo que m\u00e1s nos mueve es dar la posibilidad a muchos de formar parte de este hermoso proyecto y que lo sientan como algo suyo.<\/span><\/p>\n<h2><\/h2>\n<h2><span style=\"color: #ff0000;\"><strong>\u00bfQui\u00e9n est\u00e1 detr\u00e1s de este proyecto crowdfunding?<\/strong><\/span><\/h2>\n<p><span style=\"font-size: 14pt;\">Detr\u00e1s de este proyecto de crowdfunding est\u00e1 la <a href=\"http:\/\/www.familiaclaretiana.org\" target=\"_blank\" rel=\"nofollow noopener noreferrer\"><strong>Familia Claretiana<\/strong><\/a>, que la conforman todas las instituciones religiosas internacionales que, directa o indirectamente fueron fundadas o inspiradas por <strong>Antonio Mar\u00eda Claret<\/strong>. Para informaci\u00f3n directa sobre el proyecto puedes contactar con<strong> Tino Rodr\u00edguez<\/strong> (tinoarrobaseglaresclaretianospuntocom)<\/span><\/p>\n<h2><\/h2>\n<h2><span style=\"color: #ff0000;\"><strong>Acerca del director<\/strong><\/span><\/h2>\n<p><img data-recalc-dims=\"1\" loading=\"lazy\" decoding=\"async\" data-attachment-id=\"62526\" data-permalink=\"https:\/\/www.claret.org\/es\/largometraje-sobre-san-antonio-maria-claret\/peliclaret008\/\" data-orig-file=\"https:\/\/i0.wp.com\/www.claret.org\/wp-content\/uploads\/2019\/09\/PeliClaret008.jpeg?fit=1600%2C1066&amp;ssl=1\" data-orig-size=\"1600,1066\" data-comments-opened=\"0\" data-image-meta=\"{&quot;aperture&quot;:&quot;0&quot;,&quot;credit&quot;:&quot;&quot;,&quot;camera&quot;:&quot;&quot;,&quot;caption&quot;:&quot;&quot;,&quot;created_timestamp&quot;:&quot;0&quot;,&quot;copyright&quot;:&quot;&quot;,&quot;focal_length&quot;:&quot;0&quot;,&quot;iso&quot;:&quot;0&quot;,&quot;shutter_speed&quot;:&quot;0&quot;,&quot;title&quot;:&quot;&quot;,&quot;orientation&quot;:&quot;0&quot;}\" data-image-title=\"PeliClaret008\" data-image-description=\"\" data-image-caption=\"\" data-large-file=\"https:\/\/i0.wp.com\/www.claret.org\/wp-content\/uploads\/2019\/09\/PeliClaret008.jpeg?fit=1024%2C682&amp;ssl=1\" class=\"alignnone size-full wp-image-62526\" src=\"https:\/\/i0.wp.com\/www.claret.org\/wp-content\/uploads\/2019\/09\/PeliClaret008.jpeg?resize=1080%2C720&#038;ssl=1\" alt=\"\" width=\"1080\" height=\"720\" title=\"\" srcset=\"https:\/\/i0.wp.com\/www.claret.org\/wp-content\/uploads\/2019\/09\/PeliClaret008.jpeg?w=1600&amp;ssl=1 1600w, https:\/\/i0.wp.com\/www.claret.org\/wp-content\/uploads\/2019\/09\/PeliClaret008.jpeg?resize=300%2C200&amp;ssl=1 300w, https:\/\/i0.wp.com\/www.claret.org\/wp-content\/uploads\/2019\/09\/PeliClaret008.jpeg?resize=768%2C512&amp;ssl=1 768w, https:\/\/i0.wp.com\/www.claret.org\/wp-content\/uploads\/2019\/09\/PeliClaret008.jpeg?resize=1024%2C682&amp;ssl=1 1024w, https:\/\/i0.wp.com\/www.claret.org\/wp-content\/uploads\/2019\/09\/PeliClaret008.jpeg?resize=1080%2C720&amp;ssl=1 1080w\" sizes=\"(max-width: 1080px) 100vw, 1080px\" \/><\/p>\n<p><span style=\"font-size: 14pt;\"><strong>Pablo Moreno Hern\u00e1ndez<\/strong>, 1983. Diplomado en Magisterio, Educaci\u00f3n Infantil y Licenciado en Comunicaci\u00f3n Audiovisual por la Universidad de Salamanca. Director, productor, guionista. Fundador de la empresa Contracorriente Producciones SLU en 2006, CO-Fundador de la asociaci\u00f3n Cultural Kinema Siete en 2010. Gerente de Contracorriente Producciones desde 2008 hasta la actualidad. Presidente de Kinema Siete desde 2010. Director del Festival internacional de Cine Educativo y Espiritual de Ciudad Rodrigo desde 2011. Responsable In-solidum del departamento de Evangelizaci\u00f3n y nuevas tecnolog\u00edas de la di\u00f3cesis de Ciudad Rodrigo desde 2012. Director de la Pasi\u00f3n realizada por el grupo teatral juvenil El Manantial 2009-2019. Director del grupo de teatro de Mujeres Amanecer desde 2010. Director de la Conjura de Ciudad Rodrigo, del grupo Rodericus desde 2016. Profesor Asociado en la Universidad de Salamanca desde 2018, de las asignaturas de Producci\u00f3n y Guion de ficci\u00f3n.<\/span><\/p>\n<h3><strong>Filmograf\u00eda<\/strong><\/h3>\n<h4><span style=\"font-size: 14pt;\"><strong>Largometrajes: <\/strong><\/span><\/h4>\n<p><span style=\"font-size: 14pt;\">Talit\u00e1 Kum (2008), Pablo de Tarso, el \u00faltimo viaje (2009), Un Dios prohibido (2012), Poveda (2015), Luz de Soledad (2016), Red de libertad (2017)<\/span><\/p>\n<h4><span style=\"font-size: 14pt;\"><strong>Cortometrajes: <\/strong><\/span><\/h4>\n<p><span style=\"font-size: 14pt;\">Sacerdote, regalo de Dios para el mundo (2011), Alba (2012), La llamada (2013), Norte (2014), La Revoluci\u00f3n de Jeferson (2014), Gracias (2016), Sagrario, Hogar de abandonados (2016), Querida Alicia (2018), Alma (2018).<\/span><\/p>\n<h2><\/h2>\n<h2><span style=\"color: #ff0000;\"><strong>Sinopsis<\/strong><\/span><\/h2>\n<p><span style=\"font-size: 14pt;\"><em>A\u00f1o 1930, el escritor Azor\u00edn descubre que la semblanza al arzobispo espa\u00f1ol Claret, en su obra la Voluntad escrita en 1904, esta errada. Alguien ha tergiversado los acontecimientos y la imagen del arzobispo, comenzar\u00e1 una investigaci\u00f3n que le llevar\u00e1 a seguir los pasos de Antonio Claret, desde su Catalu\u00f1a natal, pasando por la Cuba colonial del siglo XIX y su enfrentamiento contra la esclavitud, hasta la corte de la reina Isabel II. Claret: empresario del textil catal\u00e1n, Sacerdote y misionero. Un hombre que luch\u00f3 toda su vida contra la injusticia y los poderes del mundo y que llev\u00f3 el fuego de la luz del Evangelio, por todos los rincones del mundo.<\/em><\/span><\/p>\n<h2><\/h2>\n<h2><span style=\"color: #ff0000;\"><strong>Reparto<\/strong><\/span><\/h2>\n<p><img data-recalc-dims=\"1\" loading=\"lazy\" decoding=\"async\" data-attachment-id=\"62532\" data-permalink=\"https:\/\/www.claret.org\/es\/largometraje-sobre-san-antonio-maria-claret\/peliclaret013\/\" data-orig-file=\"https:\/\/i0.wp.com\/www.claret.org\/wp-content\/uploads\/2019\/09\/PeliClaret013.jpeg?fit=1600%2C1200&amp;ssl=1\" data-orig-size=\"1600,1200\" data-comments-opened=\"0\" data-image-meta=\"{&quot;aperture&quot;:&quot;0&quot;,&quot;credit&quot;:&quot;&quot;,&quot;camera&quot;:&quot;&quot;,&quot;caption&quot;:&quot;&quot;,&quot;created_timestamp&quot;:&quot;0&quot;,&quot;copyright&quot;:&quot;&quot;,&quot;focal_length&quot;:&quot;0&quot;,&quot;iso&quot;:&quot;0&quot;,&quot;shutter_speed&quot;:&quot;0&quot;,&quot;title&quot;:&quot;&quot;,&quot;orientation&quot;:&quot;0&quot;}\" data-image-title=\"PeliClaret013\" data-image-description=\"\" data-image-caption=\"\" data-large-file=\"https:\/\/i0.wp.com\/www.claret.org\/wp-content\/uploads\/2019\/09\/PeliClaret013.jpeg?fit=1024%2C768&amp;ssl=1\" class=\"alignnone size-full wp-image-62532\" src=\"https:\/\/i0.wp.com\/www.claret.org\/wp-content\/uploads\/2019\/09\/PeliClaret013.jpeg?resize=1080%2C810&#038;ssl=1\" alt=\"\" width=\"1080\" height=\"810\" title=\"\" srcset=\"https:\/\/i0.wp.com\/www.claret.org\/wp-content\/uploads\/2019\/09\/PeliClaret013.jpeg?w=1600&amp;ssl=1 1600w, https:\/\/i0.wp.com\/www.claret.org\/wp-content\/uploads\/2019\/09\/PeliClaret013.jpeg?resize=300%2C225&amp;ssl=1 300w, https:\/\/i0.wp.com\/www.claret.org\/wp-content\/uploads\/2019\/09\/PeliClaret013.jpeg?resize=768%2C576&amp;ssl=1 768w, https:\/\/i0.wp.com\/www.claret.org\/wp-content\/uploads\/2019\/09\/PeliClaret013.jpeg?resize=1024%2C768&amp;ssl=1 1024w, https:\/\/i0.wp.com\/www.claret.org\/wp-content\/uploads\/2019\/09\/PeliClaret013.jpeg?resize=1080%2C810&amp;ssl=1 1080w\" sizes=\"(max-width: 1080px) 100vw, 1080px\" \/><\/p>\n<p><span style=\"font-size: 14pt;\"><strong>Claret: Antonio Reyes. <\/strong>\u00abAlta mar\u00bb Netflix 2019, \u00abBrigada del Sol\u00bb 2019, \u00abSecretos de Estado\u00bb 2019, \u00abPulsaciones\u00bb 2017, \u00abEl ministerio del tiempo\u00bb 2016, \u00abGran Hotel\u00bb 2011-2013, \u00abF\u00edsica o Qu\u00edmica\u00bb (2011) \u00abGran Reserva\u00bb (2011)<\/span><\/p>\n<p>&nbsp;<\/p>\n<p><img data-recalc-dims=\"1\" loading=\"lazy\" decoding=\"async\" data-attachment-id=\"62538\" data-permalink=\"https:\/\/www.claret.org\/es\/largometraje-sobre-san-antonio-maria-claret\/peliclaret011\/\" data-orig-file=\"https:\/\/i0.wp.com\/www.claret.org\/wp-content\/uploads\/2019\/09\/PeliClaret011.jpeg?fit=1228%2C1441&amp;ssl=1\" data-orig-size=\"1228,1441\" data-comments-opened=\"0\" data-image-meta=\"{&quot;aperture&quot;:&quot;0&quot;,&quot;credit&quot;:&quot;&quot;,&quot;camera&quot;:&quot;&quot;,&quot;caption&quot;:&quot;&quot;,&quot;created_timestamp&quot;:&quot;0&quot;,&quot;copyright&quot;:&quot;&quot;,&quot;focal_length&quot;:&quot;0&quot;,&quot;iso&quot;:&quot;0&quot;,&quot;shutter_speed&quot;:&quot;0&quot;,&quot;title&quot;:&quot;&quot;,&quot;orientation&quot;:&quot;0&quot;}\" data-image-title=\"PeliClaret011\" data-image-description=\"\" data-image-caption=\"\" data-large-file=\"https:\/\/i0.wp.com\/www.claret.org\/wp-content\/uploads\/2019\/09\/PeliClaret011.jpeg?fit=873%2C1024&amp;ssl=1\" class=\"alignnone size-full wp-image-62538\" src=\"https:\/\/i0.wp.com\/www.claret.org\/wp-content\/uploads\/2019\/09\/PeliClaret011.jpeg?resize=1080%2C1267&#038;ssl=1\" alt=\"\" width=\"1080\" height=\"1267\" title=\"\" srcset=\"https:\/\/i0.wp.com\/www.claret.org\/wp-content\/uploads\/2019\/09\/PeliClaret011.jpeg?w=1228&amp;ssl=1 1228w, https:\/\/i0.wp.com\/www.claret.org\/wp-content\/uploads\/2019\/09\/PeliClaret011.jpeg?resize=256%2C300&amp;ssl=1 256w, https:\/\/i0.wp.com\/www.claret.org\/wp-content\/uploads\/2019\/09\/PeliClaret011.jpeg?resize=768%2C901&amp;ssl=1 768w, https:\/\/i0.wp.com\/www.claret.org\/wp-content\/uploads\/2019\/09\/PeliClaret011.jpeg?resize=873%2C1024&amp;ssl=1 873w, https:\/\/i0.wp.com\/www.claret.org\/wp-content\/uploads\/2019\/09\/PeliClaret011.jpeg?resize=1080%2C1267&amp;ssl=1 1080w\" sizes=\"(max-width: 1080px) 100vw, 1080px\" \/><\/p>\n<p><span style=\"font-size: 14pt;\"><strong>Isabel II: Alba Recondo.<\/strong> Cine \u00ab18 Comidas\u00bb 2008, \u00abLas brujas de E&#8217;lente\u00bb (2014), Teatro \u00abNocturnos\u00bb 2017, \u00abYo soy Pepe Postigo\u00bb 2017, \u00abKvetch\u00bb 2017.<\/span><\/p>\n<p><span style=\"font-size: 14pt;\"><strong>Currius: Roberto Chapu. <\/strong>\u00abservir y Protejer\u00bb 2018, \u00abMonteperdido\u00bb (2019), \u00abLa Casa de Papel\u00bb (2019).<\/span><\/p>\n<p><span style=\"font-size: 14pt;\"><strong>Dionisio Gonzalez: Xiqui Rodr\u00edguez. <\/strong>Dr\u00e1cula, Anatom\u00eda del Miedo, para Cuarteto Teatro. (2008), \u201cEl \u00daltimo Viaje\u201d de B\u00e9atrice Fulconis. (2009), \u201cPedro y el Capit\u00e1n\u201d (2010), \u201cYo era Hamlet\u201d de W. Shakespeare y H. M\u00fcller (2012), \u201cM\u00edrame\u201d de Ester P\u00e9rez Arribas (2011) y \u00abCartas al Emperador\u00bb de Roberto Garc\u00eda Encinas (2017). Realiza Trabajos cinematogr\u00e1ficos como \u201cPoveda\u201d (2015) y \u201cSoledad\u201d (2016).<\/span><\/p>\n<p>&nbsp;<\/p>\n<p><img data-recalc-dims=\"1\" loading=\"lazy\" decoding=\"async\" data-attachment-id=\"62544\" data-permalink=\"https:\/\/www.claret.org\/es\/largometraje-sobre-san-antonio-maria-claret\/peliclaret003\/\" data-orig-file=\"https:\/\/i0.wp.com\/www.claret.org\/wp-content\/uploads\/2019\/09\/PeliClaret003.jpeg?fit=1600%2C1200&amp;ssl=1\" data-orig-size=\"1600,1200\" data-comments-opened=\"0\" data-image-meta=\"{&quot;aperture&quot;:&quot;0&quot;,&quot;credit&quot;:&quot;&quot;,&quot;camera&quot;:&quot;&quot;,&quot;caption&quot;:&quot;&quot;,&quot;created_timestamp&quot;:&quot;0&quot;,&quot;copyright&quot;:&quot;&quot;,&quot;focal_length&quot;:&quot;0&quot;,&quot;iso&quot;:&quot;0&quot;,&quot;shutter_speed&quot;:&quot;0&quot;,&quot;title&quot;:&quot;&quot;,&quot;orientation&quot;:&quot;0&quot;}\" data-image-title=\"PeliClaret003\" data-image-description=\"\" data-image-caption=\"\" data-large-file=\"https:\/\/i0.wp.com\/www.claret.org\/wp-content\/uploads\/2019\/09\/PeliClaret003.jpeg?fit=1024%2C768&amp;ssl=1\" class=\"alignnone size-full wp-image-62544\" src=\"https:\/\/i0.wp.com\/www.claret.org\/wp-content\/uploads\/2019\/09\/PeliClaret003.jpeg?resize=1080%2C810&#038;ssl=1\" alt=\"\" width=\"1080\" height=\"810\" title=\"\" srcset=\"https:\/\/i0.wp.com\/www.claret.org\/wp-content\/uploads\/2019\/09\/PeliClaret003.jpeg?w=1600&amp;ssl=1 1600w, https:\/\/i0.wp.com\/www.claret.org\/wp-content\/uploads\/2019\/09\/PeliClaret003.jpeg?resize=300%2C225&amp;ssl=1 300w, https:\/\/i0.wp.com\/www.claret.org\/wp-content\/uploads\/2019\/09\/PeliClaret003.jpeg?resize=768%2C576&amp;ssl=1 768w, https:\/\/i0.wp.com\/www.claret.org\/wp-content\/uploads\/2019\/09\/PeliClaret003.jpeg?resize=1024%2C768&amp;ssl=1 1024w, https:\/\/i0.wp.com\/www.claret.org\/wp-content\/uploads\/2019\/09\/PeliClaret003.jpeg?resize=1080%2C810&amp;ssl=1 1080w\" sizes=\"(max-width: 1080px) 100vw, 1080px\" \/><\/p>\n<p><span style=\"font-size: 14pt;\"><strong>Se\u00f1ora Sandovall: Assumpta Serna. <\/strong>\u00abEl crimen de Cuenca\u00bb 1979, \u00abEl jard\u00edn secreto\u00bb 1984, \u00abMatador\u00bb 1986, Yo, la peor de todas (1992), \u00abEl maestro de esgrima\u00bb (1992) \u00abjovenes y brujas (1996), \u00abRed de libertad\u00bb (2017).<\/span><\/p>\n<p><span style=\"font-size: 14pt;\"><strong>O&#8217;Donnel: Scott Cleverdon. <\/strong>\u00abEl mundo es suyo\u00bb (2017) \u00abI&#8217;ll Be Home for Christmas\u00bb (2017) \u00abEL ministerio del tiempo\u00bb (2017), \u00abBorgia\u00bb (2011-2014) \u00ablos fantasmas de Goya\u00bb (2006) \u00abThe Amazing Grace\u00bb (2006).<\/span><\/p>\n<p><span style=\"font-size: 14pt;\"><strong>Padre de Claret: Juan Lombardero. <\/strong>\u00abArde Madrid\u00bb 2018, \u00abDe infiltrant\u00bb  (2018) \u00abVelvet\u00bb (2015), \u00abFrancisco, el Padre Jorge\u00bb (2015) \u00abVictor Ros\u00bb (2015), \u00abAmar es para siempre\u00bb (2008-2009), \u00abLa Conjura del Escorial\u00bb (2008), \u00abYo soy Bea\u00bb (2006.2008).<\/span><\/p>\n<p><span style=\"font-size: 14pt;\"><strong>Arzobispo de Toledo: Pablo Pinedo. <\/strong>\u00abEl milagro de P. Tinto\u00bb (1998), \u00abLa gran Aventura de Mortadelo y Filem\u00f3n\u00bb (2003), \u00abSantos\u00bb 2008, \u00abLa mula\u00bb (2014).<\/span><\/p>\n<p><span style=\"font-size: 14pt;\"><strong>Carma: Laura Contreras. <\/strong>\u00abLuz de Soledad\u00bb 2016, \u00abCentro m\u00e9dico\u00bb 2016-2017, \u00abGrupo 2 homicidios\u00bb 2017, \u00abEstoy vivo\u00bb 2017.<\/span><\/p>\n<p><span style=\"font-size: 14pt;\"><strong>Alejo: Emilio Linder, <\/strong><a href=\"https:\/\/es.wikipedia.org\/wiki\/M%C3%A9dico_de_familia_(serie_de_TV)\" rel=\"nofollow noopener\" target=\"_blank\">M\u00e9dico de familia<\/a>, <a href=\"https:\/\/es.wikipedia.org\/wiki\/M%C3%A1s_que_amigos_(Espa%C3%B1a)\" rel=\"nofollow noopener\" target=\"_blank\">M\u00e1s que amigos<\/a>(<a href=\"https:\/\/es.wikipedia.org\/wiki\/1997\" rel=\"nofollow noopener\" target=\"_blank\">1997<\/a>), <a href=\"https:\/\/es.wikipedia.org\/wiki\/Al_salir_de_clase\" rel=\"nofollow noopener\" target=\"_blank\">Al salir de clase<\/a> (<a href=\"https:\/\/es.wikipedia.org\/wiki\/1999\" rel=\"nofollow noopener\" target=\"_blank\">1999<\/a>&#8211;<a href=\"https:\/\/es.wikipedia.org\/wiki\/2000\" rel=\"nofollow noopener\" target=\"_blank\">2000<\/a>), <a href=\"https:\/\/es.wikipedia.org\/wiki\/Tres_son_multitud_(serie_de_TV_de_Espa%C3%B1a)\" rel=\"nofollow noopener\" target=\"_blank\">Tres son multitud<\/a>(<a href=\"https:\/\/es.wikipedia.org\/wiki\/2003\" rel=\"nofollow noopener\" target=\"_blank\">2003<\/a>), <a href=\"https:\/\/es.wikipedia.org\/wiki\/Al_filo_de_la_ley\" rel=\"nofollow noopener\" target=\"_blank\">Al filo de la ley<\/a> (<a href=\"https:\/\/es.wikipedia.org\/wiki\/2004\" rel=\"nofollow noopener\" target=\"_blank\">2004<\/a>), <a href=\"https:\/\/es.wikipedia.org\/wiki\/Polic%C3%ADas_(serie_de_TV)\" rel=\"nofollow noopener\" target=\"_blank\">Polic\u00edas<\/a>, <a href=\"https:\/\/es.wikipedia.org\/wiki\/Periodistas_(serie_de_TV)\" rel=\"nofollow noopener\" target=\"_blank\">Periodistas<\/a>, <a href=\"https:\/\/es.wikipedia.org\/wiki\/Los_simuladores_(serie_de_TV_de_Espa%C3%B1a)\" rel=\"nofollow noopener\" target=\"_blank\">Los simuladores<\/a>, <a href=\"https:\/\/es.wikipedia.org\/wiki\/Hermanos_y_detectives_(serie_de_TV_de_Espa%C3%B1a)\" rel=\"nofollow noopener\" target=\"_blank\">Hermanos y detectives<\/a> y <a href=\"https:\/\/es.wikipedia.org\/wiki\/El_comisario\" rel=\"nofollow noopener\" target=\"_blank\">El comisario<\/a>, entre muchas otras y en las pel\u00edculas <a href=\"https:\/\/es.wikipedia.org\/wiki\/Los_fantasmas_de_Goya\" rel=\"nofollow noopener\" target=\"_blank\">Los fantasmas de Goya<\/a> (2006), de <a href=\"https:\/\/es.wikipedia.org\/wiki\/Milos_Forman\" rel=\"nofollow noopener\" target=\"_blank\">Milos Forman<\/a>,<a href=\"https:\/\/es.wikipedia.org\/wiki\/La_voz_dormida_(pel%C3%ADcula)\" rel=\"nofollow noopener\" target=\"_blank\">La voz dormida<\/a>, de <a href=\"https:\/\/es.wikipedia.org\/wiki\/Benito_Zambrano\" rel=\"nofollow noopener\" target=\"_blank\">Benito Zambrano<\/a> y <a href=\"https:\/\/es.wikipedia.org\/wiki\/Carmen_(pel%C3%ADcula_de_2003)\" rel=\"nofollow noopener\" target=\"_blank\">Carmen<\/a>, de <a href=\"https:\/\/es.wikipedia.org\/wiki\/Vicente_Aranda\" rel=\"nofollow noopener\" target=\"_blank\">Vicente Aranda<\/a>.<\/span><\/p>\n<p><span style=\"font-size: 14pt;\"><strong>Pio Baroja: Pablo Vi\u00f1a,  <\/strong>\u00abSe\u00f1oras del (h)Ampa\u00bb (2019), \u00abVivir sin permiso\u00bb (2018), \u00abEl ministerio del tiempo\u00bb (2017) \u00abMar de pl\u00e1stico\u00bb (2016), \u00abOlmos y Robles\u00bb (2015) \u00abVictor Ros\u00bb (2014), \u00abEl secreto del Puente Viejo\u00bb (2011).<\/span><\/p>\n<p><span style=\"font-size: 14pt;\"><strong>Azor\u00edn: Carlos Ca\u00f1as, <\/strong>\u00abBrigada Costa del Sol\u00bb (2019) \u00abLa que se avecina\u00bb (2008-2019), \u00abLuz de Soledad\u00bb (2016), \u00abRed de libertad\u00bb 2017.<\/span><\/p>\n<h2><\/h2>\n<h2><span style=\"color: #ff0000;\"><strong>Localizaciones<\/strong><\/span><\/h2>\n<p><span style=\"font-size: 14pt;\">La pel\u00edcula se est\u00e1 rodando ya entre Ciudad Rodrigo, Viseu (Portugal), Santander, Burgos, Salamanca y Madrid.<\/span><\/p>\n<h2><\/h2>\n<h2><span style=\"color: #ff0000;\"><strong>Fechas de rodaje y estreno<\/strong><\/span><\/h2>\n<p><span style=\"font-size: 14pt;\">Las fechas estimadas para el rodaje son de finales de septiembre de 2019 a principios de Noviembre de 2019.<\/span><\/p>\n<p><span style=\"font-size: 14pt;\">Se prev\u00e9 su estreno para Octubre de 2020.<\/span><\/p>\n<p>&nbsp;<\/p>\n<h2><span style=\"color: #ff0000;\"><strong>Webs relacionadas con el proyecto<\/strong><\/span><\/h2>\n<p><strong><a href=\"https:\/\/www.claret.org\" rel=\"nofollow\">www.claret.org<\/a><\/strong><\/p>\n<p><strong><a href=\"http:\/\/www.familiaclaretiana.org\" target=\"_blank\" rel=\"nofollow noopener noreferrer\">www.familiaclaretiana.org<\/a> <\/strong><\/p>\n<p><strong><a href=\"http:\/\/www.contracorrienteproducciones.es\" target=\"_blank\" rel=\"nofollow noopener noreferrer\">www.contracorrienteproducciones.es<\/a> <\/strong><\/p>\n<h2><\/h2>\n<h2><span style=\"color: #ff0000;\">Algunas im\u00e1genes del rodaje<\/span><\/h2>\n<p>&nbsp;<\/p>\n<p>[envira-gallery id=\u00bb62550&#8243;]<\/p>\n<p>&nbsp;<\/p>\n<h3 style=\"text-align: center;\"><span style=\"color: #ff0000;\"><strong>CROWDFUNDING:<\/strong> <a style=\"color: #ff0000;\" href=\"https:\/\/www.okpal.com\/pelicula-claret\" target=\"_blank\" rel=\"noopener noreferrer nofollow\">https:\/\/www.okpal.com\/pelicula-claret<\/a><\/span><\/h3>\n","protected":false},"excerpt":{"rendered":"<p>CROWDFUNDING: https:\/\/www.okpal.com\/pelicula-claret Sobre el proyecto Despu\u00e9s del \u00e9xito de \u201cUn Dios Prohibido\u201d, pel\u00edcula sobre los M\u00e1rtires Claretianos de Barbastro, en la guerra civil espa\u00f1ola, Contracorriente Producciones inicia un nuevo largometraje inspirado en la vida del fundador de los Misioneros Claretianos: Antonio Mar\u00eda Claret. Antonio Mar\u00eda Claret fue un misionero espa\u00f1ol del siglo XIX, que lleg\u00f3 [&hellip;]<\/p>\n","protected":false},"author":2,"featured_media":62629,"parent":0,"menu_order":0,"comment_status":"closed","ping_status":"closed","template":"","meta":{"_et_pb_use_builder":"","_et_pb_old_content":"","_et_gb_content_width":"","footnotes":""},"class_list":["post-62525","page","type-page","status-publish","has-post-thumbnail","hentry"],"jetpack_sharing_enabled":true,"jetpack_shortlink":"https:\/\/wp.me\/PdaBmi-ggt","jetpack_likes_enabled":true,"_links":{"self":[{"href":"https:\/\/www.claret.org\/es\/wp-json\/wp\/v2\/pages\/62525","targetHints":{"allow":["GET"]}}],"collection":[{"href":"https:\/\/www.claret.org\/es\/wp-json\/wp\/v2\/pages"}],"about":[{"href":"https:\/\/www.claret.org\/es\/wp-json\/wp\/v2\/types\/page"}],"author":[{"embeddable":true,"href":"https:\/\/www.claret.org\/es\/wp-json\/wp\/v2\/users\/2"}],"replies":[{"embeddable":true,"href":"https:\/\/www.claret.org\/es\/wp-json\/wp\/v2\/comments?post=62525"}],"version-history":[{"count":0,"href":"https:\/\/www.claret.org\/es\/wp-json\/wp\/v2\/pages\/62525\/revisions"}],"wp:featuredmedia":[{"embeddable":true,"href":"https:\/\/www.claret.org\/es\/wp-json\/wp\/v2\/media\/62629"}],"wp:attachment":[{"href":"https:\/\/www.claret.org\/es\/wp-json\/wp\/v2\/media?parent=62525"}],"curies":[{"name":"wp","href":"https:\/\/api.w.org\/{rel}","templated":true}]}}