{"id":63384,"date":"2019-10-07T12:02:23","date_gmt":"2019-10-07T10:02:23","guid":{"rendered":"https:\/\/www.claret.org\/la-mision-claretiana-2\/"},"modified":"2019-11-14T17:06:33","modified_gmt":"2019-11-14T16:06:33","slug":"la-mision-claretiana","status":"publish","type":"page","link":"https:\/\/www.claret.org\/es\/la-mision-claretiana\/","title":{"rendered":"La Misi\u00f3n Claretiana"},"content":{"rendered":"<p>[et_pb_section fb_built=\u00bb1&#8243; fullwidth=\u00bbon\u00bb _builder_version=\u00bb3.29.3&#8243; bottom_divider_style=\u00bbslant\u00bb bottom_divider_color=\u00bb#ef5821&#8243; bottom_divider_flip=\u00bbhorizontal\u00bb fb_built=\u00bb1&#8243; _i=\u00bb0&#8243; _address=\u00bb0&#8243;][et_pb_fullwidth_slider admin_label=\u00bbTCM Slider\u00bb _builder_version=\u00bb3.29.3&#8243; box_shadow_style_image=\u00bbpreset1&#8243; global_module=\u00bb63066&#8243; saved_tabs=\u00bball\u00bb _i=\u00bb0&#8243; _address=\u00bb0.0&#8243;][et_pb_slide heading=\u00bbLa Misi\u00f3n Claretiana 2019&#8243; image=\u00bbhttps:\/\/www.claret.org\/wp-content\/uploads\/2019\/11\/LMC2019.jpg\u00bb use_bg_overlay=\u00bbon\u00bb use_text_overlay=\u00bbon\u00bb text_overlay_color=\u00bbrgba(0,0,0,0.71)\u00bb _builder_version=\u00bb3.29.3&#8243; header_font=\u00bb|800||on|||||\u00bb background_image=\u00bbhttps:\/\/www.claret.org\/wp-content\/uploads\/2019\/11\/LMC2019.jpg\u00bb background_enable_image=\u00bbon\u00bb background_position=\u00bbtop_center\u00bb _i=\u00bb0&#8243; _address=\u00bb0.0.0&#8243;]Este n\u00famero de La Misi\u00f3n Claretiana est\u00e1 dedicado a la lengua que hablan los Misioneros Claretianos y otras muchas personas relacionadas con nosotros. <span class=\"tlid-translation translation\" lang=\"es\"><span class=\"\" title=\"\">Es como un diccionario de palabras esenciales.<\/span> <span class=\"\" title=\"\">Pero detr\u00e1s de cada palabra hay hermosas historias de misiones de claretianos en todo el mundo.<\/span><\/span>[\/et_pb_slide][\/et_pb_fullwidth_slider][\/et_pb_section][et_pb_section fb_built=\u00bb1&#8243; _builder_version=\u00bb3.29.3&#8243; background_color=\u00bb#e2531f\u00bb fb_built=\u00bb1&#8243; _i=\u00bb1&#8243; _address=\u00bb1&#8243;][et_pb_row _builder_version=\u00bb3.29.3&#8243; _i=\u00bb0&#8243; _address=\u00bb1.0&#8243;][et_pb_column type=\u00bb4_4&#8243; _builder_version=\u00bb3.29.3&#8243; _i=\u00bb0&#8243; _address=\u00bb1.0.0&#8243;][et_pb_text _builder_version=\u00bb3.29.3&#8243; global_module=\u00bb63349&#8243; saved_tabs=\u00bball\u00bb _i=\u00bb0&#8243; _address=\u00bb1.0.0.0&#8243;]<\/p>\n<h2 style=\"text-align: center;\">DESCARGA LA VERSI\u00d3N PDF<\/h2>\n<p style=\"text-align: center;\"><\/p>\n<p>[\/et_pb_text][\/et_pb_column][\/et_pb_row][\/et_pb_section][et_pb_section fb_built=\u00bb1&#8243; _builder_version=\u00bb3.29.3&#8243; top_divider_style=\u00bbslant\u00bb top_divider_color=\u00bb#e2531f\u00bb top_divider_flip=\u00bbvertical\u00bb fb_built=\u00bb1&#8243; _i=\u00bb2&#8243; _address=\u00bb2&#8243; global_module=\u00bb63380&#8243; saved_tabs=\u00bball\u00bb][et_pb_row column_structure=\u00bb1_4,1_4,1_4,1_4&#8243; _builder_version=\u00bb3.29.3&#8243; _i=\u00bb0&#8243; _address=\u00bb2.0&#8243;][et_pb_column type=\u00bb1_4&#8243; _builder_version=\u00bb3.29.3&#8243; _i=\u00bb0&#8243; _address=\u00bb2.0.0&#8243;][et_pb_blurb title=\u00bbLa Misi\u00f3n Claretiana 2019&#8243; image=\u00bbhttps:\/\/www.claret.org\/wp-content\/uploads\/2019\/09\/TCM-2019.jpg\u00bb _builder_version=\u00bb3.29.3&#8243; _dynamic_attributes=\u00bblink_option_url\u00bb header_text_align=\u00bbcenter\u00bb header_text_color=\u00bb#b21818&#8243; body_text_align=\u00bbcenter\u00bb body_text_color=\u00bb#000000&#8243; text_orientation=\u00bbcenter\u00bb custom_padding=\u00bb10px|10px|10px|10px|false|false\u00bb link_option_url=\u00bb@ET-DC@eyJkeW5hbWljIjp0cnVlLCJjb250ZW50IjoicG9zdF9saW5rX3VybF9wYWdlIiwic2V0dGluZ3MiOnsicG9zdF9pZCI6IjYzMDQ5In19@\u00bb border_color_all=\u00bb#b2850a\u00bb box_shadow_style=\u00bbpreset3&#8243; box_shadow_style_image=\u00bbpreset1&#8243; _i=\u00bb0&#8243; _address=\u00bb2.0.0.0&#8243;]<span class=\"tlid-translation translation\" lang=\"es\"><span class=\"\" title=\"\">Un diccionario de la lengua Claretiana.<\/span><\/span>[\/et_pb_blurb][\/et_pb_column][et_pb_column type=\u00bb1_4&#8243; _builder_version=\u00bb3.29.3&#8243; _i=\u00bb1&#8243; _address=\u00bb2.0.1&#8243;][et_pb_blurb title=\u00bbLa Misi\u00f3n Claretiana 2&#8217;18\u00bb image=\u00bbhttps:\/\/www.claret.org\/wp-content\/uploads\/2018\/06\/08.jpg\u00bb _builder_version=\u00bb3.29.3&#8243; header_text_align=\u00bbcenter\u00bb header_text_color=\u00bb#b21818&#8243; body_text_align=\u00bbcenter\u00bb body_text_color=\u00bb#000000&#8243; text_orientation=\u00bbcenter\u00bb custom_padding=\u00bb10px|10px|10px|10px|false|false\u00bb border_color_all=\u00bb#b2850a\u00bb box_shadow_style=\u00bbpreset3&#8243; box_shadow_style_image=\u00bbpreset1&#8243; _i=\u00bb0&#8243; _address=\u00bb2.0.1.0&#8243;]<span class=\"tlid-translation translation\" lang=\"es\"><span class=\"\" title=\"\">Dedicada a la pastoral con los j\u00f3venes<br \/>\n<\/span><\/span>[\/et_pb_blurb][\/et_pb_column][et_pb_column type=\u00bb1_4&#8243; _builder_version=\u00bb3.29.3&#8243; _i=\u00bb2&#8243; _address=\u00bb2.0.2&#8243;][et_pb_blurb title=\u00bbLa Misi\u00f3n Claretiana 2017&#8243; image=\u00bbhttps:\/\/www.claret.org\/wp-content\/uploads\/2019\/10\/TCM-2017.jpg\u00bb _builder_version=\u00bb3.29.3&#8243; header_text_align=\u00bbcenter\u00bb header_text_color=\u00bb#b21818&#8243; body_text_align=\u00bbcenter\u00bb body_text_color=\u00bb#000000&#8243; text_orientation=\u00bbcenter\u00bb custom_padding=\u00bb10px|10px|10px|10px|false|false\u00bb border_color_all=\u00bb#b2850a\u00bb box_shadow_style=\u00bbpreset3&#8243; box_shadow_style_image=\u00bbpreset1&#8243; _i=\u00bb0&#8243; _address=\u00bb2.0.2.0&#8243;]<span class=\"tlid-translation translation\" lang=\"es\"><span class=\"\" title=\"\">Rasgos carism\u00e1ticos de los Misioneros Claretianos<\/span><\/span>[\/et_pb_blurb][\/et_pb_column][et_pb_column type=\u00bb1_4&#8243; _builder_version=\u00bb3.29.3&#8243; _i=\u00bb3&#8243; _address=\u00bb2.0.3&#8243;][et_pb_blurb title=\u00bbLa Misi\u00f3n Claretiana 2016&#8243; image=\u00bbhttps:\/\/www.claret.org\/wp-content\/uploads\/2019\/10\/LMC-2016.jpg\u00bb _builder_version=\u00bb3.29.3&#8243; header_text_align=\u00bbcenter\u00bb header_text_color=\u00bb#b21818&#8243; body_text_align=\u00bbcenter\u00bb body_text_color=\u00bb#000000&#8243; text_orientation=\u00bbcenter\u00bb custom_padding=\u00bb10px|10px|10px|10px|false|false\u00bb border_color_all=\u00bb#b2850a\u00bb box_shadow_style=\u00bbpreset3&#8243; box_shadow_style_image=\u00bbpreset1&#8243; _i=\u00bb0&#8243; _address=\u00bb2.0.3.0&#8243;]<span class=\"tlid-translation translation\" lang=\"es\"><span class=\"\" title=\"\">Las obras corporales y espirituales de la misericordia<br \/>\n<\/span><\/span>[\/et_pb_blurb][\/et_pb_column][\/et_pb_row][et_pb_row column_structure=\u00bb1_4,1_4,1_4,1_4&#8243; _builder_version=\u00bb3.29.3&#8243; _i=\u00bb1&#8243; _address=\u00bb2.1&#8243;][et_pb_column type=\u00bb1_4&#8243; _builder_version=\u00bb3.29.3&#8243; _i=\u00bb0&#8243; _address=\u00bb2.1.0&#8243;][et_pb_blurb title=\u00bbLa Misi\u00f3n Claretiana 2015&#8243; image=\u00bbhttps:\/\/www.claret.org\/wp-content\/uploads\/2019\/10\/TCM-2015.jpg\u00bb _builder_version=\u00bb3.29.3&#8243; header_text_align=\u00bbcenter\u00bb header_text_color=\u00bb#b21818&#8243; body_text_align=\u00bbcenter\u00bb body_text_color=\u00bb#000000&#8243; text_orientation=\u00bbcenter\u00bb custom_padding=\u00bb10px|10px|10px|10px|false|false\u00bb border_color_all=\u00bb#b2850a\u00bb box_shadow_style=\u00bbpreset3&#8243; box_shadow_style_image=\u00bbpreset1&#8243; _i=\u00bb0&#8243; _address=\u00bb2.1.0.0&#8243;]<span class=\"tlid-translation translation\" lang=\"es\"><span class=\"\" title=\"\">Dedicada a la Pastoral Educativa<\/span><\/span>[\/et_pb_blurb][\/et_pb_column][et_pb_column type=\u00bb1_4&#8243; _builder_version=\u00bb3.29.3&#8243; _i=\u00bb1&#8243; _address=\u00bb2.1.1&#8243;][et_pb_blurb title=\u00bbLa Misi\u00f3n Claretiana 2014&#8243; image=\u00bbhttps:\/\/www.claret.org\/wp-content\/uploads\/2019\/10\/TCM-2014.jpg\u00bb _builder_version=\u00bb3.29.3&#8243; header_text_align=\u00bbcenter\u00bb header_text_color=\u00bb#b21818&#8243; body_text_align=\u00bbcenter\u00bb body_text_color=\u00bb#000000&#8243; text_orientation=\u00bbcenter\u00bb custom_padding=\u00bb10px|10px|10px|10px|false|false\u00bb border_color_all=\u00bb#b2850a\u00bb box_shadow_style=\u00bbpreset3&#8243; box_shadow_style_image=\u00bbpreset1&#8243; _i=\u00bb0&#8243; _address=\u00bb2.1.1.0&#8243;]<span class=\"tlid-translation translation\" lang=\"es\"><span class=\"\" title=\"\">El estilo Misionero Claretiano<\/span><\/span>[\/et_pb_blurb][\/et_pb_column][et_pb_column type=\u00bb1_4&#8243; _builder_version=\u00bb3.29.3&#8243; _i=\u00bb2&#8243; _address=\u00bb2.1.2&#8243;][et_pb_blurb title=\u00bbLa Misi\u00f3n Claretiana 2013&#8243; image=\u00bbhttps:\/\/www.claret.org\/wp-content\/uploads\/2019\/10\/TCM-2013.jpg\u00bb _builder_version=\u00bb3.29.3&#8243; header_text_align=\u00bbcenter\u00bb header_text_color=\u00bb#b21818&#8243; body_text_align=\u00bbcenter\u00bb body_text_color=\u00bb#000000&#8243; text_orientation=\u00bbcenter\u00bb custom_padding=\u00bb10px|10px|10px|10px|false|false\u00bb border_color_all=\u00bb#b2850a\u00bb box_shadow_style=\u00bbpreset3&#8243; box_shadow_style_image=\u00bbpreset1&#8243; _i=\u00bb0&#8243; _address=\u00bb2.1.2.0&#8243;]<span class=\"tlid-translation translation\" lang=\"es\"><span class=\"alt-edited\" title=\"\">Dedicada a la JPIC<\/span><\/span>[\/et_pb_blurb][\/et_pb_column][et_pb_column type=\u00bb1_4&#8243; _builder_version=\u00bb3.29.3&#8243; _i=\u00bb3&#8243; _address=\u00bb2.1.3&#8243;][et_pb_blurb title=\u00bbLa Misi\u00f3n Claretiana 2012&#8243; image=\u00bbhttps:\/\/www.claret.org\/wp-content\/uploads\/2019\/10\/TCM-2012.jpg\u00bb _builder_version=\u00bb3.29.3&#8243; header_text_align=\u00bbcenter\u00bb header_text_color=\u00bb#b21818&#8243; body_text_align=\u00bbcenter\u00bb body_text_color=\u00bb#000000&#8243; text_orientation=\u00bbcenter\u00bb custom_padding=\u00bb10px|10px|10px|10px|false|false\u00bb border_color_all=\u00bb#b2850a\u00bb box_shadow_style=\u00bbpreset3&#8243; box_shadow_style_image=\u00bbpreset1&#8243; _i=\u00bb0&#8243; _address=\u00bb2.1.3.0&#8243;]<span class=\"tlid-translation translation\" lang=\"es\"><span class=\"\" title=\"\">Dedicada a la misi\u00f3n compartida<\/span><\/span>[\/et_pb_blurb][\/et_pb_column][\/et_pb_row][\/et_pb_section]<\/p>\n","protected":false},"excerpt":{"rendered":"<p>Este n\u00famero de La Misi\u00f3n Claretiana est\u00e1 dedicado a la lengua que hablan los Misioneros Claretianos y otras muchas personas relacionadas con nosotros. Es como un diccionario de palabras esenciales. Pero detr\u00e1s de cada palabra hay hermosas historias de misiones de claretianos en todo el mundo.DESCARGA LA VERSI\u00d3N PDF  Un diccionario de la [&hellip;]<\/p>\n","protected":false},"author":2,"featured_media":0,"parent":0,"menu_order":0,"comment_status":"closed","ping_status":"closed","template":"","meta":{"_et_pb_use_builder":"on","_et_pb_old_content":"","_et_gb_content_width":"","footnotes":""},"class_list":["post-63384","page","type-page","status-publish","hentry"],"jetpack_sharing_enabled":true,"jetpack_shortlink":"https:\/\/wp.me\/PdaBmi-guk","jetpack_likes_enabled":true,"_links":{"self":[{"href":"https:\/\/www.claret.org\/es\/wp-json\/wp\/v2\/pages\/63384","targetHints":{"allow":["GET"]}}],"collection":[{"href":"https:\/\/www.claret.org\/es\/wp-json\/wp\/v2\/pages"}],"about":[{"href":"https:\/\/www.claret.org\/es\/wp-json\/wp\/v2\/types\/page"}],"author":[{"embeddable":true,"href":"https:\/\/www.claret.org\/es\/wp-json\/wp\/v2\/users\/2"}],"replies":[{"embeddable":true,"href":"https:\/\/www.claret.org\/es\/wp-json\/wp\/v2\/comments?post=63384"}],"version-history":[{"count":0,"href":"https:\/\/www.claret.org\/es\/wp-json\/wp\/v2\/pages\/63384\/revisions"}],"wp:attachment":[{"href":"https:\/\/www.claret.org\/es\/wp-json\/wp\/v2\/media?parent=63384"}],"curies":[{"name":"wp","href":"https:\/\/api.w.org\/{rel}","templated":true}]}}