{"id":115165,"date":"2022-03-22T09:33:40","date_gmt":"2022-03-22T08:33:40","guid":{"rendered":"https:\/\/www.claret.org\/a-propos-de-nous\/"},"modified":"2022-07-19T00:35:11","modified_gmt":"2022-07-18T22:35:11","slug":"a-propos-de-nous","status":"publish","type":"page","link":"https:\/\/www.claret.org\/fr\/a-propos-de-nous\/","title":{"rendered":"Clar\u00e9tains"},"content":{"rendered":"\n[et_pb_section fb_built=\u00a0\u00bb1&Prime; fullwidth=\u00a0\u00bbon\u00a0\u00bb _builder_version=\u00a0\u00bb4.17.6&Prime; _module_preset=\u00a0\u00bbdefault\u00a0\u00bb global_colors_info=\u00a0\u00bb{}\u00a0\u00bb][et_pb_fullwidth_header title=\u00a0\u00bbQui sont les Clar\u00e9tains ?\u00a0\u00bb _builder_version=\u00a0\u00bb4.17.6&Prime; _module_preset=\u00a0\u00bbdefault\u00a0\u00bb global_colors_info=\u00a0\u00bb{}\u00a0\u00bb][\/et_pb_fullwidth_header][\/et_pb_section][et_pb_section fb_built=\u00a0\u00bb1&Prime; _builder_version=\u00a0\u00bb4.17.6&Prime; _module_preset=\u00a0\u00bbdefault\u00a0\u00bb custom_padding=\u00a0\u00bb32px|||||\u00a0\u00bb global_colors_info=\u00a0\u00bb{}\u00a0\u00bb][et_pb_row _builder_version=\u00a0\u00bb4.17.6&Prime; _module_preset=\u00a0\u00bbdefault\u00a0\u00bb global_colors_info=\u00a0\u00bb{}\u00a0\u00bb][et_pb_column type=\u00a0\u00bb4_4&Prime; _builder_version=\u00a0\u00bb4.17.6&Prime; _module_preset=\u00a0\u00bbdefault\u00a0\u00bb global_colors_info=\u00a0\u00bb{}\u00a0\u00bb][et_pb_text _builder_version=\u00a0\u00bb4.17.6&Prime; _module_preset=\u00a0\u00bbdefault\u00a0\u00bb global_colors_info=\u00a0\u00bb{}\u00a0\u00bb]Nous sommes une Congr\u00e9gation de Missionnaires fond\u00e9e par Saint Antoine Marie Claret le 16 juillet 1849 \u00e0 Vic, Espagne, avec les P\u00e8res Stephen Sala, Joseph Xifr\u00e9, Dominic Fabregas, Jaime Clotet, Manuel Vilaro.\r\n\r\nLe nom officiel de notre congr\u00e9gation est la Congr\u00e9gation des Missionnaires Fils du C\u0153ur Immacul\u00e9 de la Sainte Vierge Marie, commun\u00e9ment appel\u00e9s Clar\u00e9tains.\r\n\r\nUN CLAR\u00c9TAIN est un Fils du Coeur Immacul\u00e9 de Marie est un homme qui br\u00fble de charit\u00e9 et qui embrase tout sur son passage. Il d\u00e9sire efficacement et essaie par tous les moyens d\u2019enflammer le monde du feu de l\u2019amour divine. Rien ne l\u2019arr\u00eate. Il se r\u00e9jouit des privations, aborde les travaux, embrasse les sacrifices, se complait dans les calomnies, se r\u00e9jouit dans les tourments et douleurs qu\u2019il souffre et se glorifie dans la croix de J\u00e9sus-Christ12. Il ne pense \u00e0 rien d\u2019autre qu\u2019\u00e0 suivre et imiter J\u00e9sus-Christ dans la pri\u00e8re, le travail, la souffrance et dans la recherche continuelle et unique de la plus grande gloire de Dieu et le salut des hommes\r\n\r\nA la fin de nos noms, nous mettons le C.M.F., l&rsquo;acronyme des mots latins <em>Cordis Mariae Filius<\/em> qui signifie Fils du C\u0153ur de Marie.\r\n\r\n<img data-recalc-dims=\"1\" loading=\"lazy\" decoding=\"async\" data-attachment-id=\"130771\" data-permalink=\"https:\/\/www.claret.org\/fr\/cmf-fb-banner-en-es-2\/\" data-orig-file=\"https:\/\/i0.wp.com\/www.claret.org\/wp-content\/uploads\/2022\/07\/cmf-fb-banner-en-es.jpg?fit=1366%2C391&amp;ssl=1\" data-orig-size=\"1366,391\" data-comments-opened=\"0\" data-image-meta=\"{&quot;aperture&quot;:&quot;0&quot;,&quot;credit&quot;:&quot;&quot;,&quot;camera&quot;:&quot;&quot;,&quot;caption&quot;:&quot;&quot;,&quot;created_timestamp&quot;:&quot;1652957830&quot;,&quot;copyright&quot;:&quot;&quot;,&quot;focal_length&quot;:&quot;0&quot;,&quot;iso&quot;:&quot;0&quot;,&quot;shutter_speed&quot;:&quot;0&quot;,&quot;title&quot;:&quot;&quot;,&quot;orientation&quot;:&quot;0&quot;}\" data-image-title=\"cmf fb banner en es\" data-image-description=\"\" data-image-caption=\"\" data-medium-file=\"https:\/\/i0.wp.com\/www.claret.org\/wp-content\/uploads\/2022\/07\/cmf-fb-banner-en-es.jpg?fit=300%2C86&amp;ssl=1\" data-large-file=\"https:\/\/i0.wp.com\/www.claret.org\/wp-content\/uploads\/2022\/07\/cmf-fb-banner-en-es.jpg?fit=1024%2C293&amp;ssl=1\" class=\"wp-image-130771 alignnone size-full\" src=\"https:\/\/i0.wp.com\/www.claret.org\/wp-content\/uploads\/2022\/07\/cmf-fb-banner-en-es.jpg?resize=1080%2C309&#038;ssl=1\" alt=\"\" width=\"1080\" height=\"309\" title=\"\" srcset=\"https:\/\/www.claret.org\/wp-content\/uploads\/2022\/07\/cmf-fb-banner-en-es.jpg 1366w, https:\/\/www.claret.org\/wp-content\/uploads\/2022\/07\/cmf-fb-banner-en-es-1280x366.jpg 1280w, https:\/\/www.claret.org\/wp-content\/uploads\/2022\/07\/cmf-fb-banner-en-es-980x281.jpg 980w, https:\/\/www.claret.org\/wp-content\/uploads\/2022\/07\/cmf-fb-banner-en-es-480x137.jpg 480w\" sizes=\"(min-width: 0px) and (max-width: 480px) 480px, (min-width: 481px) and (max-width: 980px) 980px, (min-width: 981px) and (max-width: 1280px) 1280px, (min-width: 1281px) 1366px, 100vw\" \/>\r\nNous sommes des missionnaires ! La mission est au c\u0153ur de notre identit\u00e9 la plus fondamentale. Nous avons re\u00e7u de l\u2019Esprit un charisme qui nous conforme \u00e0 J\u00e9sus et nous rend comme les ap\u00f4tres, dans une communion de vie, totalement d\u00e9di\u00e9s au P\u00e8re et au Royaume (cf. CC 3-4). Il y a cent cinquante ans, notre communaut\u00e9 clar\u00e9taine a connu une grande joie lorsque l\u2019\u00c9glise a approuv\u00e9 nos Constitutions et a reconnu, avec joie, que notre Congr\u00e9gation de Missionnaires est un don de l\u2019Esprit. Aujourd\u2019hui, \u00e9galement avec une grande joie, nous proclamons avec Marie, avec reconnaissance, la grandeur du Seigneur.\r\n\r\nNous sommes des Missionnaires  \u201cavec esprit\u201d. Nous avons \u00e9t\u00e9 gratifi\u00e9s d\u2019une spiritualit\u00e9 particuli\u00e8re, h\u00e9rit\u00e9e de Saint Antoine Marie Claret et de notre riche tradition. En tant que Fils du C\u0153ur de Marie, nous sommes appel\u00e9s \u00e0 \u00eatre des hommes ouverts \u00e0 l\u2019Esprit, guid\u00e9s par lui et toujours dociles \u00e0 ses motions ; des hommes enflamm\u00e9s d\u2019amour.\r\n\r\nNous sommes des auditeurs et des serviteurs de la Parole de Dieu. Notre h\u00e9ritage charismatique nous d\u00e9finit comme \u201d des auditeurs et des serviteurs de la Parole \u201c. Nous avons dans l\u2019Eglise et dans la soci\u00e9t\u00e9 un \u00e9cho de Claret (cf. Aut 686), ministre passionn\u00e9 de l\u2019Evangile \u00e0 temps et \u00e0 contretemps, utilisant tous les moyens \u00e0 sa disposition. Comme Marie, enfants de son c\u0153ur, nous voulons accueillir et m\u00e9diter la Parole dans nos c\u0153urs et la proclamer avec passion.\r\n\r\nNous sommes Missionnaires en communaut\u00e9. En tant que t\u00e9moins et messagers de la joie de l\u2019\u00c9vangile, en communaut\u00e9 apostolique, nous nous effor\u00e7ons d\u2019avoir une vision commune pour aborder les p\u00e9riph\u00e9ries humaines qui nous interpellent en tout lieu pour avoir une attitude de rayonnement missionnaire.\r\n\r\nNous sommes envoy\u00e9s pour \u00e9vang\u00e9liser en \u00e9coutant les pauvres. On ne peut pas \u00eatre clar\u00e9tain si on agit comme si les pauvres n\u2019existaient pas. On ne peut pas non plus \u00eatre clar\u00e9tain si on ne d\u00e9nonce pas les structures injustes, si on ne lutte pas contre le syst\u00e8me qui assujettit les pauvres et si on ne propose pas d\u2019alternatives.\r\n\r\nNous sommes avec toute l\u2019\u00c9glise et ceux qui cherchent la transformation du monde. Pour notre Congr\u00e9gation, la dimension \u201d \u00e9vang\u00e9liser avec les autres \u201c, multiplier les leaders \u00e9vang\u00e9lisateurs et la mission partag\u00e9e est un trait charismatique indispensable (cf. CC 3, 7, 48) que nous comprenons et r\u00e9alisons de diverses mani\u00e8res.\r\n\r\nNous sommes ouverts \u00e0 tous dans le dialogue proph\u00e9tique. Le dialogue prend diff\u00e9rentes formes : le dialogue comme pr\u00e9sence \u2013 vivre plut\u00f4t que faire ; le dialogue interreligieux et interculturel qui favorise la paix et la r\u00e9conciliation ; le dialogue avec la cr\u00e9ation qui conduit \u00e0 une conversion \u00e9cologique. Dans ce dialogue, nous vivons l\u2019annonce et la d\u00e9nonciation qui font partie de la proph\u00e9tie, un dialogue que nous \u00e9tendons \u00e9galement au nouveau continent num\u00e9rique et aux nouvelles g\u00e9n\u00e9rations de jeunes afin d\u2019\u00e9vang\u00e9liser et d\u2019\u00eatre \u00e9vang\u00e9lis\u00e9s. Nous sommes des hommes en feu d\u2019amour (charit\u00e9) et \u201cle dialogue est le nouveau nom de la charit\u00e9\u201d (VC 74).\r\n\r\nNous r\u00eavons d\u2019une Congr\u00e9gation p\u00e8lerine, enracin\u00e9e dans la foi en J\u00e9sus-Christ et dans la spiritualit\u00e9 clar\u00e9taine.\r\nNous r\u00eavons comme Claret d\u2019une Congr\u00e9gation qui, \u00e0 l\u2019exemple de Marie, garde dans son c\u0153ur, accomplit et proclame la Parole de Dieu.\r\nNous r\u00eavons d\u2019une Congr\u00e9gation de Missionnaires qui partagent nos vies, notre diversit\u00e9 et nos ressources dans des communaut\u00e9s fa\u00e7onn\u00e9es par la mission et les minist\u00e8res que Dieu nous a confi\u00e9s. Nous nous encourageons et nous accompagnons mutuellement comme des fr\u00e8res par l\u2019\u00e9coute mutuelle, sans exclure personne.\r\nNous r\u00eavons d\u2019une Congr\u00e9gation, audacieuse et itin\u00e9rante, qui, envoy\u00e9e par l\u2019Esprit du Seigneur (cf. Lc 4,18 ; Ac 8,28, 39), s\u2019avance vers les p\u00e9riph\u00e9ries, s\u2019approche des jeunes, marche avec eux et les encourage \u00e0 r\u00e9pondre \u00e0 l\u2019appel de Dieu.\r\nNous r\u00eavons d\u2019une Congr\u00e9gation qui a pour point de d\u00e9part l\u2019animation biblique de toute pastorale (cf. VD 73), qui \u00e9vang\u00e9lise avec tous les moyens possibles dans la mission partag\u00e9e, le dialogue interreligieux et l\u2019utilisation intelligente des diverses formes de moyens de communication.\r\nNous r\u00eavons d\u2019une Congr\u00e9gation engag\u00e9e dans la fraternit\u00e9 universelle (Fratelli tutti), la justice, la paix et le soin de la maison commune (Laudato si\u2019). Dans un esprit de synodalit\u00e9, nous collaborons avec des personnes de diff\u00e9rentes cultures, ethnies et religions pour la transformation du monde en accord avec le plan de Dieu (cf. CC 46).\r\nNous r\u00eavons d\u2019une Congr\u00e9gation pr\u00e9par\u00e9e \u00e0 r\u00e9pondre aux nouveaux d\u00e9fis par un processus de formation int\u00e9grale et continue, ouverte \u00e0 la mission universelle, selon l\u2019esprit et le charisme de notre P\u00e8re Fondateur.\r\n\r\n<a href=\"https:\/\/www.claret.org\/where-we-are\/\">Nous sommes pr\u00e9sents dans 70 pays \u00e0 travers le monde <\/a>et nous nous consacrons \u00e0 l&rsquo;enseignement de qualit\u00e9, \u00e0 la publication de bibles et de livres religieux, \u00e0 la gestion des paroisses, \u00e0 l&rsquo;am\u00e9lioration et \u00e0 l&rsquo;aide au bien-\u00eatre social des personnes et \u00e0 l&rsquo;entretien de notre maison commune.\r\n\r\nVous pouvez nous trouver \u00e0 : ANGOLA | <a href=\"https:\/\/www.claretianosdelsur.org\/\" rel=\"nofollow noopener\" target=\"_blank\">ARGENTINA<\/a> | <a href=\"https:\/\/www.gallardoprovince.org\/\" rel=\"nofollow noopener\" target=\"_blank\">AUSTRALIA<\/a> | <a href=\"https:\/\/www.claretiner.org\/\" rel=\"nofollow noopener\" target=\"_blank\">AUSTRIA<\/a> | BANGLADESH | <a href=\"https:\/\/www.klaretyni.pl\/\" rel=\"nofollow noopener\" target=\"_blank\">BELARUS<\/a> | <a href=\"http:\/\/www.claretianosperubolivia.org\/\" rel=\"nofollow noopener\" target=\"_blank\">BOLIVIA<\/a> | <a href=\"http:\/\/claretianos.com.br\/\" rel=\"nofollow noopener\" target=\"_blank\">BRASIL<\/a> | <a href=\"https:\/\/www.klaretyni.pl\/\" rel=\"nofollow noopener\" target=\"_blank\">BURKINA FASO<\/a> | <a href=\"http:\/\/www.cmfcameroon.com\/\" rel=\"nofollow noopener\" target=\"_blank\">CAMEROUN<\/a> | <a href=\"https:\/\/www.claretiansusa.org\/\" rel=\"nofollow noopener\" target=\"_blank\">CANADA<\/a> | <a href=\"https:\/\/www.cmfnigeria.org\/\" rel=\"nofollow noopener\" target=\"_blank\">CHAD<\/a> | <a href=\"https:\/\/www.claretianosdelsur.org\/\" rel=\"nofollow noopener\" target=\"_blank\">CHILE<\/a> | CHINA | <a href=\"cmfcolven.org\/\">COLO<\/a><a href=\"https:\/\/claretianoscolombiaecuador.org.co\/\" rel=\"nofollow noopener\" target=\"_blank\">MBIA<\/a> | <a href=\"https:\/\/centroamericacmf.org\/\" rel=\"nofollow noopener\" target=\"_blank\">COSTA RICA<\/a> | <a href=\"https:\/\/www.klaretyni.pl\/\" rel=\"nofollow noopener\" target=\"_blank\">C\u00d4TE D\u2019IVOIRE<\/a> | <a href=\"https:\/\/cmfantillas.org\/\" rel=\"nofollow noopener\" target=\"_blank\">CUBA<\/a> | <a href=\"https:\/\/www.claretiner.org\/\" rel=\"nofollow noopener\" target=\"_blank\">DEUTSCHLAND<\/a> | <a href=\"https:\/\/claretianoscolombiaecuador.org.co\/\" rel=\"nofollow noopener\" target=\"_blank\">ECUADOR<\/a> | <a href=\"https:\/\/centroamericacmf.org\/\" rel=\"nofollow noopener\" target=\"_blank\">EL SALVADOR<\/a> | <a href=\"https:\/\/www.fatimacmf.org\/\" rel=\"nofollow noopener\" target=\"_blank\">ES<\/a><a href=\"https:\/\/www.claretpaulus.org\/\" rel=\"nofollow noopener\" target=\"_blank\">PA<\/a><a href=\"https:\/\/www.claretianos.es\/\" rel=\"nofollow noopener\" target=\"_blank\">\u00d1A<\/a> | <a href=\"https:\/\/www.claretpaulus.org\/\" rel=\"nofollow noopener\" target=\"_blank\">FRANCE<\/a> | <a href=\"http:\/\/www.padrexifrecmf.org\/\" rel=\"nofollow noopener\" target=\"_blank\">GABON<\/a> | <a href=\"https:\/\/www.cmfnigeria.org\/\" rel=\"nofollow noopener\" target=\"_blank\">GHANA<\/a> | <a href=\"https:\/\/centroamericacmf.org\/\" rel=\"nofollow noopener\" target=\"_blank\">GUATEMALA<\/a> | <a href=\"http:\/\/www.padrexifrecmf.org\/\" rel=\"nofollow noopener\" target=\"_blank\">GUINEA ECUATORIAL<\/a> | <a href=\"https:\/\/cmfantillas.org\/\" rel=\"nofollow noopener\" target=\"_blank\">HA\u00cfTI<\/a> | <a href=\"https:\/\/centroamericacmf.org\/\" rel=\"nofollow noopener\" target=\"_blank\">HONDURAS<\/a> | <a href=\"https:\/\/claretiansbangalore.com\/\" rel=\"nofollow noopener\" target=\"_blank\">I<\/a><a href=\"https:\/\/chennaicmf.org\/\" rel=\"nofollow noopener\" target=\"_blank\">N<\/a><a href=\"https:\/\/www.claretiansnortheast.com\/\" rel=\"nofollow noopener\" target=\"_blank\">D<\/a><a href=\"https:\/\/www.claret-santhome.org\/\" rel=\"nofollow noopener\" target=\"_blank\">I<\/a>A | <a href=\"https:\/\/www.cmfindotiles.org\/\" rel=\"nofollow noopener\" target=\"_blank\">INDONESIA<\/a> | <a href=\"https:\/\/www.claretpaulus.org\/\" rel=\"nofollow noopener\" target=\"_blank\">ITALIA<\/a> | JAPAN | <a href=\"https:\/\/www.cmfeastafrica.org\/\" rel=\"nofollow noopener\" target=\"_blank\">KENYA<\/a> | MADAGASCAR | <a href=\"https:\/\/chennaicmf.org\/\" rel=\"nofollow noopener\" target=\"_blank\">MALAYSIA<\/a> | <a href=\"https:\/\/claretianos.mx\" rel=\"nofollow noopener\" target=\"_blank\">M\u00c9XICO<\/a> | <a href=\"http:\/\/claretianos.com.br\/\" rel=\"nofollow noopener\" target=\"_blank\">MO\u00c7AMBIQUE<\/a> | <a href=\"https:\/\/www.gallardoprovince.org\/\" rel=\"nofollow noopener\" target=\"_blank\">MYANMAR<\/a> | <a href=\"https:\/\/claretiansbangalore.com\/\" rel=\"nofollow noopener\" target=\"_blank\">NEW ZEALAND<\/a> | <a href=\"https:\/\/centroamericacmf.org\/\" rel=\"nofollow noopener\" target=\"_blank\">NICARAGUA<\/a> | <a href=\"https:\/\/www.cmfnigeria.org\/\" rel=\"nofollow noopener\" target=\"_blank\">NIGE<\/a><a href=\"https:\/\/claretwestng.org\/\" rel=\"nofollow noopener\" target=\"_blank\">RIA<\/a> | <a href=\"https:\/\/centroamericacmf.org\/\" rel=\"nofollow noopener\" target=\"_blank\">PANAM\u00c1<\/a> | <a href=\"https:\/\/www.claretianosdelsur.org\/\" rel=\"nofollow noopener\" target=\"_blank\">PARAGUA<\/a>Y | <a href=\"http:\/\/www.claretianosperubolivia.org\/\" rel=\"nofollow noopener\" target=\"_blank\">PER\u00da<\/a> | <a href=\"https:\/\/www.gallardoprovince.org\/\" rel=\"nofollow noopener\" target=\"_blank\">PHILIPPINES<\/a> | <a href=\"https:\/\/www.klaretyni.pl\/\" rel=\"nofollow noopener\" target=\"_blank\">POLSKA<\/a> | <a href=\"https:\/\/www.fatimacmf.org\/\" rel=\"nofollow noopener\" target=\"_blank\">PORTUGAL<\/a> | <a href=\"https:\/\/cmfantillas.org\/\" rel=\"nofollow noopener\" target=\"_blank\">PUERTO RICO<\/a> | <a href=\"https:\/\/www.klaretyni.pl\/\" rel=\"nofollow noopener\" target=\"_blank\">REPUBLIKA CZESKA<\/a> | <a href=\"https:\/\/cmfantillas.org\/\" rel=\"nofollow noopener\" target=\"_blank\">REP\u00daBLICA DOMINICANA<\/a> | REPUBLIQUE DEMOCRATIQUE DU CONGO | <a href=\"https:\/\/www.klaretyni.pl\/\" rel=\"nofollow noopener\" target=\"_blank\">RUS<\/a><a href=\"https:\/\/www.claretianos.es\/\" rel=\"nofollow noopener\" target=\"_blank\">SIA<\/a> | S\u00c3O TOM\u00c9 E PR\u00cdNCIPE | <a href=\"https:\/\/www.claretiner.org\/\" rel=\"nofollow noopener\" target=\"_blank\">SCHWEIZ<\/a> | <a href=\"https:\/\/www.claretpaulus.org\/\" rel=\"nofollow noopener\" target=\"_blank\">SLOVENIJA<\/a> | <a href=\"https:\/\/claretwestng.org\/\" rel=\"nofollow noopener\" target=\"_blank\">SOUTH AFRICA<\/a> | <a href=\"http:\/\/www.claret.or.kr\/\" rel=\"nofollow noopener\" target=\"_blank\">SOUTH KOREA<\/a> | <a href=\"https:\/\/claretianslanka.org\/\" rel=\"nofollow noopener\" target=\"_blank\">SRI LANKA<\/a> | TAIWAN | <a href=\"https:\/\/www.cmfeastafrica.org\/\" rel=\"nofollow noopener\" target=\"_blank\">TANZANIA<\/a> | <a href=\"https:\/\/www.cmfindotiles.org\/\" rel=\"nofollow noopener\" target=\"_blank\">TIMOR LESTE<\/a> | <a href=\"https:\/\/www.cmfeastafrica.org\/\" rel=\"nofollow noopener\" target=\"_blank\">UGANDA<\/a> | <a href=\"https:\/\/www.klaretyni.pl\/\" rel=\"nofollow noopener\" target=\"_blank\">UKRAINE<\/a> | <a href=\"https:\/\/www.fatimacmf.org\/\" rel=\"nofollow noopener\" target=\"_blank\">UNITED KINGDOM<\/a> | <a href=\"https:\/\/www.claretiansusa.org\/\" rel=\"nofollow noopener\" target=\"_blank\">UNITED STATES OF AMERICA<\/a> | <a href=\"https:\/\/www.claretianosdelsur.org\/\" rel=\"nofollow noopener\" target=\"_blank\">URUGUAY<\/a> | <a href=\"cmfcolven.org\/\">VENEZUELA<\/a> | <a href=\"https:\/\/www.gallardoprovince.org\/\" rel=\"nofollow noopener\" target=\"_blank\">VIETNAM<\/a> | <a href=\"https:\/\/www.fatimacmf.org\/\" rel=\"nofollow noopener\" target=\"_blank\">ZIMBABWE<\/a>[\/et_pb_text][\/et_pb_column][\/et_pb_row][\/et_pb_section]\n","protected":false},"excerpt":{"rendered":"<p>Nous sommes une Congr\u00e9gation de Missionnaires fond\u00e9e par Saint Antoine Marie Claret le 16 juillet 1849 \u00e0 Vic, Espagne, avec les P\u00e8res Stephen Sala, Joseph Xifr\u00e9, Dominic Fabregas, Jaime Clotet, Manuel Vilaro. Le nom officiel de notre congr\u00e9gation est la Congr\u00e9gation des Missionnaires Fils du C\u0153ur Immacul\u00e9 de la Sainte Vierge Marie, commun\u00e9ment appel\u00e9s Clar\u00e9tains. [&hellip;]<\/p>\n","protected":false},"author":2,"featured_media":0,"parent":0,"menu_order":0,"comment_status":"closed","ping_status":"closed","template":"","meta":{"_et_pb_use_builder":"on","_et_pb_old_content":"","_et_gb_content_width":"","footnotes":""},"class_list":["post-115165","page","type-page","status-publish","hentry"],"jetpack_sharing_enabled":true,"jetpack_shortlink":"https:\/\/wp.me\/PdaBmi-tXv","jetpack_likes_enabled":true,"_links":{"self":[{"href":"https:\/\/www.claret.org\/fr\/wp-json\/wp\/v2\/pages\/115165","targetHints":{"allow":["GET"]}}],"collection":[{"href":"https:\/\/www.claret.org\/fr\/wp-json\/wp\/v2\/pages"}],"about":[{"href":"https:\/\/www.claret.org\/fr\/wp-json\/wp\/v2\/types\/page"}],"author":[{"embeddable":true,"href":"https:\/\/www.claret.org\/fr\/wp-json\/wp\/v2\/users\/2"}],"replies":[{"embeddable":true,"href":"https:\/\/www.claret.org\/fr\/wp-json\/wp\/v2\/comments?post=115165"}],"version-history":[{"count":0,"href":"https:\/\/www.claret.org\/fr\/wp-json\/wp\/v2\/pages\/115165\/revisions"}],"wp:attachment":[{"href":"https:\/\/www.claret.org\/fr\/wp-json\/wp\/v2\/media?parent=115165"}],"curies":[{"name":"wp","href":"https:\/\/api.w.org\/{rel}","templated":true}]}}