{"id":115830,"date":"2022-03-24T07:24:52","date_gmt":"2022-03-24T06:24:52","guid":{"rendered":"https:\/\/www.claret.org\/pastorale-des-jeunes-et-des-vocations\/"},"modified":"2025-05-15T08:48:54","modified_gmt":"2025-05-15T06:48:54","slug":"pastorale-des-jeunes-et-des-vocations","status":"publish","type":"page","link":"https:\/\/www.claret.org\/fr\/pastorale-des-jeunes-et-des-vocations\/","title":{"rendered":"Pastorale des jeunes et des vocations"},"content":{"rendered":"<p>[et_pb_section fb_built=\u00a0\u00bb1&Prime; fullwidth=\u00a0\u00bbon\u00a0\u00bb _builder_version=\u00a0\u00bb4.27.4&Prime; _module_preset=\u00a0\u00bbdefault\u00a0\u00bb background_color=\u00a0\u00bb#FC9569&Prime; global_colors_info=\u00a0\u00bb{}\u00a0\u00bb][et_pb_fullwidth_header title=\u00a0\u00bb@ET-DC@eyJkeW5hbWljIjp0cnVlLCJjb250ZW50IjoicG9zdF90aXRsZSIsInNldHRpbmdzIjp7ImJlZm9yZSI6IiIsImFmdGVyIjoiIn19@\u00a0\u00bb _builder_version=\u00a0\u00bb4.27.4&Prime; _dynamic_attributes=\u00a0\u00bbtitle\u00a0\u00bb _module_preset=\u00a0\u00bbdefault\u00a0\u00bb title_text_align=\u00a0\u00bbcenter\u00a0\u00bb background_color=\u00a0\u00bb#E06100&Prime; custom_padding=\u00a0\u00bb40px||13px|||\u00a0\u00bb global_colors_info=\u00a0\u00bb{}\u00a0\u00bb]<\/p>\n<p style=\"text-align: center;\">Encourage et accompagne les responsables des organismes majeurs et des missions de la Congr\u00e9gation dans leur service pastoral.<br \/>Participe aux forums et rencontres de la pastorale des jeunes et des vocations en mission partag\u00e9e avec la<br \/>Famille Clar\u00e9taine au nom de la Congr\u00e9gation.<br \/>Responsable de la mise en \u0153uvre du Plan d&rsquo;Action du Gouvernement G\u00e9n\u00e9ral pour tout ce qui concerne la<br \/>pastorale des jeunes et les vocations de la Congr\u00e9gation.<br \/>Coordonne le Conseil G\u00e9n\u00e9ral de la pastorale des jeunes et des vocations de la Congr\u00e9gation.<\/p>\n<p>[\/et_pb_fullwidth_header][\/et_pb_section][et_pb_section fb_built=\u00a0\u00bb1&Prime; theme_builder_area=\u00a0\u00bbpost_content\u00a0\u00bb _builder_version=\u00a0\u00bb4.27.4&Prime; _module_preset=\u00a0\u00bbdefault\u00a0\u00bb custom_padding=\u00a0\u00bb||22px|||\u00a0\u00bb][et_pb_row _builder_version=\u00a0\u00bb4.27.4&Prime; _module_preset=\u00a0\u00bbdefault\u00a0\u00bb theme_builder_area=\u00a0\u00bbpost_content\u00a0\u00bb custom_padding=\u00a0\u00bb1px||0px|||\u00a0\u00bb][et_pb_column _builder_version=\u00a0\u00bb4.27.4&Prime; _module_preset=\u00a0\u00bbdefault\u00a0\u00bb type=\u00a0\u00bb4_4&Prime; theme_builder_area=\u00a0\u00bbpost_content\u00a0\u00bb]<\/p>\n<p>[et_pb_blog _builder_version=\u00a0\u00bb4.27.4&Prime; _module_preset=\u00a0\u00bbdefault\u00a0\u00bb theme_builder_area=\u00a0\u00bbpost_content\u00a0\u00bb posts_number=\u00a0\u00bb1&Prime; include_categories=\u00a0\u00bb30&Prime; hover_enabled=\u00a0\u00bb0&Prime; sticky_enabled=\u00a0\u00bb0&Prime; use_manual_excerpt=\u00a0\u00bboff\u00a0\u00bb excerpt_length=\u00a0\u00bb100&Prime; show_author=\u00a0\u00bboff\u00a0\u00bb show_date=\u00a0\u00bboff\u00a0\u00bb show_categories=\u00a0\u00bboff\u00a0\u00bb show_pagination=\u00a0\u00bboff\u00a0\u00bb show_excerpt=\u00a0\u00bboff\u00a0\u00bb text_orientation=\u00a0\u00bbcenter\u00a0\u00bb][\/et_pb_blog]<\/p>\n<p>[\/et_pb_column][\/et_pb_row][\/et_pb_section][et_pb_section fb_built=\u00a0\u00bb1&Prime; _builder_version=\u00a0\u00bb4.27.4&Prime; _module_preset=\u00a0\u00bbdefault\u00a0\u00bb background_color=\u00a0\u00bb#E06100&Prime; custom_margin=\u00a0\u00bb-23px|||||\u00a0\u00bb animation_style=\u00a0\u00bbfade\u00a0\u00bb animation_duration=\u00a0\u00bb1050ms\u00a0\u00bb global_colors_info=\u00a0\u00bb{}\u00a0\u00bb][et_pb_row _builder_version=\u00a0\u00bb4.27.4&Prime; _module_preset=\u00a0\u00bbdefault\u00a0\u00bb transform_scale=\u00a0\u00bb111%|111%\u00a0\u00bb custom_padding=\u00a0\u00bb|0px||||\u00a0\u00bb global_colors_info=\u00a0\u00bb{}\u00a0\u00bb][et_pb_column type=\u00a0\u00bb4_4&Prime; _builder_version=\u00a0\u00bb4.27.4&Prime; _module_preset=\u00a0\u00bbdefault\u00a0\u00bb global_colors_info=\u00a0\u00bb{}\u00a0\u00bb][et_pb_code _builder_version=\u00a0\u00bb4.27.4&Prime; _module_preset=\u00a0\u00bbdefault\u00a0\u00bb global_colors_info=\u00a0\u00bb{}\u00a0\u00bb]<pee><style id=\"sp_wpcp_dynamic_css179454\">#wpcpro-wrapper-179454 .wpcpro-post-load-more button,#wpcpro-wrapper-179454 .wpcpro-post-pagination .page-numbers, #wpcpro-wrapper-179454 .wpcpro-load-more button{ color: #5e5e5e; border-color: #dddddd; background: #ffffff;}#wpcpro-wrapper-179454 .wpcpro-load-more button:hover,#wpcpro-wrapper-179454 .wpcpro-post-load-more button:hover{ color: #ffffff; border-color: #178087; background: #178087;}#wpcpro-wrapper-179454 .wpcpro-load-more,#wpcpro-wrapper-179454 .wpcpro-infinite-scroll-loader,#wpcpro-wrapper-179454 .wpcpro-post-load-more, #wpcpro-wrapper-179454 .wpcpro-post-pagination { text-align: center;}#wpcpro-wrapper-179454 .wpcpro-post-pagination .page-numbers:hover,#wpcpro-wrapper-179454 .wpcpro-post-pagination .page-numbers.current,#wpcpro-wrapper-179454 .wpcpro-post-pagination .page-numbers.current{ color: #ffffff; border-color: #178087; background: #178087;}#wpcpro-wrapper-179454 #sp-wp-carousel-pro-id-179454.wpcp-carousel-section.sp-wpcp-179454 .wpcpro-row [class*=\"wpcpro-col-\"] {padding-right: 10px;padding-left: 10px;padding-bottom: 20px;}#wpcpro-wrapper-179454 #sp-wp-carousel-pro-id-179454.wpcp-carousel-section.swiper-grid-column .swiper-slide {padding-bottom: 10px;padding-top: 10px;}#wpcpro-wrapper-179454:not(.wpcp-justified) #sp-wp-carousel-pro-id-179454.wpcp-carousel-section.sp-wpcp-179454 .wpcpro-row {margin-right: -10px;margin-left: -10px;}#wpcpro-wrapper-179454 #sp-wp-carousel-pro-id-179454.wpcp-carousel-section.sp-wpcp-179454 .wpcpro-gallery-thumbs .swiper-slide{margin-top: 20px;}#wpcpro-wrapper-179454 #sp-wp-carousel-pro-id-179454.wpcp-carousel-section.sp-wpcp-179454 .wpcpro-gallery-thumbs img{height: 140px;object-fit: cover;}#wpcpro-wrapper-179454 #sp-wp-carousel-pro-id-179454.wpcp-carousel-section.sp-wpcp-179454.wpcp-advance-effect .swiper-slide .single-item-fade:not(:last-child) {margin-right: 20px;}#wpcpro-wrapper-179454 .wpcp-kenburn .wpcpro-gallery-slider .swiper-slide .wpcp-single-item img,#wpcpro-wrapper-179454 .wpcp-kenburn .swiper-slide .swiper-slide-kenburn {transition: transform 3000ms linear;}#wpcpro-wrapper-179454 #sp-wp-carousel-pro-id-179454.wpcp-carousel-section.sp-wpcp-179454 .wpcp-prev-button,#wpcpro-wrapper-179454 #sp-wp-carousel-pro-id-179454.wpcp-carousel-section.sp-wpcp-179454 .wpcp-next-button {color: #aaa;background-color: transparent;border: 4px solid;border-color: #aaa;border-radius: 0%;font-size: 20px;height: 30px;width: 30px;pointer-events: auto;}#wpcpro-wrapper-179454 #sp-wp-carousel-pro-id-179454.wpcp-carousel-section.sp-wpcp-179454 .wpcp-prev-button:hover,#wpcpro-wrapper-179454 #sp-wp-carousel-pro-id-179454.wpcp-carousel-section.sp-wpcp-179454 .wpcp-next-button:hover {color: #178087;background-color: transparent;border-color: #178087;font-size: 20px;}#wpcpro-wrapper-179454 #sp-wp-carousel-pro-id-179454.wpcp-carousel-section.sp-wpcp-179454.detail-with-overlay .wpcp-all-captions {background: rgba(0,0,0,0.55);}#wpcpro-wrapper-179454 #sp-wp-carousel-pro-id-179454.wpcp-carousel-section.sp-wpcp-179454.detail-with-overlay.content-box .wpcp-all-captions,#wpcpro-wrapper-179454 #sp-wp-carousel-pro-id-179454.wpcp-carousel-section.sp-wpcp-179454.detail-with-overlay.caption-on-moving .wpcp-all-captions {background: rgba(0,0,0,0.55);}#wpcpro-wrapper-179454 #sp-wp-carousel-pro-id-179454.wpcp-carousel-section.sp-wpcp-179454.detail-with-overlay.overlay-on-left .wpcp-all-captions {width: 50%;overflow: hidden;right: unset;}#wpcpro-wrapper-179454 #sp-wp-carousel-pro-id-179454.wpcp-carousel-section.sp-wpcp-179454.detail-with-overlay.overlay-on-right .wpcp-all-captions {width: 50%;overflow: hidden;left: unset;}#wpcpro-wrapper-179454 #sp-wp-carousel-pro-id-179454.wpcp-carousel-section.sp-wpcp-179454.detail-on-right .wpcp-all-captions,#wpcpro-wrapper-179454 #sp-wp-carousel-pro-id-179454.wpcp-carousel-section.sp-wpcp-179454.detail-on-left .wpcp-all-captions,#wpcpro-wrapper-179454 #sp-wp-carousel-pro-id-179454.wpcp-carousel-section.sp-wpcp-179454.detail-with-overlay:not(.content-box) .wpcp-all-captions{padding: 0px 0px 0px 0px;}#wpcpro-wrapper-179454 #sp-wp-carousel-pro-id-179454.wpcp-carousel-section.sp-wpcp-179454 .wpcp-swiper-dots,#wpcpro-wrapper-179454 #sp-wp-carousel-pro-id-179454.wpcp-carousel-section.sp-wpcp-179454.swiper-horizontal>.wpcp-pagination-scrollbar {margin: 40px 0px 0px 0px;bottom: unset;}#wpcpro-wrapper-179454 #sp-wp-carousel-pro-id-179454.wpcp-carousel-section.sp-wpcp-179454 .wpcp-swiper-dots .swiper-pagination-bullet,#wpcpro-wrapper-179454 #sp-wp-carousel-pro-id-179454.wpcp-carousel-section.sp-wpcp-179454 .wpcp-pagination-scrollbar {background-color: #cccccc;opacity: 1;}#wpcpro-wrapper-179454 #sp-wp-carousel-pro-id-179454.wpcp-carousel-section.sp-wpcp-179454 .wpcp-swiper-dots .swiper-pagination-bullet.swiper-pagination-bullet-active,#wpcpro-wrapper-179454 #sp-wp-carousel-pro-id-179454.wpcp-carousel-section.sp-wpcp-179454 .wpcp-pagination-scrollbar .swiper-scrollbar-drag {background-color: #178087;}#wpcpro-wrapper-179454 #sp-wp-carousel-pro-id-179454.wpcp-carousel-section.sp-wpcp-179454 .wpcp-single-item {border: 0px solid #e8e8e8;padding: 0px 0px 0px 0px;border-radius: 0px;}.wpcp-carousel-wrapper.wpcp-wrapper-179454{position: relative;}#wpcp-preloader-179454{background: #fff;position: absolute;left: 0;top: 0;height: 100%;width: 100%;text-align: center;display: flex;align-items: center;justify-content: center;z-index: 999;}@media screen and (min-width: 1201px) {#wpcpro-wrapper-179454:not(.wpcp-justified) #sp-wp-carousel-pro-id-179454.wpcp-carousel-section.sp-wpcp-179454:not(.wpcp-content-carousel) > div:not(.wpcpro-gallery-thumbs) .wpcp-single-item img { max-height:700px;}}@media screen and (min-width: 981px) and (max-width: 1201px) {#wpcpro-wrapper-179454:not(.wpcp-justified) #sp-wp-carousel-pro-id-179454.wpcp-carousel-section.sp-wpcp-179454:not(.wpcp-content-carousel) > div:not(.wpcpro-gallery-thumbs) .wpcp-single-item img { max-height:600px;}}@media screen and (min-width: 737px) and (max-width: 980px) {#wpcpro-wrapper-179454:not(.wpcp-justified) #sp-wp-carousel-pro-id-179454.wpcp-carousel-section.sp-wpcp-179454:not(.wpcp-content-carousel) > div:not(.wpcpro-gallery-thumbs) .wpcp-single-item img { max-height:500px; }}@media screen and (min-width: 481px) and (max-width: 736px) {#wpcpro-wrapper-179454:not(.wpcp-justified) #sp-wp-carousel-pro-id-179454.wpcp-carousel-section.sp-wpcp-179454:not(.wpcp-content-carousel)> div:not(.wpcpro-gallery-thumbs) .wpcp-single-item img { max-height:400px; }}@media screen and (max-width: 480px) {#wpcpro-wrapper-179454:not(.wpcp-justified) #sp-wp-carousel-pro-id-179454.wpcp-carousel-section.sp-wpcp-179454:not(.wpcp-content-carousel) > div:not(.wpcpro-gallery-thumbs) .wpcp-single-item img { max-height:300px; }}#wpcpro-wrapper-179454 #sp-wp-carousel-pro-id-179454.sp-wpcp-179454 .wpcp-slide-image img,#wpcpro-wrapper-179454 #sp-wp-carousel-pro-id-179454.sp-wpcp-179454 .wpcp-single-item.wpcp-mix-content img,#wpcpro-wrapper-179454 #sp-wp-carousel-pro-id-179454.sp-wpcp-179454 .wpcp-slide-image .wpcp_icon_overlay,#wpcpro-wrapper-179454 #sp-wp-carousel-pro-id-179454.sp-wpcp-179454 .wpcp-product-carousel .wpcp-slide-image a {border-radius: 0px;overflow: hidden;}#wpcpro-wrapper-179454 #sp-wp-carousel-pro-id-179454.sp-wpcp-179454:not(.wpcp-content-carousel):not(.swiper-gl) .wpcp-single-item {background: #ffffff;}#wpcpro-wrapper-179454 .wpcp-carousel-section.detail-on-bottom.swiper-gl .wpcp-all-caption{background: #ffffff;display: none !important;}#wpcpro-wrapper-179454 .wpcp-carousel-section.detail-on-bottom.swiper-gl .wpcp-all-captions{background: #ffffff;}#wpcpro-wrapper-179454 #sp-wp-carousel-pro-id-179454.sp-wpcp-179454.wpcp-image-carousel .wpcp-slide-image img,#wpcpro-wrapper-179454 #sp-wp-carousel-pro-id-179454.sp-wpcp-179454.wpcp-product-carousel .wpcp-slide-image a img,#wpcpro-wrapper-179454 #sp-wp-carousel-pro-id-179454.sp-wpcp-179454.wpcp-post-carousel .wpcp-slide-image a img{border: 0px solid #dddddd;}#wpcpro-wrapper-179454 #sp-wp-carousel-pro-id-179454.sp-wpcp-179454.wpcp-image-carousel .wpcp-slide-image a:hover img,#wpcpro-wrapper-179454 #sp-wp-carousel-pro-id-179454.sp-wpcp-179454.wpcp-post-carousel .wpcp-slide-image a:hover img,#wpcpro-wrapper-179454 #sp-wp-carousel-pro-id-179454.sp-wpcp-179454.wpcp-product-carousel .wpcp-slide-image a:hover img{border-color: #dddddd;} .sp-wp-carousel-pro-id-179454.wpcp-fancybox-wrapper .fancybox-navigation .fancybox-button .wpcp-fancybox-nav-arrow i {color: #ccc;}.sp-wp-carousel-pro-id-179454.wpcp-fancybox-wrapper .fancybox-navigation .fancybox-button .wpcp-fancybox-nav-arrow i:hover {color: #fff;}.sp-wp-carousel-pro-id-179454.wpcp-fancybox-wrapper .fancybox-navigation .fancybox-button {background: #1e1e1e;}.sp-wp-carousel-pro-id-179454.wpcp-fancybox-wrapper .fancybox-navigation .fancybox-button:hover {background: #1e1e1e;}.sp-wp-carousel-pro-id-179454.wpcp-fancybox-wrapper .fancybox-caption .wpcp_image_details{color: #ffffff;}#wpcpro-wrapper-179454 #sp-wp-carousel-pro-id-179454.wpcp-carousel-section .wpcp-mix-content .wpcp_icon_overlay i,#wpcpro-wrapper-179454 #sp-wp-carousel-pro-id-179454.wpcp-carousel-section.wpcp-image-carousel .wpcp-slide-image .wpcp_icon_overlay i {font-size: 16px;color: #fff;background: rgba(0, 0, 0, 0.5);padding : 10px;border-radius: 50%;height: 32px;width: 32px;}#wpcpro-wrapper-179454 #sp-wp-carousel-pro-id-179454.wpcp-carousel-section .wpcp-mix-content .wpcp_icon_overlay,#wpcpro-wrapper-179454 #sp-wp-carousel-pro-id-179454.wpcp-carousel-section.wpcp-image-carousel .wpcp-slide-image .wpcp_icon_overlay {background-color: rgba(0,0,0,0.5);}#wpcpro-wrapper-179454 #sp-wp-carousel-pro-id-179454.wpcp-carousel-section .wpcp-mix-content .wpcp_icon_overlay i:hover,#wpcpro-wrapper-179454 #sp-wp-carousel-pro-id-179454.wpcp-carousel-section.wpcp-image-carousel .wpcp-slide-image .wpcp_icon_overlay i:hover {color: #fff;background: rgba(0, 0, 0, 0.8);}#wpcpro-wrapper-179454:not(.wpcpro-thumbnail-slider) .wpcp-swiper-wrapper{margin-bottom: 60px;}#wpcpro-wrapper-179454 .fashion-slider .wpcp-carousel-section{background-color: rgb(159, 160, 81);}.wpcpro-wrapper .wpcp-carousel-section.detail-on-right .wpcp-single-item,.wpcpro-wrapper .wpcp-carousel-section.detail-on-left .wpcp-single-item {flex-direction: column;}@media (min-width: 480px) {.wpcpro-row .wpcpro-col-sm-1 {flex: 0 0 100%;max-width: 100%;}.wpcpro-row .wpcpro-col-sm-2 {flex: 0 0 50%;max-width: 50%;}.wpcpro-row .wpcpro-col-sm-2-5 {flex: 0 0 75%;max-width: 75%;}.wpcpro-row .wpcpro-col-sm-3 {flex: 0 0 33.333%;max-width: 33.333%;}.wpcpro-row .wpcpro-col-sm-4 {flex: 0 0 25%;max-width: 25%;}.wpcpro-row .wpcpro-col-sm-5 {flex: 0 0 20%;max-width: 20%;}.wpcpro-row .wpcpro-col-sm-6 {flex: 0 0 16.66666666666667%;max-width: 16.66666666666667%;}.wpcpro-row .wpcpro-col-sm-7 {flex: 0 0 14.28571428%;max-width: 14.28571428%;}.wpcpro-row .wpcpro-col-sm-8 {flex: 0 0 12.5%;max-width: 12.5%;}.wpcpro-wrapper .wpcp-carousel-section.detail-on-right .wpcp-single-item {flex-direction: row;}.wpcpro-wrapper .wpcp-carousel-section.detail-on-left .wpcp-single-item {flex-direction: row-reverse;}}@media (max-width: 480px) {.wpcpro-row .wpcpro-col-xs-1 {flex: 0 0 100%;max-width: 100%;}.wpcpro-row .wpcpro-col-xs-2 {flex: 0 0 50%;max-width: 50%;}.wpcpro-row .wpcpro-col-xs-3 {flex: 0 0 33.222%;max-width: 33.222%;}.wpcpro-row .wpcpro-col-xs-4 {flex: 0 0 25%;max-width: 25%;}.wpcpro-row .wpcpro-col-xs-5 {flex: 0 0 20%;max-width: 20%;}.wpcpro-row .wpcpro-col-xs-6 {flex: 0 0 16.6667%;max-width: 16.6667%;}.wpcpro-row .wpcpro-col-xs-7 {flex: 0 0 14.28571428%;max-width: 14.28571428%;}.wpcpro-row .wpcpro-col-xs-8 {flex: 0 0 12.5%;max-width: 12.5%;}}@media (min-width: 736px) {.wpcpro-row .wpcpro-col-md-1 {flex: 0 0 100%;max-width: 100%;}.wpcpro-row .wpcpro-col-md-2 {flex: 0 0 50%;max-width: 50%;}.wpcpro-row .wpcpro-col-md-2-5 {flex: 0 0 75%;max-width: 75%;}.wpcpro-row .wpcpro-col-md-3 {flex: 0 0 33.333%;max-width: 33.333%;}.wpcpro-row .wpcpro-col-md-4 {flex: 0 0 25%;max-width: 25%;}.wpcpro-row .wpcpro-col-md-5 {flex: 0 0 20%;max-width: 20%;}.wpcpro-row .wpcpro-col-md-6 {flex: 0 0 16.66666666666667%;max-width: 16.66666666666667%;}.wpcpro-row .wpcpro-col-md-7 {flex: 0 0 14.28571428%;max-width: 14.28571428%;}.wpcpro-row .wpcpro-col-md-8 {flex: 0 0 12.5%;max-width: 12.5%;}}@media (min-width: 980px) {.wpcpro-row .wpcpro-col-lg-1 {flex: 0 0 100%;max-width: 100%;}.wpcpro-row .wpcpro-col-lg-2 {flex: 0 0 50%;max-width: 50%;}.wpcpro-row .wpcpro-col-lg-3 {flex: 0 0 33.222%;max-width: 33.222%;}.wpcpro-row .wpcpro-col-lg-4 {flex: 0 0 25%;max-width: 25%;}.wpcpro-row .wpcpro-col-lg-5 {flex: 0 0 20%;max-width: 20%;}.wpcpro-row .wpcpro-col-lg-6 {flex: 0 0 16.6667%;max-width: 16.6667%;}.wpcpro-row .wpcpro-col-lg-7 {flex: 0 0 14.28571428%;max-width: 14.28571428%;}.wpcpro-row .wpcpro-col-lg-8 {flex: 0 0 12.5%;max-width: 12.5%;}}@media (min-width: 1200px) {.wpcpro-row .wpcpro-col-xl-1 {flex: 0 0 100%;max-width: 100%;}.wpcpro-row .wpcpro-col-xl-2 {flex: 0 0 50%;max-width: 50%;}.wpcpro-row .wpcpro-col-xl-3 {flex: 0 0 33.22222222%;max-width: 33.22222222%;}.wpcpro-row .wpcpro-col-xl-4 {flex: 0 0 25%;max-width: 25%;}.wpcpro-row .wpcpro-col-xl-5 {flex: 0 0 20%;max-width: 20%;}.wpcpro-row .wpcpro-col-xl-6 {flex: 0 0 16.66667%;max-width: 16.66667%;}.wpcpro-row .wpcpro-col-xl-7 {flex: 0 0 14.28571428%;max-width: 14.28571428%;}.wpcpro-row .wpcpro-col-xl-8 {flex: 0 0 12.5%;max-width: 12.5%;}}<\/style><div id=\"wpcpro-wrapper-179454\" class=\"wpcp-carousel-wrapper wpcpro-wrapper wpcp-wrapper-179454\" data-slider-type=\"slide\" data-shaders-type=\"\" ><div id=\"wpcp-preloader-179454\" class=\"wpcp-carousel-preloader\"><img decoding=\"async\" src=\"https:\/\/www.claret.org\/wp-content\/plugins\/wp-carousel-pro\/src\/Frontend\/css\/spinner.svg\" class=\"skip-lazy\" alt=\"Preloader image\" title=\"\"><\/div><div id=\"sp-wp-carousel-pro-id-179454\" dir=\"ltr\" class=\" wpcp-standard nav-vertical-center-inner wpcp-carousel-section sp-wpcp-179454 detail-on-bottom wpcp_same_height wpcp-preloader swiper\" data-swiper='{\"pagination_type\": \"dots\",\"vertical\":false,\"orientation\":\"horizontal\",\"slider_orientation\": \"horizontal\",\"accessibility\":true, \"centerMode\":false, \"centerPadding\":{\"lg_desktop\":\"0\", \"desktop\":\"0\", \"laptop\":\"0\", \"tablet\":\"0\", \"mobile\":\"0\"}, \"swipeToSlide\":false, \"adaptiveHeight\":false, \"carousel_accessibility\":true, \"arrows\":true, \"autoplay\":true, \"autoplaySpeed\":3000, \"spaceBetween\":20, \"dots\":true, \"infinite\":true, \"speed\":600, \"pauseOnHover\":true, \"slidesToScroll\":{\"lg_desktop\":1, \"desktop\":1, \"laptop\":1, \"tablet\":1, \"mobile\":1}, \"slidesToShow\":{\"lg_desktop\":3, \"desktop\":3, \"laptop\":3, \"tablet\":2, \"mobile\":1}, \"rows\":{\"lg_desktop\":1, \"desktop\":1, \"laptop\":1, \"tablet\":1, \"mobile\":1}, \"responsive\":{\"desktop\":1200, \"laptop\": 980, \"tablet\": 736, \"mobile\": 480}, \"rtl\":false, \"variableWidth\":false, \"effect\":\"slide\", \"lazyLoad\": \"false\", \"swipe\": true, \"draggable\": true, \"freeMode\":false }' data-arrowtype=\"right_open\" dir=\"ltr\" dir=\"ltr\" data-carousel_type=\"mix-content\" data-infobar=\"1\" data-thumbs=\"true\" data-protect_image=\"\" data-autoplay=\"\" data-loop=\"1\" data-speed=\"4000\" data-sliding_effect=\"fade\" data-open_close=\"zoom\" data-outside=\"true\" data-keyboard=\"1\" data-l_box_img_sharpe=\"\" data-variableWidth=\"false\"> <div class=\"swiper-wrapper\"><div class=\" swiper-slide\"><div class=\"wpcp-single-item wpcp-mix-content\"><img loading=\"lazy\" decoding=\"async\" src=\"https:\/\/i0.wp.com\/www.claret.org\/wp-content\/uploads\/2025\/06\/WhatsApp-Image-2025-06-05-at-12.39.19_3b44041d.jpg?fit=1024%2C1024&amp;ssl=1\" alt=\"WhatsApp Image 2025-06-05 at 12.39.19_3b44041d\" width=\"1024\" height=\"1024\" class=\"skip-lazy\" title=\"\"><div class=\"wpcp-single-content\"><h3 style=\"text-align: center;\"><a href=\"https:\/\/www.claret.org\/fr\/ha-mebasser\/\"><strong>Ha-Mebasser et Bonne nouvelle de CMF YVM<\/strong><\/a><\/h3><\/div><\/div><\/div><div class=\" swiper-slide\"><div class=\"wpcp-single-item wpcp-mix-content\"><img loading=\"lazy\" decoding=\"async\" src=\"https:\/\/i0.wp.com\/www.claret.org\/wp-content\/uploads\/2025\/04\/WhatsApp-Image-2025-04-05-at-18.21.44_34ce4019.jpg?fit=1024%2C1024&amp;ssl=1\" alt=\"WhatsApp Image 2025-04-05 at 18.21.44_34ce4019\" width=\"1024\" height=\"1024\" class=\"skip-lazy\" title=\"\"><div class=\"wpcp-single-content\"><h3 style=\"text-align: center;\"><a href=\"https:\/\/www.claret.org\/fr\/claret-way\/\"><strong>Claret Way R\u00e9seau mondial des jeunes de la famille clar\u00e9taine<\/strong><\/a><\/h3><\/div><\/div><\/div><div class=\" swiper-slide\"><div class=\"wpcp-single-item wpcp-mix-content\"><img loading=\"lazy\" decoding=\"async\" src=\"https:\/\/i0.wp.com\/www.claret.org\/wp-content\/uploads\/2025\/04\/WhatsApp-Image-2025-04-05-at-18.21.44_54e4ef07.jpg?fit=1024%2C1024&amp;ssl=1\" alt=\"WhatsApp Image 2025-04-05 at 18.21.44_54e4ef07\" width=\"1024\" height=\"1024\" class=\"skip-lazy\" title=\"\"><div class=\"wpcp-single-content\"><h3 style=\"text-align: center;\"><a href=\"https:\/\/www.claret.org\/resources-for-cmf-referents-of-yvm\/\"><strong>Ressources pour les r\u00e9f\u00e9rents CMF de la<\/strong><\/a> <a href=\"https:\/\/www.claret.org\/ha-mebasser\/\"><strong>PJV<\/strong><\/a><\/h3><\/div><\/div><\/div><div class=\" swiper-slide\"><div class=\"wpcp-single-item wpcp-mix-content\"><img loading=\"lazy\" decoding=\"async\" src=\"https:\/\/i0.wp.com\/www.claret.org\/wp-content\/uploads\/2025\/04\/WhatsApp-Image-2025-04-05-at-18.21.46_d942fe4c.jpg?fit=1024%2C1024&amp;ssl=1\" alt=\"WhatsApp Image 2025-04-05 at 18.21.46_d942fe4c\" width=\"1024\" height=\"1024\" class=\"skip-lazy\" title=\"\"><div class=\"wpcp-single-content\"><h3 style=\"text-align: center;\"><a href=\"https:\/\/www.claret.org\/resource-materials-for-the-training-of-cmf-referents-of-yvm\/\"><strong>Ressources pour prier avec les jeunes<\/strong><\/a>\u00a0<\/h3><\/div><\/div><\/div><\/div><div class=\"wpcp-swiper-dots swiper-pagination\"><\/div><div class=\"wpcp-prev-button swiper-button-prev wpcp-nav\"><i><\/i><\/div><div class=\"wpcp-next-button swiper-button-next wpcp-nav\"><i><\/i><\/div><\/div><\/div><\/pee>[\/et_pb_code][\/et_pb_column][\/et_pb_row][\/et_pb_section]<\/p>\n","protected":false},"excerpt":{"rendered":"<p>Encourage et accompagne les responsables des organismes majeurs et des missions de la Congr\u00e9gation dans leur service pastoral.Participe aux forums et rencontres de la pastorale des jeunes et des vocations en mission partag\u00e9e avec laFamille Clar\u00e9taine au nom de la Congr\u00e9gation.Responsable de la mise en \u0153uvre du Plan d&rsquo;Action du Gouvernement G\u00e9n\u00e9ral pour tout ce [&hellip;]<\/p>\n","protected":false},"author":2,"featured_media":114330,"parent":0,"menu_order":0,"comment_status":"closed","ping_status":"closed","template":"","meta":{"_et_pb_use_builder":"on","_et_pb_old_content":"","_et_gb_content_width":"","footnotes":""},"class_list":["post-115830","page","type-page","status-publish","has-post-thumbnail","hentry"],"jetpack_sharing_enabled":true,"jetpack_shortlink":"https:\/\/wp.me\/PdaBmi-u8e","jetpack_likes_enabled":true,"_links":{"self":[{"href":"https:\/\/www.claret.org\/fr\/wp-json\/wp\/v2\/pages\/115830","targetHints":{"allow":["GET"]}}],"collection":[{"href":"https:\/\/www.claret.org\/fr\/wp-json\/wp\/v2\/pages"}],"about":[{"href":"https:\/\/www.claret.org\/fr\/wp-json\/wp\/v2\/types\/page"}],"author":[{"embeddable":true,"href":"https:\/\/www.claret.org\/fr\/wp-json\/wp\/v2\/users\/2"}],"replies":[{"embeddable":true,"href":"https:\/\/www.claret.org\/fr\/wp-json\/wp\/v2\/comments?post=115830"}],"version-history":[{"count":3,"href":"https:\/\/www.claret.org\/fr\/wp-json\/wp\/v2\/pages\/115830\/revisions"}],"predecessor-version":[{"id":179456,"href":"https:\/\/www.claret.org\/fr\/wp-json\/wp\/v2\/pages\/115830\/revisions\/179456"}],"wp:featuredmedia":[{"embeddable":true,"href":"https:\/\/www.claret.org\/fr\/wp-json\/wp\/v2\/media\/114330"}],"wp:attachment":[{"href":"https:\/\/www.claret.org\/fr\/wp-json\/wp\/v2\/media?parent=115830"}],"curies":[{"name":"wp","href":"https:\/\/api.w.org\/{rel}","templated":true}]}}