{"id":116488,"date":"2022-03-22T09:33:42","date_gmt":"2022-03-22T08:33:42","guid":{"rendered":"https:\/\/www.claret.org\/lhistoire\/"},"modified":"2022-07-25T11:58:18","modified_gmt":"2022-07-25T09:58:18","slug":"lhistoire","status":"publish","type":"page","link":"https:\/\/www.claret.org\/fr\/a-propos-de-nous\/lhistoire\/","title":{"rendered":"L&rsquo;histoire"},"content":{"rendered":"<p>[et_pb_section fb_built=\u00a0\u00bb1&Prime; fullwidth=\u00a0\u00bbon\u00a0\u00bb _builder_version=\u00a0\u00bb4.16&Prime; _module_preset=\u00a0\u00bbdefault\u00a0\u00bb global_colors_info=\u00a0\u00bb{}\u00a0\u00bb][et_pb_fullwidth_header title=\u00a0\u00bb@ET-DC@eyJkeW5hbWljIjp0cnVlLCJjb250ZW50IjoicG9zdF90aXRsZSIsInNldHRpbmdzIjp7ImJlZm9yZSI6IiIsImFmdGVyIjoiIn19@\u00a0\u00bb _builder_version=\u00a0\u00bb4.17.6&Prime; _dynamic_attributes=\u00a0\u00bbtitle\u00a0\u00bb _module_preset=\u00a0\u00bbdefault\u00a0\u00bb background_color=\u00a0\u00bb#99b0c1&Prime; title_text_shadow_style=\u00a0\u00bbpreset2&Prime; global_colors_info=\u00a0\u00bb{}\u00a0\u00bb]<\/p>\n<p>A brief history of the Congregation from its birth to present.<\/p>\n<p>[\/et_pb_fullwidth_header][\/et_pb_section][et_pb_section fb_built=\u00a0\u00bb1&Prime; _builder_version=\u00a0\u00bb4.16&Prime; _module_preset=\u00a0\u00bbdefault\u00a0\u00bb global_colors_info=\u00a0\u00bb{}\u00a0\u00bb][et_pb_row _builder_version=\u00a0\u00bb4.16&Prime; _module_preset=\u00a0\u00bbdefault\u00a0\u00bb global_colors_info=\u00a0\u00bb{}\u00a0\u00bb][et_pb_column type=\u00a0\u00bb4_4&Prime; _builder_version=\u00a0\u00bb4.16&Prime; _module_preset=\u00a0\u00bbdefault\u00a0\u00bb global_colors_info=\u00a0\u00bb{}\u00a0\u00bb][et_pb_text _builder_version=\u00a0\u00bb4.17.6&Prime; _module_preset=\u00a0\u00bbdefault\u00a0\u00bb text_text_color=\u00a0\u00bb#000000&Prime; header_font=\u00a0\u00bb|700|||||||\u00a0\u00bb header_text_color=\u00a0\u00bb#E09900&Prime; global_colors_info=\u00a0\u00bb{}\u00a0\u00bb]<\/p>\n<h1>1849-1858<\/h1>\n<\/p>\n<p>THE FOUNDATION. Dans un environnement hostile, six jeunes pr\u00eatres se lancent dans une aventure missionnaire dans une petite pi\u00e8ce du s\u00e9minaire de Vic, en Espagne, encourag\u00e9s par un pr\u00eatre de 41 ans. \u00c0 sa t\u00eate, le missionnaire Antonio Claret. C&rsquo;\u00e9tait le 16 juillet 1849. Rapidement, ils ont d\u00fb surmonter d&rsquo;\u00e9normes difficult\u00e9s, aggrav\u00e9es par l&rsquo;absence du Fondateur \u00e0 Cuba et la faible croissance initiale.<\/p>\n<p><p>&nbsp;<\/p>\n<h1>1858-1870<\/h1>\n<p>CONSTITUTION DE L&rsquo;INSTITUT. Apr\u00e8s la mort du P\u00e8re Stephen Sala, le deuxi\u00e8me G\u00e9n\u00e9ral de la Congr\u00e9gation, l&rsquo;\u00e9lection comme G\u00e9n\u00e9ral de Joseph Xifr\u00e9 a signifi\u00e9 un formidable \u00e9lan pour la structure interne de l&rsquo;Institut et de ses institutions, et les premi\u00e8res fondations hors de Vic : Gracia, Segovia. La pr\u00e9sence de Claret, toujours en Espagne, a \u00e9galement signifi\u00e9 un soutien constant.<\/p>\n<p><p>&nbsp;<\/p>\n<h1>1870-1899<\/h1>\n<p>EXTENSION PR\u00c9COCE. La mort du Fondateur, le 24 octobre 1870, et la situation de la Congr\u00e9gation, qui s&rsquo;est r\u00e9fugi\u00e9e en France, n&rsquo;ont pas emp\u00each\u00e9 la vie r\u00e9guli\u00e8re et la coh\u00e9rence missionnaire de l&rsquo;Institut. Il avait d\u00e9j\u00e0 \u00e9t\u00e9 fond\u00e9 \u00e0 Alger et au Chili. Il \u00e9tait maintenant temps de poursuivre l&rsquo;expansion en Espagne, en Guin\u00e9e \u00e9quatoriale, au Mexique, en Italie, etc. La Congr\u00e9gation a \u00e9t\u00e9 divis\u00e9e en Provinces. \u00c0 sa mort en 1899, le P\u00e8re Xifr\u00e9 laissait un avenir plein d&rsquo;espoir.<\/p>\n<p>&nbsp;<\/p>\n<h1>1899-1906<\/h1>\n<p>LA CONSOLIDATION. Un nouveau si\u00e8cle s&rsquo;est lev\u00e9. Sans le P\u00e8re Xifr\u00e9, apr\u00e8s plus de 40 ans comme G\u00e9n\u00e9ral, il \u00e9tait n\u00e9cessaire de consolider ce qui avait \u00e9t\u00e9 r\u00e9alis\u00e9 jusqu&rsquo;\u00e0 pr\u00e9sent. La premi\u00e8re Histoire de la Congr\u00e9gation a \u00e9t\u00e9 \u00e9crite. La Congr\u00e9gation \u00e9tait en plein essor en Am\u00e9rique. Tout laissait pr\u00e9sager que la Congr\u00e9gation commen\u00e7ait \u00e0 se consid\u00e9rer comme un Organisme coh\u00e9rent sous la direction du P\u00e8re Clemente Serrat.<\/p>\n<p><p>&nbsp;<\/p>\n<h1>1906-1922<\/h1>\n<p>EXPANSION. Le P\u00e8re Serrat est d\u00e9c\u00e9d\u00e9 le 6 janvier 1906. Le Chapitre g\u00e9n\u00e9ral a \u00e9lu le P\u00e8re Mart\u00edn Alsina comme nouveau Sup\u00e9rieur g\u00e9n\u00e9ral de ces ann\u00e9es-l\u00e0. Son \u00e9nergie devait rappeler l&rsquo;\u00e9poque du P\u00e8re Xifr\u00e9. La Congr\u00e9gation a d\u00fb rejeter de nombreuses offres de fondation. Le fait de sa croissance en Europe (Portugal, Royaume-Uni, Allemagne, France) donne une id\u00e9e de la validit\u00e9 de la proposition missionnaire de la Congr\u00e9gation.<\/p>\n<p><p>&nbsp;<\/p>\n<h1>1922-1934<\/h1>\n<p>NOUVELLE EXPANSION. Le 2 mars 1922, le P\u00e8re Alsina est d\u00e9c\u00e9d\u00e9. Le nouveau g\u00e9n\u00e9ral, Nicol\u00e1s Garc\u00eda, sera celui qui gouvernera la Congr\u00e9gation pratiquement jusqu&rsquo;au milieu du si\u00e8cle. Il \u00e9tait temps de poursuivre l&rsquo;expansion dans les r\u00e9publiques am\u00e9ricaines. Le Saint-Si\u00e8ge a commenc\u00e9 \u00e0 confier aux Clar\u00e9tains des vicariats et des \u00e9v\u00each\u00e9s, signe de la confiance qu&rsquo;ils inspiraient \u00e0 la haute hi\u00e9rarchie de l&rsquo;\u00c9glise. La fondation en Chine signifiait un formidable \u00e9lan missionnaire \u00e0 cette \u00e9poque. L&rsquo;\u00e9tape s&rsquo;est termin\u00e9e par la grande nouvelle de la b\u00e9atification du P\u00e8re Fondateur (f\u00e9vrier 1934).<\/p>\n<p><p>&nbsp;<\/p>\n<h1>1934-1937<\/h1>\n<p>TEMPS DE MARTYRE. Apr\u00e8s la b\u00e9atification de Claret (1934), les pers\u00e9cutions sont arriv\u00e9es. Elles avaient d\u00e9j\u00e0 \u00e9t\u00e9 connues au Mexique, avec la mort du bienheureux Andr\u00e9s Sol\u00e1 en 1927. Maintenant, elles touchent l&rsquo;Espagne, le centre n\u00e9vralgique de la Congr\u00e9gation, avec ses s\u00e9minaires pleins \u00e0 craquer. Felipe Maroto, \u00e9lu G\u00e9n\u00e9ral en 1934. 271 martyrs clar\u00e9tains, la plupart jeunes. C&rsquo;\u00e9tait une \u00e9poque sombre.<\/p>\n<p>&nbsp;<\/p>\n<h1>1937-1949<\/h1>\n<p>PREMIER CENTENAIRE. La mort inattendue du p\u00e8re Maroto a de nouveau fait place au deuxi\u00e8me mandat du p\u00e8re Nicol\u00e1s Garc\u00eda en juillet 1937. Il fallait se relever de la grande tribulation et traverser indemne la grande \u00e9preuve de la Seconde Guerre mondiale. C&rsquo;\u00e9tait une \u00e9poque de grands noms d&rsquo;importance eccl\u00e9siale : Arturo Tabera, Arcadio Larraona, Siervo Goyeneche. Naissance d&rsquo;\u0153uvres importantes : la revue Vida Religiosa, l&rsquo;Institutum Juridicum. La publication de la grande \u0153uvre du P\u00e8re Crist\u00f3bal Fern\u00e1ndez <em>El Beato<\/em> Padre Antonio Mar\u00eda Claret (1946) a marqu\u00e9 une \u00e9tape importante dans la c\u00e9l\u00e9bration du premier centenaire de la Congr\u00e9gation.<\/p>\n<p>.<\/p>\n<p>&nbsp;<\/p>\n<h1>1949-1967<\/h1>\n<p>UN NOUVEAU SI\u00c8CLE. Le 16 juillet 1949, le premier centenaire a \u00e9t\u00e9 c\u00e9l\u00e9br\u00e9 dans toute la Congr\u00e9gation. \u00c0 la t\u00eate de l&rsquo;Institut, la grande nouveaut\u00e9 \u00e9tait un g\u00e9n\u00e9ral allemand, le P\u00e8re Peter Schweiger. L&rsquo;ann\u00e9e suivante voit la canonisation du Fondateur et l&rsquo;inauguration de la grande \u00e9glise de Rome d\u00e9di\u00e9e au C\u0153ur de Marie et de la nouvelle Curie G\u00e9n\u00e9rale (1952). L&rsquo;optimisme grandit. Une grande impulsion est donn\u00e9e \u00e0 l&rsquo;universalisme de la Congr\u00e9gation, symbolis\u00e9 par les fondations au Japon, au Canada, en Hollande, en Belgique, en Suisse, au Za\u00efre et les premi\u00e8res vocations en Inde. Et les grands th\u00e9ologats de Rome et de Salamanque sont n\u00e9s. C&rsquo;\u00e9tait la grande \u00e9poque du Concile Vatican II et de l&rsquo;invitation au renouveau. Une \u00e9tape qui s&rsquo;est termin\u00e9e par la publication de la deuxi\u00e8me grande Histoire de la Congr\u00e9gation, par le P\u00e8re Cristobal Fernandez.<\/p>\n<p>&nbsp;<\/p>\n<h1>1967-1979<\/h1>\n<p>LE RENOUVELLEMENT. Pouss\u00e9s par le Conseil, les Clar\u00e9tains ont entrepris le grand renouveau. La personne charg\u00e9e de diriger la Congr\u00e9gation \u00e0 ce stade est un italo-slov\u00e8ne, le P\u00e8re Antonio Leghisa. Ce renouveau sera accompagn\u00e9 d&rsquo;une expansion missionnaire particuli\u00e8re et aussi d&rsquo;une crise profonde. Les grandes provinces ont pris en charge des missions dans diff\u00e9rents domaines de la Congr\u00e9gation. Des Conf\u00e9rences interprovinciales ont \u00e9t\u00e9 cr\u00e9\u00e9es. Et des fondations providentielles sont arriv\u00e9es, comme celles de l&rsquo;Inde et du Nigeria. Petit \u00e0 petit, le renouveau qui a commenc\u00e9 dans la p\u00e9riode post-conciliaire s&rsquo;est consolid\u00e9.<\/p>\n<p>&nbsp;<\/p>\n<h1>1979-1985<\/h1>\n<p>LA MISSION AUJOURD&rsquo;HUI (MAH L&rsquo;ann\u00e9e 1979 a apport\u00e9 des changements importants. Entre autres, la personne d&rsquo;un nouveau Sup\u00e9rieur G\u00e9n\u00e9ral, le P\u00e8re argentin Gustavo Alonso. Le Document du Chapitre de 1979, connu sous le nom de MAH (La Mission des Clar\u00e9tains aujourd&rsquo;hui) a eu un grand impact sur toute la Congr\u00e9gation. Fondamentalement, le style missionnaire a \u00e9t\u00e9 revu \u00e0 la lumi\u00e8re de ce qui \u00e9tait le plus urgent, opportun et efficace. Mais, surtout, il a influenc\u00e9 ce qu&rsquo;on a appel\u00e9 la r\u00e9vision des positions. Les nouvelles Constitutions et le nouveau Directoire ont \u00e9t\u00e9 publi\u00e9s. En m\u00eame temps, de nouveaux chemins ont continu\u00e9 \u00e0 s&rsquo;ouvrir : Cor\u00e9e du Sud, Australie, Pologne, etc. Et les rencontres de la Famille Clar\u00e9taine se sont multipli\u00e9es.<\/p>\n<p>&nbsp;<\/p>\n<h1>1985-1991<\/h1>\n<p>LE CLAR\u00c9TAIN AUJOURD&rsquo;HUI. Cette p\u00e9riode s&rsquo;est poursuivie avec des changements importants. Le P\u00e8re Gustavo Alonso a \u00e9t\u00e9 r\u00e9\u00e9lu Sup\u00e9rieur g\u00e9n\u00e9ral. La Congr\u00e9gation a grandi, pas tant en personnel qu&rsquo;en pr\u00e9sences : Indon\u00e9sie, C\u00f4te d&rsquo;Ivoire, Kenya et Sri Lanka. Les rencontres, les conf\u00e9rences, les ateliers, les semaines se multipliaient de plus en plus en raison de la complexit\u00e9 croissante de la Congr\u00e9gation en mati\u00e8re de langues, de cultures et de dialogue religieux.<\/p>\n<p><p>&nbsp;<\/p>\n<h1>1991-1997<\/h1>\n<p>IDENTIT\u00c9 ET MISSION. Encore une fois, un Sup\u00e9rieur g\u00e9n\u00e9ral espagnol, le P\u00e8re Aquilino Bocos. D\u00e8s le d\u00e9but de son mandat, un nouvel \u00e9lan a \u00e9t\u00e9 donn\u00e9 le 25 octobre 1992, date de la b\u00e9atification des 51 martyrs clar\u00e9tains de Barbastro. Il n&rsquo;y a pas eu de croissance en nombre, mais en projection missionnaire. Les nouveaux b\u00e9atifi\u00e9s ont accompagn\u00e9 de nouvelles fondations comme la Russie et Taiwan. Et de nouveaux projets ont vu le jour comme Parole-Mission et le commentaire des Constitutions Notre Projet de Vie Missionnaire. Les publications du P\u00e8re Fondateur se sont \u00e9galement multipli\u00e9es : Epistolario Pasivo [Epistolaire Passif] et Escritos Pastorales [Ecrits Pastoraux]. La restructuration des Organismes commence.<\/p>\n<p>&nbsp;<\/p>\n<h1>1997-2003<\/h1>\n<p>DE LA MISSION PROPHETIQUE. La Congr\u00e9gation a c\u00e9l\u00e9br\u00e9 le 150e anniversaire de sa fondation. Dans certaines r\u00e9gions \u00e0 majorit\u00e9 chr\u00e9tienne de la Congr\u00e9gation, on se rendait de plus en plus compte de la n\u00e9cessit\u00e9 d&rsquo;unir certains Organismes qui connaissaient une p\u00e9nurie de personnel ainsi qu&rsquo;un vieillissement des membres. Dans le m\u00eame temps, la Congr\u00e9gation a connu une croissance rapide dans d&rsquo;autres r\u00e9gions \u00e0 minorit\u00e9 chr\u00e9tienne ayant besoin de formation et d&rsquo;aide \u00e9conomique, comme en Inde, au Nig\u00e9ria, au Congo, en Asie du Sud-Est, au Sri Lanka et en Indon\u00e9sie.<\/p>\n<p><p>&nbsp;<\/p>\n<h1>2003-2009<\/h1>\n<p>POUR QU&rsquo;ILS PUISSENT AVOIR LA VIE. Le nouveau Sup\u00e9rieur g\u00e9n\u00e9ral est un missionnaire espagnol servant au Japon, le P\u00e8re Josep M. Abella. De nouveaux organismes grandissaient, se divisaient et devenaient ind\u00e9pendants. D&rsquo;autres, dont la tendance \u00e9tait \u00e0 la baisse, s&rsquo;unissaient les uns aux autres. Le long passage agit\u00e9 du Pape Saint Jean Paul II a pris fin en avril 2005. Dans la Congr\u00e9gation, l&rsquo;\u00e9conomie occupait le devant de la sc\u00e8ne en raison de la n\u00e9cessit\u00e9 d&rsquo;un plus grand partage des ressources entre les diff\u00e9rents Organismes. Et le bicentenaire de la naissance du Fondateur est arriv\u00e9 en 2007, avec la publication d&rsquo;une nouvelle version r\u00e9vis\u00e9e de l&rsquo;autobiographie de Claret (2008) et de nombreux autres \u00e9v\u00e9nements comm\u00e9moratifs.<\/p>\n<p>La Congr\u00e9gation n&rsquo;est pas en reste.<\/p>\n<p>&nbsp;<\/p>\n<h1>2009-2015<\/h1>\n<p>HOMMES EN FEU. De nouveaux projets de congr\u00e9gation voient le jour, comme La Forge dans la vie quotidienne, pour faciliter l&rsquo;acc\u00e8s \u00e0 nos propres sources charismatiques. La pr\u00e9sence clar\u00e9taine \u00e0 l&rsquo;ONU donne un nouveau ton universel et un engagement social \u00e0 la Congr\u00e9gation. Sortie du film Un Dieu interdit, l&rsquo;histoire du martyre des Bienheureux Martyrs de Barbastro. De nouvelles b\u00e9atifications de martyrs de la guerre civile espagnole sont c\u00e9l\u00e9br\u00e9es. La biographie tant attendue du p\u00e8re Xifr\u00e9 est publi\u00e9e en trois volumes, l&rsquo;\u0153uvre du p\u00e8re Jaume Sidera.<\/p>\n<p>.<\/p>\n<p>&nbsp;<\/p>\n<h1>2015-2021<\/h1>\n<p>MISSIONARII SUMUS. Le P\u00e8re Mathew Vattamattam, originaire d&rsquo;Inde, est nomm\u00e9 nouveau Sup\u00e9rieur g\u00e9n\u00e9ral. L&rsquo;un des legs re\u00e7us est de r\u00e9organiser la Congr\u00e9gation en Europe. En m\u00eame temps, de nouveaux organismes voient le jour, comme les D\u00e9l\u00e9gations ind\u00e9pendantes P. Xifr\u00e9 et M\u00e3e d&rsquo;\u00c1frica en Afrique et la Province de Fatima en Europe, et de nouvelles fondations sont lanc\u00e9es, comme \u00e0 Born\u00e9o et en Nouvelle-Z\u00e9lande. Le Pape Fran\u00e7ois continue \u00e0 apporter des \u00e9v\u00eaques clar\u00e9tains \u00e0 l&rsquo;\u00c9glise, y compris un nouveau cardinal, l&rsquo;ancien Sup\u00e9rieur g\u00e9n\u00e9ral Fr. Aquilino Bocos. Et enfin, la p\u00e9riode historique se termine par un nouveau projet de congr\u00e9gation : l&rsquo;Ann\u00e9e Clar\u00e9taine.<\/p>\n<p>&nbsp;<\/p>\n<h1>2021 &#8211; Aujourd&rsquo;hui<\/h1>\n<p>ENRACIN\u00c9S DANS LE CHRIST, AUDACIEUX DANS LA MISSION. Le XXVIe Chapitre g\u00e9n\u00e9ral c\u00e9l\u00e9br\u00e9 \u00e0 Nemi a \u00e9t\u00e9 le premier Chapitre g\u00e9n\u00e9ral sans papier. La Congr\u00e9gation a choisi d&rsquo;utiliser la technologie disponible pour \u00eatre \u00e0 la hauteur des exigences de <em>Laudato Si&rsquo;<\/em>. Le Chapitre G\u00e9n\u00e9ral a \u00e9galement utilis\u00e9 une approche et des proc\u00e9dures radicalement diff\u00e9rentes. Au lieu de pr\u00e9parer un Document du Chapitre, une Exhortation, intitul\u00e9e <em>Querida Congregaci\u00f3n<\/em>, a \u00e9t\u00e9 pr\u00e9sent\u00e9e \u00e0 la place. L&rsquo;exhortation contient le <strong>R\u00eave<\/strong> que la Congr\u00e9gation s&rsquo;engage \u00e0 r\u00e9aliser pendant le sexennat. Une nouvelle pr\u00e9fecture est cr\u00e9\u00e9e, la pr\u00e9fecture du minist\u00e8re biblique et de la communication, et la pr\u00e9fecture de la spiritualit\u00e9 a \u00e9t\u00e9 chang\u00e9e en spiritualit\u00e9 et vie communautaire. La Province des Philippines qui comprend les missions au Myanmar, au Vietnam, en Australie et aux Philippines s&rsquo;est rebaptis\u00e9e Province Fr. Rhoel Gallardo, en hommage au martyr philippin dont la cause de saintet\u00e9 est en cours.<\/p>\n<p>[\/et_pb_text][\/et_pb_column][\/et_pb_row][\/et_pb_section]<\/p>\n","protected":false},"excerpt":{"rendered":"<p>A brief history of the Congregation from its birth to present.1849-1858 THE FOUNDATION. Dans un environnement hostile, six jeunes pr\u00eatres se lancent dans une aventure missionnaire dans une petite pi\u00e8ce du s\u00e9minaire de Vic, en Espagne, encourag\u00e9s par un pr\u00eatre de 41 ans. \u00c0 sa t\u00eate, le missionnaire Antonio Claret. C&rsquo;\u00e9tait le 16 juillet 1849. [&hellip;]<\/p>\n","protected":false},"author":2,"featured_media":113676,"parent":115165,"menu_order":0,"comment_status":"closed","ping_status":"closed","template":"","meta":{"_et_pb_use_builder":"on","_et_pb_old_content":"","_et_gb_content_width":"","footnotes":""},"class_list":["post-116488","page","type-page","status-publish","has-post-thumbnail","hentry"],"jetpack_sharing_enabled":true,"jetpack_shortlink":"https:\/\/wp.me\/PdaBmi-uiQ","jetpack_likes_enabled":true,"_links":{"self":[{"href":"https:\/\/www.claret.org\/fr\/wp-json\/wp\/v2\/pages\/116488","targetHints":{"allow":["GET"]}}],"collection":[{"href":"https:\/\/www.claret.org\/fr\/wp-json\/wp\/v2\/pages"}],"about":[{"href":"https:\/\/www.claret.org\/fr\/wp-json\/wp\/v2\/types\/page"}],"author":[{"embeddable":true,"href":"https:\/\/www.claret.org\/fr\/wp-json\/wp\/v2\/users\/2"}],"replies":[{"embeddable":true,"href":"https:\/\/www.claret.org\/fr\/wp-json\/wp\/v2\/comments?post=116488"}],"version-history":[{"count":0,"href":"https:\/\/www.claret.org\/fr\/wp-json\/wp\/v2\/pages\/116488\/revisions"}],"up":[{"embeddable":true,"href":"https:\/\/www.claret.org\/fr\/wp-json\/wp\/v2\/pages\/115165"}],"wp:featuredmedia":[{"embeddable":true,"href":"https:\/\/www.claret.org\/fr\/wp-json\/wp\/v2\/media\/113676"}],"wp:attachment":[{"href":"https:\/\/www.claret.org\/fr\/wp-json\/wp\/v2\/media?parent=116488"}],"curies":[{"name":"wp","href":"https:\/\/api.w.org\/{rel}","templated":true}]}}