{"id":129990,"date":"2022-07-01T23:05:13","date_gmt":"2022-07-01T21:05:13","guid":{"rendered":"https:\/\/www.claret.org\/apostolat\/instituts-pour-la-vie-consacree\/"},"modified":"2023-07-04T09:48:13","modified_gmt":"2023-07-04T07:48:13","slug":"instituts-pour-la-vie-consacree","status":"publish","type":"page","link":"https:\/\/www.claret.org\/fr\/apostolat\/instituts-pour-la-vie-consacree\/","title":{"rendered":"Instituts pour la Vie Consacr\u00e9e"},"content":{"rendered":"<p>[et_pb_section fb_built=\u00a0\u00bb1&Prime; fullwidth=\u00a0\u00bbon\u00a0\u00bb _builder_version=\u00a0\u00bb4.17.4&Prime; _module_preset=\u00a0\u00bbdefault\u00a0\u00bb global_colors_info=\u00a0\u00bb{}\u00a0\u00bb][et_pb_fullwidth_header title=\u00a0\u00bb@ET-DC@eyJkeW5hbWljIjp0cnVlLCJjb250ZW50IjoicG9zdF90aXRsZSIsInNldHRpbmdzIjp7ImJlZm9yZSI6IiIsImFmdGVyIjoiIn19@\u00a0\u00bb _builder_version=\u00a0\u00bb4.17.4&Prime; _dynamic_attributes=\u00a0\u00bbtitle\u00a0\u00bb _module_preset=\u00a0\u00bbdefault\u00a0\u00bb global_colors_info=\u00a0\u00bb{}\u00a0\u00bb]<\/p>\n<p>Instituts pour la Vie Consacr\u00e9e g\u00e9r\u00e9s par les Missionnaires Clar\u00e9tains dans le monde entier<\/p>\n<p>[\/et_pb_fullwidth_header][\/et_pb_section][et_pb_section fb_built=\u00a0\u00bb1&Prime; _builder_version=\u00a0\u00bb4.17.4&Prime; _module_preset=\u00a0\u00bbdefault\u00a0\u00bb global_colors_info=\u00a0\u00bb{}\u00a0\u00bb][et_pb_row _builder_version=\u00a0\u00bb4.17.4&Prime; _module_preset=\u00a0\u00bbdefault\u00a0\u00bb global_colors_info=\u00a0\u00bb{}\u00a0\u00bb][et_pb_column type=\u00a0\u00bb4_4&Prime; _builder_version=\u00a0\u00bb4.17.4&Prime; _module_preset=\u00a0\u00bbdefault\u00a0\u00bb global_colors_info=\u00a0\u00bb{}\u00a0\u00bb][et_pb_text _builder_version=\u00a0\u00bb4.17.4&Prime; _module_preset=\u00a0\u00bbdefault\u00a0\u00bb global_colors_info=\u00a0\u00bb{}\u00a0\u00bb]<\/p>\n<h1>AFRIQUE<\/h1>\n<p>[\/et_pb_text][\/et_pb_column][\/et_pb_row][et_pb_row column_structure=\u00a0\u00bb2_5,3_5&Prime; _builder_version=\u00a0\u00bb4.17.4&Prime; _module_preset=\u00a0\u00bbdefault\u00a0\u00bb global_colors_info=\u00a0\u00bb{}\u00a0\u00bb][et_pb_column type=\u00a0\u00bb2_5&Prime; _builder_version=\u00a0\u00bb4.17.4&Prime; _module_preset=\u00a0\u00bbdefault\u00a0\u00bb global_colors_info=\u00a0\u00bb{}\u00a0\u00bb][et_pb_image src=\u00a0\u00bbhttps:\/\/www.claret.org\/wp-content\/uploads\/2022\/07\/aicla.jpg\u00a0\u00bb title_text=\u00a0\u00bbaicla\u00a0\u00bb _builder_version=\u00a0\u00bb4.17.4&Prime; _module_preset=\u00a0\u00bbdefault\u00a0\u00bb box_shadow_style=\u00a0\u00bbpreset2&Prime; global_colors_info=\u00a0\u00bb{}\u00a0\u00bb][\/et_pb_image][\/et_pb_column][et_pb_column type=\u00a0\u00bb3_5&Prime; _builder_version=\u00a0\u00bb4.17.4&Prime; _module_preset=\u00a0\u00bbdefault\u00a0\u00bb global_colors_info=\u00a0\u00bb{}\u00a0\u00bb][et_pb_text _builder_version=\u00a0\u00bb4.17.4&Prime; _module_preset=\u00a0\u00bbdefault\u00a0\u00bb global_colors_info=\u00a0\u00bb{}\u00a0\u00bb]<\/p>\n<h1>INCLA<\/h1>\n<h2>Institut de Vie Consacr\u00e9e en Afrique<\/h2>\n<p>InCLA est un Institut de Vie Consacr\u00e9e en Afrique qui est unique et qui propose une sp\u00e9cialisation dans la Vie Consacr\u00e9e. InCLA est pr\u00e9c\u00e9d\u00e9 de plusieurs conf\u00e9rences organis\u00e9es localement par des Clar\u00e9tains pour faire conna\u00eetre cette initiative : la premi\u00e8re conf\u00e9rence s&rsquo;est tenue \u00e0 Abuja en novembre 2017, la deuxi\u00e8me \u00e0 Enugu en novembre 2018, tandis que la troisi\u00e8me conf\u00e9rence a eu lieu \u00e0 Lagos en novembre 2019. L&rsquo;Institut est affili\u00e9 \u00e0 l&rsquo;Universit\u00e9 pontificale du Latran, Rome.<\/p>\n<p>Site Internet : <a href=\"https:\/\/aicla.org.ng\" target=\"_blank\" rel=\"noopener nofollow\">https:\/\/aicla.org.ng<\/a><\/p>\n<p>.[\/et_pb_text][et_pb_text _builder_version=\u00a0\u00bb4.17.4&Prime; _module_preset=\u00a0\u00bbdefault\u00a0\u00bb global_colors_info=\u00a0\u00bb{}\u00a0\u00bb]<\/p>\n<div class=\"col-lg-6 col-md-6 col-sm-6 col-xs-6\">\n<div class=\"mu-header-top-left\">\n<div class=\"mu-top-phone\">Bwari Area Council, FCT, Abuja, Nigeria<br \/><strong>Tel.<\/strong> +234 080 6475 8374<br \/><strong>E-mail:<\/strong> info@aicla.org.ng<\/div>\n<\/div>\n<\/div>\n<p>[\/et_pb_text][\/et_pb_column][\/et_pb_row][et_pb_row _builder_version=\u00a0\u00bb4.17.4&Prime; _module_preset=\u00a0\u00bbdefault\u00a0\u00bb global_colors_info=\u00a0\u00bb{}\u00a0\u00bb][et_pb_column type=\u00a0\u00bb4_4&Prime; _builder_version=\u00a0\u00bb4.17.4&Prime; _module_preset=\u00a0\u00bbdefault\u00a0\u00bb global_colors_info=\u00a0\u00bb{}\u00a0\u00bb][et_pb_text _builder_version=\u00a0\u00bb4.17.4&Prime; _module_preset=\u00a0\u00bbdefault\u00a0\u00bb global_colors_info=\u00a0\u00bb{}\u00a0\u00bb]<\/p>\n<h1>AMERIQUE<\/h1>\n<p>[\/et_pb_text][\/et_pb_column][\/et_pb_row][et_pb_row column_structure=\u00a0\u00bb2_5,3_5&Prime; _builder_version=\u00a0\u00bb4.17.4&Prime; _module_preset=\u00a0\u00bbdefault\u00a0\u00bb global_colors_info=\u00a0\u00bb{}\u00a0\u00bb][et_pb_column type=\u00a0\u00bb2_5&Prime; _builder_version=\u00a0\u00bb4.17.4&Prime; _module_preset=\u00a0\u00bbdefault\u00a0\u00bb global_colors_info=\u00a0\u00bb{}\u00a0\u00bb][et_pb_image src=\u00a0\u00bbhttps:\/\/www.claret.org\/wp-content\/uploads\/2022\/07\/itvca.webp\u00a0\u00bb title_text=\u00a0\u00bbitvca\u00a0\u00bb _builder_version=\u00a0\u00bb4.17.4&Prime; _module_preset=\u00a0\u00bbdefault\u00a0\u00bb box_shadow_style=\u00a0\u00bbpreset2&Prime; global_colors_info=\u00a0\u00bb{}\u00a0\u00bb][\/et_pb_image][\/et_pb_column][et_pb_column type=\u00a0\u00bb3_5&Prime; _builder_version=\u00a0\u00bb4.17.4&Prime; _module_preset=\u00a0\u00bbdefault\u00a0\u00bb global_colors_info=\u00a0\u00bb{}\u00a0\u00bb][et_pb_text _builder_version=\u00a0\u00bb4.17.4&Prime; _module_preset=\u00a0\u00bbdefault\u00a0\u00bb global_colors_info=\u00a0\u00bb{}\u00a0\u00bb]<\/p>\n<h1>ITVCA<\/h1>\n<h2>Institut Th\u00e9ologique de la Vie Consacr\u00e9e d&rsquo;Am\u00e9rique<\/h2>\n<p>.<\/p>\n<p>L&rsquo;ITVCA &#8211; Institut Th\u00e9ologique de la Vie Consacr\u00e9e d&rsquo;Am\u00e9rique, est une institution de la Congr\u00e9gation des Fils Missionnaires du C\u0153ur Immacul\u00e9 de Marie &#8211; Missionnaires Clar\u00e9tains, d\u00e9pendant de la Conf\u00e9rence Interprovinciale Clar\u00e9taine d&rsquo;Am\u00e9rique (MICLA) qui, en harmonie avec les orientations de l&rsquo;\u00c9glise et la tradition congr\u00e9ganiste, cherche \u00e0 r\u00e9pondre au besoin d&rsquo;une r\u00e9flexion th\u00e9ologique interdisciplinaire sur la Vie Consacr\u00e9e, dans une perspective missionnaire aujourd&rsquo;hui, au service de la formation pastorale, int\u00e9grale et acad\u00e9mique des personnes consacr\u00e9es et des autres Disciples Missionnaires de l&rsquo;\u00c9glise en p\u00e8lerinage en Am\u00e9rique. <\/p>\n<p>Site Internet : <a href=\"https:\/\/www.itvca.org\" rel=\"nofollow noopener\" target=\"_blank\">https:\/\/www.itvca.org<\/a><\/p>\n<p>[\/et_pb_text][et_pb_text _builder_version=\u00a0\u00bb4.17.4&Prime; _module_preset=\u00a0\u00bbdefault\u00a0\u00bb global_colors_info=\u00a0\u00bb{}\u00a0\u00bb]<\/p>\n<p>Carrera 15 No. 10 \u2013 41, Piso 5 de la ciudad de Bogot\u00e1 D.C (Colombia)<br \/><strong>E-mail:<\/strong> itvcacomunicaciones@gmail.com<\/p>\n<p>[\/et_pb_text][\/et_pb_column][\/et_pb_row][et_pb_row _builder_version=\u00a0\u00bb4.17.4&Prime; _module_preset=\u00a0\u00bbdefault\u00a0\u00bb global_colors_info=\u00a0\u00bb{}\u00a0\u00bb][et_pb_column type=\u00a0\u00bb4_4&Prime; _builder_version=\u00a0\u00bb4.17.4&Prime; _module_preset=\u00a0\u00bbdefault\u00a0\u00bb global_colors_info=\u00a0\u00bb{}\u00a0\u00bb][et_pb_text _builder_version=\u00a0\u00bb4.17.4&Prime; _module_preset=\u00a0\u00bbdefault\u00a0\u00bb global_colors_info=\u00a0\u00bb{}\u00a0\u00bb]<\/p>\n<h1>ASIE<\/h1>\n<p>[\/et_pb_text][\/et_pb_column][\/et_pb_row][et_pb_row column_structure=\u00a0\u00bb2_5,3_5&Prime; _builder_version=\u00a0\u00bb4.17.4&Prime; _module_preset=\u00a0\u00bbdefault\u00a0\u00bb global_colors_info=\u00a0\u00bb{}\u00a0\u00bb][et_pb_column type=\u00a0\u00bb2_5&Prime; _builder_version=\u00a0\u00bb4.17.4&Prime; _module_preset=\u00a0\u00bbdefault\u00a0\u00bb global_colors_info=\u00a0\u00bb{}\u00a0\u00bb][et_pb_image src=\u00a0\u00bbhttps:\/\/www.claret.org\/wp-content\/uploads\/2022\/07\/icla.webp\u00a0\u00bb title_text=\u00a0\u00bbicla\u00a0\u00bb _builder_version=\u00a0\u00bb4.17.4&Prime; _module_preset=\u00a0\u00bbdefault\u00a0\u00bb box_shadow_style=\u00a0\u00bbpreset2&Prime; global_colors_info=\u00a0\u00bb{}\u00a0\u00bb][\/et_pb_image][\/et_pb_column][et_pb_column type=\u00a0\u00bb3_5&Prime; _builder_version=\u00a0\u00bb4.17.4&Prime; _module_preset=\u00a0\u00bbdefault\u00a0\u00bb global_colors_info=\u00a0\u00bb{}\u00a0\u00bb][et_pb_text _builder_version=\u00a0\u00bb4.17.4&Prime; _module_preset=\u00a0\u00bbdefault\u00a0\u00bb global_colors_info=\u00a0\u00bb{}\u00a0\u00bb]<\/p>\n<h1>ICLA<\/h1>\n<h2>Institut pour la Vie Consacr\u00e9e en Asie<\/h2>\n<p>L&rsquo;ICLA est un centre d&rsquo;\u00e9tudes sup\u00e9rieures en th\u00e9ologie et en pastorale incorpor\u00e9 \u00e0 la Facult\u00e9 de th\u00e9ologie sacr\u00e9e de l&rsquo;Universit\u00e9 de Santo Tomas (UST) et au St. Anthony Mary Claret College (SAMCC) en tant que son d\u00e9partement d&rsquo;\u00e9tudes sup\u00e9rieures.<\/p>\n<p>Il sert une population \u00e9tudiante multiculturelle (religieux, responsables la\u00efcs, ministres et pr\u00eatres) provenant d&rsquo;\u00e9glises \u00e9mergentes, notamment en Asie.<\/p>\n<p>Site Internet : <a href=\"https:\/\/www.icla.org.ph\" target=\"_blank\" rel=\"noopener nofollow\">https:\/\/www.icla.org.ph<\/a><\/p>\n<p>[\/et_pb_text][et_pb_text _builder_version=\u00a0\u00bb4.17.4&Prime; _module_preset=\u00a0\u00bbdefault\u00a0\u00bb global_colors_info=\u00a0\u00bb{}\u00a0\u00bb]<\/p>\n<p>526 Tandang Sora Avenue, Brgy. Culiat, Quezon City 1128 Philippines<br \/><strong>Tel.<\/strong> +63-2-8932-0343<br \/><strong>E-mail:<\/strong> icla@icla.org.ph<\/p>\n<p>[\/et_pb_text][\/et_pb_column][\/et_pb_row][et_pb_row column_structure=\u00a0\u00bb2_5,3_5&Prime; _builder_version=\u00a0\u00bb4.17.4&Prime; _module_preset=\u00a0\u00bbdefault\u00a0\u00bb global_colors_info=\u00a0\u00bb{}\u00a0\u00bb][et_pb_column type=\u00a0\u00bb2_5&Prime; _builder_version=\u00a0\u00bb4.17.4&Prime; _module_preset=\u00a0\u00bbdefault\u00a0\u00bb global_colors_info=\u00a0\u00bb{}\u00a0\u00bb][et_pb_image src=\u00a0\u00bbhttps:\/\/www.claret.org\/wp-content\/uploads\/2022\/07\/sanyasa.webp\u00a0\u00bb title_text=\u00a0\u00bbsanyasa\u00a0\u00bb _builder_version=\u00a0\u00bb4.17.4&Prime; _module_preset=\u00a0\u00bbdefault\u00a0\u00bb hover_enabled=\u00a0\u00bb0&Prime; box_shadow_style=\u00a0\u00bbpreset2&Prime; global_colors_info=\u00a0\u00bb{}\u00a0\u00bb sticky_enabled=\u00a0\u00bb0&Prime;][\/et_pb_image][\/et_pb_column][et_pb_column type=\u00a0\u00bb3_5&Prime; _builder_version=\u00a0\u00bb4.17.4&Prime; _module_preset=\u00a0\u00bbdefault\u00a0\u00bb global_colors_info=\u00a0\u00bb{}\u00a0\u00bb][et_pb_text _builder_version=\u00a0\u00bb4.17.4&Prime; _module_preset=\u00a0\u00bbdefault\u00a0\u00bb hover_enabled=\u00a0\u00bb0&Prime; global_colors_info=\u00a0\u00bb{}\u00a0\u00bb sticky_enabled=\u00a0\u00bb0&Prime;]<\/p>\n<h1>Sanyasa (ICL)<\/h1>\n<h2 style=\"text-align : left ;\">L&rsquo;Institut de la Vie Consacr\u00e9e<\/h2>\n<p>.<\/p>\n<p>L&rsquo;Institut est nomm\u00e9 Sanyasa car ce mot semble \u00eatre l&rsquo;\u00e9quivalent le plus proche de la vie consacr\u00e9e dans les traditions indiennes. Mais il ne faut pas confondre l&rsquo;Institut avec un ashram pour ceux qui recherchent un temps de pri\u00e8re, de m\u00e9ditation et de solitude. En contextualisant la vie religieuse dans le contexte asiatique, Sanyasa offre un programme acad\u00e9mique pour approfondir la compr\u00e9hension de la forme de vie consacr\u00e9e dans l&rsquo;\u00c9glise, en particulier \u00e0 la lumi\u00e8re de l&rsquo;\u00c9criture, du Magist\u00e8re, de la tradition et de diverses interpr\u00e9tations th\u00e9ologiques, avec pour objectif de raviver et de donner du pouvoir aux personnes consacr\u00e9es.<\/p>\n<p>Site Internet : <a href=\"http:\/\/sanyasa.com\" target=\"_blank\" rel=\"noopener nofollow\">http:\/\/sanyasa.com<\/a><\/p>\n<p>[\/et_pb_text][et_pb_text _builder_version=\u00a0\u00bb4.17.4&Prime; _module_preset=\u00a0\u00bbdefault\u00a0\u00bb hover_enabled=\u00a0\u00bb0&Prime; global_colors_info=\u00a0\u00bb{}\u00a0\u00bb sticky_enabled=\u00a0\u00bb0&Prime;]<\/p>\n<p>Institute of Consecrated Life Sanyasa<br \/>Carmelaram Bangalore \u2013 560035<br \/><strong>Tel.<\/strong> +91 080 29519259 <br \/>\u00a0\u00a0\u00a0\u00a0\u00a0\u00a0\u00a0 +91 9964161332 <br \/>\u00a0 \u00a0 \u00a0\u00a0\u00a0 +91 8310857049 (Director)<br \/><strong>Email:<\/strong> sanyasac@gmail.com<\/p>\n<p>[\/et_pb_text][\/et_pb_column][\/et_pb_row][et_pb_row _builder_version=\u00a0\u00bb4.17.4&Prime; _module_preset=\u00a0\u00bbdefault\u00a0\u00bb global_colors_info=\u00a0\u00bb{}\u00a0\u00bb][et_pb_column type=\u00a0\u00bb4_4&Prime; _builder_version=\u00a0\u00bb4.17.4&Prime; _module_preset=\u00a0\u00bbdefault\u00a0\u00bb global_colors_info=\u00a0\u00bb{}\u00a0\u00bb][et_pb_text _builder_version=\u00a0\u00bb4.17.4&Prime; _module_preset=\u00a0\u00bbdefault\u00a0\u00bb global_colors_info=\u00a0\u00bb{}\u00a0\u00bb]<\/p>\n<h1>EUROPE<\/h1>\n<p>[\/et_pb_text][\/et_pb_column][\/et_pb_row][et_pb_row column_structure=\u00a0\u00bb2_5,3_5&Prime; _builder_version=\u00a0\u00bb4.17.4&Prime; _module_preset=\u00a0\u00bbdefault\u00a0\u00bb global_colors_info=\u00a0\u00bb{}\u00a0\u00bb][et_pb_column type=\u00a0\u00bb2_5&Prime; _builder_version=\u00a0\u00bb4.17.4&Prime; _module_preset=\u00a0\u00bbdefault\u00a0\u00bb global_colors_info=\u00a0\u00bb{}\u00a0\u00bb][et_pb_image src=\u00a0\u00bbhttps:\/\/www.claret.org\/wp-content\/uploads\/2022\/07\/Screenshot-2022-07-04-210248.webp\u00a0\u00bb title_text=\u00a0\u00bbScreenshot 2022-07-04 210248&Prime; _builder_version=\u00a0\u00bb4.17.4&Prime; _module_preset=\u00a0\u00bbdefault\u00a0\u00bb box_shadow_style=\u00a0\u00bbpreset2&Prime; global_colors_info=\u00a0\u00bb{}\u00a0\u00bb][\/et_pb_image][\/et_pb_column][et_pb_column type=\u00a0\u00bb3_5&Prime; _builder_version=\u00a0\u00bb4.17.4&Prime; _module_preset=\u00a0\u00bbdefault\u00a0\u00bb global_colors_info=\u00a0\u00bb{}\u00a0\u00bb][et_pb_text _builder_version=\u00a0\u00bb4.17.4&Prime; _module_preset=\u00a0\u00bbdefault\u00a0\u00bb global_colors_info=\u00a0\u00bb{}\u00a0\u00bb]<\/p>\n<h1>ITVR<\/h1>\n<h2>Institut Th\u00e9ologique de la Vie Religieuse<\/h2>\n<p>L&rsquo;Institut Th\u00e9ologique de la Vie Religieuse est un centre sup\u00e9rieur de recherche et d&rsquo;enseignement, fond\u00e9 par les Missionnaires Clar\u00e9tains en 1971. C&rsquo;est une section de la Facult\u00e9 de Th\u00e9ologie de l&rsquo;Universit\u00e9 Pontificale de Salamanque (Campus de Madrid). Depuis sa fondation, il m\u00e8ne une \u00e9tude rigoureuse sur :<br \/>1) l&rsquo;inspiration biblique de la vie consacr\u00e9e ;<br \/>2) l&rsquo;histoire de ses formes ;<br \/>3) les noyaux th\u00e9ologico-syst\u00e9matiques de sa mission et de son identit\u00e9 charismatique dans le contexte des autres formes de vie et de minist\u00e8res dans l&rsquo;\u00c9glise ;<br \/>4) les aspects pratiques et existentiels de la vie consacr\u00e9e qui la caract\u00e9risent en ces temps de changement et d&rsquo;interrelation. <\/p>\n<p>L&rsquo;Institut th\u00e9ologique accompagne le processus de renouvellement et d&rsquo;adaptation de la vie consacr\u00e9e \u00e0 partir de la r\u00e9f\u00e9rence permanente \u00e0 l&rsquo;eccl\u00e9siologie de communion et de mission, au dialogue interconfessionnel, interreligieux et interculturel et \u00e0 l&rsquo;option pour les pauvres et les exclus. Elle offre une vision inclusive et catholique de la r\u00e9alit\u00e9, toujours attentive aux d\u00e9fis \u00e9mergents et \u00e0 la globalit\u00e9 de la vie consacr\u00e9e dans les diff\u00e9rents continents et contextes.<\/p>\n<p>Site Internet : <a href=\"https:\/\/www.itvr.org\" target=\"_blank\" rel=\"noopener nofollow\">https:\/\/www.itvr.org<\/a><\/p>\n<p>[\/et_pb_text][et_pb_text _builder_version=\u00a0\u00bb4.17.4&Prime; _module_preset=\u00a0\u00bbdefault\u00a0\u00bb global_colors_info=\u00a0\u00bb{}\u00a0\u00bb]<\/p>\n<p>C\/ Juan \u00c1lvarez Mendiz\u00e1bal, 65 dupdo.<br \/>28008 Madrid, SPAIN<br \/><strong>Tel.<\/strong> 91 540 12 73<br \/><strong>Whatsapp:<\/strong> 626 278 077<br \/><strong>E-mail:<\/strong> secretaria@itvr.org<\/p>\n<p>[\/et_pb_text][\/et_pb_column][\/et_pb_row][et_pb_row column_structure=\u00a0\u00bb2_5,3_5&Prime; _builder_version=\u00a0\u00bb4.17.4&Prime; _module_preset=\u00a0\u00bbdefault\u00a0\u00bb global_colors_info=\u00a0\u00bb{}\u00a0\u00bb][et_pb_column type=\u00a0\u00bb2_5&Prime; _builder_version=\u00a0\u00bb4.17.4&Prime; _module_preset=\u00a0\u00bbdefault\u00a0\u00bb global_colors_info=\u00a0\u00bb{}\u00a0\u00bb][et_pb_image src=\u00a0\u00bbhttps:\/\/www.claret.org\/wp-content\/uploads\/2022\/06\/ITVC-20220531-Closing-of-Golden-Anniversary-18-1.webp\u00a0\u00bb title_text=\u00a0\u00bbITVC-20220531-Closing-of-Golden-Anniversary-18&Prime; _builder_version=\u00a0\u00bb4.17.4&Prime; _module_preset=\u00a0\u00bbdefault\u00a0\u00bb box_shadow_style=\u00a0\u00bbpreset2&Prime; global_colors_info=\u00a0\u00bb{}\u00a0\u00bb][\/et_pb_image][\/et_pb_column][et_pb_column type=\u00a0\u00bb3_5&Prime; _builder_version=\u00a0\u00bb4.17.4&Prime; _module_preset=\u00a0\u00bbdefault\u00a0\u00bb global_colors_info=\u00a0\u00bb{}\u00a0\u00bb][et_pb_text _builder_version=\u00a0\u00bb4.17.4&Prime; _module_preset=\u00a0\u00bbdefault\u00a0\u00bb global_colors_info=\u00a0\u00bb{}\u00a0\u00bb]<\/p>\n<h1>Claretianum<\/h1>\n<h2>Institut pour la Th\u00e9ologie de la Vie Consacr\u00e9e<\/h2>\n<p>L&rsquo;Institut pour la th\u00e9ologie de la vie consacr\u00e9e \u00ab\u00a0Claretianum\u00a0\u00bb a \u00e9t\u00e9 \u00e9rig\u00e9 et \u00e9tabli par le d\u00e9cret de la Sacr\u00e9e Congr\u00e9gation pour l&rsquo;\u00e9ducation catholique le 6 juin 1971. Il est incorpor\u00e9 \u00e0 l&rsquo;Universit\u00e9 pontificale du Latran sous le nom d&rsquo;Institut de sp\u00e9cialisation en th\u00e9ologie de la vie consacr\u00e9e.<\/p>\n<p>Il m\u00e8ne ses recherches dans le domaine de la Vie Consacr\u00e9e sur des bases biblico-th\u00e9ologiques, en consid\u00e9rant \u00e0 la fois les aspects historico-culturels, psycho-sociologiques et juridiques, ainsi que les conditions dans lesquelles se d\u00e9roule l&rsquo;activit\u00e9 pastorale de l&rsquo;\u00c9glise et des personnes consacr\u00e9es.<\/p>\n<p>Il offre un programme d&rsquo;\u00e9tudes dans le domaine de la th\u00e9ologie de la vie consacr\u00e9e.<\/p>\n<p>Il propose un programme d&rsquo;\u00e9tudes pour la licence et le doctorat en th\u00e9ologie de la vie consacr\u00e9e. Elle propose \u00e9galement un cursus de deux ans pour le Dipl\u00f4me et un cursus d&rsquo;un an. Chaque ann\u00e9e, elle organise une Conf\u00e9rence pour l&rsquo;approfondissement d&rsquo;un th\u00e8me concernant la Vie Consacr\u00e9e.<\/p>\n<p>.<\/p>\n<p>Site internet : <a href=\"https:\/\/www.claretianum.org\" target=\"_blank\" rel=\"noopener nofollow\">https:\/\/www.claretianum.org<\/a><a href=\"https:\/\/www.claretianum.org\" target=\"_blank\" rel=\"noopener nofollow\"><\/a><\/p>\n<p>[\/et_pb_text][et_pb_text _builder_version=\u00a0\u00bb4.17.4&Prime; _module_preset=\u00a0\u00bbdefault\u00a0\u00bb global_colors_info=\u00a0\u00bb{}\u00a0\u00bb]<\/p>\n<p>Largo Lorenzo Mossa, 4 &#8211; Roma, Italia<br \/><strong>Tel.<\/strong> (0039) 06 98376722<br \/>\u00a0\u00a0\u00a0\u00a0\u00a0\u00a0\u00a0\u00a0 (0039) 06 98376723<br \/><strong>E-mail:<\/strong> itvclaretianum@gmail.com<\/p>\n<p>[\/et_pb_text][\/et_pb_column][\/et_pb_row][\/et_pb_section]<\/p>\n","protected":false},"excerpt":{"rendered":"<p>Instituts pour la Vie Consacr\u00e9e g\u00e9r\u00e9s par les Missionnaires Clar\u00e9tains dans le monde entierAFRIQUEINCLA Institut de Vie Consacr\u00e9e en Afrique InCLA est un Institut de Vie Consacr\u00e9e en Afrique qui est unique et qui propose une sp\u00e9cialisation dans la Vie Consacr\u00e9e. InCLA est pr\u00e9c\u00e9d\u00e9 de plusieurs conf\u00e9rences organis\u00e9es localement par des Clar\u00e9tains pour faire conna\u00eetre [&hellip;]<\/p>\n","protected":false},"author":2,"featured_media":127032,"parent":114314,"menu_order":0,"comment_status":"closed","ping_status":"closed","template":"","meta":{"_et_pb_use_builder":"on","_et_pb_old_content":"","_et_gb_content_width":"","footnotes":""},"class_list":["post-129990","page","type-page","status-publish","has-post-thumbnail","hentry"],"jetpack_sharing_enabled":true,"jetpack_shortlink":"https:\/\/wp.me\/PdaBmi-xOC","jetpack_likes_enabled":true,"_links":{"self":[{"href":"https:\/\/www.claret.org\/fr\/wp-json\/wp\/v2\/pages\/129990","targetHints":{"allow":["GET"]}}],"collection":[{"href":"https:\/\/www.claret.org\/fr\/wp-json\/wp\/v2\/pages"}],"about":[{"href":"https:\/\/www.claret.org\/fr\/wp-json\/wp\/v2\/types\/page"}],"author":[{"embeddable":true,"href":"https:\/\/www.claret.org\/fr\/wp-json\/wp\/v2\/users\/2"}],"replies":[{"embeddable":true,"href":"https:\/\/www.claret.org\/fr\/wp-json\/wp\/v2\/comments?post=129990"}],"version-history":[{"count":0,"href":"https:\/\/www.claret.org\/fr\/wp-json\/wp\/v2\/pages\/129990\/revisions"}],"up":[{"embeddable":true,"href":"https:\/\/www.claret.org\/fr\/wp-json\/wp\/v2\/pages\/114314"}],"wp:featuredmedia":[{"embeddable":true,"href":"https:\/\/www.claret.org\/fr\/wp-json\/wp\/v2\/media\/127032"}],"wp:attachment":[{"href":"https:\/\/www.claret.org\/fr\/wp-json\/wp\/v2\/media?parent=129990"}],"curies":[{"name":"wp","href":"https:\/\/api.w.org\/{rel}","templated":true}]}}