{"id":131748,"date":"2022-07-01T23:15:12","date_gmt":"2022-07-01T21:15:12","guid":{"rendered":"https:\/\/www.claret.org\/conferences-et-organismes-majeurs\/maisons-generales\/"},"modified":"2024-11-22T12:04:20","modified_gmt":"2024-11-22T11:04:20","slug":"maisons-generales","status":"publish","type":"page","link":"https:\/\/www.claret.org\/fr\/maisons-generales\/","title":{"rendered":"Maisons G\u00e9n\u00e9rales"},"content":{"rendered":"<p>[et_pb_section fb_built=\u00a0\u00bb1&Prime; fullwidth=\u00a0\u00bbon\u00a0\u00bb _builder_version=\u00a0\u00bb4.17.4&Prime; _module_preset=\u00a0\u00bbdefault\u00a0\u00bb global_colors_info=\u00a0\u00bb{}\u00a0\u00bb][et_pb_fullwidth_header title=\u00a0\u00bb@ET-DC@eyJkeW5hbWljIjp0cnVlLCJjb250ZW50IjoicG9zdF90aXRsZSIsInNldHRpbmdzIjp7ImJlZm9yZSI6IiIsImFmdGVyIjoiIn19@\u00a0\u00bb _builder_version=\u00a0\u00bb4.17.4&Prime; _dynamic_attributes=\u00a0\u00bbtitle\u00a0\u00bb _module_preset=\u00a0\u00bbdefault\u00a0\u00bb global_colors_info=\u00a0\u00bb{}\u00a0\u00bb]<\/p>\n<p>Ce sont les Maisons G\u00e9n\u00e9rales situ\u00e9es \u00e0 Rome.<\/p>\n<p>[\/et_pb_fullwidth_header][\/et_pb_section][et_pb_section fb_built=\u00a0\u00bb1&Prime; _builder_version=\u00a0\u00bb4.17.4&Prime; _module_preset=\u00a0\u00bbdefault\u00a0\u00bb global_colors_info=\u00a0\u00bb{}\u00a0\u00bb][et_pb_row column_structure=\u00a0\u00bb2_5,3_5&Prime; _builder_version=\u00a0\u00bb4.17.4&Prime; _module_preset=\u00a0\u00bbdefault\u00a0\u00bb global_colors_info=\u00a0\u00bb{}\u00a0\u00bb][et_pb_column type=\u00a0\u00bb2_5&Prime; _builder_version=\u00a0\u00bb4.17.4&Prime; _module_preset=\u00a0\u00bbdefault\u00a0\u00bb global_colors_info=\u00a0\u00bb{}\u00a0\u00bb][et_pb_blurb title=\u00a0\u00bbCurie G\u00e9n\u00e9rale\u00a0\u00bb image=\u00a0\u00bbhttps:\/\/www.claret.org\/wp-content\/uploads\/2022\/07\/Casa-Generalizia-scaled.jpg\u00a0\u00bb _builder_version=\u00a0\u00bb4.17.4&Prime; _module_preset=\u00a0\u00bbdefault\u00a0\u00bb header_font=\u00a0\u00bb|700|||||||\u00a0\u00bb global_colors_info=\u00a0\u00bb{}\u00a0\u00bb]<\/p>\n<p>Via del Sacro Cuore di Maria, 5. 00197 Roma ITALIA<\/p>\n<p>[\/et_pb_blurb][\/et_pb_column][et_pb_column type=\u00a0\u00bb3_5&Prime; _builder_version=\u00a0\u00bb4.17.4&Prime; _module_preset=\u00a0\u00bbdefault\u00a0\u00bb global_colors_info=\u00a0\u00bb{}\u00a0\u00bb][et_pb_text _builder_version=\u00a0\u00bb4.27.3&Prime; _module_preset=\u00a0\u00bbdefault\u00a0\u00bb global_colors_info=\u00a0\u00bb{}\u00a0\u00bb]<\/p>\n<h2><strong>Sup\u00e9rieur Majeur:<\/strong> P\u00e8re Mathew Vattamattam, CMF<\/h2>\n<p>&nbsp;<\/p>\n<h2>GOUVERNEMENT LOCAL<\/h2>\n<p><strong>Sup\u00e9rieur Local:<\/strong> P\u00e8re Vicente Sanz Tobes, CMF<\/p>\n<p>.<\/p>\n<p><strong>Vicaire et secr\u00e9taire local:<\/strong> P\u00e8re Efren Limpo Lo, CMF<\/p>\n<p>.<\/p>\n<p><strong>\u00c9conome local:<\/strong> Fr\u00e8re Salvador Segura Santana, CMF<\/p>\n<p>[\/et_pb_text][\/et_pb_column][\/et_pb_row][et_pb_row column_structure=\u00a0\u00bb2_5,3_5&Prime; _builder_version=\u00a0\u00bb4.17.4&Prime; _module_preset=\u00a0\u00bbdefault\u00a0\u00bb global_colors_info=\u00a0\u00bb{}\u00a0\u00bb][et_pb_column type=\u00a0\u00bb2_5&Prime; _builder_version=\u00a0\u00bb4.17.4&Prime; _module_preset=\u00a0\u00bbdefault\u00a0\u00bb global_colors_info=\u00a0\u00bb{}\u00a0\u00bb][et_pb_blurb title=\u00a0\u00bbClaretianum\u00a0\u00bb image=\u00a0\u00bbhttps:\/\/www.claret.org\/wp-content\/uploads\/2022\/07\/Claretianum.jpg\u00a0\u00bb _builder_version=\u00a0\u00bb4.17.4&Prime; _module_preset=\u00a0\u00bbdefault\u00a0\u00bb header_font=\u00a0\u00bb|700|||||||\u00a0\u00bb global_colors_info=\u00a0\u00bb{}\u00a0\u00bb]<\/p>\n<p>Largo Lorenzo Mossa, 4 &#8211; Roma, Italia<\/p>\n<p>[\/et_pb_blurb][\/et_pb_column][et_pb_column type=\u00a0\u00bb3_5&Prime; _builder_version=\u00a0\u00bb4.17.4&Prime; _module_preset=\u00a0\u00bbdefault\u00a0\u00bb global_colors_info=\u00a0\u00bb{}\u00a0\u00bb][et_pb_text _builder_version=\u00a0\u00bb4.27.3&Prime; _module_preset=\u00a0\u00bbdefault\u00a0\u00bb global_colors_info=\u00a0\u00bb{}\u00a0\u00bb]<\/p>\n<h2><strong>D\u00e9l\u00e9gu\u00e9 Sup\u00e9rieur Majeur:<\/strong> P\u00e8re Carlos Enrique S\u00e1nchez Miranda, CMF<\/h2>\n<p>&nbsp;<\/p>\n<h2>Gouvernement Local<\/h2>\n<p><strong>Sup\u00e9rieur local:<\/strong> P\u00e8re Edgardo Alfredo Guzm\u00e1n, CMF<\/p>\n<p><strong><strong>.<\/strong><\/strong><\/p>\n<p><strong>Vicaire et secr\u00e9taire local:<\/strong> P\u00e8re Carlos Luis Garc\u00eda, CMF<\/p>\n<p><strong><strong>.<\/strong><\/strong><\/p>\n<p><strong>\u00c9conome local:<\/strong> P\u00e8re Thomas Thannickal, CMF<\/p>\n<p>[\/et_pb_text][\/et_pb_column][\/et_pb_row][et_pb_row column_structure=\u00a0\u00bb2_5,3_5&Prime; _builder_version=\u00a0\u00bb4.17.4&Prime; _module_preset=\u00a0\u00bbdefault\u00a0\u00bb global_colors_info=\u00a0\u00bb{}\u00a0\u00bb][et_pb_column type=\u00a0\u00bb2_5&Prime; _builder_version=\u00a0\u00bb4.17.4&Prime; _module_preset=\u00a0\u00bbdefault\u00a0\u00bb global_colors_info=\u00a0\u00bb{}\u00a0\u00bb][et_pb_blurb title=\u00a0\u00bbIuridicum\u00a0\u00bb image=\u00a0\u00bbhttps:\/\/www.claret.org\/wp-content\/uploads\/2022\/07\/Iuridicum-scaled.jpg\u00a0\u00bb _builder_version=\u00a0\u00bb4.17.4&Prime; _module_preset=\u00a0\u00bbdefault\u00a0\u00bb header_font=\u00a0\u00bb|700|||||||\u00a0\u00bb global_colors_info=\u00a0\u00bb{}\u00a0\u00bb]<\/p>\n<p><span class=\"LrzXr\">Via Giacomo Medici, 5, 00153 Roma<\/span>, Italia<\/p>\n<p>[\/et_pb_blurb][\/et_pb_column][et_pb_column type=\u00a0\u00bb3_5&Prime; _builder_version=\u00a0\u00bb4.17.4&Prime; _module_preset=\u00a0\u00bbdefault\u00a0\u00bb global_colors_info=\u00a0\u00bb{}\u00a0\u00bb][et_pb_text _builder_version=\u00a0\u00bb4.27.3&Prime; _module_preset=\u00a0\u00bbdefault\u00a0\u00bb global_colors_info=\u00a0\u00bb{}\u00a0\u00bb]<\/p>\n<h2><strong>D\u00e9l\u00e9gu\u00e9 Sup\u00e9rieur Majeur: <\/strong>P\u00e8re\u00a0Carlos E. Sanchez Miranda CMF<\/h2>\n<p>&nbsp;<\/p>\n<h2>Gouvernement local<\/h2>\n<p><strong>Sup\u00e9rieur local:<\/strong> P\u00e8re Jos\u00e9-F\u00e9lix Valderr\u00e1bano, CMF<\/p>\n<p><strong>Vicaire et Secr\u00e9taire Local:<\/strong> P\u00e8re Aitor Jim\u00e9nez, CMF<\/p>\n<p>.<\/p>\n<p><strong>\u00c9conome Local:<\/strong> P\u00e8re Jose Koonamparampil, CMF<\/p>\n<p><strong>.<\/strong><\/p>\n<p>[\/et_pb_text][\/et_pb_column][\/et_pb_row][et_pb_row column_structure=\u00a0\u00bb2_5,3_5&Prime; _builder_version=\u00a0\u00bb4.27.3&Prime; _module_preset=\u00a0\u00bbdefault\u00a0\u00bb global_colors_info=\u00a0\u00bb{}\u00a0\u00bb][et_pb_column type=\u00a0\u00bb2_5&Prime; _builder_version=\u00a0\u00bb4.27.3&Prime; _module_preset=\u00a0\u00bbdefault\u00a0\u00bb global_colors_info=\u00a0\u00bb{}\u00a0\u00bb][et_pb_image src=\u00a0\u00bbhttps:\/\/www.claret.org\/wp-content\/uploads\/2024\/11\/basilica_home._1-1-scaled.jpg\u00a0\u00bb title_text=\u00a0\u00bbbasilica_home._1 (1)\u00a0\u00bb _builder_version=\u00a0\u00bb4.27.3&Prime; _module_preset=\u00a0\u00bbdefault\u00a0\u00bb global_colors_info=\u00a0\u00bb{}\u00a0\u00bb][\/et_pb_image][et_pb_text _builder_version=\u00a0\u00bb4.27.3&Prime; _module_preset=\u00a0\u00bbdefault\u00a0\u00bb hover_enabled=\u00a0\u00bb0&Prime; global_colors_info=\u00a0\u00bb{}\u00a0\u00bb sticky_enabled=\u00a0\u00bb0&Prime;]<\/p>\n<h4>Basilica Sacro Cuore di Maria<\/h4>\n<p>Via del Sacro Cuore di Maria, 5. 00197 Roma ITALIA<\/p>\n<p>[\/et_pb_text][\/et_pb_column][et_pb_column type=\u00a0\u00bb3_5&Prime; _builder_version=\u00a0\u00bb4.27.3&Prime; _module_preset=\u00a0\u00bbdefault\u00a0\u00bb global_colors_info=\u00a0\u00bb{}\u00a0\u00bb][et_pb_text _builder_version=\u00a0\u00bb4.27.3&Prime; _module_preset=\u00a0\u00bbdefault\u00a0\u00bb global_colors_info=\u00a0\u00bb{}\u00a0\u00bb]<\/p>\n<h2><strong>D\u00e9l\u00e9gu\u00e9 Sup\u00e9rieur Majeur: <\/strong>P\u00e8re\u00a0Carlos E. Sanchez Miranda CMF<\/h2>\n<p>&nbsp;<\/p>\n<h2>Gouvernement local<\/h2>\n<p><strong>Sup\u00e9rieur local:<\/strong> P\u00e8re Norberto Padilla Cruz, CMF<\/p>\n<p><strong>Vicaire Local : <\/strong>P\u00e8re\u00a0Jos\u00e9 Enrique Garc\u00eda Rizo,CMF<strong><br \/><\/strong><\/p>\n<p><strong>\u00c9conome Local:<\/strong> P\u00e8re\u00a0 Juan Jos\u00e9 Guti\u00e9rrez Quinteros, CMF<\/p>\n<p>[\/et_pb_text][\/et_pb_column][\/et_pb_row][\/et_pb_section]<\/p>\n","protected":false},"excerpt":{"rendered":"<p>Ce sont les Maisons G\u00e9n\u00e9rales situ\u00e9es \u00e0 Rome.Via del Sacro Cuore di Maria, 5. 00197 Roma ITALIASup\u00e9rieur Majeur: P\u00e8re Mathew Vattamattam, CMF &nbsp; GOUVERNEMENT LOCAL Sup\u00e9rieur Local: P\u00e8re Vicente Sanz Tobes, CMF . Vicaire et secr\u00e9taire local: P\u00e8re Efren Limpo Lo, CMF . \u00c9conome local: Fr\u00e8re Salvador Segura Santana, CMFLargo Lorenzo Mossa, 4 &#8211; Roma, [&hellip;]<\/p>\n","protected":false},"author":2,"featured_media":0,"parent":0,"menu_order":0,"comment_status":"closed","ping_status":"closed","template":"","meta":{"_et_pb_use_builder":"on","_et_pb_old_content":"","_et_gb_content_width":"","footnotes":""},"class_list":["post-131748","page","type-page","status-publish","hentry"],"jetpack_sharing_enabled":true,"jetpack_shortlink":"https:\/\/wp.me\/PdaBmi-ygY","jetpack_likes_enabled":true,"_links":{"self":[{"href":"https:\/\/www.claret.org\/fr\/wp-json\/wp\/v2\/pages\/131748","targetHints":{"allow":["GET"]}}],"collection":[{"href":"https:\/\/www.claret.org\/fr\/wp-json\/wp\/v2\/pages"}],"about":[{"href":"https:\/\/www.claret.org\/fr\/wp-json\/wp\/v2\/types\/page"}],"author":[{"embeddable":true,"href":"https:\/\/www.claret.org\/fr\/wp-json\/wp\/v2\/users\/2"}],"replies":[{"embeddable":true,"href":"https:\/\/www.claret.org\/fr\/wp-json\/wp\/v2\/comments?post=131748"}],"version-history":[{"count":3,"href":"https:\/\/www.claret.org\/fr\/wp-json\/wp\/v2\/pages\/131748\/revisions"}],"predecessor-version":[{"id":174387,"href":"https:\/\/www.claret.org\/fr\/wp-json\/wp\/v2\/pages\/131748\/revisions\/174387"}],"wp:attachment":[{"href":"https:\/\/www.claret.org\/fr\/wp-json\/wp\/v2\/media?parent=131748"}],"curies":[{"name":"wp","href":"https:\/\/api.w.org\/{rel}","templated":true}]}}