{"id":136205,"date":"2022-07-09T19:34:53","date_gmt":"2022-07-09T17:34:53","guid":{"rendered":"https:\/\/www.claret.org\/famille-claretaine\/mouvement-des-laics-claretains-msc\/"},"modified":"2022-09-29T17:42:59","modified_gmt":"2022-09-29T15:42:59","slug":"mouvement-des-laics-claretains-msc","status":"publish","type":"page","link":"https:\/\/www.claret.org\/fr\/famille-claretaine\/mouvement-des-laics-claretains-msc\/","title":{"rendered":"Mouvement des La\u00efcs Clar\u00e9tains (MSC)"},"content":{"rendered":"\n<p><em>\u00ab\u00a0En ces derniers jours, il semble que Dieu veuille que les la\u00efcs jouent un r\u00f4le important dans le salut des \u00e2mes\u00a0\u00bb<\/em> (Saint Antoine M. Claret).<\/p>\n\n<p class=\"has-drop-cap\">Le Mouvement des La\u00efcs Clar\u00e9tains trouve son origine dans les groupes de la\u00efcs que saint Antoine M. Claret a organis\u00e9s pour l&rsquo;\u00e9vang\u00e9lisation. Parmi ces groupes se distinguent : la Fraternit\u00e9 du C\u0153ur de Marie (1847), la Fraternit\u00e9 de la Doctrine Chr\u00e9tienne (1849), l&rsquo;Acad\u00e9mie de Saint Michel (1858) et les Biblioth\u00e8ques populaires et paroissiales (1864). Cette m\u00eame ann\u00e9e, il envisage de cr\u00e9er une association portant le nom d&rsquo;Archiconfr\u00e9rie du C\u0153ur de Marie qu&rsquo;il con\u00e7oit comme une grande arm\u00e9e d&rsquo;\u00e9vang\u00e9lisateurs avec trois branches : les Missionnaires, Fils du C\u0153ur de Marie, d\u00e9di\u00e9s \u00e0 l&rsquo;\u00e9vang\u00e9lisation itin\u00e9rante, les Clercs dioc\u00e9sains qui r\u00e9aliseront leur mission apostolique \u00e0 travers des structures d&rsquo;\u00e9vang\u00e9lisation fixes et stables, et les la\u00efcs.<\/p>\n\n<p>La mort de Claret (1870) et la situation difficile dans laquelle se trouvait l&rsquo;\u00c9glise espagnole \u00e0 la suite de la r\u00e9volution de 1868 ont rendu tr\u00e8s difficile la survie des groupes de la\u00efcs cr\u00e9\u00e9s par Claret. En effet, en l&rsquo;espace de quelques ann\u00e9es, ils ont tous disparu. Les groupes disparaissent, mais il reste de nombreux la\u00efcs qui, anim\u00e9s par l&rsquo;esprit de Claret, collaborent \u00e0 l&rsquo;\u0153uvre d&rsquo;\u00e9vang\u00e9lisation, g\u00e9n\u00e9ralement aux c\u00f4t\u00e9s des Missionnaires Clar\u00e9tains.<\/p>\n\n<p>Le processus de r\u00e9organisation du la\u00efcat clar\u00e9tain commence en 1938, lorsque le Sup\u00e9rieur G\u00e9n\u00e9ral des Missionnaires cr\u00e9e l&rsquo;association des \u00ab\u00a0Collaborateurs Clar\u00e9tains\u00a0\u00bb. Cette association, con\u00e7ue comme une \u00ab\u00a0\u0153uvre propre\u00a0\u00bb de la Congr\u00e9gation, a \u00e9t\u00e9 approuv\u00e9e par le Saint-Si\u00e8ge en 1943. Dans ses statuts, il est pr\u00e9cis\u00e9 que peuvent \u00eatre Collaborateurs Clar\u00e9tains ceux qui veulent vivre selon l&rsquo;esprit de la Congr\u00e9gation et collaborer \u00e0 son apostolat.<\/p>\n\n<p>En 1972, les Collaborateurs Clar\u00e9tains commencent \u00e0 \u00eatre appel\u00e9s Associ\u00e9s Clar\u00e9tains. Le Chapitre G\u00e9n\u00e9ral de 1973 dit que les Associ\u00e9s Clar\u00e9tains sont des clercs et des la\u00efcs qui partagent le charisme clar\u00e9tain et s&rsquo;engagent, \u00e0 des degr\u00e9s divers et de fa\u00e7on permanente, \u00e0 vivre ce charisme en communion avec la Congr\u00e9gation des Missionnaires.<\/p>\n\n<p>En 1979, ils prennent le nom de La\u00efcs Clar\u00e9tains. Le Chapitre G\u00e9n\u00e9ral de cette m\u00eame ann\u00e9e donne une nouvelle orientation au la\u00efcat clar\u00e9tain. Il affirme que la promotion des la\u00efcs clar\u00e9tains ne doit pas se faire en fonction des besoins ou des int\u00e9r\u00eats de la Congr\u00e9gation. La vocation la\u00efque clar\u00e9taine a en elle-m\u00eame sa propre valeur int\u00e9rieure et il est n\u00e9cessaire de soutenir l&rsquo;action de l&rsquo;Esprit qui, depuis le d\u00e9but, a \u00e9galement appel\u00e9 les la\u00efcs \u00e0 accomplir la mission clar\u00e9taine.<\/p>\n\n<p>Les la\u00efcs et les religieux sont deux mani\u00e8res diff\u00e9rentes d&rsquo;\u00eatre clar\u00e9tains. Les la\u00efcs clar\u00e9tains ne partagent pas le charisme de la Congr\u00e9gation, comme on le disait autrefois, mais plut\u00f4t le charisme et la mission de Claret.<\/p>\n\n<p>Website: <a href=\"http:\/\/www.seglaresclaretianos.org\" target=\"_blank\" rel=\"noreferrer noopener nofollow\">http:\/\/www.seglaresclaretianos.org<\/a><\/p>\n","protected":false},"excerpt":{"rendered":"<p>\u00ab\u00a0En ces derniers jours, il semble que Dieu veuille que les la\u00efcs jouent un r\u00f4le important dans le salut des \u00e2mes\u00a0\u00bb (Saint Antoine M. Claret). Le Mouvement des La\u00efcs Clar\u00e9tains trouve son origine dans les groupes de la\u00efcs que saint Antoine M. Claret a organis\u00e9s pour l&rsquo;\u00e9vang\u00e9lisation. Parmi ces groupes se distinguent : la Fraternit\u00e9 [&hellip;]<\/p>\n","protected":false},"author":2,"featured_media":161355,"parent":116349,"menu_order":0,"comment_status":"closed","ping_status":"closed","template":"","meta":{"_et_pb_use_builder":"off","_et_pb_old_content":"","_et_gb_content_width":"","footnotes":""},"class_list":["post-136205","page","type-page","status-publish","has-post-thumbnail","hentry"],"jetpack_sharing_enabled":true,"jetpack_shortlink":"https:\/\/wp.me\/PdaBmi-zqR","jetpack_likes_enabled":true,"_links":{"self":[{"href":"https:\/\/www.claret.org\/fr\/wp-json\/wp\/v2\/pages\/136205","targetHints":{"allow":["GET"]}}],"collection":[{"href":"https:\/\/www.claret.org\/fr\/wp-json\/wp\/v2\/pages"}],"about":[{"href":"https:\/\/www.claret.org\/fr\/wp-json\/wp\/v2\/types\/page"}],"author":[{"embeddable":true,"href":"https:\/\/www.claret.org\/fr\/wp-json\/wp\/v2\/users\/2"}],"replies":[{"embeddable":true,"href":"https:\/\/www.claret.org\/fr\/wp-json\/wp\/v2\/comments?post=136205"}],"version-history":[{"count":0,"href":"https:\/\/www.claret.org\/fr\/wp-json\/wp\/v2\/pages\/136205\/revisions"}],"up":[{"embeddable":true,"href":"https:\/\/www.claret.org\/fr\/wp-json\/wp\/v2\/pages\/116349"}],"wp:featuredmedia":[{"embeddable":true,"href":"https:\/\/www.claret.org\/fr\/wp-json\/wp\/v2\/media\/161355"}],"wp:attachment":[{"href":"https:\/\/www.claret.org\/fr\/wp-json\/wp\/v2\/media?parent=136205"}],"curies":[{"name":"wp","href":"https:\/\/api.w.org\/{rel}","templated":true}]}}