{"id":136222,"date":"2018-09-05T07:14:10","date_gmt":"2018-09-05T05:14:10","guid":{"rendered":"https:\/\/www.claret.org\/calendrier\/1er-aout-saint-alphonse-de-liguori-co-patron\/"},"modified":"2018-09-05T07:14:10","modified_gmt":"2018-09-05T05:14:10","slug":"1er-aout-saint-alphonse-de-liguori-co-patron","status":"publish","type":"page","link":"https:\/\/www.claret.org\/fr\/calendrier\/1er-aout-saint-alphonse-de-liguori-co-patron\/","title":{"rendered":"1er AO\u00dbT &#8211; Saint Alphonse de Liguori, co-patron"},"content":{"rendered":"<p style=\"text-align : justify ;\">N\u00e9 d&rsquo;une famille noble \u00e0 Marianella, Naples (Italie) le 27 septembre 1696, Alphonse de Liguori est form\u00e9 aux langues classiques et modernes, \u00e0 l&rsquo;art et \u00e0 la musique.  Il obtient tr\u00e8s t\u00f4t son doctorat en droit canonique et en droit civil.<\/p>\n<p>Il a \u00e9t\u00e9 form\u00e9 \u00e0 la fois aux langues classiques et modernes, \u00e0 l&rsquo;art et \u00e0 la musique.<\/p>\n<p style=\"text-align : justify ;\"><img data-recalc-dims=\"1\" loading=\"lazy\" decoding=\"async\" class=\"alignleft wp-image-28043\" src=\"https:\/\/i0.wp.com\/www.claret.org\/wp-content\/uploads\/2018\/09\/37-alfonso_de_ligorio.jpg?resize=294%2C397&#038;ssl=1\" alt=\"\" width=\"294\" height=\"397\" title=\"\" srcset=\"https:\/\/i0.wp.com\/www.claret.org\/wp-content\/uploads\/2018\/09\/37-alfonso_de_ligorio.jpg?w=332&amp;ssl=1 332w, https:\/\/i0.wp.com\/www.claret.org\/wp-content\/uploads\/2018\/09\/37-alfonso_de_ligorio.jpg?resize=222%2C300&amp;ssl=1 222w\" sizes=\"(max-width: 294px) 100vw, 294px\" \/>En 1723, Ligouri perd une affaire importante, \u00e0 cause, selon lui, d&rsquo;une intervention politique. Malgr\u00e9 l&rsquo;opposition de son p\u00e8re, il abandonne la pratique du droit, reprend des \u00e9tudes eccl\u00e9siastiques et est ordonn\u00e9 pr\u00eatre le 21 d\u00e9cembre 1726, \u00e0 l&rsquo;\u00e2ge de 30 ans.<\/p>\n<p>.<\/p>\n<p style=\"text-align : justify ;\">Le minist\u00e8re de Ligouri en tant que pr\u00eatre a commenc\u00e9 dans la banlieue de Naples avec les jeunes vivant dans les rues.  Les r\u00e9unions nocturnes en plein air, dirig\u00e9es par les jeunes eux-m\u00eames, offraient un environnement accueillant ainsi qu&rsquo;une formation sociale et religieuse.  Au moment de sa mort, il y aurait soixante-douze chapelles, au service de plus de dix mille jeunes.<\/p>\n<p style=\"text-align : justify ;\">.<\/p>\n<p style=\"text-align : justify ;\">En 1729, Ligouri s&rsquo;installe au Coll\u00e8ge chinois de Naples, d&rsquo;o\u00f9 il exerce son minist\u00e8re aupr\u00e8s des plus pauvres et des plus abjects dans tout le royaume de Naples.<\/p>\n<\/p>\n<p style=\"text-align : justify ;\">Lors d&rsquo;un r\u00e9pit dans son activit\u00e9 apostolique \u00e9puisante, Ligouri est inspir\u00e9 de fonder la Congr\u00e9gation du Tr\u00e8s Saint R\u00e9dempteur pour l&rsquo;\u00e9vang\u00e9lisation des pauvres des campagnes. Il fonda la Congr\u00e9gation le 9 novembre 1732 et consacra ses talents litt\u00e9raires et artistiques \u00e0 la mission de la Congr\u00e9gation.  Lui et ses coll\u00e8gues ont adopt\u00e9 une vie strictement commune, ont prononc\u00e9 des v\u0153ux religieux et se sont consacr\u00e9s \u00e0 la pri\u00e8re, \u00e0 la p\u00e9nitence et \u00e0 l&rsquo;\u00e9tude.  Il ne s&rsquo;agit pas d&rsquo;une communaut\u00e9 clo\u00eetr\u00e9e, mais d&rsquo;une communaut\u00e9 d\u00e9di\u00e9e \u00e0 la cat\u00e9ch\u00e8se et \u00e0 la pr\u00e9dication de missions populaires et de retraites.  Ligouri \u00e9tait d\u00e9termin\u00e9 \u00e0 ne pas accepter d&rsquo;\u00e9coles ou de paroisses, de peur d&rsquo;entraver la disponibilit\u00e9 de ses missionnaires et, par cons\u00e9quent, beaucoup des premiers membres ont quitt\u00e9 la Congr\u00e9gation.<\/p>\n<p>.<\/p>\n<p style=\"text-align : justify ;\">En 1762, malgr\u00e9 sa r\u00e9sistance opini\u00e2tre en raison de son \u00e2ge, de sa mauvaise sant\u00e9 et de son sentiment d&rsquo;indignit\u00e9, Ligouri est ordonn\u00e9 \u00e9v\u00eaque de Sainte-Agathe des Goths.  Il fut cependant un \u00e9v\u00eaque r\u00e9solument missionnaire : son z\u00e8le \u00e0 pr\u00eacher l&rsquo;\u00c9vangile ne se d\u00e9ment pas, il prend soin de ses pr\u00eatres et de ses s\u00e9minaristes, il met fin \u00e0 des abus bien ancr\u00e9s, il promeut le d\u00e9corum du culte, il reconstruit des \u00e9glises, il est g\u00e9n\u00e9reux envers tous ceux qui sont dans le besoin et il n&rsquo;en est pas moins un \u00e9crivain prolifique.<\/p>\n<p>.<\/p>\n<p style=\"text-align : justify ;\">En 1775, Ligouri est autoris\u00e9 \u00e0 quitter son dioc\u00e8se et \u00e0 se retirer dans la communaut\u00e9 r\u00e9demptoriste de Pagani, o\u00f9 il meurt le 1er ao\u00fbt 1787. Il est canonis\u00e9 en 1831, nomm\u00e9 docteur de l&rsquo;\u00c9glise en 1871, et patron des confesseurs et des moralistes en 1950.<\/p>\n<p>.<\/p>\n<p style=\"text-align : justify ;\">Ligouri a \u00e9crit cent onze ouvrages de spiritualit\u00e9 et de th\u00e9ologie. Parmi ses \u0153uvres les plus connues figurent : <em>L&rsquo;efficacit\u00e9 de la pri\u00e8re<\/em> ; <em>La pratique de l&rsquo;amour de J\u00e9sus-Christ<\/em> ; <em>Les gloires de Marie<\/em> ; et <em>Visites<\/em><em>au Saint-Sacrement<\/em>.  Sa ma\u00eetrise de la th\u00e9ologie morale est n\u00e9e de sa r\u00e9ponse aux pr\u00e9occupations et aux questions des gens ordinaires.<\/p>\n<p style=\"text-align : justify ;\"><strong>R\u00e9flexion clar\u00e9taine<\/strong><\/p>\n<p><strong>.\n<\/p>\n<p style=\"text-align : justify ;\">Alphonsus Liguori et Anthony Mary Claret ont v\u00e9cu \u00e0 des si\u00e8cles diff\u00e9rents, provenaient de milieux familiaux et \u00e9ducatifs assez divers, et pourtant, en tant que missionnaires, tous deux ont inlassablement recherch\u00e9 les personnes n\u00e9glig\u00e9es par l&rsquo;\u00e9glise et la soci\u00e9t\u00e9.  Tous deux \u00e9taient des \u00e9crivains prolifiques, s&rsquo;int\u00e9ressant aux pr\u00e9occupations des gens les plus ordinaires.  En bref, ces deux \u00e9v\u00eaques missionnaires, qui n&rsquo;ont accept\u00e9 l&rsquo;\u00e9piscopat que par ob\u00e9issance au pape, ont exerc\u00e9 leur minist\u00e8re \u00e9piscopal avec un z\u00e8le pastoral ind\u00e9niable, rarement vu \u00e0 leur \u00e9poque.  Il ne faut donc pas s&rsquo;\u00e9tonner que Ligouri ait profond\u00e9ment influenc\u00e9 Claret et qu&rsquo;il ait \u00e9t\u00e9 nomm\u00e9 copatron de la Congr\u00e9gation des Missionnaires.<\/p>\n<p>.<\/p>\n<p style=\"text-align : justify ;\"><strong>Sa vie<\/strong><\/p>\n<p>.\n<\/p>\n<p style=\"text-align : justify ;\">En fait, alors qu&rsquo;il n&rsquo;\u00e9tait qu&rsquo;un gar\u00e7on, Claret lisait d\u00e9j\u00e0 Ligouri (<em>Autobiographie <\/em>41).  En cherchant \u00e0 \u00eatre admis dans la Compagnie de J\u00e9sus, il a soulign\u00e9 qu&rsquo;il avait pass\u00e9 trois ans \u00e0 \u00e9tudier la Th\u00e9ologie morale de Ligouri avec le P. L\u00e1rraga, le Vicaire g\u00e9n\u00e9ral du dioc\u00e8se de Vic et le Recteur du s\u00e9minaire.  Dans ses <em>R\u00e9solutions<\/em> pour 1860, Claret cite Ligouri : \u00ab\u00a0Les pauvres ont plus de besoins que les autres\u00a0\u00bb.  Il \u00e9tait \u00e9galement impressionn\u00e9 par le souci de Ligouri de la pr\u00e9paration \u00e0 la c\u00e9l\u00e9bration de la messe, d&rsquo;un rythme sans h\u00e2te, de l&rsquo;observation des rubriques et de l&rsquo;action de gr\u00e2ces apr\u00e8s la messe.<\/p>\n<p>Ligouri.<\/p>\n<p style=\"text-align : justify ;\">Claret consid\u00e9rait Ligouri non seulement comme un th\u00e9ologien exceptionnel mais aussi comme un mod\u00e8le de minist\u00e8re sacerdotal et \u00e9piscopal.  Une grande partie de sa pr\u00e9dication \u00e9tait inspir\u00e9e par Liguori, dont il recommandait fr\u00e9quemment les \u0153uvres \u00e0 d&rsquo;autres.  Il admirait particuli\u00e8rement la <em>Selva<\/em><em> di Materie Predicabil <\/em>et s&rsquo;inspirait abondamment des \u00e9crits de d\u00e9votion de Ligori<\/p>\n<p>.<\/p>\n<p style=\"text-align : justify ;\"><strong>BIBLIOGRAPHIE<\/strong><\/p>\n<ol>\n<li style=\"text-align : justify ;\">BAY\u00d3N, R. Comment saint Alphonse \u00e9crivait, Madrid 1942.<\/li>\n<li style=\"text-align : justify ;\">CLARET. EA, Madrid 1981.<\/li>\n<li style=\"text-align : justify ;\">HFNZE, C.- PALAZZINI, P. et ORIENTI, S.S. Alphonsus Maria de Liguori, in Bibliotheca Sanctorum, t. I, Rome 1961.<\/li>\n<li style=\"text-align : justify ;\">PALMIERI, A. Alphonse de Liguori (Saint), dans Dictionnaire d&rsquo;histoire et de G\u00e9ographie Eccl\u00e9siastiques (DHGE), t. II, pp. 715-735.<\/li>\n<li style=\"text-align : justify ;\">TELLERFA, S. Alfonso Maria de Ligorio, Madrid 1950.<\/li>\n<\/ol>\n","protected":false},"excerpt":{"rendered":"<p>N\u00e9 d&rsquo;une famille noble \u00e0 Marianella, Naples (Italie) le 27 septembre 1696, Alphonse de Liguori est form\u00e9 aux langues classiques et modernes, \u00e0 l&rsquo;art et \u00e0 la musique. Il obtient tr\u00e8s t\u00f4t son doctorat en droit canonique et en droit civil. Il a \u00e9t\u00e9 form\u00e9 \u00e0 la fois aux langues classiques et modernes, \u00e0 l&rsquo;art [&hellip;]<\/p>\n","protected":false},"author":69,"featured_media":28044,"parent":33291,"menu_order":0,"comment_status":"closed","ping_status":"closed","template":"","meta":{"_et_pb_use_builder":"","_et_pb_old_content":"","_et_gb_content_width":"","footnotes":""},"class_list":["post-136222","page","type-page","status-publish","has-post-thumbnail","hentry"],"jetpack_sharing_enabled":true,"jetpack_shortlink":"https:\/\/wp.me\/PdaBmi-zr8","jetpack_likes_enabled":true,"_links":{"self":[{"href":"https:\/\/www.claret.org\/fr\/wp-json\/wp\/v2\/pages\/136222","targetHints":{"allow":["GET"]}}],"collection":[{"href":"https:\/\/www.claret.org\/fr\/wp-json\/wp\/v2\/pages"}],"about":[{"href":"https:\/\/www.claret.org\/fr\/wp-json\/wp\/v2\/types\/page"}],"author":[{"embeddable":true,"href":"https:\/\/www.claret.org\/fr\/wp-json\/wp\/v2\/users\/69"}],"replies":[{"embeddable":true,"href":"https:\/\/www.claret.org\/fr\/wp-json\/wp\/v2\/comments?post=136222"}],"version-history":[{"count":0,"href":"https:\/\/www.claret.org\/fr\/wp-json\/wp\/v2\/pages\/136222\/revisions"}],"up":[{"embeddable":true,"href":"https:\/\/www.claret.org\/fr\/wp-json\/wp\/v2\/pages\/33291"}],"wp:featuredmedia":[{"embeddable":true,"href":"https:\/\/www.claret.org\/fr\/wp-json\/wp\/v2\/media\/28044"}],"wp:attachment":[{"href":"https:\/\/www.claret.org\/fr\/wp-json\/wp\/v2\/media?parent=136222"}],"curies":[{"name":"wp","href":"https:\/\/api.w.org\/{rel}","templated":true}]}}