{"id":156002,"date":"2023-07-04T15:55:45","date_gmt":"2023-07-04T13:55:45","guid":{"rendered":"https:\/\/www.claret.org\/calendrier-des-activites\/"},"modified":"2024-07-13T00:43:49","modified_gmt":"2024-07-12T22:43:49","slug":"calendrier-des-activites","status":"publish","type":"page","link":"https:\/\/www.claret.org\/fr\/jubile\/calendrier-des-activites\/","title":{"rendered":"Calendrier des activit\u00e9s"},"content":{"rendered":"<p>[et_pb_section fb_built=\u00a0\u00bb1&Prime; fullwidth=\u00a0\u00bbon\u00a0\u00bb _builder_version=\u00a0\u00bb4.21.0&Prime; _module_preset=\u00a0\u00bbdefault\u00a0\u00bb global_colors_info=\u00a0\u00bb{}\u00a0\u00bb][et_pb_fullwidth_header title=\u00a0\u00bb@ET-DC@eyJkeW5hbWljIjp0cnVlLCJjb250ZW50IjoicG9zdF90aXRsZSIsInNldHRpbmdzIjp7ImJlZm9yZSI6IiIsImFmdGVyIjoiIn19@\u00a0\u00bb text_orientation=\u00a0\u00bbcenter\u00a0\u00bb _builder_version=\u00a0\u00bb4.21.0&Prime; _dynamic_attributes=\u00a0\u00bbtitle\u00a0\u00bb _module_preset=\u00a0\u00bbdefault\u00a0\u00bb background_color=\u00a0\u00bb#e57600&Prime; title_text_shadow_style=\u00a0\u00bbpreset1&Prime; global_colors_info=\u00a0\u00bb{}\u00a0\u00bb]<\/p>\n<p>2023 &#8211; 2024<\/p>\n<p>[\/et_pb_fullwidth_header][\/et_pb_section][et_pb_section fb_built=\u00a0\u00bb1&Prime; _builder_version=\u00a0\u00bb4.21.0&Prime; _module_preset=\u00a0\u00bbdefault\u00a0\u00bb custom_padding=\u00a0\u00bb25px|||||\u00a0\u00bb global_colors_info=\u00a0\u00bb{}\u00a0\u00bb][et_pb_row _builder_version=\u00a0\u00bb4.21.0&Prime; _module_preset=\u00a0\u00bbdefault\u00a0\u00bb global_colors_info=\u00a0\u00bb{}\u00a0\u00bb][et_pb_column type=\u00a0\u00bb4_4&Prime; _builder_version=\u00a0\u00bb4.21.0&Prime; _module_preset=\u00a0\u00bbdefault\u00a0\u00bb global_colors_info=\u00a0\u00bb{}\u00a0\u00bb][et_pb_text _builder_version=\u00a0\u00bb4.21.0&Prime; _module_preset=\u00a0\u00bbdefault\u00a0\u00bb hover_enabled=\u00a0\u00bb0&Prime; global_colors_info=\u00a0\u00bb{}\u00a0\u00bb sticky_enabled=\u00a0\u00bb0&Prime;]<\/p>\n<h2><strong>2023<\/strong><\/h2>\n<p><strong>31 mai<\/strong> &#8211; Lettre d&rsquo;annonce du Sup\u00e9rieur G\u00e9n\u00e9ral<br \/><strong>01 juin<\/strong> &#8211; Composition et distribution du chant jubilaire Distribution de la pri\u00e8re jubilaire<br \/><strong>01 juil<\/strong> &#8211; Inauguration \u00e0 la Curie g\u00e9n\u00e9rale (diffusion en direct)<br \/><strong>01 Sep<\/strong> &#8211; D\u00e9ploiement de la version mise \u00e0 jour de Fussimanya App<br \/><strong>01 Oct<\/strong> &#8211; D\u00e9but de la publication des courtes vid\u00e9os sur l&rsquo;histoire de la Congr\u00e9gation en diff\u00e9rentes phases<\/p>\n<p>.<br \/>\n<br \/>&nbsp;<\/p>\n<h2><strong>2024<\/strong><\/h2>\n<\/p>\n<p><strong>01 f\u00e9v<\/strong> &#8211; D\u00e9but de la publication des courtes vid\u00e9os sur la mission de la Congr\u00e9gation<br \/><strong>01 mai<\/strong> &#8211; Publication et distribution des livres ( Publication et distribution des livres : Missionnaires Clar\u00e9tains Vol III (\u00e9crit par Gustavo Alonso) R\u00e9flexions sur la D\u00e9finition de Clar\u00e9tain, et La Pri\u00e8re Apostolique (pr\u00e9par\u00e9 par la Province de Santiago)<br \/><strong> <\/strong> &#8211; Divers programmes \u00e0 l&rsquo;initiative des Organismes Majeurs et des communaut\u00e9s<br \/><strong>07-15 Jul<\/strong> &#8211; Congr\u00e8s de Spiritualit\u00e9 (Vic, Espagne)<br \/><strong>15 Jul<\/strong> &#8211; Service de Vigile<br \/><strong>16 Jul<\/strong> &#8211; Conclusion du Jubil\u00e9<\/p>\n<p>La Congr\u00e9gation a commenc\u00e9 \u00e0 publier des vid\u00e9os de courte dur\u00e9e sur la mission de la Congr\u00e9gation<br \/><strong>.[\/et_pb_text][\/et_pb_column][\/et_pb_row][\/et_pb_section]<\/p>\n","protected":false},"excerpt":{"rendered":"<p>2023 &#8211; 20242023 31 mai &#8211; Lettre d&rsquo;annonce du Sup\u00e9rieur G\u00e9n\u00e9ral01 juin &#8211; Composition et distribution du chant jubilaire Distribution de la pri\u00e8re jubilaire01 juil &#8211; Inauguration \u00e0 la Curie g\u00e9n\u00e9rale (diffusion en direct)01 Sep &#8211; D\u00e9ploiement de la version mise \u00e0 jour de Fussimanya App01 Oct &#8211; D\u00e9but de la publication des courtes vid\u00e9os [&hellip;]<\/p>\n","protected":false},"author":2,"featured_media":0,"parent":156008,"menu_order":0,"comment_status":"closed","ping_status":"closed","template":"","meta":{"_et_pb_use_builder":"on","_et_pb_old_content":"","_et_gb_content_width":"","footnotes":""},"class_list":["post-156002","page","type-page","status-publish","hentry"],"jetpack_sharing_enabled":true,"jetpack_shortlink":"https:\/\/wp.me\/PdaBmi-EAa","jetpack_likes_enabled":true,"_links":{"self":[{"href":"https:\/\/www.claret.org\/fr\/wp-json\/wp\/v2\/pages\/156002","targetHints":{"allow":["GET"]}}],"collection":[{"href":"https:\/\/www.claret.org\/fr\/wp-json\/wp\/v2\/pages"}],"about":[{"href":"https:\/\/www.claret.org\/fr\/wp-json\/wp\/v2\/types\/page"}],"author":[{"embeddable":true,"href":"https:\/\/www.claret.org\/fr\/wp-json\/wp\/v2\/users\/2"}],"replies":[{"embeddable":true,"href":"https:\/\/www.claret.org\/fr\/wp-json\/wp\/v2\/comments?post=156002"}],"version-history":[{"count":0,"href":"https:\/\/www.claret.org\/fr\/wp-json\/wp\/v2\/pages\/156002\/revisions"}],"up":[{"embeddable":true,"href":"https:\/\/www.claret.org\/fr\/wp-json\/wp\/v2\/pages\/156008"}],"wp:attachment":[{"href":"https:\/\/www.claret.org\/fr\/wp-json\/wp\/v2\/media?parent=156002"}],"curies":[{"name":"wp","href":"https:\/\/api.w.org\/{rel}","templated":true}]}}